{"id":3198,"date":"2025-01-17T17:27:05","date_gmt":"2025-01-17T16:27:05","guid":{"rendered":"https:\/\/snowtraildogcamp.com\/?page_id=3198"},"modified":"2025-01-17T18:05:25","modified_gmt":"2025-01-17T17:05:25","slug":"snowtrail-dogcamp-i-pressen","status":"publish","type":"page","link":"https:\/\/snowtraildogcamp.com\/sv\/snowtrail-dogcamp-i-pressen\/","title":{"rendered":"Snowtrail Dogcamp i pressen"},"content":{"rendered":"<p><strong>Den 1 april 2022 tog Mats Pettersson \u00f6ver Snowtrail Dogcamp fr\u00e5n Lotti Meier. Lotti Meier har lett Snowtrail Dogcamp i 28 \u00e5r och gjort det till vad det \u00e4r idag. <\/strong><\/p>\n<p>Livet l\u00e4ngst i norr erbj\u00f6d inte bara soliga dagar f\u00f6r dem. Men det \u00e4r just denna omst\u00e4ndighet som har format henne till en \u00e4lskv\u00e4rd och sp\u00e4nnande personlighet. Detta uppskattas inte bara av hennes familj, v\u00e4nner och g\u00e4ster p\u00e5 lodgen \u2013 utan ocks\u00e5 av media. Lotti har satt ett best\u00e5ende m\u00e4rke p\u00e5 dna:t fr\u00e5n Snowtrail Dogcamp.<\/p>\n<p>Om och om igen fick Lotti bes\u00f6k av pressfolk och m\u00e5nga artiklar i olika medier samt en bok om henne har dykt upp.<\/p>\n<p>H\u00e4r hittar du n\u00e5gra av de publicerade rapporterna: <\/p>\n<hr \/>\n<h3>Pressmeddelande om \u00f6verl\u00e4mnandet av stafettpinnen i Snowtrail Dogcamp<\/h3>\n<p><strong>Med gr\u00e5t och skrattande \u00f6ga informerar jag om att jag efter 28 \u00e5r har l\u00e4mnat \u00f6ver stafettpinnen, eller ledningen f\u00f6r Snowtrail Dogcamp, till min eftertr\u00e4dare Mats Pettersson i mitten av april. <img loading=\"lazy\" decoding=\"async\" class=\"alignright wp-image-1682 size-medium\" src=\"https:\/\/snowtraildogcamp.com\/wp-content\/uploads\/2022\/03\/Lotti-Meier_Mats-Petterson-146x300.jpg\" alt=\"\" width=\"146\" height=\"300\" srcset=\"https:\/\/snowtraildogcamp.com\/wp-content\/uploads\/2022\/03\/Lotti-Meier_Mats-Petterson-146x300.jpg 146w, https:\/\/snowtraildogcamp.com\/wp-content\/uploads\/2022\/03\/Lotti-Meier_Mats-Petterson-498x1024.jpg 498w, https:\/\/snowtraildogcamp.com\/wp-content\/uploads\/2022\/03\/Lotti-Meier_Mats-Petterson-746x1536.jpg 746w, https:\/\/snowtraildogcamp.com\/wp-content\/uploads\/2022\/03\/Lotti-Meier_Mats-Petterson.jpg 995w\" sizes=\"auto, (max-width: 146px) 100vw, 146px\" \/><br \/>\n<\/strong><\/p>\n<p>Det gr\u00e5tande \u00f6gat syftar p\u00e5 mina m\u00e5nga trogna kunder, mitt m\u00e5ng\u00e5riga team, mina lojala hundar, de underbara och hj\u00e4lpsamma grannarna och det unika landskapet och naturen h\u00e4r i Swedish Lapland. Jag kommer att sakna allt detta v\u00e4ldigt mycket.<\/p>\n<p>Det leende \u00f6gat tittar p\u00e5 min eftertr\u00e4dare Mats Pettersson, som har tagit \u00f6ver Snowtrail Dogcamp och kommer att forts\u00e4tta det i min anda. Mats Pettersson \u00e4r en erfaren f\u00f6rare fr\u00e5n Kiruna. Han \u00e4r bland annat 6-faldig avslutare av Iditarod-loppet i Alaska, den tuffaste och l\u00e4ngsta hundspannst\u00e4vlingen i v\u00e4rlden. \u00c4ven i \u00e5r stannade till slutet av mars i Alaska och f\u00f6rberedde sig f\u00f6r loppet.\u00a0Du n\u00e5r Mats Pettersson p\u00e5:<\/p>\n<ul>\n<li style=\"list-style-type: none;\">\n<ul>\n<li>Mats Pettersson, Kiruna Sleddog Tours,\u00a0+46 70 555 93 03 eller +46 70 385 85 24,\u00a0<a href=\"mailto:mats@sleddog.se\">mats@sleddog.se,<\/a> <a href=\"https:\/\/www.sleddogtour.se\/\" target=\"_blank\" rel=\"noopener\">www.sleddogtour.se<\/a><\/li>\n<\/ul>\n<\/li>\n<\/ul>\n<hr \/>\n<h3>Tassar i sn\u00f6n<\/h3>\n<p>Mitt djurs goda liv i Lappland<\/p>\n<p><img loading=\"lazy\" decoding=\"async\" class=\"alignleft wp-image-1498 size-full\" src=\"https:\/\/snowtraildogcamp.com\/wp-content\/uploads\/2020\/08\/4-Pfoten-im-Schnee-e1597322469648.png\" alt=\"\" width=\"150\" height=\"220\" \/><\/p>\n<div class=\"kvgmc6g5 cxmmr5t8 oygrvhab hcukyx3x c1et5uql ii04i59q\">\n<div dir=\"auto\">En bok om Lotti Meiers intressanta liv publicerades i november 2020 av f\u00f6rlaget &#8221;Eden Books&#8221;. F\u00f6rfattaren \u00e4r Andrea Micus. Boken kan best\u00e4llas i bokhandlar och p\u00e5 Amazon med detta ISBN-nummer 978-3-95910-299-5.<\/div>\n<\/div>\n<div dir=\"auto\">\u00a0<\/div>\n<div dir=\"auto\"><strong>Inneh\u00e5llet i korthet<\/strong><\/div>\n<div dir=\"auto\">Den framg\u00e5ngsrika modedesignern Lotti Meier har allt: ett v\u00e4lbetalt jobb, en vacker l\u00e4genhet, ett fritidshus i de schweiziska bergen. Men det har inte riktigt gjort henne lycklig p\u00e5 l\u00e4nge. Hon \u00e4r fyrtio \u00e5r, k\u00e4nner sig h\u00e5gl\u00f6s och tr\u00f6tt n\u00e4r hon spontant bokar en hundspannstur i Lappland. D\u00e4r f\u00f6rlorar hon sitt hj\u00e4rta i det iskalla landskapet mellan fascinerande norrsken, o\u00e4ndliga skogar och sj\u00f6ar \u2013 f\u00f6rst till de beundransv\u00e4rt lojala och starka huskiesna och senare till en man.<\/div>\n<div dir=\"auto\">\u00a0<\/div>\n<div dir=\"auto\">F\u00f6r sin dr\u00f6m om att leva i tystnaden och avskildheten l\u00e4ngst i norr ger hon upp allt. Men omstarten norr om polcirkeln, l\u00e5ngt borta fr\u00e5n allt hon k\u00e4nt till tidigare, \u00e4r v\u00e4ldigt annorlunda \u00e4n v\u00e4ntat. Efter ett bittert bakslag m\u00e5ste hon k\u00e4mpa f\u00f6r sina huskies och tillsammans med de tillgivna fyrbenta v\u00e4nnerna bygger hon det liv hon dr\u00f6mt om s\u00e5 l\u00e4nge.<\/div>\n<div dir=\"auto\">\u00a0<\/div>\n<div dir=\"auto\">I samband med boken har m\u00e5nga artiklar dykt upp i olika tryckta medier. Du kan ladda ner och l\u00e4sa den som PDF h\u00e4r:\u00a0<\/div>\n<div dir=\"auto\">\u00a0<\/div>\n<ul>\n<li style=\"list-style-type: none;\">\n<ul>\n<li dir=\"auto\"><strong><a href=\"https:\/\/snowtraildogcamp.com\/wp-content\/uploads\/2020\/11\/Seite_79_SonntagsZeitung_2020-11-15.pdf\" target=\"_blank\" rel=\"noopener noreferrer\">Lotti och de 100 huskierna<\/a><\/strong> &#8211; S\u00f6ndagstidningen \/ 15 november 2020<\/li>\n<li dir=\"auto\"><a href=\"https:\/\/snowtraildogcamp.com\/wp-content\/uploads\/2020\/11\/Lotti-Meier_Pfoten-im-Schnee_Tierwelt_05.-November-2020.pdf\" target=\"_blank\" rel=\"noopener noreferrer\"><strong>Skr\u00e4ddare bland sl\u00e4dhundar <\/strong><\/a>&#8211; Djurens v\u00e4rld \/ nov. 2020<\/li>\n<li dir=\"auto\"><a href=\"https:\/\/snowtraildogcamp.com\/wp-content\/uploads\/2020\/11\/Lotti-Meier_Pfoten-im-Schnee_Neue-Post_02.11.2020.pdf\" target=\"_blank\" rel=\"noopener noreferrer\"><strong>Fr\u00e5n catwalk till hundspann<\/strong><\/a> &#8211; Emigrera till Lappland \u2013 Neue Post \/ nov. 2020<\/li>\n<li dir=\"auto\"><a href=\"https:\/\/snowtraildogcamp.com\/wp-content\/uploads\/2020\/11\/Lotti-Meier_Pfoten-im-Schnee_HundeWelt-Sport_Ausgabe-5-2020.pdf\" target=\"_blank\" rel=\"noopener noreferrer\"><strong>Tassar i sn\u00f6n \u2013 boktips<\/strong><\/a> &#8211; HundeWeltSport \/ Nov. 2020<\/li>\n<li dir=\"auto\"><a href=\"https:\/\/snowtraildogcamp.com\/wp-content\/uploads\/2020\/08\/EdenBooks_VorschauQ4_Meier.pdf\" target=\"_blank\" rel=\"noopener noreferrer\"><strong>Prelimin\u00e4r information om inneh\u00e5llet<\/strong><\/a> &#8211; Verlag Eden \/ Maj 2020<\/li>\n<\/ul>\n<\/li>\n<\/ul>\n<hr \/>\n<h3>Schweizisk bonde<\/h3>\n<p>Den 9 januari 2019<\/p>\n<p><strong>\u00abJag har r\u00e4dda katter och mobbare\u00bb<br \/>\n<\/strong><\/p>\n<div class=\"page\" title=\"Page 1\">\n<div class=\"layoutArea\">\n<div class=\"column\">\n<p>F\u00f6r 24 \u00e5r sedan emigrerade Lotti Meier fr\u00e5n Schweiz till norra Sverige f\u00f6r att starta ett nytt liv med sl\u00e4dhundar p\u00e5 karg mark 150 kilometer ovanf\u00f6r polcirkeln.<\/p>\n<\/div>\n<\/div>\n<\/div>\n<p>Text och foton: Christian Zufferey<\/p>\n<p>Klicka h\u00e4r f\u00f6r <a href=\"https:\/\/snowtraildogcamp.com\/wp-content\/uploads\/2019\/01\/Extra-Lappland-Meier.pdf\" target=\"_blank\" rel=\"noopener noreferrer\">PDF av artikeln &gt;&gt;&gt;<\/a><\/p>\n<hr \/>\n<h3>Valais kurirer<\/h3>\n<p>19. Juli 2018<\/p>\n<p><strong>\u00abJag satt ofta ute och gr\u00e4t\u00bb<br \/>\n<\/strong>Lotti Meier bor 150 kilometer ovanf\u00f6r polcirkeln med sina sl\u00e4dhundar. I en intervju ber\u00e4ttar Meier, som v\u00e4xte upp i Visp och tidigare arbetade som underkl\u00e4der, om sin frihet i Swedish Lapland och varf\u00f6r hon beh\u00f6ver en kock fr\u00e5n Valais.<\/p>\n<p>Text och foton: Christian Zufferey<\/p>\n<p>Klicka h\u00e4r f\u00f6r <a href=\"http:\/\/snowtraildogcamp.com\/wp-content\/uploads\/2018\/07\/Seite_14-15.pdf\" target=\"_blank\" rel=\"noopener noreferrer\">PDF av artikeln &gt;&gt;&gt;<\/a><\/p>\n<hr \/>\n<h3>Nordis \u2013 nordeuropeisk tidskrift<\/h3>\n<p>7. November 2017<\/p>\n<p><strong>P\u00e5 v\u00e4g med Husky &#038; Co i den nordiska vintern<br \/>\n<\/strong>\u00bbHundar i staden\u00ab \u00e4r ett samtals\u00e4mne som kan leda till livliga och kontroversiella diskussioner \u00e4ven bland v\u00e4nner. Men n\u00e4r Lotti Meier, operat\u00f6r f\u00f6r \u00bbSnowtrail Dogcamp\u00ab i Swedish Lapland, bjuder in till ett husky ABC p\u00e5 sin lodge, som \u00e4r ensam i de vidstr\u00e4ckta skogarna i Norrbotttensl\u00e4n l\u00e4n, g\u00e5r \u00e4ven den st\u00f6rsta hundgropen i h\u00e4nryckning.<\/p>\n<p>Text &#038; foton: Annika M\u00fcller &#038; Ralf Gantzhorn<\/p>\n<p>Klicka h\u00e4r f\u00f6r <a href=\"http:\/\/snowtraildogcamp.com\/wp-content\/uploads\/2017\/11\/Schlittenhundefieber_Lappland.pdf\" target=\"_blank\" rel=\"noopener noreferrer\">PDF av artikeln &gt;&gt;&gt;<\/a><\/p>\n<hr \/>\n<h3>Z\u00fcrichsee Zeitung \u2013 Fr\u00e5n mil till polcirkeln<\/h3>\n<p>20. December 2016<\/p>\n<p>Ex-Meilemerin Lotti Meier har drivit ett pensionat med sl\u00e4dhundar i norra Sverige i \u00f6ver 21 \u00e5r. Med n\u00e4stan 90 huskies bor hon 150 kilometer norr om polcirkeln. I den lappl\u00e4ndska vildmarken har hon befunnit sig. Hon vill ocks\u00e5 f\u00f6ra detta lugn vidare till turisterna.<\/p>\n<p>Klicka h\u00e4r f\u00f6r <a href=\"http:\/\/www.snowtraildogcamp.com\/wp-content\/uploads\/2016\/12\/STDC-_ZSZ.pdf\" target=\"_blank\" rel=\"noopener noreferrer\">PDF av artikeln<\/a>\u00a0eller direkt till ePaper <a href=\"http:\/\/www.zsz.ch\/meilen\/Von-Meilen-an-den-Polarkreis\/story\/29515401\">av Z\u00fcrichsee Zeitung<\/a><\/p>\n<hr \/>\n<h3>TagesAnzeiger \u2013 Vild tur genom Lapplands vinterv\u00e4rld \u00a0<\/h3>\n<p>2. November 2016<\/p>\n<p>Lotti Meier fr\u00e5n Z\u00fcrich driver en lodge i norra Sverige med 14 platser f\u00f6r isfiskare och k\u00e4lk\u00e5kare. Deras 80 huskies \u00e4r den stora attraktionen. Ve dem om de sl\u00e4pper taget!<\/p>\n<p>Klicka h\u00e4r f\u00f6r <a href=\"http:\/\/www.snowtraildogcamp.com\/wp-content\/uploads\/2016\/11\/Wilde-Fahrt-durch-Lapplands-Winterwelt-News-Reisen-Aktiv-tagesanzeiger.ch_.pdf\" target=\"_blank\" rel=\"noopener noreferrer\">PDF av artikeln<\/a>\u00a0eller direkt till <a href=\"http:\/\/www.tagesanzeiger.ch\/10997831\" target=\"_blank\" rel=\"noopener noreferrer\">TagesAnzeigers<\/a> ePaper<\/p>\n<hr \/>\n<h3>Lotti Meier om SRF \u2013 Mission Surprise<\/h3>\n<p>15. December 2015<\/p>\n<p><iframe loading=\"lazy\" src=\"https:\/\/tp.srgssr.ch\/p\/srf\/embed?urn=urn:srf:ais:video:356662c9-9fac-4e4a-b998-922bbc9693bd&amp;start=\" name=\"Ein Leben jenseits der Zivilisation\" width=\"624\" height=\"351\" frameborder=\"0\"><\/iframe><\/p>\n<hr \/>\n<h3>Lotti Meier i Lappland: sl\u00e4dhundar och hjortron<\/h3>\n<p><a href=\"http:\/\/www.srf.ch\/sendungen\/die-fuenfte-schweiz\/lotti-meier-in-lappland-schlittenhunde-und-moltebeeren?ns_source=web&amp;fb_ref=Default?ns_source=web&amp;fb_ref=Default\" rel=\"attachment wp-att-414\"><img loading=\"lazy\" decoding=\"async\" class=\"alignleft wp-image-414 size-medium\" src=\"http:\/\/www.snowtraildogcamp.com\/wp-content\/uploads\/2015\/11\/322361.150719_fuenfteschweiz-300x169.jpg\" alt=\"322361.150719_fuenfteschweiz\" width=\"300\" height=\"169\" \/><\/a><\/p>\n<p>S\u00e4nds fr\u00e5n s\u00f6ndagen den 19 juli 2015 <\/p>\n<p>&gt;\u00a0<a href=\"http:\/\/www.srf.ch\/sendungen\/die-fuenfte-schweiz\/lotti-meier-in-lappland-schlittenhunde-und-moltebeeren?ns_source=web&amp;fb_ref=Default?ns_source=web&amp;fb_ref=Default\" target=\"_blank\" rel=\"noopener noreferrer\">ljudl\u00e4nk till SRF 1 &#8230;<\/a>\u00a0<\/p>\n<p>&nbsp;<\/p>\n<h3>\u00a0<\/h3>\n<hr \/>\n<h3>Lotti Meier p\u00e5 Aeschbacher i november 2010<\/h3>\n<p>https:\/\/www.srf.ch\/play\/tv\/aeschbacher\/video\/lotti-andersson?urn=urn:srf:video:d4b5ee77-220c-404d-a1fc-78f77be2a2f8<\/p>\n<hr \/>\n<h3>Outdoor Magazine \u2013 Husky Tours i Lappland<\/h3>\n<p>Att f\u00e4rdas p\u00e5 ett hundspann genom Lapplands sn\u00f6iga vidder \u2013 Snowtrail Dogcamp i norra Sverige f\u00f6rverkligar denna dr\u00f6m.<\/p>\n<p><a href=\"http:\/\/www.snowtraildogcamp.com\/wp-content\/uploads\/2016\/08\/od_0211_reportage-hundeschlitten-2.pdf\" target=\"_blank\" rel=\"noopener noreferrer\">Artikeln som PDF<\/a><\/p>\n<hr \/>\n<h3>Arrang\u00f6r \u2013 tidningen f\u00f6r sm\u00e5 och medelstora f\u00f6retag<\/h3>\n<p>Teambuilding \u2013 polarhundar som en spegel av n\u00e4ringslivet &#8230;. <a href=\"http:\/\/www.snowtraildogcamp.com\/wp-content\/uploads\/2016\/02\/teambuildung-org1012.pdf\" target=\"_blank\" rel=\"noopener noreferrer\">artikeln som PDF<\/a><\/p>\n<hr \/>\n<h3>Z\u00fcrichsee Zeitung i februari 2010<\/h3>\n<p>Kom \u00f6ver sl\u00e4dhunden &#8230;. <a href=\"http:\/\/www.snowtraildogcamp.com\/wp-content\/uploads\/2015\/12\/Lotti_Schlittenhunde_jan10.pdf\" target=\"_blank\" rel=\"noopener noreferrer\">artikeln som PDF<\/a><\/p>\n<hr \/>\n<h3>HR-Idag i november 2009<\/h3>\n<p>Fr\u00e5n modev\u00e4rlden vid Z\u00fcrich till sl\u00e4dhundsuppf\u00f6dning i Lappland\u00a0<br \/>\n&#8211; <a href=\"https:\/\/snowtraildogcamp.com\/wp-content\/uploads\/2020\/11\/HR-Today-2009.pdf\" target=\"_blank\" rel=\"noopener noreferrer\">Artikeln som PDF<\/a><br \/>\n&#8211; Artikeln om <a href=\"https:\/\/www.hrtoday.ch\/de\/article\/aus-der-modewelt-am-zuerichsee-zur-schlittenhundezucht-in-lappland\" target=\"_blank\" rel=\"noopener noreferrer\">online &gt;&gt;&gt;<\/a><\/p>\n<p>&nbsp;<\/p>\n","protected":false},"excerpt":{"rendered":"<p>Den 1 april 2022 tog Mats Pettersson \u00f6ver Snowtrail Dogcamp fr\u00e5n Lotti Meier. Lotti Meier har lett Snowtrail Dogcamp i 28 \u00e5r och gjort det till vad det \u00e4r idag. Livet l\u00e4ngst i norr erbj\u00f6d inte bara soliga dagar f\u00f6r dem. Men det \u00e4r just denna omst\u00e4ndighet som har format henne till en \u00e4lskv\u00e4rd och &hellip; <a href=\"https:\/\/snowtraildogcamp.com\/sv\/snowtrail-dogcamp-i-pressen\/\" class=\"more-link\">Forts\u00e4tt l\u00e4sa <span class=\"screen-reader-text\">Snowtrail Dogcamp i pressen<\/span><\/a><\/p>\n","protected":false},"author":1,"featured_media":3005,"parent":0,"menu_order":0,"comment_status":"closed","ping_status":"closed","template":"","meta":{"footnotes":""},"class_list":["post-3198","page","type-page","status-publish","has-post-thumbnail","hentry"],"yoast_head":"<!-- This site is optimized with the Yoast SEO plugin v27.1.1 - https:\/\/yoast.com\/product\/yoast-seo-wordpress\/ -->\n<title>Snowtrail Dogcamp i pressen - Snow Trail Dog Camp<\/title>\n<meta name=\"robots\" content=\"index, follow, max-snippet:-1, max-image-preview:large, max-video-preview:-1\" \/>\n<link rel=\"canonical\" href=\"https:\/\/snowtraildogcamp.com\/sv\/snowtrail-dogcamp-i-pressen\/\" \/>\n<meta property=\"og:locale\" content=\"sv_SE\" \/>\n<meta property=\"og:type\" content=\"article\" \/>\n<meta property=\"og:title\" content=\"Snowtrail Dogcamp i pressen - Snow Trail Dog Camp\" \/>\n<meta property=\"og:description\" content=\"Den 1 april 2022 tog Mats Pettersson \u00f6ver Snowtrail Dogcamp fr\u00e5n Lotti Meier. Lotti Meier har lett Snowtrail Dogcamp i 28 \u00e5r och gjort det till vad det \u00e4r idag. Livet l\u00e4ngst i norr erbj\u00f6d inte bara soliga dagar f\u00f6r dem. Men det \u00e4r just denna omst\u00e4ndighet som har format henne till en \u00e4lskv\u00e4rd och &hellip; Forts\u00e4tt l\u00e4sa Snowtrail Dogcamp i pressen\" \/>\n<meta property=\"og:url\" content=\"https:\/\/snowtraildogcamp.com\/sv\/snowtrail-dogcamp-i-pressen\/\" \/>\n<meta property=\"og:site_name\" content=\"Snow Trail Dog Camp\" \/>\n<meta property=\"article:modified_time\" content=\"2025-01-17T17:05:25+00:00\" \/>\n<meta property=\"og:image\" content=\"https:\/\/snowtraildogcamp.com\/wp-content\/uploads\/2022\/05\/Mats-Iditarod.jpg\" \/>\n\t<meta property=\"og:image:width\" content=\"2362\" \/>\n\t<meta property=\"og:image:height\" content=\"1575\" \/>\n\t<meta property=\"og:image:type\" content=\"image\/jpeg\" \/>\n<meta name=\"twitter:card\" content=\"summary_large_image\" \/>\n<meta name=\"twitter:label1\" content=\"Ber\u00e4knad l\u00e4stid\" \/>\n\t<meta name=\"twitter:data1\" content=\"5 minuter\" \/>\n<script type=\"application\/ld+json\" class=\"yoast-schema-graph\">{\"@context\":\"https:\/\/schema.org\",\"@graph\":[{\"@type\":\"WebPage\",\"@id\":\"https:\/\/snowtraildogcamp.com\/sv\/snowtrail-dogcamp-i-pressen\/\",\"url\":\"https:\/\/snowtraildogcamp.com\/sv\/snowtrail-dogcamp-i-pressen\/\",\"name\":\"Snowtrail Dogcamp i pressen - Snow Trail Dog Camp\",\"isPartOf\":{\"@id\":\"https:\/\/snowtraildogcamp.com\/sv\/#website\"},\"primaryImageOfPage\":{\"@id\":\"https:\/\/snowtraildogcamp.com\/sv\/snowtrail-dogcamp-i-pressen\/#primaryimage\"},\"image\":{\"@id\":\"https:\/\/snowtraildogcamp.com\/sv\/snowtrail-dogcamp-i-pressen\/#primaryimage\"},\"thumbnailUrl\":\"https:\/\/snowtraildogcamp.com\/wp-content\/uploads\/2022\/05\/Mats-Iditarod.jpg\",\"datePublished\":\"2025-01-17T16:27:05+00:00\",\"dateModified\":\"2025-01-17T17:05:25+00:00\",\"breadcrumb\":{\"@id\":\"https:\/\/snowtraildogcamp.com\/sv\/snowtrail-dogcamp-i-pressen\/#breadcrumb\"},\"inLanguage\":\"sv-SE\",\"potentialAction\":[{\"@type\":\"ReadAction\",\"target\":[\"https:\/\/snowtraildogcamp.com\/sv\/snowtrail-dogcamp-i-pressen\/\"]}]},{\"@type\":\"ImageObject\",\"inLanguage\":\"sv-SE\",\"@id\":\"https:\/\/snowtraildogcamp.com\/sv\/snowtrail-dogcamp-i-pressen\/#primaryimage\",\"url\":\"https:\/\/snowtraildogcamp.com\/wp-content\/uploads\/2022\/05\/Mats-Iditarod.jpg\",\"contentUrl\":\"https:\/\/snowtraildogcamp.com\/wp-content\/uploads\/2022\/05\/Mats-Iditarod.jpg\",\"width\":2362,\"height\":1575},{\"@type\":\"BreadcrumbList\",\"@id\":\"https:\/\/snowtraildogcamp.com\/sv\/snowtrail-dogcamp-i-pressen\/#breadcrumb\",\"itemListElement\":[{\"@type\":\"ListItem\",\"position\":1,\"name\":\"Startseite\",\"item\":\"https:\/\/snowtraildogcamp.com\/sv\/\"},{\"@type\":\"ListItem\",\"position\":2,\"name\":\"Snowtrail Dogcamp i pressen\"}]},{\"@type\":\"WebSite\",\"@id\":\"https:\/\/snowtraildogcamp.com\/sv\/#website\",\"url\":\"https:\/\/snowtraildogcamp.com\/sv\/\",\"name\":\"Snow Trail Dog Camp\",\"description\":\"\",\"publisher\":{\"@id\":\"https:\/\/snowtraildogcamp.com\/sv\/#organization\"},\"potentialAction\":[{\"@type\":\"SearchAction\",\"target\":{\"@type\":\"EntryPoint\",\"urlTemplate\":\"https:\/\/snowtraildogcamp.com\/sv\/?s={search_term_string}\"},\"query-input\":{\"@type\":\"PropertyValueSpecification\",\"valueRequired\":true,\"valueName\":\"search_term_string\"}}],\"inLanguage\":\"sv-SE\"},{\"@type\":\"Organization\",\"@id\":\"https:\/\/snowtraildogcamp.com\/sv\/#organization\",\"name\":\"Snow Trail Dog Camp\",\"url\":\"https:\/\/snowtraildogcamp.com\/sv\/\",\"logo\":{\"@type\":\"ImageObject\",\"inLanguage\":\"sv-SE\",\"@id\":\"https:\/\/snowtraildogcamp.com\/sv\/#\/schema\/logo\/image\/\",\"url\":\"https:\/\/snowtraildogcamp.com\/wp-content\/uploads\/2015\/12\/cropped-logo_snowtrail_dogcamp_e_plus.jpg\",\"contentUrl\":\"https:\/\/snowtraildogcamp.com\/wp-content\/uploads\/2015\/12\/cropped-logo_snowtrail_dogcamp_e_plus.jpg\",\"width\":248,\"height\":157,\"caption\":\"Snow Trail Dog Camp\"},\"image\":{\"@id\":\"https:\/\/snowtraildogcamp.com\/sv\/#\/schema\/logo\/image\/\"}}]}<\/script>\n<!-- \/ Yoast SEO plugin. -->","yoast_head_json":{"title":"Snowtrail Dogcamp i pressen - Snow Trail Dog Camp","robots":{"index":"index","follow":"follow","max-snippet":"max-snippet:-1","max-image-preview":"max-image-preview:large","max-video-preview":"max-video-preview:-1"},"canonical":"https:\/\/snowtraildogcamp.com\/sv\/snowtrail-dogcamp-i-pressen\/","og_locale":"sv_SE","og_type":"article","og_title":"Snowtrail Dogcamp i pressen - Snow Trail Dog Camp","og_description":"Den 1 april 2022 tog Mats Pettersson \u00f6ver Snowtrail Dogcamp fr\u00e5n Lotti Meier. Lotti Meier har lett Snowtrail Dogcamp i 28 \u00e5r och gjort det till vad det \u00e4r idag. Livet l\u00e4ngst i norr erbj\u00f6d inte bara soliga dagar f\u00f6r dem. Men det \u00e4r just denna omst\u00e4ndighet som har format henne till en \u00e4lskv\u00e4rd och &hellip; Forts\u00e4tt l\u00e4sa Snowtrail Dogcamp i pressen","og_url":"https:\/\/snowtraildogcamp.com\/sv\/snowtrail-dogcamp-i-pressen\/","og_site_name":"Snow Trail Dog Camp","article_modified_time":"2025-01-17T17:05:25+00:00","og_image":[{"width":2362,"height":1575,"url":"https:\/\/snowtraildogcamp.com\/wp-content\/uploads\/2022\/05\/Mats-Iditarod.jpg","type":"image\/jpeg"}],"twitter_card":"summary_large_image","twitter_misc":{"Ber\u00e4knad l\u00e4stid":"5 minuter"},"schema":{"@context":"https:\/\/schema.org","@graph":[{"@type":"WebPage","@id":"https:\/\/snowtraildogcamp.com\/sv\/snowtrail-dogcamp-i-pressen\/","url":"https:\/\/snowtraildogcamp.com\/sv\/snowtrail-dogcamp-i-pressen\/","name":"Snowtrail Dogcamp i pressen - Snow Trail Dog Camp","isPartOf":{"@id":"https:\/\/snowtraildogcamp.com\/sv\/#website"},"primaryImageOfPage":{"@id":"https:\/\/snowtraildogcamp.com\/sv\/snowtrail-dogcamp-i-pressen\/#primaryimage"},"image":{"@id":"https:\/\/snowtraildogcamp.com\/sv\/snowtrail-dogcamp-i-pressen\/#primaryimage"},"thumbnailUrl":"https:\/\/snowtraildogcamp.com\/wp-content\/uploads\/2022\/05\/Mats-Iditarod.jpg","datePublished":"2025-01-17T16:27:05+00:00","dateModified":"2025-01-17T17:05:25+00:00","breadcrumb":{"@id":"https:\/\/snowtraildogcamp.com\/sv\/snowtrail-dogcamp-i-pressen\/#breadcrumb"},"inLanguage":"sv-SE","potentialAction":[{"@type":"ReadAction","target":["https:\/\/snowtraildogcamp.com\/sv\/snowtrail-dogcamp-i-pressen\/"]}]},{"@type":"ImageObject","inLanguage":"sv-SE","@id":"https:\/\/snowtraildogcamp.com\/sv\/snowtrail-dogcamp-i-pressen\/#primaryimage","url":"https:\/\/snowtraildogcamp.com\/wp-content\/uploads\/2022\/05\/Mats-Iditarod.jpg","contentUrl":"https:\/\/snowtraildogcamp.com\/wp-content\/uploads\/2022\/05\/Mats-Iditarod.jpg","width":2362,"height":1575},{"@type":"BreadcrumbList","@id":"https:\/\/snowtraildogcamp.com\/sv\/snowtrail-dogcamp-i-pressen\/#breadcrumb","itemListElement":[{"@type":"ListItem","position":1,"name":"Startseite","item":"https:\/\/snowtraildogcamp.com\/sv\/"},{"@type":"ListItem","position":2,"name":"Snowtrail Dogcamp i pressen"}]},{"@type":"WebSite","@id":"https:\/\/snowtraildogcamp.com\/sv\/#website","url":"https:\/\/snowtraildogcamp.com\/sv\/","name":"Snow Trail Dog Camp","description":"","publisher":{"@id":"https:\/\/snowtraildogcamp.com\/sv\/#organization"},"potentialAction":[{"@type":"SearchAction","target":{"@type":"EntryPoint","urlTemplate":"https:\/\/snowtraildogcamp.com\/sv\/?s={search_term_string}"},"query-input":{"@type":"PropertyValueSpecification","valueRequired":true,"valueName":"search_term_string"}}],"inLanguage":"sv-SE"},{"@type":"Organization","@id":"https:\/\/snowtraildogcamp.com\/sv\/#organization","name":"Snow Trail Dog Camp","url":"https:\/\/snowtraildogcamp.com\/sv\/","logo":{"@type":"ImageObject","inLanguage":"sv-SE","@id":"https:\/\/snowtraildogcamp.com\/sv\/#\/schema\/logo\/image\/","url":"https:\/\/snowtraildogcamp.com\/wp-content\/uploads\/2015\/12\/cropped-logo_snowtrail_dogcamp_e_plus.jpg","contentUrl":"https:\/\/snowtraildogcamp.com\/wp-content\/uploads\/2015\/12\/cropped-logo_snowtrail_dogcamp_e_plus.jpg","width":248,"height":157,"caption":"Snow Trail Dog Camp"},"image":{"@id":"https:\/\/snowtraildogcamp.com\/sv\/#\/schema\/logo\/image\/"}}]}},"_links":{"self":[{"href":"https:\/\/snowtraildogcamp.com\/sv\/wp-json\/wp\/v2\/pages\/3198","targetHints":{"allow":["GET"]}}],"collection":[{"href":"https:\/\/snowtraildogcamp.com\/sv\/wp-json\/wp\/v2\/pages"}],"about":[{"href":"https:\/\/snowtraildogcamp.com\/sv\/wp-json\/wp\/v2\/types\/page"}],"author":[{"embeddable":true,"href":"https:\/\/snowtraildogcamp.com\/sv\/wp-json\/wp\/v2\/users\/1"}],"replies":[{"embeddable":true,"href":"https:\/\/snowtraildogcamp.com\/sv\/wp-json\/wp\/v2\/comments?post=3198"}],"version-history":[{"count":5,"href":"https:\/\/snowtraildogcamp.com\/sv\/wp-json\/wp\/v2\/pages\/3198\/revisions"}],"predecessor-version":[{"id":3203,"href":"https:\/\/snowtraildogcamp.com\/sv\/wp-json\/wp\/v2\/pages\/3198\/revisions\/3203"}],"wp:featuredmedia":[{"embeddable":true,"href":"https:\/\/snowtraildogcamp.com\/sv\/wp-json\/wp\/v2\/media\/3005"}],"wp:attachment":[{"href":"https:\/\/snowtraildogcamp.com\/sv\/wp-json\/wp\/v2\/media?parent=3198"}],"curies":[{"name":"wp","href":"https:\/\/api.w.org\/{rel}","templated":true}]}}