{"id":3186,"date":"2025-01-17T16:14:04","date_gmt":"2025-01-17T15:14:04","guid":{"rendered":"https:\/\/snowtraildogcamp.com\/?page_id=3186"},"modified":"2025-01-17T16:17:05","modified_gmt":"2025-01-17T15:17:05","slug":"avtryck","status":"publish","type":"page","link":"https:\/\/snowtraildogcamp.com\/sv\/avtryck\/","title":{"rendered":"Avtryck"},"content":{"rendered":"<div id=\"wpv-column-ca8d3ee9037924586b58a49986f6cded\" class=\"wpv-grid grid-1-2  wpv-first-level first unextended\">\n<h4><strong>R\u00e4ttsligt skydd<\/strong><\/h4>\n<p>Mats Pettersson p\u00e5 Snowtrail Dogcamp AB, Skaulo 92, SE-98204 G\u00e4llivare \u00e4r den intellektuella \u00e4garen av allt inneh\u00e5ll och alla texter.<\/p>\n<h4><strong>Koncept och f\u00f6rverkligande<\/strong><\/h4>\n<p><a href=\"http:\/\/www.scoremarekting.ch\/\" target=\"_blank\" rel=\"noopener noreferrer\">Score Marketing \u2013 Marknadsr\u00e5dgivning<\/a>, Christoph Portmann &#8211; St\u00e4fa<br \/>\ni n\u00e4ra samarbete med\u00a0<br \/>\n<a href=\"http:\/\/www.newmedia-design.ch\/\" target=\"_blank\" rel=\"noopener noreferrer\">Nya Media &#038; Design GmbH \u2013 Grafik und Webdesign<\/a>, Damiano Rezzonico &#8211; St\u00e4fa \u00a0\u00a0<\/p>\n<h4><strong>Friskrivning<\/strong><\/h4>\n<p>Trots noggrann inneh\u00e5llskontroll tar vi inget ansvar f\u00f6r inneh\u00e5llet i externa l\u00e4nkar.\u00a0Operat\u00f6rerna av de l\u00e4nkade sidorna \u00e4r ensamma ansvariga f\u00f6r deras inneh\u00e5ll.\u00a0<\/p>\n<\/div>\n<div id=\"wpv-column-b22a1f6b7596856de733b9919867c8bd\" class=\"wpv-grid grid-1-2  wpv-first-level unextended\">\n<h4><strong>Bilderna<\/strong><\/h4>\n<p>Stort tack till <a href=\"http:\/\/www.ralf-gantzhorn.de\" target=\"_blank\" rel=\"noopener noreferrer\">Ralf Gantzhorn fr\u00e5n Hamburg,<\/a>\u00a0Olivier Portrat fr\u00e5n Saarbr\u00fccken, <a href=\"https:\/\/zwerger-schoner.at\" target=\"_blank\" rel=\"noopener noreferrer\">Petra &amp; Gerhard Zwerger-Schoner<\/a> som gav oss m\u00e5nga fina bilder.\u00a0\u00a0<\/p>\n<p>Stort tack ocks\u00e5 till <a href=\"http:\/\/www.elbe-kajak.de\/\" target=\"_blank\" rel=\"noopener noreferrer\">Sven Halletz<\/a>, som skrev texten p\u00e5 sidan <a href=\"http:\/\/www.snowtraildogcamp.com\/ein-traum-fuer-fischer\/\" target=\"_blank\" rel=\"noopener noreferrer\">&#8221;En dr\u00f6m f\u00f6r fiskare&#8221;<\/a>\u00a0och gav oss bilderna han tog.\u00a0\u00a0<\/p>\n<h4><strong>Upphovsr\u00e4tt<\/strong><\/h4>\n<p>Inneh\u00e5llet p\u00e5 alla andra sidor, inklusive texter, foton, illustrationer och k\u00e4lltexter \u00e4r den exklusiva nyttjander\u00e4tten f\u00f6r Lotti Meier, Snowtrail Dogcamp AB eller respektive r\u00e4ttighetsinnehavare.<\/p>\n<p>Nedladdning av inneh\u00e5ll p\u00e5 sidorna, foton eller illustrationer samt k\u00e4lltexter och databasinneh\u00e5ll \u00e4r endast till\u00e5tet f\u00f6r privat bruk. All anv\u00e4ndning, vidarebefordran eller anv\u00e4ndning av inneh\u00e5ll, illustrationer, foton eller k\u00e4lltexter (\u00e4ven delvis eller i utdrag) ut\u00f6ver privat anv\u00e4ndning kr\u00e4ver skriftligt medgivande.<\/p>\n<\/div>\n","protected":false},"excerpt":{"rendered":"<p>R\u00e4ttsligt skydd Mats Pettersson p\u00e5 Snowtrail Dogcamp AB, Skaulo 92, SE-98204 G\u00e4llivare \u00e4r den intellektuella \u00e4garen av allt inneh\u00e5ll och alla texter. Koncept och f\u00f6rverkligande Score Marketing \u2013 Marknadsr\u00e5dgivning, Christoph Portmann &#8211; St\u00e4fa i n\u00e4ra samarbete med\u00a0 Nya Media &#038; Design GmbH \u2013 Grafik und Webdesign, Damiano Rezzonico &#8211; St\u00e4fa \u00a0\u00a0 Friskrivning Trots noggrann inneh\u00e5llskontroll &hellip; <a href=\"https:\/\/snowtraildogcamp.com\/sv\/avtryck\/\" class=\"more-link\">Forts\u00e4tt l\u00e4sa <span class=\"screen-reader-text\">Avtryck<\/span><\/a><\/p>\n","protected":false},"author":1,"featured_media":0,"parent":0,"menu_order":0,"comment_status":"closed","ping_status":"closed","template":"","meta":{"footnotes":""},"class_list":["post-3186","page","type-page","status-publish","hentry"],"yoast_head":"<!-- This site is optimized with the Yoast SEO plugin v27.1.1 - https:\/\/yoast.com\/product\/yoast-seo-wordpress\/ -->\n<title>Avtryck - Snow Trail Dog Camp<\/title>\n<meta name=\"robots\" content=\"index, follow, max-snippet:-1, max-image-preview:large, max-video-preview:-1\" \/>\n<link rel=\"canonical\" href=\"https:\/\/snowtraildogcamp.com\/sv\/avtryck\/\" \/>\n<meta property=\"og:locale\" content=\"sv_SE\" \/>\n<meta property=\"og:type\" content=\"article\" \/>\n<meta property=\"og:title\" content=\"Avtryck - Snow Trail Dog Camp\" \/>\n<meta property=\"og:description\" content=\"R\u00e4ttsligt skydd Mats Pettersson p\u00e5 Snowtrail Dogcamp AB, Skaulo 92, SE-98204 G\u00e4llivare \u00e4r den intellektuella \u00e4garen av allt inneh\u00e5ll och alla texter. Koncept och f\u00f6rverkligande Score Marketing \u2013 Marknadsr\u00e5dgivning, Christoph Portmann &#8211; St\u00e4fa i n\u00e4ra samarbete med\u00a0 Nya Media &#038; Design GmbH \u2013 Grafik und Webdesign, Damiano Rezzonico &#8211; St\u00e4fa \u00a0\u00a0 Friskrivning Trots noggrann inneh\u00e5llskontroll &hellip; Forts\u00e4tt l\u00e4sa Avtryck\" \/>\n<meta property=\"og:url\" content=\"https:\/\/snowtraildogcamp.com\/sv\/avtryck\/\" \/>\n<meta property=\"og:site_name\" content=\"Snow Trail Dog Camp\" \/>\n<meta property=\"article:modified_time\" content=\"2025-01-17T15:17:05+00:00\" \/>\n<meta name=\"twitter:card\" content=\"summary_large_image\" \/>\n<meta name=\"twitter:label1\" content=\"Ber\u00e4knad l\u00e4stid\" \/>\n\t<meta name=\"twitter:data1\" content=\"1 minut\" \/>\n<script type=\"application\/ld+json\" class=\"yoast-schema-graph\">{\"@context\":\"https:\/\/schema.org\",\"@graph\":[{\"@type\":\"WebPage\",\"@id\":\"https:\/\/snowtraildogcamp.com\/sv\/avtryck\/\",\"url\":\"https:\/\/snowtraildogcamp.com\/sv\/avtryck\/\",\"name\":\"Avtryck - Snow Trail Dog Camp\",\"isPartOf\":{\"@id\":\"https:\/\/snowtraildogcamp.com\/sv\/#website\"},\"datePublished\":\"2025-01-17T15:14:04+00:00\",\"dateModified\":\"2025-01-17T15:17:05+00:00\",\"breadcrumb\":{\"@id\":\"https:\/\/snowtraildogcamp.com\/sv\/avtryck\/#breadcrumb\"},\"inLanguage\":\"sv-SE\",\"potentialAction\":[{\"@type\":\"ReadAction\",\"target\":[\"https:\/\/snowtraildogcamp.com\/sv\/avtryck\/\"]}]},{\"@type\":\"BreadcrumbList\",\"@id\":\"https:\/\/snowtraildogcamp.com\/sv\/avtryck\/#breadcrumb\",\"itemListElement\":[{\"@type\":\"ListItem\",\"position\":1,\"name\":\"Startseite\",\"item\":\"https:\/\/snowtraildogcamp.com\/sv\/\"},{\"@type\":\"ListItem\",\"position\":2,\"name\":\"Avtryck\"}]},{\"@type\":\"WebSite\",\"@id\":\"https:\/\/snowtraildogcamp.com\/sv\/#website\",\"url\":\"https:\/\/snowtraildogcamp.com\/sv\/\",\"name\":\"Snow Trail Dog Camp\",\"description\":\"\",\"publisher\":{\"@id\":\"https:\/\/snowtraildogcamp.com\/sv\/#organization\"},\"potentialAction\":[{\"@type\":\"SearchAction\",\"target\":{\"@type\":\"EntryPoint\",\"urlTemplate\":\"https:\/\/snowtraildogcamp.com\/sv\/?s={search_term_string}\"},\"query-input\":{\"@type\":\"PropertyValueSpecification\",\"valueRequired\":true,\"valueName\":\"search_term_string\"}}],\"inLanguage\":\"sv-SE\"},{\"@type\":\"Organization\",\"@id\":\"https:\/\/snowtraildogcamp.com\/sv\/#organization\",\"name\":\"Snow Trail Dog Camp\",\"url\":\"https:\/\/snowtraildogcamp.com\/sv\/\",\"logo\":{\"@type\":\"ImageObject\",\"inLanguage\":\"sv-SE\",\"@id\":\"https:\/\/snowtraildogcamp.com\/sv\/#\/schema\/logo\/image\/\",\"url\":\"https:\/\/snowtraildogcamp.com\/wp-content\/uploads\/2015\/12\/cropped-logo_snowtrail_dogcamp_e_plus.jpg\",\"contentUrl\":\"https:\/\/snowtraildogcamp.com\/wp-content\/uploads\/2015\/12\/cropped-logo_snowtrail_dogcamp_e_plus.jpg\",\"width\":248,\"height\":157,\"caption\":\"Snow Trail Dog Camp\"},\"image\":{\"@id\":\"https:\/\/snowtraildogcamp.com\/sv\/#\/schema\/logo\/image\/\"}}]}<\/script>\n<!-- \/ Yoast SEO plugin. -->","yoast_head_json":{"title":"Avtryck - Snow Trail Dog Camp","robots":{"index":"index","follow":"follow","max-snippet":"max-snippet:-1","max-image-preview":"max-image-preview:large","max-video-preview":"max-video-preview:-1"},"canonical":"https:\/\/snowtraildogcamp.com\/sv\/avtryck\/","og_locale":"sv_SE","og_type":"article","og_title":"Avtryck - Snow Trail Dog Camp","og_description":"R\u00e4ttsligt skydd Mats Pettersson p\u00e5 Snowtrail Dogcamp AB, Skaulo 92, SE-98204 G\u00e4llivare \u00e4r den intellektuella \u00e4garen av allt inneh\u00e5ll och alla texter. Koncept och f\u00f6rverkligande Score Marketing \u2013 Marknadsr\u00e5dgivning, Christoph Portmann &#8211; St\u00e4fa i n\u00e4ra samarbete med\u00a0 Nya Media &#038; Design GmbH \u2013 Grafik und Webdesign, Damiano Rezzonico &#8211; St\u00e4fa \u00a0\u00a0 Friskrivning Trots noggrann inneh\u00e5llskontroll &hellip; Forts\u00e4tt l\u00e4sa Avtryck","og_url":"https:\/\/snowtraildogcamp.com\/sv\/avtryck\/","og_site_name":"Snow Trail Dog Camp","article_modified_time":"2025-01-17T15:17:05+00:00","twitter_card":"summary_large_image","twitter_misc":{"Ber\u00e4knad l\u00e4stid":"1 minut"},"schema":{"@context":"https:\/\/schema.org","@graph":[{"@type":"WebPage","@id":"https:\/\/snowtraildogcamp.com\/sv\/avtryck\/","url":"https:\/\/snowtraildogcamp.com\/sv\/avtryck\/","name":"Avtryck - Snow Trail Dog Camp","isPartOf":{"@id":"https:\/\/snowtraildogcamp.com\/sv\/#website"},"datePublished":"2025-01-17T15:14:04+00:00","dateModified":"2025-01-17T15:17:05+00:00","breadcrumb":{"@id":"https:\/\/snowtraildogcamp.com\/sv\/avtryck\/#breadcrumb"},"inLanguage":"sv-SE","potentialAction":[{"@type":"ReadAction","target":["https:\/\/snowtraildogcamp.com\/sv\/avtryck\/"]}]},{"@type":"BreadcrumbList","@id":"https:\/\/snowtraildogcamp.com\/sv\/avtryck\/#breadcrumb","itemListElement":[{"@type":"ListItem","position":1,"name":"Startseite","item":"https:\/\/snowtraildogcamp.com\/sv\/"},{"@type":"ListItem","position":2,"name":"Avtryck"}]},{"@type":"WebSite","@id":"https:\/\/snowtraildogcamp.com\/sv\/#website","url":"https:\/\/snowtraildogcamp.com\/sv\/","name":"Snow Trail Dog Camp","description":"","publisher":{"@id":"https:\/\/snowtraildogcamp.com\/sv\/#organization"},"potentialAction":[{"@type":"SearchAction","target":{"@type":"EntryPoint","urlTemplate":"https:\/\/snowtraildogcamp.com\/sv\/?s={search_term_string}"},"query-input":{"@type":"PropertyValueSpecification","valueRequired":true,"valueName":"search_term_string"}}],"inLanguage":"sv-SE"},{"@type":"Organization","@id":"https:\/\/snowtraildogcamp.com\/sv\/#organization","name":"Snow Trail Dog Camp","url":"https:\/\/snowtraildogcamp.com\/sv\/","logo":{"@type":"ImageObject","inLanguage":"sv-SE","@id":"https:\/\/snowtraildogcamp.com\/sv\/#\/schema\/logo\/image\/","url":"https:\/\/snowtraildogcamp.com\/wp-content\/uploads\/2015\/12\/cropped-logo_snowtrail_dogcamp_e_plus.jpg","contentUrl":"https:\/\/snowtraildogcamp.com\/wp-content\/uploads\/2015\/12\/cropped-logo_snowtrail_dogcamp_e_plus.jpg","width":248,"height":157,"caption":"Snow Trail Dog Camp"},"image":{"@id":"https:\/\/snowtraildogcamp.com\/sv\/#\/schema\/logo\/image\/"}}]}},"_links":{"self":[{"href":"https:\/\/snowtraildogcamp.com\/sv\/wp-json\/wp\/v2\/pages\/3186","targetHints":{"allow":["GET"]}}],"collection":[{"href":"https:\/\/snowtraildogcamp.com\/sv\/wp-json\/wp\/v2\/pages"}],"about":[{"href":"https:\/\/snowtraildogcamp.com\/sv\/wp-json\/wp\/v2\/types\/page"}],"author":[{"embeddable":true,"href":"https:\/\/snowtraildogcamp.com\/sv\/wp-json\/wp\/v2\/users\/1"}],"replies":[{"embeddable":true,"href":"https:\/\/snowtraildogcamp.com\/sv\/wp-json\/wp\/v2\/comments?post=3186"}],"version-history":[{"count":3,"href":"https:\/\/snowtraildogcamp.com\/sv\/wp-json\/wp\/v2\/pages\/3186\/revisions"}],"predecessor-version":[{"id":3189,"href":"https:\/\/snowtraildogcamp.com\/sv\/wp-json\/wp\/v2\/pages\/3186\/revisions\/3189"}],"wp:attachment":[{"href":"https:\/\/snowtraildogcamp.com\/sv\/wp-json\/wp\/v2\/media?parent=3186"}],"curies":[{"name":"wp","href":"https:\/\/api.w.org\/{rel}","templated":true}]}}