{"id":3166,"date":"2025-01-17T10:42:13","date_gmt":"2025-01-17T09:42:13","guid":{"rendered":"https:\/\/snowtraildogcamp.com\/?page_id=3166"},"modified":"2025-01-17T10:42:54","modified_gmt":"2025-01-17T09:42:54","slug":"videor","status":"publish","type":"page","link":"https:\/\/snowtraildogcamp.com\/sv\/videor\/","title":{"rendered":"Videor"},"content":{"rendered":"<div class=\"entry-content\">\n<h3 style=\"text-align: left;\">H\u00e4r \u00e4r intryck av Snowtrail Dogcamp i form av videor<\/h3>\n<p>Med Mats p\u00e5 v\u00e4g med sina hundar p\u00e5 tundran runt l\u00e4gret.\u00a0<\/p>\n<div style=\"width: 660px;\" class=\"wp-video\"><video class=\"wp-video-shortcode\" id=\"video-3166-1\" width=\"660\" height=\"1173\" preload=\"metadata\" controls=\"controls\"><source type=\"video\/mp4\" src=\"https:\/\/snowtraildogcamp.com\/wp-content\/uploads\/2023\/01\/323294602_5757987940957823_5300960413614863920_n.mp4?_=1\" \/><a href=\"https:\/\/snowtraildogcamp.com\/wp-content\/uploads\/2023\/01\/323294602_5757987940957823_5300960413614863920_n.mp4\">https:\/\/snowtraildogcamp.com\/wp-content\/uploads\/2023\/01\/323294602_5757987940957823_5300960413614863920_n.mp4<\/a><\/video><\/div>\n<p>Denna imponerande video presenterades f\u00f6r oss av Olivier och Attila Portrat. Han bes\u00f6kte oss ocks\u00e5 i somras med v\u00e4nner. \u00c5terigen har han lyckats skapa spektakul\u00e4r klarhet och vackra bilder. Tack Olivier f\u00f6r den h\u00e4r fantastiska filmen.\u00a0<\/p>\n<p><iframe loading=\"lazy\" title=\"Pikefishing at the Snowtrail Dogcamp \/ Snowtrail Fishcamp - Summer 2019\" width=\"660\" height=\"371\" src=\"https:\/\/www.youtube.com\/embed\/b0pzCrRPziY?feature=oembed\" frameborder=\"0\" allow=\"accelerometer; autoplay; clipboard-write; encrypted-media; gyroscope; picture-in-picture; web-share\" referrerpolicy=\"strict-origin-when-cross-origin\" allowfullscreen><\/iframe><\/p>\n<div align=\"center\">\u00a0<\/div>\n<p>Vintern 2018 var de tv\u00e5 professionella resejournalisterna, f\u00f6rel\u00e4sarna och filmskaparna Petra &#038; Gerhard Zwerger-Schoner med oss i l\u00e4gret och gjorde underbara bilder samt den h\u00e4r filmen.<\/p>\n<p><iframe loading=\"lazy\" title=\"Snowtrail Dogcamp Lodge  | Schweden Lappland\" src=\"https:\/\/player.vimeo.com\/video\/276740716?dnt=1&amp;app_id=122963\" width=\"660\" height=\"283\" frameborder=\"0\" allow=\"autoplay; fullscreen; picture-in-picture; clipboard-write; encrypted-media\"><\/iframe><\/p>\n<p>&nbsp;<\/p>\n<p>Xenia Kuhn gjorde den h\u00e4r filmen tillg\u00e4nglig f\u00f6r oss. Xenia var i Snowtrail Dogcamp med hela sin familj med tv\u00e5 barn och gjorde husky ABC. Tack Xenia f\u00f6r den fantastiska filmen.<\/p>\n<div align=\"center\"><iframe loading=\"lazy\" src=\"https:\/\/www.youtube.com\/embed\/LkJ9xK1TuqU\" width=\"100%\" height=\"350\" frameborder=\"0\" allowfullscreen=\"allowfullscreen\"><\/iframe><\/div>\n<div align=\"center\">\u00a0<\/div>\n<\/div>\n","protected":false},"excerpt":{"rendered":"<p>H\u00e4r \u00e4r intryck av Snowtrail Dogcamp i form av videor Med Mats p\u00e5 v\u00e4g med sina hundar p\u00e5 tundran runt l\u00e4gret.\u00a0 Denna imponerande video presenterades f\u00f6r oss av Olivier och Attila Portrat. Han bes\u00f6kte oss ocks\u00e5 i somras med v\u00e4nner. \u00c5terigen har han lyckats skapa spektakul\u00e4r klarhet och vackra bilder. Tack Olivier f\u00f6r den h\u00e4r &hellip; <a href=\"https:\/\/snowtraildogcamp.com\/sv\/videor\/\" class=\"more-link\">Forts\u00e4tt l\u00e4sa <span class=\"screen-reader-text\">Videor<\/span><\/a><\/p>\n","protected":false},"author":1,"featured_media":2996,"parent":0,"menu_order":0,"comment_status":"closed","ping_status":"closed","template":"","meta":{"footnotes":""},"class_list":["post-3166","page","type-page","status-publish","has-post-thumbnail","hentry"],"yoast_head":"<!-- This site is optimized with the Yoast SEO plugin v27.1.1 - https:\/\/yoast.com\/product\/yoast-seo-wordpress\/ -->\n<title>Videor - Snow Trail Dog Camp<\/title>\n<meta name=\"robots\" content=\"index, follow, max-snippet:-1, max-image-preview:large, max-video-preview:-1\" \/>\n<link rel=\"canonical\" href=\"https:\/\/snowtraildogcamp.com\/sv\/videor\/\" \/>\n<meta property=\"og:locale\" content=\"sv_SE\" \/>\n<meta property=\"og:type\" content=\"article\" \/>\n<meta property=\"og:title\" content=\"Videor - Snow Trail Dog Camp\" \/>\n<meta property=\"og:description\" content=\"H\u00e4r \u00e4r intryck av Snowtrail Dogcamp i form av videor Med Mats p\u00e5 v\u00e4g med sina hundar p\u00e5 tundran runt l\u00e4gret.\u00a0 Denna imponerande video presenterades f\u00f6r oss av Olivier och Attila Portrat. Han bes\u00f6kte oss ocks\u00e5 i somras med v\u00e4nner. \u00c5terigen har han lyckats skapa spektakul\u00e4r klarhet och vackra bilder. Tack Olivier f\u00f6r den h\u00e4r &hellip; Forts\u00e4tt l\u00e4sa Videor\" \/>\n<meta property=\"og:url\" content=\"https:\/\/snowtraildogcamp.com\/sv\/videor\/\" \/>\n<meta property=\"og:site_name\" content=\"Snow Trail Dog Camp\" \/>\n<meta property=\"article:modified_time\" content=\"2025-01-17T09:42:54+00:00\" \/>\n<meta property=\"og:image\" content=\"https:\/\/snowtraildogcamp.com\/wp-content\/uploads\/2022\/05\/Mats-Pettersson-1.jpg\" \/>\n\t<meta property=\"og:image:width\" content=\"1536\" \/>\n\t<meta property=\"og:image:height\" content=\"1024\" \/>\n\t<meta property=\"og:image:type\" content=\"image\/jpeg\" \/>\n<meta name=\"twitter:card\" content=\"summary_large_image\" \/>\n<meta name=\"twitter:label1\" content=\"Ber\u00e4knad l\u00e4stid\" \/>\n\t<meta name=\"twitter:data1\" content=\"1 minut\" \/>\n<script type=\"application\/ld+json\" class=\"yoast-schema-graph\">{\"@context\":\"https:\/\/schema.org\",\"@graph\":[{\"@type\":\"WebPage\",\"@id\":\"https:\/\/snowtraildogcamp.com\/sv\/videor\/\",\"url\":\"https:\/\/snowtraildogcamp.com\/sv\/videor\/\",\"name\":\"Videor - Snow Trail Dog Camp\",\"isPartOf\":{\"@id\":\"https:\/\/snowtraildogcamp.com\/sv\/#website\"},\"primaryImageOfPage\":{\"@id\":\"https:\/\/snowtraildogcamp.com\/sv\/videor\/#primaryimage\"},\"image\":{\"@id\":\"https:\/\/snowtraildogcamp.com\/sv\/videor\/#primaryimage\"},\"thumbnailUrl\":\"https:\/\/snowtraildogcamp.com\/wp-content\/uploads\/2022\/05\/Mats-Pettersson-1.jpg\",\"datePublished\":\"2025-01-17T09:42:13+00:00\",\"dateModified\":\"2025-01-17T09:42:54+00:00\",\"breadcrumb\":{\"@id\":\"https:\/\/snowtraildogcamp.com\/sv\/videor\/#breadcrumb\"},\"inLanguage\":\"sv-SE\",\"potentialAction\":[{\"@type\":\"ReadAction\",\"target\":[\"https:\/\/snowtraildogcamp.com\/sv\/videor\/\"]}]},{\"@type\":\"ImageObject\",\"inLanguage\":\"sv-SE\",\"@id\":\"https:\/\/snowtraildogcamp.com\/sv\/videor\/#primaryimage\",\"url\":\"https:\/\/snowtraildogcamp.com\/wp-content\/uploads\/2022\/05\/Mats-Pettersson-1.jpg\",\"contentUrl\":\"https:\/\/snowtraildogcamp.com\/wp-content\/uploads\/2022\/05\/Mats-Pettersson-1.jpg\",\"width\":1536,\"height\":1024},{\"@type\":\"BreadcrumbList\",\"@id\":\"https:\/\/snowtraildogcamp.com\/sv\/videor\/#breadcrumb\",\"itemListElement\":[{\"@type\":\"ListItem\",\"position\":1,\"name\":\"Startseite\",\"item\":\"https:\/\/snowtraildogcamp.com\/sv\/\"},{\"@type\":\"ListItem\",\"position\":2,\"name\":\"Videor\"}]},{\"@type\":\"WebSite\",\"@id\":\"https:\/\/snowtraildogcamp.com\/sv\/#website\",\"url\":\"https:\/\/snowtraildogcamp.com\/sv\/\",\"name\":\"Snow Trail Dog Camp\",\"description\":\"\",\"publisher\":{\"@id\":\"https:\/\/snowtraildogcamp.com\/sv\/#organization\"},\"potentialAction\":[{\"@type\":\"SearchAction\",\"target\":{\"@type\":\"EntryPoint\",\"urlTemplate\":\"https:\/\/snowtraildogcamp.com\/sv\/?s={search_term_string}\"},\"query-input\":{\"@type\":\"PropertyValueSpecification\",\"valueRequired\":true,\"valueName\":\"search_term_string\"}}],\"inLanguage\":\"sv-SE\"},{\"@type\":\"Organization\",\"@id\":\"https:\/\/snowtraildogcamp.com\/sv\/#organization\",\"name\":\"Snow Trail Dog Camp\",\"url\":\"https:\/\/snowtraildogcamp.com\/sv\/\",\"logo\":{\"@type\":\"ImageObject\",\"inLanguage\":\"sv-SE\",\"@id\":\"https:\/\/snowtraildogcamp.com\/sv\/#\/schema\/logo\/image\/\",\"url\":\"https:\/\/snowtraildogcamp.com\/wp-content\/uploads\/2015\/12\/cropped-logo_snowtrail_dogcamp_e_plus.jpg\",\"contentUrl\":\"https:\/\/snowtraildogcamp.com\/wp-content\/uploads\/2015\/12\/cropped-logo_snowtrail_dogcamp_e_plus.jpg\",\"width\":248,\"height\":157,\"caption\":\"Snow Trail Dog Camp\"},\"image\":{\"@id\":\"https:\/\/snowtraildogcamp.com\/sv\/#\/schema\/logo\/image\/\"}}]}<\/script>\n<!-- \/ Yoast SEO plugin. -->","yoast_head_json":{"title":"Videor - Snow Trail Dog Camp","robots":{"index":"index","follow":"follow","max-snippet":"max-snippet:-1","max-image-preview":"max-image-preview:large","max-video-preview":"max-video-preview:-1"},"canonical":"https:\/\/snowtraildogcamp.com\/sv\/videor\/","og_locale":"sv_SE","og_type":"article","og_title":"Videor - Snow Trail Dog Camp","og_description":"H\u00e4r \u00e4r intryck av Snowtrail Dogcamp i form av videor Med Mats p\u00e5 v\u00e4g med sina hundar p\u00e5 tundran runt l\u00e4gret.\u00a0 Denna imponerande video presenterades f\u00f6r oss av Olivier och Attila Portrat. Han bes\u00f6kte oss ocks\u00e5 i somras med v\u00e4nner. \u00c5terigen har han lyckats skapa spektakul\u00e4r klarhet och vackra bilder. Tack Olivier f\u00f6r den h\u00e4r &hellip; Forts\u00e4tt l\u00e4sa Videor","og_url":"https:\/\/snowtraildogcamp.com\/sv\/videor\/","og_site_name":"Snow Trail Dog Camp","article_modified_time":"2025-01-17T09:42:54+00:00","og_image":[{"width":1536,"height":1024,"url":"https:\/\/snowtraildogcamp.com\/wp-content\/uploads\/2022\/05\/Mats-Pettersson-1.jpg","type":"image\/jpeg"}],"twitter_card":"summary_large_image","twitter_misc":{"Ber\u00e4knad l\u00e4stid":"1 minut"},"schema":{"@context":"https:\/\/schema.org","@graph":[{"@type":"WebPage","@id":"https:\/\/snowtraildogcamp.com\/sv\/videor\/","url":"https:\/\/snowtraildogcamp.com\/sv\/videor\/","name":"Videor - Snow Trail Dog Camp","isPartOf":{"@id":"https:\/\/snowtraildogcamp.com\/sv\/#website"},"primaryImageOfPage":{"@id":"https:\/\/snowtraildogcamp.com\/sv\/videor\/#primaryimage"},"image":{"@id":"https:\/\/snowtraildogcamp.com\/sv\/videor\/#primaryimage"},"thumbnailUrl":"https:\/\/snowtraildogcamp.com\/wp-content\/uploads\/2022\/05\/Mats-Pettersson-1.jpg","datePublished":"2025-01-17T09:42:13+00:00","dateModified":"2025-01-17T09:42:54+00:00","breadcrumb":{"@id":"https:\/\/snowtraildogcamp.com\/sv\/videor\/#breadcrumb"},"inLanguage":"sv-SE","potentialAction":[{"@type":"ReadAction","target":["https:\/\/snowtraildogcamp.com\/sv\/videor\/"]}]},{"@type":"ImageObject","inLanguage":"sv-SE","@id":"https:\/\/snowtraildogcamp.com\/sv\/videor\/#primaryimage","url":"https:\/\/snowtraildogcamp.com\/wp-content\/uploads\/2022\/05\/Mats-Pettersson-1.jpg","contentUrl":"https:\/\/snowtraildogcamp.com\/wp-content\/uploads\/2022\/05\/Mats-Pettersson-1.jpg","width":1536,"height":1024},{"@type":"BreadcrumbList","@id":"https:\/\/snowtraildogcamp.com\/sv\/videor\/#breadcrumb","itemListElement":[{"@type":"ListItem","position":1,"name":"Startseite","item":"https:\/\/snowtraildogcamp.com\/sv\/"},{"@type":"ListItem","position":2,"name":"Videor"}]},{"@type":"WebSite","@id":"https:\/\/snowtraildogcamp.com\/sv\/#website","url":"https:\/\/snowtraildogcamp.com\/sv\/","name":"Snow Trail Dog Camp","description":"","publisher":{"@id":"https:\/\/snowtraildogcamp.com\/sv\/#organization"},"potentialAction":[{"@type":"SearchAction","target":{"@type":"EntryPoint","urlTemplate":"https:\/\/snowtraildogcamp.com\/sv\/?s={search_term_string}"},"query-input":{"@type":"PropertyValueSpecification","valueRequired":true,"valueName":"search_term_string"}}],"inLanguage":"sv-SE"},{"@type":"Organization","@id":"https:\/\/snowtraildogcamp.com\/sv\/#organization","name":"Snow Trail Dog Camp","url":"https:\/\/snowtraildogcamp.com\/sv\/","logo":{"@type":"ImageObject","inLanguage":"sv-SE","@id":"https:\/\/snowtraildogcamp.com\/sv\/#\/schema\/logo\/image\/","url":"https:\/\/snowtraildogcamp.com\/wp-content\/uploads\/2015\/12\/cropped-logo_snowtrail_dogcamp_e_plus.jpg","contentUrl":"https:\/\/snowtraildogcamp.com\/wp-content\/uploads\/2015\/12\/cropped-logo_snowtrail_dogcamp_e_plus.jpg","width":248,"height":157,"caption":"Snow Trail Dog Camp"},"image":{"@id":"https:\/\/snowtraildogcamp.com\/sv\/#\/schema\/logo\/image\/"}}]}},"_links":{"self":[{"href":"https:\/\/snowtraildogcamp.com\/sv\/wp-json\/wp\/v2\/pages\/3166","targetHints":{"allow":["GET"]}}],"collection":[{"href":"https:\/\/snowtraildogcamp.com\/sv\/wp-json\/wp\/v2\/pages"}],"about":[{"href":"https:\/\/snowtraildogcamp.com\/sv\/wp-json\/wp\/v2\/types\/page"}],"author":[{"embeddable":true,"href":"https:\/\/snowtraildogcamp.com\/sv\/wp-json\/wp\/v2\/users\/1"}],"replies":[{"embeddable":true,"href":"https:\/\/snowtraildogcamp.com\/sv\/wp-json\/wp\/v2\/comments?post=3166"}],"version-history":[{"count":2,"href":"https:\/\/snowtraildogcamp.com\/sv\/wp-json\/wp\/v2\/pages\/3166\/revisions"}],"predecessor-version":[{"id":3168,"href":"https:\/\/snowtraildogcamp.com\/sv\/wp-json\/wp\/v2\/pages\/3166\/revisions\/3168"}],"wp:featuredmedia":[{"embeddable":true,"href":"https:\/\/snowtraildogcamp.com\/sv\/wp-json\/wp\/v2\/media\/2996"}],"wp:attachment":[{"href":"https:\/\/snowtraildogcamp.com\/sv\/wp-json\/wp\/v2\/media?parent=3166"}],"curies":[{"name":"wp","href":"https:\/\/api.w.org\/{rel}","templated":true}]}}