{"id":3155,"date":"2025-01-17T10:35:13","date_gmt":"2025-01-17T09:35:13","guid":{"rendered":"https:\/\/snowtraildogcamp.com\/?page_id=3155"},"modified":"2025-01-17T10:37:56","modified_gmt":"2025-01-17T09:37:56","slug":"sladhundar-sponsring","status":"publish","type":"page","link":"https:\/\/snowtraildogcamp.com\/sv\/sladhundar-sponsring\/","title":{"rendered":"Sl\u00e4dhundar \u2013 sponsring"},"content":{"rendered":"<h3 style=\"text-align: justify;\">Tack f\u00f6r st\u00f6det<\/h3>\n<p>Ett stort tack till alla som tidigare st\u00f6ttat Lotti med hundsponsring. Detta st\u00f6d var mycket v\u00e4rdefullt och hj\u00e4lpte och uppn\u00e5dde mycket.<\/p>\n<p>\u00c4ven f\u00f6r mig som ny \u00e4gare till Snowtrail Dogcamp kommer hundarna f\u00f6rst. Deras v\u00e4lbefinnande och h\u00e4lsa \u00e4r lika viktigt f\u00f6r mig och mitt team som f\u00f6r Lotti. D\u00e4rf\u00f6r blir jag v\u00e4ldigt glad om du forts\u00e4tter att st\u00f6tta din sponsrade hund.<\/p>\n<p><img loading=\"lazy\" decoding=\"async\" class=\"alignleft wp-image-1825 size-thumbnail\" src=\"https:\/\/snowtraildogcamp.com\/wp-content\/uploads\/2022\/08\/Mats-Pettersson-150x150.jpg\" alt=\"\" width=\"150\" height=\"150\" srcset=\"https:\/\/snowtraildogcamp.com\/wp-content\/uploads\/2022\/08\/Mats-Pettersson-150x150.jpg 150w, https:\/\/snowtraildogcamp.com\/wp-content\/uploads\/2022\/08\/Mats-Pettersson-300x300.jpg 300w, https:\/\/snowtraildogcamp.com\/wp-content\/uploads\/2022\/08\/Mats-Pettersson.jpg 480w\" sizes=\"auto, (max-width: 150px) 100vw, 150px\" \/>Jag \u00e4r sj\u00e4lv uppvuxen i Kirunaregionen och deltog 7 g\u00e5nger i v\u00e4rldens l\u00e4ngsta och h\u00e5rdaste hundspannshundst\u00e4vling med 1 850 kilometer, &#8221;Iditarod&#8221; i Alaska.<\/p>\n<p>Tillsammans med mitt team (inklusive Lotta, min partner, Nynke och Conny) ser jag fram emot att v\u00e4lkomna dig tillbaka hit i l\u00e4gret snart och att dela med mig av passionen f\u00f6r sl\u00e4dhundar och den underbara naturen.<br \/> Tillsammans med mitt team lovar jag att g\u00f6ra allt jag kan f\u00f6r att inte bara din sponsrade hund, utan alla hundar h\u00e4r i l\u00e4gret ska m\u00e5 bra.<\/p>\n<p>Happy Trails, Mats Petersson och hans team<\/p>\n<p>&nbsp;<\/p>\n<p><strong>\u21d2 <\/strong>\u00c4r du intresserad? <a href=\"http:\/\/www.snowtraildogcamp.com\/sv\/kontakt\/\">Kontakta<\/a> oss d\u00e5. Tack s\u00e5 mycket.<\/p>\n<p>&nbsp;<\/p>\n<h3 style=\"text-align: left;\">Sponsring per sl\u00e4dhund: 1&#8217;900 kr per \u00e5r<\/h3>\n<p style=\"text-align: left;\">I geng\u00e4ld f\u00e5r du ett sponsorcertifikat och en aktuell bild p\u00e5 din sponsrade hund. Under din vistelse, oavsett om det \u00e4r sommar eller vinter, kan du ta hand om din sponsrade hund och spendera mycket tid med honom eller henne. Om du kommer till oss p\u00e5 vintern kan din sponsrade hund springa i ditt team n\u00e4r det \u00e4r m\u00f6jligt.\u00a0\u00a0<\/p>\n<h3>Villkor<\/h3>\n<ul style=\"list-style-type: disc;\">\n<li>Under \u00e5ret, vanligtvis i b\u00f6rjan av s\u00e4songen, f\u00e5r du ett aktuellt foto samt ny information om din sponsrade hund.<\/li>\n<li>Sponsringen \u00e4r giltig i ett \u00e5r fr\u00e5n dagen f\u00f6r mottagandet av beloppet p\u00e5 sponsorkontot.<\/li>\n<li>Det belopp som betalas in kommer uteslutande att anv\u00e4ndas f\u00f6r livsmedels-, veterin\u00e4rkostnader eller allm\u00e4nna f\u00f6rvaringskostnader (t.ex. underh\u00e5ll av kennlar).<\/li>\n<li>Anv\u00e4ndningen av sl\u00e4dhunden i hundlaget beror p\u00e5 dess \u00e5lder och h\u00e4lsotillst\u00e5nd.<\/li>\n<li>Om sl\u00e4dhunden d\u00f6r meddelar vi dig och du kan v\u00e4lja en annan sl\u00e4dhund om den inte redan har en sponsor. \u00c5terbetalningen av respektive belopp kan inte g\u00f6ras.<\/li>\n<\/ul>\n<h3>Kontouppgifterna f\u00f6r en sponsring \u00e4r<\/h3>\n<ul>\n<li style=\"list-style-type: none;\">\n<ul>\n<li><strong>Rensning nr:<\/strong> 8264-4<\/li>\n<li><strong>Kontonummer:<\/strong> 63 215 715-2<\/li>\n<li><strong>IBAN:<\/strong> SE98 8000 0826 4406 3215 7152<\/li>\n<li><strong>BIC:<\/strong> SWEDSESS<\/li>\n<\/ul>\n<\/li>\n<\/ul>\n<hr \/>\n<p>&nbsp;<\/p>\n","protected":false},"excerpt":{"rendered":"<p>Tack f\u00f6r st\u00f6det Ett stort tack till alla som tidigare st\u00f6ttat Lotti med hundsponsring. Detta st\u00f6d var mycket v\u00e4rdefullt och hj\u00e4lpte och uppn\u00e5dde mycket. \u00c4ven f\u00f6r mig som ny \u00e4gare till Snowtrail Dogcamp kommer hundarna f\u00f6rst. Deras v\u00e4lbefinnande och h\u00e4lsa \u00e4r lika viktigt f\u00f6r mig och mitt team som f\u00f6r Lotti. D\u00e4rf\u00f6r blir jag v\u00e4ldigt &hellip; <a href=\"https:\/\/snowtraildogcamp.com\/sv\/sladhundar-sponsring\/\" class=\"more-link\">Forts\u00e4tt l\u00e4sa <span class=\"screen-reader-text\">Sl\u00e4dhundar \u2013 sponsring<\/span><\/a><\/p>\n","protected":false},"author":1,"featured_media":2903,"parent":0,"menu_order":0,"comment_status":"closed","ping_status":"closed","template":"","meta":{"footnotes":""},"class_list":["post-3155","page","type-page","status-publish","has-post-thumbnail","hentry"],"yoast_head":"<!-- This site is optimized with the Yoast SEO plugin v27.1.1 - https:\/\/yoast.com\/product\/yoast-seo-wordpress\/ -->\n<title>Sl\u00e4dhundar \u2013 sponsring - Snow Trail Dog Camp<\/title>\n<meta name=\"robots\" content=\"index, follow, max-snippet:-1, max-image-preview:large, max-video-preview:-1\" \/>\n<link rel=\"canonical\" href=\"https:\/\/snowtraildogcamp.com\/sv\/sladhundar-sponsring\/\" \/>\n<meta property=\"og:locale\" content=\"sv_SE\" \/>\n<meta property=\"og:type\" content=\"article\" \/>\n<meta property=\"og:title\" content=\"Sl\u00e4dhundar \u2013 sponsring - Snow Trail Dog Camp\" \/>\n<meta property=\"og:description\" content=\"Tack f\u00f6r st\u00f6det Ett stort tack till alla som tidigare st\u00f6ttat Lotti med hundsponsring. Detta st\u00f6d var mycket v\u00e4rdefullt och hj\u00e4lpte och uppn\u00e5dde mycket. \u00c4ven f\u00f6r mig som ny \u00e4gare till Snowtrail Dogcamp kommer hundarna f\u00f6rst. Deras v\u00e4lbefinnande och h\u00e4lsa \u00e4r lika viktigt f\u00f6r mig och mitt team som f\u00f6r Lotti. D\u00e4rf\u00f6r blir jag v\u00e4ldigt &hellip; Forts\u00e4tt l\u00e4sa Sl\u00e4dhundar \u2013 sponsring\" \/>\n<meta property=\"og:url\" content=\"https:\/\/snowtraildogcamp.com\/sv\/sladhundar-sponsring\/\" \/>\n<meta property=\"og:site_name\" content=\"Snow Trail Dog Camp\" \/>\n<meta property=\"article:modified_time\" content=\"2025-01-17T09:37:56+00:00\" \/>\n<meta property=\"og:image\" content=\"https:\/\/snowtraildogcamp.com\/wp-content\/uploads\/2020\/01\/6312-Husky.jpg\" \/>\n\t<meta property=\"og:image:width\" content=\"2400\" \/>\n\t<meta property=\"og:image:height\" content=\"1602\" \/>\n\t<meta property=\"og:image:type\" content=\"image\/jpeg\" \/>\n<meta name=\"twitter:card\" content=\"summary_large_image\" \/>\n<meta name=\"twitter:label1\" content=\"Ber\u00e4knad l\u00e4stid\" \/>\n\t<meta name=\"twitter:data1\" content=\"2 minuter\" \/>\n<script type=\"application\/ld+json\" class=\"yoast-schema-graph\">{\"@context\":\"https:\/\/schema.org\",\"@graph\":[{\"@type\":\"WebPage\",\"@id\":\"https:\/\/snowtraildogcamp.com\/sv\/sladhundar-sponsring\/\",\"url\":\"https:\/\/snowtraildogcamp.com\/sv\/sladhundar-sponsring\/\",\"name\":\"Sl\u00e4dhundar \u2013 sponsring - Snow Trail Dog Camp\",\"isPartOf\":{\"@id\":\"https:\/\/snowtraildogcamp.com\/sv\/#website\"},\"primaryImageOfPage\":{\"@id\":\"https:\/\/snowtraildogcamp.com\/sv\/sladhundar-sponsring\/#primaryimage\"},\"image\":{\"@id\":\"https:\/\/snowtraildogcamp.com\/sv\/sladhundar-sponsring\/#primaryimage\"},\"thumbnailUrl\":\"https:\/\/snowtraildogcamp.com\/wp-content\/uploads\/2020\/01\/6312-Husky.jpg\",\"datePublished\":\"2025-01-17T09:35:13+00:00\",\"dateModified\":\"2025-01-17T09:37:56+00:00\",\"breadcrumb\":{\"@id\":\"https:\/\/snowtraildogcamp.com\/sv\/sladhundar-sponsring\/#breadcrumb\"},\"inLanguage\":\"sv-SE\",\"potentialAction\":[{\"@type\":\"ReadAction\",\"target\":[\"https:\/\/snowtraildogcamp.com\/sv\/sladhundar-sponsring\/\"]}]},{\"@type\":\"ImageObject\",\"inLanguage\":\"sv-SE\",\"@id\":\"https:\/\/snowtraildogcamp.com\/sv\/sladhundar-sponsring\/#primaryimage\",\"url\":\"https:\/\/snowtraildogcamp.com\/wp-content\/uploads\/2020\/01\/6312-Husky.jpg\",\"contentUrl\":\"https:\/\/snowtraildogcamp.com\/wp-content\/uploads\/2020\/01\/6312-Husky.jpg\",\"width\":2400,\"height\":1602},{\"@type\":\"BreadcrumbList\",\"@id\":\"https:\/\/snowtraildogcamp.com\/sv\/sladhundar-sponsring\/#breadcrumb\",\"itemListElement\":[{\"@type\":\"ListItem\",\"position\":1,\"name\":\"Startseite\",\"item\":\"https:\/\/snowtraildogcamp.com\/sv\/\"},{\"@type\":\"ListItem\",\"position\":2,\"name\":\"Sl\u00e4dhundar \u2013 sponsring\"}]},{\"@type\":\"WebSite\",\"@id\":\"https:\/\/snowtraildogcamp.com\/sv\/#website\",\"url\":\"https:\/\/snowtraildogcamp.com\/sv\/\",\"name\":\"Snow Trail Dog Camp\",\"description\":\"\",\"publisher\":{\"@id\":\"https:\/\/snowtraildogcamp.com\/sv\/#organization\"},\"potentialAction\":[{\"@type\":\"SearchAction\",\"target\":{\"@type\":\"EntryPoint\",\"urlTemplate\":\"https:\/\/snowtraildogcamp.com\/sv\/?s={search_term_string}\"},\"query-input\":{\"@type\":\"PropertyValueSpecification\",\"valueRequired\":true,\"valueName\":\"search_term_string\"}}],\"inLanguage\":\"sv-SE\"},{\"@type\":\"Organization\",\"@id\":\"https:\/\/snowtraildogcamp.com\/sv\/#organization\",\"name\":\"Snow Trail Dog Camp\",\"url\":\"https:\/\/snowtraildogcamp.com\/sv\/\",\"logo\":{\"@type\":\"ImageObject\",\"inLanguage\":\"sv-SE\",\"@id\":\"https:\/\/snowtraildogcamp.com\/sv\/#\/schema\/logo\/image\/\",\"url\":\"https:\/\/snowtraildogcamp.com\/wp-content\/uploads\/2015\/12\/cropped-logo_snowtrail_dogcamp_e_plus.jpg\",\"contentUrl\":\"https:\/\/snowtraildogcamp.com\/wp-content\/uploads\/2015\/12\/cropped-logo_snowtrail_dogcamp_e_plus.jpg\",\"width\":248,\"height\":157,\"caption\":\"Snow Trail Dog Camp\"},\"image\":{\"@id\":\"https:\/\/snowtraildogcamp.com\/sv\/#\/schema\/logo\/image\/\"}}]}<\/script>\n<!-- \/ Yoast SEO plugin. -->","yoast_head_json":{"title":"Sl\u00e4dhundar \u2013 sponsring - Snow Trail Dog Camp","robots":{"index":"index","follow":"follow","max-snippet":"max-snippet:-1","max-image-preview":"max-image-preview:large","max-video-preview":"max-video-preview:-1"},"canonical":"https:\/\/snowtraildogcamp.com\/sv\/sladhundar-sponsring\/","og_locale":"sv_SE","og_type":"article","og_title":"Sl\u00e4dhundar \u2013 sponsring - Snow Trail Dog Camp","og_description":"Tack f\u00f6r st\u00f6det Ett stort tack till alla som tidigare st\u00f6ttat Lotti med hundsponsring. Detta st\u00f6d var mycket v\u00e4rdefullt och hj\u00e4lpte och uppn\u00e5dde mycket. \u00c4ven f\u00f6r mig som ny \u00e4gare till Snowtrail Dogcamp kommer hundarna f\u00f6rst. Deras v\u00e4lbefinnande och h\u00e4lsa \u00e4r lika viktigt f\u00f6r mig och mitt team som f\u00f6r Lotti. D\u00e4rf\u00f6r blir jag v\u00e4ldigt &hellip; Forts\u00e4tt l\u00e4sa Sl\u00e4dhundar \u2013 sponsring","og_url":"https:\/\/snowtraildogcamp.com\/sv\/sladhundar-sponsring\/","og_site_name":"Snow Trail Dog Camp","article_modified_time":"2025-01-17T09:37:56+00:00","og_image":[{"width":2400,"height":1602,"url":"https:\/\/snowtraildogcamp.com\/wp-content\/uploads\/2020\/01\/6312-Husky.jpg","type":"image\/jpeg"}],"twitter_card":"summary_large_image","twitter_misc":{"Ber\u00e4knad l\u00e4stid":"2 minuter"},"schema":{"@context":"https:\/\/schema.org","@graph":[{"@type":"WebPage","@id":"https:\/\/snowtraildogcamp.com\/sv\/sladhundar-sponsring\/","url":"https:\/\/snowtraildogcamp.com\/sv\/sladhundar-sponsring\/","name":"Sl\u00e4dhundar \u2013 sponsring - Snow Trail Dog Camp","isPartOf":{"@id":"https:\/\/snowtraildogcamp.com\/sv\/#website"},"primaryImageOfPage":{"@id":"https:\/\/snowtraildogcamp.com\/sv\/sladhundar-sponsring\/#primaryimage"},"image":{"@id":"https:\/\/snowtraildogcamp.com\/sv\/sladhundar-sponsring\/#primaryimage"},"thumbnailUrl":"https:\/\/snowtraildogcamp.com\/wp-content\/uploads\/2020\/01\/6312-Husky.jpg","datePublished":"2025-01-17T09:35:13+00:00","dateModified":"2025-01-17T09:37:56+00:00","breadcrumb":{"@id":"https:\/\/snowtraildogcamp.com\/sv\/sladhundar-sponsring\/#breadcrumb"},"inLanguage":"sv-SE","potentialAction":[{"@type":"ReadAction","target":["https:\/\/snowtraildogcamp.com\/sv\/sladhundar-sponsring\/"]}]},{"@type":"ImageObject","inLanguage":"sv-SE","@id":"https:\/\/snowtraildogcamp.com\/sv\/sladhundar-sponsring\/#primaryimage","url":"https:\/\/snowtraildogcamp.com\/wp-content\/uploads\/2020\/01\/6312-Husky.jpg","contentUrl":"https:\/\/snowtraildogcamp.com\/wp-content\/uploads\/2020\/01\/6312-Husky.jpg","width":2400,"height":1602},{"@type":"BreadcrumbList","@id":"https:\/\/snowtraildogcamp.com\/sv\/sladhundar-sponsring\/#breadcrumb","itemListElement":[{"@type":"ListItem","position":1,"name":"Startseite","item":"https:\/\/snowtraildogcamp.com\/sv\/"},{"@type":"ListItem","position":2,"name":"Sl\u00e4dhundar \u2013 sponsring"}]},{"@type":"WebSite","@id":"https:\/\/snowtraildogcamp.com\/sv\/#website","url":"https:\/\/snowtraildogcamp.com\/sv\/","name":"Snow Trail Dog Camp","description":"","publisher":{"@id":"https:\/\/snowtraildogcamp.com\/sv\/#organization"},"potentialAction":[{"@type":"SearchAction","target":{"@type":"EntryPoint","urlTemplate":"https:\/\/snowtraildogcamp.com\/sv\/?s={search_term_string}"},"query-input":{"@type":"PropertyValueSpecification","valueRequired":true,"valueName":"search_term_string"}}],"inLanguage":"sv-SE"},{"@type":"Organization","@id":"https:\/\/snowtraildogcamp.com\/sv\/#organization","name":"Snow Trail Dog Camp","url":"https:\/\/snowtraildogcamp.com\/sv\/","logo":{"@type":"ImageObject","inLanguage":"sv-SE","@id":"https:\/\/snowtraildogcamp.com\/sv\/#\/schema\/logo\/image\/","url":"https:\/\/snowtraildogcamp.com\/wp-content\/uploads\/2015\/12\/cropped-logo_snowtrail_dogcamp_e_plus.jpg","contentUrl":"https:\/\/snowtraildogcamp.com\/wp-content\/uploads\/2015\/12\/cropped-logo_snowtrail_dogcamp_e_plus.jpg","width":248,"height":157,"caption":"Snow Trail Dog Camp"},"image":{"@id":"https:\/\/snowtraildogcamp.com\/sv\/#\/schema\/logo\/image\/"}}]}},"_links":{"self":[{"href":"https:\/\/snowtraildogcamp.com\/sv\/wp-json\/wp\/v2\/pages\/3155","targetHints":{"allow":["GET"]}}],"collection":[{"href":"https:\/\/snowtraildogcamp.com\/sv\/wp-json\/wp\/v2\/pages"}],"about":[{"href":"https:\/\/snowtraildogcamp.com\/sv\/wp-json\/wp\/v2\/types\/page"}],"author":[{"embeddable":true,"href":"https:\/\/snowtraildogcamp.com\/sv\/wp-json\/wp\/v2\/users\/1"}],"replies":[{"embeddable":true,"href":"https:\/\/snowtraildogcamp.com\/sv\/wp-json\/wp\/v2\/comments?post=3155"}],"version-history":[{"count":4,"href":"https:\/\/snowtraildogcamp.com\/sv\/wp-json\/wp\/v2\/pages\/3155\/revisions"}],"predecessor-version":[{"id":3159,"href":"https:\/\/snowtraildogcamp.com\/sv\/wp-json\/wp\/v2\/pages\/3155\/revisions\/3159"}],"wp:featuredmedia":[{"embeddable":true,"href":"https:\/\/snowtraildogcamp.com\/sv\/wp-json\/wp\/v2\/media\/2903"}],"wp:attachment":[{"href":"https:\/\/snowtraildogcamp.com\/sv\/wp-json\/wp\/v2\/media?parent=3155"}],"curies":[{"name":"wp","href":"https:\/\/api.w.org\/{rel}","templated":true}]}}