{"id":3142,"date":"2025-01-17T10:19:04","date_gmt":"2025-01-17T09:19:04","guid":{"rendered":"https:\/\/snowtraildogcamp.com\/?page_id=3142"},"modified":"2025-01-17T10:21:06","modified_gmt":"2025-01-17T09:21:06","slug":"vinterprogram","status":"publish","type":"page","link":"https:\/\/snowtraildogcamp.com\/sv\/vinterprogram\/","title":{"rendered":"Vinterprogram"},"content":{"rendered":"<h3>Tillbaka till naturen Tour\u00a0<\/h3>\n<p>Under denna vecka f\u00e5r du m\u00f6jlighet att uppleva samspelet med v\u00e5ra v\u00e4nner (sl\u00e4dhundarna) p\u00e5 n\u00e4ra h\u00e5ll. Under sakkunnig ledning kommer du att leda ett husky team \u00f6ver det stora svenska vinterlandskapet.<\/p>\n<p>\u21d2 Mer information om turen <a href=\"https:\/\/snowtraildogcamp.com\/sv\/tillbaka-till-naturturen\/\"><strong>Tillbaka till naturen  &gt;&gt;&gt;<\/strong><\/a><\/p>\n<hr \/>\n<h3>Togo Memory Tour (till minne av Togo)\u00a0<\/h3>\n<p>Strax efter att vi anl\u00e4nt till l\u00e4gret b\u00f6rjar vi det glada arbetet med v\u00e5ra v\u00e4nner, sl\u00e4dhundarna. Vi f\u00f6rbereder oss och sl\u00e4darna och \u00e5ker p\u00e5 l\u00e4ngre dagsturer. Vi tillbringar n\u00e4tterna p\u00e5 Snowtrail Dogcamp.\u00a0<\/p>\n<p>\u21d2 Mer information om turen <a href=\"https:\/\/snowtraildogcamp.com\/sv\/togo-minnestur\/\"><strong>Togo memory &gt;&gt;&gt;<\/strong><\/a><\/p>\n<hr \/>\n<h3>Tur till Nome (The trail to Nome) &#8211; mer f\u00f6r avancerade resen\u00e4rer<\/h3>\n<p>Denna utmanande tur tar oss in i de svenska fj\u00e4llen (fj\u00e4llen) och ger en god inblick i hanteringen av h\u00f6gtr\u00e4nade sl\u00e4dhundar, som anv\u00e4nds f\u00f6r t\u00e4vlingar som den ber\u00f6mda Iditarod Race i Alaska.<\/p>\n<p>\u21d2 Mer information om turen <strong><a href=\"https:\/\/snowtraildogcamp.com\/sv\/trail-to-nome-turne\/\">turen Trail to Nome &gt;&gt;&gt;<\/a><\/strong><\/p>\n<hr \/>\n<p>&nbsp;<\/p>\n","protected":false},"excerpt":{"rendered":"<p>Tillbaka till naturen Tour\u00a0 Under denna vecka f\u00e5r du m\u00f6jlighet att uppleva samspelet med v\u00e5ra v\u00e4nner (sl\u00e4dhundarna) p\u00e5 n\u00e4ra h\u00e5ll. Under sakkunnig ledning kommer du att leda ett husky team \u00f6ver det stora svenska vinterlandskapet. \u21d2 Mer information om turen Tillbaka till naturen &gt;&gt;&gt; Togo Memory Tour (till minne av Togo)\u00a0 Strax efter att vi &hellip; <a href=\"https:\/\/snowtraildogcamp.com\/sv\/vinterprogram\/\" class=\"more-link\">Forts\u00e4tt l\u00e4sa <span class=\"screen-reader-text\">Vinterprogram<\/span><\/a><\/p>\n","protected":false},"author":1,"featured_media":2478,"parent":0,"menu_order":0,"comment_status":"closed","ping_status":"closed","template":"","meta":{"footnotes":""},"class_list":["post-3142","page","type-page","status-publish","has-post-thumbnail","hentry"],"yoast_head":"<!-- This site is optimized with the Yoast SEO plugin v27.1.1 - https:\/\/yoast.com\/product\/yoast-seo-wordpress\/ -->\n<title>Vinterprogram - Snow Trail Dog Camp<\/title>\n<meta name=\"robots\" content=\"index, follow, max-snippet:-1, max-image-preview:large, max-video-preview:-1\" \/>\n<link rel=\"canonical\" href=\"https:\/\/snowtraildogcamp.com\/sv\/vinterprogram\/\" \/>\n<meta property=\"og:locale\" content=\"sv_SE\" \/>\n<meta property=\"og:type\" content=\"article\" \/>\n<meta property=\"og:title\" content=\"Vinterprogram - Snow Trail Dog Camp\" \/>\n<meta property=\"og:description\" content=\"Tillbaka till naturen Tour\u00a0 Under denna vecka f\u00e5r du m\u00f6jlighet att uppleva samspelet med v\u00e5ra v\u00e4nner (sl\u00e4dhundarna) p\u00e5 n\u00e4ra h\u00e5ll. Under sakkunnig ledning kommer du att leda ett husky team \u00f6ver det stora svenska vinterlandskapet. \u21d2 Mer information om turen Tillbaka till naturen &gt;&gt;&gt; Togo Memory Tour (till minne av Togo)\u00a0 Strax efter att vi &hellip; Forts\u00e4tt l\u00e4sa Vinterprogram\" \/>\n<meta property=\"og:url\" content=\"https:\/\/snowtraildogcamp.com\/sv\/vinterprogram\/\" \/>\n<meta property=\"og:site_name\" content=\"Snow Trail Dog Camp\" \/>\n<meta property=\"article:modified_time\" content=\"2025-01-17T09:21:06+00:00\" \/>\n<meta property=\"og:image\" content=\"https:\/\/snowtraildogcamp.com\/wp-content\/uploads\/2015\/11\/5102_WeitenLapplands.jpg\" \/>\n\t<meta property=\"og:image:width\" content=\"1595\" \/>\n\t<meta property=\"og:image:height\" content=\"1060\" \/>\n\t<meta property=\"og:image:type\" content=\"image\/jpeg\" \/>\n<meta name=\"twitter:card\" content=\"summary_large_image\" \/>\n<meta name=\"twitter:label1\" content=\"Ber\u00e4knad l\u00e4stid\" \/>\n\t<meta name=\"twitter:data1\" content=\"1 minut\" \/>\n<script type=\"application\/ld+json\" class=\"yoast-schema-graph\">{\"@context\":\"https:\/\/schema.org\",\"@graph\":[{\"@type\":\"WebPage\",\"@id\":\"https:\/\/snowtraildogcamp.com\/sv\/vinterprogram\/\",\"url\":\"https:\/\/snowtraildogcamp.com\/sv\/vinterprogram\/\",\"name\":\"Vinterprogram - Snow Trail Dog Camp\",\"isPartOf\":{\"@id\":\"https:\/\/snowtraildogcamp.com\/sv\/#website\"},\"primaryImageOfPage\":{\"@id\":\"https:\/\/snowtraildogcamp.com\/sv\/vinterprogram\/#primaryimage\"},\"image\":{\"@id\":\"https:\/\/snowtraildogcamp.com\/sv\/vinterprogram\/#primaryimage\"},\"thumbnailUrl\":\"https:\/\/snowtraildogcamp.com\/wp-content\/uploads\/2015\/11\/5102_WeitenLapplands.jpg\",\"datePublished\":\"2025-01-17T09:19:04+00:00\",\"dateModified\":\"2025-01-17T09:21:06+00:00\",\"breadcrumb\":{\"@id\":\"https:\/\/snowtraildogcamp.com\/sv\/vinterprogram\/#breadcrumb\"},\"inLanguage\":\"sv-SE\",\"potentialAction\":[{\"@type\":\"ReadAction\",\"target\":[\"https:\/\/snowtraildogcamp.com\/sv\/vinterprogram\/\"]}]},{\"@type\":\"ImageObject\",\"inLanguage\":\"sv-SE\",\"@id\":\"https:\/\/snowtraildogcamp.com\/sv\/vinterprogram\/#primaryimage\",\"url\":\"https:\/\/snowtraildogcamp.com\/wp-content\/uploads\/2015\/11\/5102_WeitenLapplands.jpg\",\"contentUrl\":\"https:\/\/snowtraildogcamp.com\/wp-content\/uploads\/2015\/11\/5102_WeitenLapplands.jpg\",\"width\":1595,\"height\":1060},{\"@type\":\"BreadcrumbList\",\"@id\":\"https:\/\/snowtraildogcamp.com\/sv\/vinterprogram\/#breadcrumb\",\"itemListElement\":[{\"@type\":\"ListItem\",\"position\":1,\"name\":\"Startseite\",\"item\":\"https:\/\/snowtraildogcamp.com\/sv\/\"},{\"@type\":\"ListItem\",\"position\":2,\"name\":\"Vinterprogram\"}]},{\"@type\":\"WebSite\",\"@id\":\"https:\/\/snowtraildogcamp.com\/sv\/#website\",\"url\":\"https:\/\/snowtraildogcamp.com\/sv\/\",\"name\":\"Snow Trail Dog Camp\",\"description\":\"\",\"publisher\":{\"@id\":\"https:\/\/snowtraildogcamp.com\/sv\/#organization\"},\"potentialAction\":[{\"@type\":\"SearchAction\",\"target\":{\"@type\":\"EntryPoint\",\"urlTemplate\":\"https:\/\/snowtraildogcamp.com\/sv\/?s={search_term_string}\"},\"query-input\":{\"@type\":\"PropertyValueSpecification\",\"valueRequired\":true,\"valueName\":\"search_term_string\"}}],\"inLanguage\":\"sv-SE\"},{\"@type\":\"Organization\",\"@id\":\"https:\/\/snowtraildogcamp.com\/sv\/#organization\",\"name\":\"Snow Trail Dog Camp\",\"url\":\"https:\/\/snowtraildogcamp.com\/sv\/\",\"logo\":{\"@type\":\"ImageObject\",\"inLanguage\":\"sv-SE\",\"@id\":\"https:\/\/snowtraildogcamp.com\/sv\/#\/schema\/logo\/image\/\",\"url\":\"https:\/\/snowtraildogcamp.com\/wp-content\/uploads\/2015\/12\/cropped-logo_snowtrail_dogcamp_e_plus.jpg\",\"contentUrl\":\"https:\/\/snowtraildogcamp.com\/wp-content\/uploads\/2015\/12\/cropped-logo_snowtrail_dogcamp_e_plus.jpg\",\"width\":248,\"height\":157,\"caption\":\"Snow Trail Dog Camp\"},\"image\":{\"@id\":\"https:\/\/snowtraildogcamp.com\/sv\/#\/schema\/logo\/image\/\"}}]}<\/script>\n<!-- \/ Yoast SEO plugin. -->","yoast_head_json":{"title":"Vinterprogram - Snow Trail Dog Camp","robots":{"index":"index","follow":"follow","max-snippet":"max-snippet:-1","max-image-preview":"max-image-preview:large","max-video-preview":"max-video-preview:-1"},"canonical":"https:\/\/snowtraildogcamp.com\/sv\/vinterprogram\/","og_locale":"sv_SE","og_type":"article","og_title":"Vinterprogram - Snow Trail Dog Camp","og_description":"Tillbaka till naturen Tour\u00a0 Under denna vecka f\u00e5r du m\u00f6jlighet att uppleva samspelet med v\u00e5ra v\u00e4nner (sl\u00e4dhundarna) p\u00e5 n\u00e4ra h\u00e5ll. Under sakkunnig ledning kommer du att leda ett husky team \u00f6ver det stora svenska vinterlandskapet. \u21d2 Mer information om turen Tillbaka till naturen &gt;&gt;&gt; Togo Memory Tour (till minne av Togo)\u00a0 Strax efter att vi &hellip; Forts\u00e4tt l\u00e4sa Vinterprogram","og_url":"https:\/\/snowtraildogcamp.com\/sv\/vinterprogram\/","og_site_name":"Snow Trail Dog Camp","article_modified_time":"2025-01-17T09:21:06+00:00","og_image":[{"width":1595,"height":1060,"url":"https:\/\/snowtraildogcamp.com\/wp-content\/uploads\/2015\/11\/5102_WeitenLapplands.jpg","type":"image\/jpeg"}],"twitter_card":"summary_large_image","twitter_misc":{"Ber\u00e4knad l\u00e4stid":"1 minut"},"schema":{"@context":"https:\/\/schema.org","@graph":[{"@type":"WebPage","@id":"https:\/\/snowtraildogcamp.com\/sv\/vinterprogram\/","url":"https:\/\/snowtraildogcamp.com\/sv\/vinterprogram\/","name":"Vinterprogram - Snow Trail Dog Camp","isPartOf":{"@id":"https:\/\/snowtraildogcamp.com\/sv\/#website"},"primaryImageOfPage":{"@id":"https:\/\/snowtraildogcamp.com\/sv\/vinterprogram\/#primaryimage"},"image":{"@id":"https:\/\/snowtraildogcamp.com\/sv\/vinterprogram\/#primaryimage"},"thumbnailUrl":"https:\/\/snowtraildogcamp.com\/wp-content\/uploads\/2015\/11\/5102_WeitenLapplands.jpg","datePublished":"2025-01-17T09:19:04+00:00","dateModified":"2025-01-17T09:21:06+00:00","breadcrumb":{"@id":"https:\/\/snowtraildogcamp.com\/sv\/vinterprogram\/#breadcrumb"},"inLanguage":"sv-SE","potentialAction":[{"@type":"ReadAction","target":["https:\/\/snowtraildogcamp.com\/sv\/vinterprogram\/"]}]},{"@type":"ImageObject","inLanguage":"sv-SE","@id":"https:\/\/snowtraildogcamp.com\/sv\/vinterprogram\/#primaryimage","url":"https:\/\/snowtraildogcamp.com\/wp-content\/uploads\/2015\/11\/5102_WeitenLapplands.jpg","contentUrl":"https:\/\/snowtraildogcamp.com\/wp-content\/uploads\/2015\/11\/5102_WeitenLapplands.jpg","width":1595,"height":1060},{"@type":"BreadcrumbList","@id":"https:\/\/snowtraildogcamp.com\/sv\/vinterprogram\/#breadcrumb","itemListElement":[{"@type":"ListItem","position":1,"name":"Startseite","item":"https:\/\/snowtraildogcamp.com\/sv\/"},{"@type":"ListItem","position":2,"name":"Vinterprogram"}]},{"@type":"WebSite","@id":"https:\/\/snowtraildogcamp.com\/sv\/#website","url":"https:\/\/snowtraildogcamp.com\/sv\/","name":"Snow Trail Dog Camp","description":"","publisher":{"@id":"https:\/\/snowtraildogcamp.com\/sv\/#organization"},"potentialAction":[{"@type":"SearchAction","target":{"@type":"EntryPoint","urlTemplate":"https:\/\/snowtraildogcamp.com\/sv\/?s={search_term_string}"},"query-input":{"@type":"PropertyValueSpecification","valueRequired":true,"valueName":"search_term_string"}}],"inLanguage":"sv-SE"},{"@type":"Organization","@id":"https:\/\/snowtraildogcamp.com\/sv\/#organization","name":"Snow Trail Dog Camp","url":"https:\/\/snowtraildogcamp.com\/sv\/","logo":{"@type":"ImageObject","inLanguage":"sv-SE","@id":"https:\/\/snowtraildogcamp.com\/sv\/#\/schema\/logo\/image\/","url":"https:\/\/snowtraildogcamp.com\/wp-content\/uploads\/2015\/12\/cropped-logo_snowtrail_dogcamp_e_plus.jpg","contentUrl":"https:\/\/snowtraildogcamp.com\/wp-content\/uploads\/2015\/12\/cropped-logo_snowtrail_dogcamp_e_plus.jpg","width":248,"height":157,"caption":"Snow Trail Dog Camp"},"image":{"@id":"https:\/\/snowtraildogcamp.com\/sv\/#\/schema\/logo\/image\/"}}]}},"_links":{"self":[{"href":"https:\/\/snowtraildogcamp.com\/sv\/wp-json\/wp\/v2\/pages\/3142","targetHints":{"allow":["GET"]}}],"collection":[{"href":"https:\/\/snowtraildogcamp.com\/sv\/wp-json\/wp\/v2\/pages"}],"about":[{"href":"https:\/\/snowtraildogcamp.com\/sv\/wp-json\/wp\/v2\/types\/page"}],"author":[{"embeddable":true,"href":"https:\/\/snowtraildogcamp.com\/sv\/wp-json\/wp\/v2\/users\/1"}],"replies":[{"embeddable":true,"href":"https:\/\/snowtraildogcamp.com\/sv\/wp-json\/wp\/v2\/comments?post=3142"}],"version-history":[{"count":3,"href":"https:\/\/snowtraildogcamp.com\/sv\/wp-json\/wp\/v2\/pages\/3142\/revisions"}],"predecessor-version":[{"id":3145,"href":"https:\/\/snowtraildogcamp.com\/sv\/wp-json\/wp\/v2\/pages\/3142\/revisions\/3145"}],"wp:featuredmedia":[{"embeddable":true,"href":"https:\/\/snowtraildogcamp.com\/sv\/wp-json\/wp\/v2\/media\/2478"}],"wp:attachment":[{"href":"https:\/\/snowtraildogcamp.com\/sv\/wp-json\/wp\/v2\/media?parent=3142"}],"curies":[{"name":"wp","href":"https:\/\/api.w.org\/{rel}","templated":true}]}}