{"id":3137,"date":"2025-01-17T10:12:57","date_gmt":"2025-01-17T09:12:57","guid":{"rendered":"https:\/\/snowtraildogcamp.com\/?page_id=3137"},"modified":"2025-01-17T10:18:10","modified_gmt":"2025-01-17T09:18:10","slug":"trail-to-nome-turne","status":"publish","type":"page","link":"https:\/\/snowtraildogcamp.com\/sv\/trail-to-nome-turne\/","title":{"rendered":"Trail to Nome turn\u00e9"},"content":{"rendered":"<h3><strong>V\u00e4gen till Nome<\/strong><\/h3>\n<p>8 dagar och 7 n\u00e4tter<\/p>\n<p><strong>Denna utmanande tur tar oss in i de svenska fj\u00e4llen (fj\u00e4llen) och ger en god inblick i hanteringen av h\u00f6gtr\u00e4nade sl\u00e4dhundar, som anv\u00e4nds f\u00f6r t\u00e4vlingar som den ber\u00f6mda Iditarod Race i Alaska.<\/strong><\/p>\n<p>Turen tar oss under en vecka genom or\u00f6rda fj\u00e4ll och genom svenska nationalparker. Vi lagar maten sj\u00e4lva, \u00f6vernattar i samiska t\u00e4lt (s\u00e5 kallade Kotas) eller enkla hyddor. F\u00f6rhoppningsvis kommer norrskenet att dansa p\u00e5 natten, vilket definitivt kommer att g\u00f6ra turn\u00e9n minnesv\u00e4rd.<\/p>\n<p>Rundturen leds och guidas av Mats Petterson n\u00e4r det \u00e4r m\u00f6jligt eller av en medlem av hans bes\u00e4ttning. Mats har sj\u00e4lv framg\u00e5ngsrikt deltagit i det ber\u00f6mda loppet fr\u00e5n Anchorage till Nome (1 850 kilometer) f\u00f6r sjunde g\u00e5ngen. Mer \u00e4n n\u00e5gon annan musher som inte bor i USA. Han har ocks\u00e5 flera g\u00e5nger deltagit i Finnmarsl\u00f6pet, Europas l\u00e4ngsta sl\u00e4dhundst\u00e4vling.<\/p>\n<hr \/>\n<h3>Detaljer zur Tour<\/h3>\n<p><strong>Dag 1: <\/strong> \u00c4ventyret b\u00f6rjar med middag den f\u00f6rsta kv\u00e4llen p\u00e5 Snowtrail Dogcamp. Under och efter m\u00e5ltiden, n\u00e4r det \u00e4r m\u00f6jligt, informerar guiden Mats om den kommande veckan. Mats eller din guide k\u00e4nner b\u00e5de omr\u00e5det och de meteorologiska f\u00f6rh\u00e5llandena mycket v\u00e4l och s\u00e5 blir den \u00e4ventyrliga veckan i ett av de b\u00e4sta maskeringsomr\u00e5dena en unik disposition. \u00d6vernattning p\u00e5 Snowtrail Dogcamp.\u00a0<\/p>\n<p><strong>Dag 2: <\/strong> Vi anv\u00e4nder denna dag till att l\u00e4ra k\u00e4nna utrustningen, hundspannet och s\u00e5klart de enskilda hundarna i slaget. Vi tillbringar ocks\u00e5 den andra natten i Snowtrail Dogcamp.\u00a0<\/p>\n<p><strong>Dagarna 3-8: <\/strong 6 dagar av hundspann genom or\u00f6rda fj\u00e4llandskap, nationalparker och l\u00e4ngs den ber\u00f6mda Kungsleden.<br \/> <br \/>\nVi lagar maten sj\u00e4lva och \u00f6vernattar i samiska t\u00e4lt (s\u00e5 kallade kotas) eller enkla hyddor. Under n\u00e4tterna dansar f\u00f6rhoppningsvis norrskenet, vilket definitivt g\u00f6r turen till en of\u00f6rgl\u00f6mlig upplevelse. Du leder ditt eget team p\u00e5 6 till 7 hundar.<br \/>\nEfter \u00e5terkomsten till Snowtrail Dogcamp st\u00e5r en sista, fin middag och f\u00f6r den som vill en bastu med bad i Eilsloch p\u00e5 programmet.<\/p>\n<hr \/>\n<h3 style=\"text-align: left;\">Tips<\/h3>\n<ul>\n<li style=\"list-style-type: none;\">\n<ul style=\"list-style-type: disc; text-align: left;\">\n<li style=\"text-align: justify;\">F\u00f6ruts\u00e4ttningar f\u00f6r denna turn\u00e9 \u00e4r erfarenhet av mushen och fysisk kondition.<\/li>\n<li style=\"text-align: justify;\">F\u00f6r de mer \u00e4ventyrliga bland er erbjuder vi m\u00f6jligheten att tillbringa en natt ute i vildmarken, d\u00e4r ni kanske har turen att uppleva norrskenet. All n\u00f6dv\u00e4ndig information och l\u00e4mplig utrustning f\u00f6r en of\u00f6rgl\u00f6mlig natt i naturen kommer att finnas tillg\u00e4nglig p\u00e5 beg\u00e4ran.<\/li>\n<li style=\"text-align: justify;\">P\u00e5 turen ansvarar du f\u00f6r ditt hundspann och hj\u00e4lper till med sk\u00f6tsel och sk\u00f6tsel av hundarna.<\/li>\n<li style=\"text-align: justify;\">Eftersom v\u00e5ra program \u00e4r beroende av v\u00e4dret f\u00f6rbeh\u00e5ller vi oss r\u00e4tten att \u00e4ndra kursen f\u00f6r de dagliga programmen.<\/li>\n<li style=\"text-align: justify;\">F\u00f6ruts\u00e4ttningen f\u00f6r genomf\u00f6randet av resan \u00e4r deltagande av minst 4 personer till h\u00f6gst 6 personer.\u00a0<\/li>\n<\/ul>\n<\/li>\n<\/ul>\n<hr \/>\n<h3 style=\"text-align: left;\">Tj\u00e4nster som ing\u00e5r i programmet<\/h3>\n<ul>\n<li style=\"list-style-type: none;\">\n<ul style=\"list-style-type: disc; text-align: left;\">\n<li>2 n\u00e4tter i 2 till 4-b\u00e4ddsrum i Snowtrail Dogcamp med delade toaletter och duschar<\/li>\n<li>\u00d6vernattning i en enkel koja (delat sovrum p\u00e5 madrasser eller v\u00e5ningss\u00e4ngar)<\/li>\n<li>1 natt i en bekv\u00e4m stuga<\/li>\n<li>Helpension (frukost, enkel lunch, middag, l\u00e4sk)<\/li>\n<li>Hundspannsteam f\u00f6r varje person med ca 4 hundar\u00a0<\/li>\n<li>Mushing jacka, byxor och st\u00f6vlar<\/li>\n<\/ul>\n<\/li>\n<\/ul>\n<hr \/>\n<h3 style=\"text-align: left;\">V\u00e5ra f\u00f6rslag p\u00e5 packlista<\/h3>\n<p style=\"text-align: left;\">Vad du beh\u00f6ver ta med dig<\/p>\n<ul>\n<li style=\"list-style-type: none;\">\n<ul style=\"list-style-type: disc; text-align: left;\">\n<li>Skidjacka, skidbyxor, vinterpj\u00e4xor<\/li>\n<li>varm hatt, eventuellt gjord av p\u00e4ls<\/li>\n<li>Fingerhandskar (ull) f\u00f6r att arbeta med hundarna<\/li>\n<li>tjocka varma vantar f\u00f6r mushes<\/li>\n<li>Tofflor eller tofflor<\/li>\n<li>varma ullstrumpor<\/li>\n<li>varma underkl\u00e4der<\/li>\n<li>Tr\u00f6ja<\/li>\n<li>Pannlampa eller ficklampa, batterier vid behov<\/li>\n<\/ul>\n<\/li>\n<\/ul>\n<hr \/>\n<p style=\"text-align: left;\"><a href=\"https:\/\/fareharbor.com\/embeds\/book\/sleddog\/items\/474738\/calendar\/?flow=989900\" target=\"_blank\" onclick=\"FH.open({&#039;shortname&#039;:&#039;sleddog&#039;,&#039;view&#039;:{&#039;item&#039;:&#039;474738&#039;},&#039;fallback&#039;:&#039;simple&#039;,&#039;flow&#039;:&#039;989900&#039;}); return false;\" class=\"fh-button-flat fh-shape--square fh-icon--arrow\">Book now<\/a><\/p>\n","protected":false},"excerpt":{"rendered":"<p>V\u00e4gen till Nome 8 dagar och 7 n\u00e4tter Denna utmanande tur tar oss in i de svenska fj\u00e4llen (fj\u00e4llen) och ger en god inblick i hanteringen av h\u00f6gtr\u00e4nade sl\u00e4dhundar, som anv\u00e4nds f\u00f6r t\u00e4vlingar som den ber\u00f6mda Iditarod Race i Alaska. Turen tar oss under en vecka genom or\u00f6rda fj\u00e4ll och genom svenska nationalparker. Vi lagar &hellip; <a href=\"https:\/\/snowtraildogcamp.com\/sv\/trail-to-nome-turne\/\" class=\"more-link\">Forts\u00e4tt l\u00e4sa <span class=\"screen-reader-text\">Trail to Nome turn\u00e9<\/span><\/a><\/p>\n","protected":false},"author":1,"featured_media":2472,"parent":0,"menu_order":0,"comment_status":"closed","ping_status":"closed","template":"","meta":{"footnotes":""},"class_list":["post-3137","page","type-page","status-publish","has-post-thumbnail","hentry"],"yoast_head":"<!-- This site is optimized with the Yoast SEO plugin v27.1.1 - https:\/\/yoast.com\/product\/yoast-seo-wordpress\/ -->\n<title>Trail to Nome turn\u00e9 - Snow Trail Dog Camp<\/title>\n<meta name=\"robots\" content=\"index, follow, max-snippet:-1, max-image-preview:large, max-video-preview:-1\" \/>\n<link rel=\"canonical\" href=\"https:\/\/snowtraildogcamp.com\/sv\/trail-to-nome-turne\/\" \/>\n<meta property=\"og:locale\" content=\"sv_SE\" \/>\n<meta property=\"og:type\" content=\"article\" \/>\n<meta property=\"og:title\" content=\"Trail to Nome turn\u00e9 - Snow Trail Dog Camp\" \/>\n<meta property=\"og:description\" content=\"V\u00e4gen till Nome 8 dagar och 7 n\u00e4tter Denna utmanande tur tar oss in i de svenska fj\u00e4llen (fj\u00e4llen) och ger en god inblick i hanteringen av h\u00f6gtr\u00e4nade sl\u00e4dhundar, som anv\u00e4nds f\u00f6r t\u00e4vlingar som den ber\u00f6mda Iditarod Race i Alaska. Turen tar oss under en vecka genom or\u00f6rda fj\u00e4ll och genom svenska nationalparker. Vi lagar &hellip; Forts\u00e4tt l\u00e4sa Trail to Nome turn\u00e9\" \/>\n<meta property=\"og:url\" content=\"https:\/\/snowtraildogcamp.com\/sv\/trail-to-nome-turne\/\" \/>\n<meta property=\"og:site_name\" content=\"Snow Trail Dog Camp\" \/>\n<meta property=\"article:modified_time\" content=\"2025-01-17T09:18:10+00:00\" \/>\n<meta property=\"og:image\" content=\"https:\/\/snowtraildogcamp.com\/wp-content\/uploads\/2015\/12\/4942_Start.jpg\" \/>\n\t<meta property=\"og:image:width\" content=\"1596\" \/>\n\t<meta property=\"og:image:height\" content=\"1052\" \/>\n\t<meta property=\"og:image:type\" content=\"image\/jpeg\" \/>\n<meta name=\"twitter:card\" content=\"summary_large_image\" \/>\n<meta name=\"twitter:label1\" content=\"Ber\u00e4knad l\u00e4stid\" \/>\n\t<meta name=\"twitter:data1\" content=\"2 minuter\" \/>\n<script type=\"application\/ld+json\" class=\"yoast-schema-graph\">{\"@context\":\"https:\/\/schema.org\",\"@graph\":[{\"@type\":\"WebPage\",\"@id\":\"https:\/\/snowtraildogcamp.com\/sv\/trail-to-nome-turne\/\",\"url\":\"https:\/\/snowtraildogcamp.com\/sv\/trail-to-nome-turne\/\",\"name\":\"Trail to Nome turn\u00e9 - Snow Trail Dog Camp\",\"isPartOf\":{\"@id\":\"https:\/\/snowtraildogcamp.com\/sv\/#website\"},\"primaryImageOfPage\":{\"@id\":\"https:\/\/snowtraildogcamp.com\/sv\/trail-to-nome-turne\/#primaryimage\"},\"image\":{\"@id\":\"https:\/\/snowtraildogcamp.com\/sv\/trail-to-nome-turne\/#primaryimage\"},\"thumbnailUrl\":\"https:\/\/snowtraildogcamp.com\/wp-content\/uploads\/2015\/12\/4942_Start.jpg\",\"datePublished\":\"2025-01-17T09:12:57+00:00\",\"dateModified\":\"2025-01-17T09:18:10+00:00\",\"breadcrumb\":{\"@id\":\"https:\/\/snowtraildogcamp.com\/sv\/trail-to-nome-turne\/#breadcrumb\"},\"inLanguage\":\"sv-SE\",\"potentialAction\":[{\"@type\":\"ReadAction\",\"target\":[\"https:\/\/snowtraildogcamp.com\/sv\/trail-to-nome-turne\/\"]}]},{\"@type\":\"ImageObject\",\"inLanguage\":\"sv-SE\",\"@id\":\"https:\/\/snowtraildogcamp.com\/sv\/trail-to-nome-turne\/#primaryimage\",\"url\":\"https:\/\/snowtraildogcamp.com\/wp-content\/uploads\/2015\/12\/4942_Start.jpg\",\"contentUrl\":\"https:\/\/snowtraildogcamp.com\/wp-content\/uploads\/2015\/12\/4942_Start.jpg\",\"width\":1596,\"height\":1052},{\"@type\":\"BreadcrumbList\",\"@id\":\"https:\/\/snowtraildogcamp.com\/sv\/trail-to-nome-turne\/#breadcrumb\",\"itemListElement\":[{\"@type\":\"ListItem\",\"position\":1,\"name\":\"Startseite\",\"item\":\"https:\/\/snowtraildogcamp.com\/sv\/\"},{\"@type\":\"ListItem\",\"position\":2,\"name\":\"Trail to Nome turn\u00e9\"}]},{\"@type\":\"WebSite\",\"@id\":\"https:\/\/snowtraildogcamp.com\/sv\/#website\",\"url\":\"https:\/\/snowtraildogcamp.com\/sv\/\",\"name\":\"Snow Trail Dog Camp\",\"description\":\"\",\"publisher\":{\"@id\":\"https:\/\/snowtraildogcamp.com\/sv\/#organization\"},\"potentialAction\":[{\"@type\":\"SearchAction\",\"target\":{\"@type\":\"EntryPoint\",\"urlTemplate\":\"https:\/\/snowtraildogcamp.com\/sv\/?s={search_term_string}\"},\"query-input\":{\"@type\":\"PropertyValueSpecification\",\"valueRequired\":true,\"valueName\":\"search_term_string\"}}],\"inLanguage\":\"sv-SE\"},{\"@type\":\"Organization\",\"@id\":\"https:\/\/snowtraildogcamp.com\/sv\/#organization\",\"name\":\"Snow Trail Dog Camp\",\"url\":\"https:\/\/snowtraildogcamp.com\/sv\/\",\"logo\":{\"@type\":\"ImageObject\",\"inLanguage\":\"sv-SE\",\"@id\":\"https:\/\/snowtraildogcamp.com\/sv\/#\/schema\/logo\/image\/\",\"url\":\"https:\/\/snowtraildogcamp.com\/wp-content\/uploads\/2015\/12\/cropped-logo_snowtrail_dogcamp_e_plus.jpg\",\"contentUrl\":\"https:\/\/snowtraildogcamp.com\/wp-content\/uploads\/2015\/12\/cropped-logo_snowtrail_dogcamp_e_plus.jpg\",\"width\":248,\"height\":157,\"caption\":\"Snow Trail Dog Camp\"},\"image\":{\"@id\":\"https:\/\/snowtraildogcamp.com\/sv\/#\/schema\/logo\/image\/\"}}]}<\/script>\n<!-- \/ Yoast SEO plugin. -->","yoast_head_json":{"title":"Trail to Nome turn\u00e9 - Snow Trail Dog Camp","robots":{"index":"index","follow":"follow","max-snippet":"max-snippet:-1","max-image-preview":"max-image-preview:large","max-video-preview":"max-video-preview:-1"},"canonical":"https:\/\/snowtraildogcamp.com\/sv\/trail-to-nome-turne\/","og_locale":"sv_SE","og_type":"article","og_title":"Trail to Nome turn\u00e9 - Snow Trail Dog Camp","og_description":"V\u00e4gen till Nome 8 dagar och 7 n\u00e4tter Denna utmanande tur tar oss in i de svenska fj\u00e4llen (fj\u00e4llen) och ger en god inblick i hanteringen av h\u00f6gtr\u00e4nade sl\u00e4dhundar, som anv\u00e4nds f\u00f6r t\u00e4vlingar som den ber\u00f6mda Iditarod Race i Alaska. Turen tar oss under en vecka genom or\u00f6rda fj\u00e4ll och genom svenska nationalparker. Vi lagar &hellip; Forts\u00e4tt l\u00e4sa Trail to Nome turn\u00e9","og_url":"https:\/\/snowtraildogcamp.com\/sv\/trail-to-nome-turne\/","og_site_name":"Snow Trail Dog Camp","article_modified_time":"2025-01-17T09:18:10+00:00","og_image":[{"width":1596,"height":1052,"url":"https:\/\/snowtraildogcamp.com\/wp-content\/uploads\/2015\/12\/4942_Start.jpg","type":"image\/jpeg"}],"twitter_card":"summary_large_image","twitter_misc":{"Ber\u00e4knad l\u00e4stid":"2 minuter"},"schema":{"@context":"https:\/\/schema.org","@graph":[{"@type":"WebPage","@id":"https:\/\/snowtraildogcamp.com\/sv\/trail-to-nome-turne\/","url":"https:\/\/snowtraildogcamp.com\/sv\/trail-to-nome-turne\/","name":"Trail to Nome turn\u00e9 - Snow Trail Dog Camp","isPartOf":{"@id":"https:\/\/snowtraildogcamp.com\/sv\/#website"},"primaryImageOfPage":{"@id":"https:\/\/snowtraildogcamp.com\/sv\/trail-to-nome-turne\/#primaryimage"},"image":{"@id":"https:\/\/snowtraildogcamp.com\/sv\/trail-to-nome-turne\/#primaryimage"},"thumbnailUrl":"https:\/\/snowtraildogcamp.com\/wp-content\/uploads\/2015\/12\/4942_Start.jpg","datePublished":"2025-01-17T09:12:57+00:00","dateModified":"2025-01-17T09:18:10+00:00","breadcrumb":{"@id":"https:\/\/snowtraildogcamp.com\/sv\/trail-to-nome-turne\/#breadcrumb"},"inLanguage":"sv-SE","potentialAction":[{"@type":"ReadAction","target":["https:\/\/snowtraildogcamp.com\/sv\/trail-to-nome-turne\/"]}]},{"@type":"ImageObject","inLanguage":"sv-SE","@id":"https:\/\/snowtraildogcamp.com\/sv\/trail-to-nome-turne\/#primaryimage","url":"https:\/\/snowtraildogcamp.com\/wp-content\/uploads\/2015\/12\/4942_Start.jpg","contentUrl":"https:\/\/snowtraildogcamp.com\/wp-content\/uploads\/2015\/12\/4942_Start.jpg","width":1596,"height":1052},{"@type":"BreadcrumbList","@id":"https:\/\/snowtraildogcamp.com\/sv\/trail-to-nome-turne\/#breadcrumb","itemListElement":[{"@type":"ListItem","position":1,"name":"Startseite","item":"https:\/\/snowtraildogcamp.com\/sv\/"},{"@type":"ListItem","position":2,"name":"Trail to Nome turn\u00e9"}]},{"@type":"WebSite","@id":"https:\/\/snowtraildogcamp.com\/sv\/#website","url":"https:\/\/snowtraildogcamp.com\/sv\/","name":"Snow Trail Dog Camp","description":"","publisher":{"@id":"https:\/\/snowtraildogcamp.com\/sv\/#organization"},"potentialAction":[{"@type":"SearchAction","target":{"@type":"EntryPoint","urlTemplate":"https:\/\/snowtraildogcamp.com\/sv\/?s={search_term_string}"},"query-input":{"@type":"PropertyValueSpecification","valueRequired":true,"valueName":"search_term_string"}}],"inLanguage":"sv-SE"},{"@type":"Organization","@id":"https:\/\/snowtraildogcamp.com\/sv\/#organization","name":"Snow Trail Dog Camp","url":"https:\/\/snowtraildogcamp.com\/sv\/","logo":{"@type":"ImageObject","inLanguage":"sv-SE","@id":"https:\/\/snowtraildogcamp.com\/sv\/#\/schema\/logo\/image\/","url":"https:\/\/snowtraildogcamp.com\/wp-content\/uploads\/2015\/12\/cropped-logo_snowtrail_dogcamp_e_plus.jpg","contentUrl":"https:\/\/snowtraildogcamp.com\/wp-content\/uploads\/2015\/12\/cropped-logo_snowtrail_dogcamp_e_plus.jpg","width":248,"height":157,"caption":"Snow Trail Dog Camp"},"image":{"@id":"https:\/\/snowtraildogcamp.com\/sv\/#\/schema\/logo\/image\/"}}]}},"_links":{"self":[{"href":"https:\/\/snowtraildogcamp.com\/sv\/wp-json\/wp\/v2\/pages\/3137","targetHints":{"allow":["GET"]}}],"collection":[{"href":"https:\/\/snowtraildogcamp.com\/sv\/wp-json\/wp\/v2\/pages"}],"about":[{"href":"https:\/\/snowtraildogcamp.com\/sv\/wp-json\/wp\/v2\/types\/page"}],"author":[{"embeddable":true,"href":"https:\/\/snowtraildogcamp.com\/sv\/wp-json\/wp\/v2\/users\/1"}],"replies":[{"embeddable":true,"href":"https:\/\/snowtraildogcamp.com\/sv\/wp-json\/wp\/v2\/comments?post=3137"}],"version-history":[{"count":4,"href":"https:\/\/snowtraildogcamp.com\/sv\/wp-json\/wp\/v2\/pages\/3137\/revisions"}],"predecessor-version":[{"id":3141,"href":"https:\/\/snowtraildogcamp.com\/sv\/wp-json\/wp\/v2\/pages\/3137\/revisions\/3141"}],"wp:featuredmedia":[{"embeddable":true,"href":"https:\/\/snowtraildogcamp.com\/sv\/wp-json\/wp\/v2\/media\/2472"}],"wp:attachment":[{"href":"https:\/\/snowtraildogcamp.com\/sv\/wp-json\/wp\/v2\/media?parent=3137"}],"curies":[{"name":"wp","href":"https:\/\/api.w.org\/{rel}","templated":true}]}}