{"id":3133,"date":"2025-01-17T10:06:29","date_gmt":"2025-01-17T09:06:29","guid":{"rendered":"https:\/\/snowtraildogcamp.com\/?page_id=3133"},"modified":"2025-01-17T10:11:54","modified_gmt":"2025-01-17T09:11:54","slug":"togo-minnestur","status":"publish","type":"page","link":"https:\/\/snowtraildogcamp.com\/sv\/togo-minnestur\/","title":{"rendered":"Togo minnestur"},"content":{"rendered":"<h3><strong>Till minne av Togo<\/strong><\/h3>\n<p>4 dagar och 3 n\u00e4tter<\/p>\n<p><strong>I det h\u00e4r programmet st\u00e5r v\u00e5ra v\u00e4nner huskies och mushen (k\u00f6r ett sl\u00e4dhundsspann) i centrum f\u00f6r aktiviteterna.\u00a0<\/strong><\/p>\n<p>Denna turn\u00e9 \u00e4r perfekt f\u00f6r dem som vill uppleva ett riktigt arktiskt \u00e4ventyr utan att offra komfort. Alla \u00f6vernattningar i Snowtrail Dogcamp. Du f\u00e5r chansen att observera vilda djur i den arktiska vildmarken och beundra norrsken l\u00e5ngt borta fr\u00e5n ljusf\u00f6roreningar. Naturligtvis \u00e4r mushen och tiden med de \u00e4lskv\u00e4rda huskiesna inte f\u00f6r korta.<\/p>\n<hr \/>\n<h3>Detaljer zur Tour<\/h3>\n<p><strong>Dag 1 &#8211; Ankomst till l\u00e4gret:<\/strong> Den f\u00f6rsta dagen h\u00e4mtar vi dig i morgon p\u00e5 Kiruna flygplats eller p\u00e5 ditt hotell i staden. K\u00f6rningen till Moskoj\u00e4rvi tar cirka 1 timme. Fr\u00e5n v\u00e5r parkeringsplats forts\u00e4tter vi med sn\u00f6skoter i ca 3 km innan vi n\u00e5r l\u00e4gret.<\/p>\n<p>Under en varm kopp kaffe, som vi kokar p\u00e5 den \u00f6ppna elden, l\u00e4r de k\u00e4nna varandra och guiden. Han ger dem all information om det kommande \u00e4ventyret och svarar g\u00e4rna p\u00e5 deras fr\u00e5gor. N\u00e4r alla \u00e4r utrustade och v\u00e5ra underbara hundar har h\u00e4lsats v\u00e4lkomna ger deras guide dem en kort instruktion om hur man selar en hund, f\u00e4ster den p\u00e5 g\u00e5nglinan och hur man k\u00f6r en hundsl\u00e4de. N\u00e4r alla hundar \u00e4r selade och redo att \u00e5ka tas ni med p\u00e5 en f\u00f6rsta introduktions- och utforskningsrunda. Under denna tur kan du bekanta dig med hundarna, sl\u00e4den och utrustningen.<\/p>\n<p>Tillbaka i l\u00e4gret \u00e4ter vi snart middag. Vi tillbringar kv\u00e4llen tillsammans och med de kramgoa hundarna och g\u00e5r sedan till s\u00e4ngs ganska tidigt f\u00f6r att \u00e5terh\u00e4mta oss fr\u00e5n de m\u00e5nga intrycken. P\u00e5 den h\u00e4r turen \u00e5terv\u00e4nder vi alltid till Snowtrail Dogcamp p\u00e5 kv\u00e4llen och tillbringar kv\u00e4llar och n\u00e4tter d\u00e4r och njuter av den mysiga lodgens bekv\u00e4mligheter.<\/p>\n<p><strong>Dag 2 &#8211; Genom \u00e4lgarnas \u00f6vervintringsplatser: <\/strong>  Dagen b\u00f6rjar med en omfattande frukost. D\u00e4refter \u00e4r du v\u00e4lkommen att titta p\u00e5 och hj\u00e4lpa till att mata hundarna. Den h\u00e4r dagen g\u00f6r vi en imponerande tur genom skogar, den sn\u00f6t\u00e4ckta tundran och \u00f6ver frusna floder och sj\u00f6ar. Omr\u00e5det \u00e4r vackert och \u00e4r en \u00f6vervintringsplats f\u00f6r \u00e4lgar. Det finns allts\u00e5 goda chanser att tr\u00e4ffa skogens kung och andra vilda djur i egen h\u00f6g person. Middag och \u00f6vernattning i l\u00e4gret.\u00a0<\/p>\n<p><strong>Dag 3 &#8211; \u00c4nnu en underbar tur genom skogar, \u00f6ver den vidstr\u00e4ckta tundran och frusna sj\u00f6ar: <\/strong> Som alltid matas hundarna f\u00f6rst p\u00e5 morgonen, sedan \u00e4r det dags f\u00f6r frukost. Sedan packar vi v\u00e5ra saker och ger oss ut p\u00e5 leden igen. Tillbaka p\u00e5 Snowtrail Dogcamp njuter vi av en v\u00e4lsmakande middag och l\u00e5ter kv\u00e4llen klinga av. Du \u00f6vernattar antingen i ett av de mysiga rummen eller, om du vill och mot en extra kostnad, i en av de tre Aurora-huggarna f\u00f6r 2 personer. Naturligtvis \u00e4r bastun uppv\u00e4rmd och redo.\u00a0<\/p>\n<p><strong>Dag 4 &#8211; L\u00e5ngsamt tillbaka till civilisationen: <\/strong> Idag \u00e4r redan den sista dagen av v\u00e5rt arktiska \u00e4ventyr. Som alla tidigare b\u00f6rjar han med hundmatning och en h\u00e4rlig frukost f\u00f6r oss m\u00e4nniskor. Efter det \u00e4r det dags att g\u00e5 tillbaka till civilisationen.<br \/> <br \/>\nSlutligen njuter vi av en trevlig \u00e5ktur med sn\u00f6skotern, som tar oss tillbaka till parkeringsplatsen p\u00e5 cirka 15 minuter. D\u00e4rifr\u00e5n g\u00e5r det med minibuss tillbaka till staden till Kiruna eller till flygplatsen.<\/p>\n<h3 style=\"text-align: left;\">Tips<\/h3>\n<ul>\n<li style=\"list-style-type: none;\">\n<ul style=\"text-align: left;\">\n<li style=\"text-align: justify;\">Beroende p\u00e5 v\u00e4dret kr\u00e4ver v\u00e5ra turer ibland att du utf\u00f6r fysiskt. En \u00e4rlig bed\u00f6mning av den egna konditionen \u00e4r d\u00e4rf\u00f6r viktig. Denna turn\u00e9 kr\u00e4ver en l\u00e4gsta niv\u00e5 av fysisk kondition.<\/li>\n<li style=\"text-align: justify;\">Eftersom v\u00e5ra program och aktiviteter \u00e4r beroende av v\u00e4dret f\u00f6rbeh\u00e5ller vi oss r\u00e4tten att g\u00f6ra kortsiktiga program\u00e4ndringar.<\/li>\n<li>V\u00e4nligen meddela oss s\u00e5 tidigt som m\u00f6jligt om du har n\u00e5gra speciella behov, s\u00e5som matallergier, speciella kostvanor etc.<\/li>\n<li>I l\u00e4gret finns m\u00f6jlighet att \u00f6vernatta i n\u00e5gon av de tre Aurorastugorna (2 personers koja med panoramaf\u00f6nster) mot en extra kostnad.<\/li>\n<\/ul>\n<\/li>\n<\/ul>\n<hr \/>\n<h3 style=\"text-align: left;\">Tj\u00e4nster som ing\u00e5r i programmet<\/h3>\n<ul>\n<li style=\"list-style-type: none;\">\n<ul style=\"text-align: left;\">\n<li>Allt boende i 2-4 b\u00e4ddsrum i lodgen, delade toaletter och dusch (p\u00e5 beg\u00e4ran och mot extra kostnad \u00f6vernattning i Aurora Hut m\u00f6jligt)<\/li>\n<li>Helpension (frukost, enkel lunch, middag, l\u00e4sk)<\/li>\n<li>Mushing jacka, byxor och st\u00f6vlar<\/li>\n<li>Vi rider med ett lag best\u00e5ende av sex hundar och 2 pulkor per lag. S\u00e5 alla k\u00f6r sin egen pulka.<\/li>\n<\/ul>\n<\/li>\n<\/ul>\n<hr \/>\n<h3 style=\"text-align: left;\">Vad du beh\u00f6ver ta med digh3><\/p>\n<ul>\n<li style=\"list-style-type: none;\">\n<ul style=\"list-style-type: disc; text-align: left;\">\n<li>Skidjacka, skidbyxor, vinterpj\u00e4xor<\/li>\n<li>varm hatt, eventuellt gjord av p\u00e4ls<\/li>\n<li>Fingerhandskar (ull) f\u00f6r att arbeta med hundarna<\/li>\n<li>tjocka varma vantar f\u00f6r mushes<\/li>\n<li>Tofflor eller tofflor<\/li>\n<li>varma ullstrumpor<\/li>\n<li>varma underkl\u00e4der<\/li>\n<li>Tr\u00f6ja<\/li>\n<li>Pannlampa eller ficklampa med batteri<\/li>\n<\/ul>\n<\/li>\n<\/ul>\n<hr \/>\n<p>&nbsp;<\/p>\n<p style=\"text-align: left;\"><a href=\"https:\/\/fareharbor.com\/embeds\/book\/sleddog\/items\/474548\/calendar\/?flow=989900\" target=\"_blank\" onclick=\"FH.open({&#039;shortname&#039;:&#039;sleddog&#039;,&#039;view&#039;:{&#039;item&#039;:&#039;474548&#039;},&#039;fallback&#039;:&#039;simple&#039;,&#039;flow&#039;:&#039;989900&#039;}); return false;\" class=\"fh-button-flat fh-shape--square fh-icon--arrow\">Book now<\/a><\/p>\n","protected":false},"excerpt":{"rendered":"<p>Till minne av Togo 4 dagar och 3 n\u00e4tter I det h\u00e4r programmet st\u00e5r v\u00e5ra v\u00e4nner huskies och mushen (k\u00f6r ett sl\u00e4dhundsspann) i centrum f\u00f6r aktiviteterna.\u00a0 Denna turn\u00e9 \u00e4r perfekt f\u00f6r dem som vill uppleva ett riktigt arktiskt \u00e4ventyr utan att offra komfort. Alla \u00f6vernattningar i Snowtrail Dogcamp. Du f\u00e5r chansen att observera vilda djur &hellip; <a href=\"https:\/\/snowtraildogcamp.com\/sv\/togo-minnestur\/\" class=\"more-link\">Forts\u00e4tt l\u00e4sa <span class=\"screen-reader-text\">Togo minnestur<\/span><\/a><\/p>\n","protected":false},"author":1,"featured_media":3011,"parent":0,"menu_order":0,"comment_status":"closed","ping_status":"closed","template":"","meta":{"footnotes":""},"class_list":["post-3133","page","type-page","status-publish","has-post-thumbnail","hentry"],"yoast_head":"<!-- This site is optimized with the Yoast SEO plugin v27.1.1 - https:\/\/yoast.com\/product\/yoast-seo-wordpress\/ -->\n<title>Togo minnestur - Snow Trail Dog Camp<\/title>\n<meta name=\"robots\" content=\"index, follow, max-snippet:-1, max-image-preview:large, max-video-preview:-1\" \/>\n<link rel=\"canonical\" href=\"https:\/\/snowtraildogcamp.com\/sv\/togo-minnestur\/\" \/>\n<meta property=\"og:locale\" content=\"sv_SE\" \/>\n<meta property=\"og:type\" content=\"article\" \/>\n<meta property=\"og:title\" content=\"Togo minnestur - Snow Trail Dog Camp\" \/>\n<meta property=\"og:description\" content=\"Till minne av Togo 4 dagar och 3 n\u00e4tter I det h\u00e4r programmet st\u00e5r v\u00e5ra v\u00e4nner huskies och mushen (k\u00f6r ett sl\u00e4dhundsspann) i centrum f\u00f6r aktiviteterna.\u00a0 Denna turn\u00e9 \u00e4r perfekt f\u00f6r dem som vill uppleva ett riktigt arktiskt \u00e4ventyr utan att offra komfort. Alla \u00f6vernattningar i Snowtrail Dogcamp. Du f\u00e5r chansen att observera vilda djur &hellip; Forts\u00e4tt l\u00e4sa Togo minnestur\" \/>\n<meta property=\"og:url\" content=\"https:\/\/snowtraildogcamp.com\/sv\/togo-minnestur\/\" \/>\n<meta property=\"og:site_name\" content=\"Snow Trail Dog Camp\" \/>\n<meta property=\"article:modified_time\" content=\"2025-01-17T09:11:54+00:00\" \/>\n<meta property=\"og:image\" content=\"https:\/\/snowtraildogcamp.com\/wp-content\/uploads\/2022\/05\/18195093_1415203418501821_2890799178187660957_n.jpg\" \/>\n\t<meta property=\"og:image:width\" content=\"960\" \/>\n\t<meta property=\"og:image:height\" content=\"505\" \/>\n\t<meta property=\"og:image:type\" content=\"image\/jpeg\" \/>\n<meta name=\"twitter:card\" content=\"summary_large_image\" \/>\n<meta name=\"twitter:label1\" content=\"Ber\u00e4knad l\u00e4stid\" \/>\n\t<meta name=\"twitter:data1\" content=\"4 minuter\" \/>\n<script type=\"application\/ld+json\" class=\"yoast-schema-graph\">{\"@context\":\"https:\/\/schema.org\",\"@graph\":[{\"@type\":\"WebPage\",\"@id\":\"https:\/\/snowtraildogcamp.com\/sv\/togo-minnestur\/\",\"url\":\"https:\/\/snowtraildogcamp.com\/sv\/togo-minnestur\/\",\"name\":\"Togo minnestur - Snow Trail Dog Camp\",\"isPartOf\":{\"@id\":\"https:\/\/snowtraildogcamp.com\/sv\/#website\"},\"primaryImageOfPage\":{\"@id\":\"https:\/\/snowtraildogcamp.com\/sv\/togo-minnestur\/#primaryimage\"},\"image\":{\"@id\":\"https:\/\/snowtraildogcamp.com\/sv\/togo-minnestur\/#primaryimage\"},\"thumbnailUrl\":\"https:\/\/snowtraildogcamp.com\/wp-content\/uploads\/2022\/05\/18195093_1415203418501821_2890799178187660957_n.jpg\",\"datePublished\":\"2025-01-17T09:06:29+00:00\",\"dateModified\":\"2025-01-17T09:11:54+00:00\",\"breadcrumb\":{\"@id\":\"https:\/\/snowtraildogcamp.com\/sv\/togo-minnestur\/#breadcrumb\"},\"inLanguage\":\"sv-SE\",\"potentialAction\":[{\"@type\":\"ReadAction\",\"target\":[\"https:\/\/snowtraildogcamp.com\/sv\/togo-minnestur\/\"]}]},{\"@type\":\"ImageObject\",\"inLanguage\":\"sv-SE\",\"@id\":\"https:\/\/snowtraildogcamp.com\/sv\/togo-minnestur\/#primaryimage\",\"url\":\"https:\/\/snowtraildogcamp.com\/wp-content\/uploads\/2022\/05\/18195093_1415203418501821_2890799178187660957_n.jpg\",\"contentUrl\":\"https:\/\/snowtraildogcamp.com\/wp-content\/uploads\/2022\/05\/18195093_1415203418501821_2890799178187660957_n.jpg\",\"width\":960,\"height\":505},{\"@type\":\"BreadcrumbList\",\"@id\":\"https:\/\/snowtraildogcamp.com\/sv\/togo-minnestur\/#breadcrumb\",\"itemListElement\":[{\"@type\":\"ListItem\",\"position\":1,\"name\":\"Startseite\",\"item\":\"https:\/\/snowtraildogcamp.com\/sv\/\"},{\"@type\":\"ListItem\",\"position\":2,\"name\":\"Togo minnestur\"}]},{\"@type\":\"WebSite\",\"@id\":\"https:\/\/snowtraildogcamp.com\/sv\/#website\",\"url\":\"https:\/\/snowtraildogcamp.com\/sv\/\",\"name\":\"Snow Trail Dog Camp\",\"description\":\"\",\"publisher\":{\"@id\":\"https:\/\/snowtraildogcamp.com\/sv\/#organization\"},\"potentialAction\":[{\"@type\":\"SearchAction\",\"target\":{\"@type\":\"EntryPoint\",\"urlTemplate\":\"https:\/\/snowtraildogcamp.com\/sv\/?s={search_term_string}\"},\"query-input\":{\"@type\":\"PropertyValueSpecification\",\"valueRequired\":true,\"valueName\":\"search_term_string\"}}],\"inLanguage\":\"sv-SE\"},{\"@type\":\"Organization\",\"@id\":\"https:\/\/snowtraildogcamp.com\/sv\/#organization\",\"name\":\"Snow Trail Dog Camp\",\"url\":\"https:\/\/snowtraildogcamp.com\/sv\/\",\"logo\":{\"@type\":\"ImageObject\",\"inLanguage\":\"sv-SE\",\"@id\":\"https:\/\/snowtraildogcamp.com\/sv\/#\/schema\/logo\/image\/\",\"url\":\"https:\/\/snowtraildogcamp.com\/wp-content\/uploads\/2015\/12\/cropped-logo_snowtrail_dogcamp_e_plus.jpg\",\"contentUrl\":\"https:\/\/snowtraildogcamp.com\/wp-content\/uploads\/2015\/12\/cropped-logo_snowtrail_dogcamp_e_plus.jpg\",\"width\":248,\"height\":157,\"caption\":\"Snow Trail Dog Camp\"},\"image\":{\"@id\":\"https:\/\/snowtraildogcamp.com\/sv\/#\/schema\/logo\/image\/\"}}]}<\/script>\n<!-- \/ Yoast SEO plugin. -->","yoast_head_json":{"title":"Togo minnestur - Snow Trail Dog Camp","robots":{"index":"index","follow":"follow","max-snippet":"max-snippet:-1","max-image-preview":"max-image-preview:large","max-video-preview":"max-video-preview:-1"},"canonical":"https:\/\/snowtraildogcamp.com\/sv\/togo-minnestur\/","og_locale":"sv_SE","og_type":"article","og_title":"Togo minnestur - Snow Trail Dog Camp","og_description":"Till minne av Togo 4 dagar och 3 n\u00e4tter I det h\u00e4r programmet st\u00e5r v\u00e5ra v\u00e4nner huskies och mushen (k\u00f6r ett sl\u00e4dhundsspann) i centrum f\u00f6r aktiviteterna.\u00a0 Denna turn\u00e9 \u00e4r perfekt f\u00f6r dem som vill uppleva ett riktigt arktiskt \u00e4ventyr utan att offra komfort. Alla \u00f6vernattningar i Snowtrail Dogcamp. Du f\u00e5r chansen att observera vilda djur &hellip; Forts\u00e4tt l\u00e4sa Togo minnestur","og_url":"https:\/\/snowtraildogcamp.com\/sv\/togo-minnestur\/","og_site_name":"Snow Trail Dog Camp","article_modified_time":"2025-01-17T09:11:54+00:00","og_image":[{"width":960,"height":505,"url":"https:\/\/snowtraildogcamp.com\/wp-content\/uploads\/2022\/05\/18195093_1415203418501821_2890799178187660957_n.jpg","type":"image\/jpeg"}],"twitter_card":"summary_large_image","twitter_misc":{"Ber\u00e4knad l\u00e4stid":"4 minuter"},"schema":{"@context":"https:\/\/schema.org","@graph":[{"@type":"WebPage","@id":"https:\/\/snowtraildogcamp.com\/sv\/togo-minnestur\/","url":"https:\/\/snowtraildogcamp.com\/sv\/togo-minnestur\/","name":"Togo minnestur - Snow Trail Dog Camp","isPartOf":{"@id":"https:\/\/snowtraildogcamp.com\/sv\/#website"},"primaryImageOfPage":{"@id":"https:\/\/snowtraildogcamp.com\/sv\/togo-minnestur\/#primaryimage"},"image":{"@id":"https:\/\/snowtraildogcamp.com\/sv\/togo-minnestur\/#primaryimage"},"thumbnailUrl":"https:\/\/snowtraildogcamp.com\/wp-content\/uploads\/2022\/05\/18195093_1415203418501821_2890799178187660957_n.jpg","datePublished":"2025-01-17T09:06:29+00:00","dateModified":"2025-01-17T09:11:54+00:00","breadcrumb":{"@id":"https:\/\/snowtraildogcamp.com\/sv\/togo-minnestur\/#breadcrumb"},"inLanguage":"sv-SE","potentialAction":[{"@type":"ReadAction","target":["https:\/\/snowtraildogcamp.com\/sv\/togo-minnestur\/"]}]},{"@type":"ImageObject","inLanguage":"sv-SE","@id":"https:\/\/snowtraildogcamp.com\/sv\/togo-minnestur\/#primaryimage","url":"https:\/\/snowtraildogcamp.com\/wp-content\/uploads\/2022\/05\/18195093_1415203418501821_2890799178187660957_n.jpg","contentUrl":"https:\/\/snowtraildogcamp.com\/wp-content\/uploads\/2022\/05\/18195093_1415203418501821_2890799178187660957_n.jpg","width":960,"height":505},{"@type":"BreadcrumbList","@id":"https:\/\/snowtraildogcamp.com\/sv\/togo-minnestur\/#breadcrumb","itemListElement":[{"@type":"ListItem","position":1,"name":"Startseite","item":"https:\/\/snowtraildogcamp.com\/sv\/"},{"@type":"ListItem","position":2,"name":"Togo minnestur"}]},{"@type":"WebSite","@id":"https:\/\/snowtraildogcamp.com\/sv\/#website","url":"https:\/\/snowtraildogcamp.com\/sv\/","name":"Snow Trail Dog Camp","description":"","publisher":{"@id":"https:\/\/snowtraildogcamp.com\/sv\/#organization"},"potentialAction":[{"@type":"SearchAction","target":{"@type":"EntryPoint","urlTemplate":"https:\/\/snowtraildogcamp.com\/sv\/?s={search_term_string}"},"query-input":{"@type":"PropertyValueSpecification","valueRequired":true,"valueName":"search_term_string"}}],"inLanguage":"sv-SE"},{"@type":"Organization","@id":"https:\/\/snowtraildogcamp.com\/sv\/#organization","name":"Snow Trail Dog Camp","url":"https:\/\/snowtraildogcamp.com\/sv\/","logo":{"@type":"ImageObject","inLanguage":"sv-SE","@id":"https:\/\/snowtraildogcamp.com\/sv\/#\/schema\/logo\/image\/","url":"https:\/\/snowtraildogcamp.com\/wp-content\/uploads\/2015\/12\/cropped-logo_snowtrail_dogcamp_e_plus.jpg","contentUrl":"https:\/\/snowtraildogcamp.com\/wp-content\/uploads\/2015\/12\/cropped-logo_snowtrail_dogcamp_e_plus.jpg","width":248,"height":157,"caption":"Snow Trail Dog Camp"},"image":{"@id":"https:\/\/snowtraildogcamp.com\/sv\/#\/schema\/logo\/image\/"}}]}},"_links":{"self":[{"href":"https:\/\/snowtraildogcamp.com\/sv\/wp-json\/wp\/v2\/pages\/3133","targetHints":{"allow":["GET"]}}],"collection":[{"href":"https:\/\/snowtraildogcamp.com\/sv\/wp-json\/wp\/v2\/pages"}],"about":[{"href":"https:\/\/snowtraildogcamp.com\/sv\/wp-json\/wp\/v2\/types\/page"}],"author":[{"embeddable":true,"href":"https:\/\/snowtraildogcamp.com\/sv\/wp-json\/wp\/v2\/users\/1"}],"replies":[{"embeddable":true,"href":"https:\/\/snowtraildogcamp.com\/sv\/wp-json\/wp\/v2\/comments?post=3133"}],"version-history":[{"count":3,"href":"https:\/\/snowtraildogcamp.com\/sv\/wp-json\/wp\/v2\/pages\/3133\/revisions"}],"predecessor-version":[{"id":3135,"href":"https:\/\/snowtraildogcamp.com\/sv\/wp-json\/wp\/v2\/pages\/3133\/revisions\/3135"}],"wp:featuredmedia":[{"embeddable":true,"href":"https:\/\/snowtraildogcamp.com\/sv\/wp-json\/wp\/v2\/media\/3011"}],"wp:attachment":[{"href":"https:\/\/snowtraildogcamp.com\/sv\/wp-json\/wp\/v2\/media?parent=3133"}],"curies":[{"name":"wp","href":"https:\/\/api.w.org\/{rel}","templated":true}]}}