{"id":3127,"date":"2025-01-17T09:54:07","date_gmt":"2025-01-17T08:54:07","guid":{"rendered":"https:\/\/snowtraildogcamp.com\/?page_id=3127"},"modified":"2025-09-08T13:11:56","modified_gmt":"2025-09-08T12:11:56","slug":"tillbaka-till-naturturen","status":"publish","type":"page","link":"https:\/\/snowtraildogcamp.com\/sv\/tillbaka-till-naturturen\/","title":{"rendered":"Tillbaka till naturturen"},"content":{"rendered":"<h3><strong>Tillbaka till naturen<\/strong><\/h3>\n<p>8 dagar och 7 n\u00e4tter<\/p>\n<p><strong>Denna turn\u00e9 \u00e4r perfekt f\u00f6r nyb\u00f6rjare och f\u00f6r m\u00e4nniskor som vill njuta av sl\u00e4dhundar och natur i ett l\u00e4ger med n\u00e4stan ingen el. Vi har bara el n\u00e4r generatorn \u00e4r ig\u00e5ng.<\/strong> <\/p>\n<p>Under denna vecka f\u00e5r du m\u00f6jlighet att uppleva samspelet med v\u00e5ra v\u00e4nner (sl\u00e4dhundarna) p\u00e5 n\u00e4ra h\u00e5ll. Under sakkunnig ledning kommer du att leda ett husky team \u00f6ver det stora svenska vinterlandskapet.<\/p>\n<p>Andra h\u00f6jdpunkter under denna of\u00f6rgl\u00f6mliga vecka inkluderar en introduktion till den svenska traditionen av isfiske, ett bes\u00f6k p\u00e5 det ber\u00f6mda ishotellet i Jukkasj\u00e4rvi (n\u00e4ra Kiruna) och ett litet fr\u00f6l\u00e4ger med renar.<\/p>\n<hr \/>\n<h3>Dadlar<\/h3>\n<ul>\n<li style=\"list-style-type: none;\">\n<ul>\n<li>7-14 dec -25<\/li>\n<li>4-11 jan 11-18 jan 18-25 jan -26\u00a0<\/li>\n<li>February Tours will be possible on request\u00a0<\/li>\n<li>5-12 apr -26\u00a0<\/li>\n<\/ul>\n<\/li>\n<\/ul>\n<ul>\n<li style=\"list-style-type: none;\">\u00a0<\/li>\n<\/ul>\n<hr \/>\n<h3>Detaljer zur Tour<\/h3>\n<p><strong>Dag 1 \u2013 Ankomst: <\/strong> Du h\u00e4mtas med minibuss p\u00e5 flygplatsen i Kiruna. Bilresan till Moskoj\u00e4rvi tar ca 1 timme. Fr\u00e5n v\u00e5r parkering g\u00e5r det ca 3 km med skotern innan ni n\u00e5r v\u00e5r lodge. Under en mysig middag l\u00e4r du k\u00e4nna de andra g\u00e4sterna.<\/p>\n<p><strong>Dag 2 &#8211; Introduktion till tekniken f\u00f6r mushens:\u00a0<\/strong> Efter en rej\u00e4l frukost f\u00e5r du en introduktion till tekniken &#8221;mushen&#8221;. Vi kommer att oms\u00e4tta teorin i praktiken direkt efter\u00e5t: Med hj\u00e4lp av bes\u00e4ttningen bryter du ner hundarna och kort d\u00e4refter \u00e4r du redan sj\u00e4lv p\u00e5 sl\u00e4den och k\u00f6r ditt f\u00f6rsta tr\u00e4ningsvarv.<br \/>\nIdag har alla sin egen sl\u00e4de med 5 till 6 hundar. Det \u00e4r tv\u00e5 personer per pulka, d\u00e4r den ena personen k\u00f6r\/styr sl\u00e4den och den andra njuter av f\u00e4rden sittandes framf\u00f6r. Guiderna k\u00f6r vidare med sn\u00f6skotern.\u00a0 S\u00e5 de kan hj\u00e4lpa till b\u00e4ttre, skulle det inte funka s\u00e5 bra direkt. Efter\u00e5t, efter lunch, har du tid att utforska omgivningarna till fots eller med sn\u00f6skor eller koppla av i bastun. Dagens tur har en l\u00e4ngd p\u00e5 cirka 20 kilometer.<\/p>\n<p><strong>Dag 3 \u2013 Hundspann: <\/strong> Fr\u00e5n och med idag rider vi med lag om 6 hundar som drar varsin pulka med en person var. Rutten \u00e4r mellan 20 och 30 kilometer l\u00e5ng och kommer att anpassas efter din f\u00f6rm\u00e5ga och v\u00e4derf\u00f6rh\u00e5llanden.<br \/>\nOm m\u00f6jligt g\u00f6r vi ett stopp p\u00e5 v\u00e4gen och njuter av lunch vid den \u00f6ppna elden. Efter\u00e5t \u00e5ker vi tillbaka till l\u00e4gret, d\u00e4r vi avslutar eftermiddagen och ser fram emot en fin middag.<\/p>\n<p><strong>Dag 4 \u2013 Medium hundspannstur: <\/strong> Dagens tur \u00e4r mellan 25 och 35 kilometer l\u00e5ng och tar oss \u00f6ver de frusna sj\u00f6arna och genom fantastiskt sn\u00f6t\u00e4ckta sagolandskap. \u00c4ven idag rider vi med ett team p\u00e5 6 hundar och tv\u00e5 sl\u00e4dar per hundspann. N\u00e4r det \u00e4r m\u00f6jligt avnjuter vi lunch ute i naturen.<\/p>\n<p><strong>Dag 5 &#8211; Isfiske: <\/strong> Efter en rej\u00e4l frukost g\u00e5r vi tillsammans cirka 4 km l\u00e4ngs en stig till en av de frusna och sn\u00f6t\u00e4ckta sj\u00f6arna. Din guide tar med sig allt du beh\u00f6ver p\u00e5 sn\u00f6skoter och visar dig hur man borrar ett h\u00e5l genom sj\u00f6ns tjocka is och hur man anv\u00e4nder fiskesp\u00f6et. Alla kan sedan g\u00f6ra det bekv\u00e4mt p\u00e5 ett renskinn och hoppas p\u00e5 en f\u00e5ngst, alternativt kan ni prova ett nytt h\u00e5l. Vi \u00e4ter lunch tillsammans runt l\u00e4gerelden.<br \/>\nDu kan fiska s\u00e5 l\u00e4nge du vill. De ot\u00e5liga bland er \u00e4r v\u00e4lkomna att g\u00e5 hem tidigare och v\u00e4rma sig i bastun.<br \/>\nNjut av den sista kv\u00e4llen i v\u00e5r isbar och runt den mysiga l\u00e4gerelden. Med lite tur kommer norrskenet att lysa f\u00f6r er.<\/p>\n<p><strong>Dag 6 \u2013 Bes\u00f6k p\u00e5 Ishotellet och Kiruna: <\/strong> Det v\u00e4rldsber\u00f6mda Icehotel i Jukkasj\u00e4rvi och staden Kiruna st\u00e5r p\u00e5 agendan idag. Direkt efter frukost tar vi skotern till parkeringen och d\u00e4rifr\u00e5n forts\u00e4tter vi med bil till Kiruna. H\u00e4r kan du utforska staden individuellt och bes\u00f6ka den ber\u00f6mda tr\u00e4kyrkan. P\u00e5 v\u00e4gen tillbaka bes\u00f6ker vi v\u00e4rldsber\u00f6mda Icehotel i Jukkasj\u00e4rvi. Entr\u00e9avgiften till Icehotel \u00e4r ca 325 kr och ska betalas separat.<\/p>\n<p><strong>Dag 7 &#8211; L\u00e4ngre hundspannstur: <\/strong> V\u00e5r hundspannstur idag \u00e4r mellan 35 och 45 km l\u00e5ng. Vi kommer att vara p\u00e5 v\u00e4g mellan 4 och 6 timmar, \u00e5terigen beroende p\u00e5 v\u00e4dret och din f\u00f6rm\u00e5ga. \u00c4ven idag reser vi med ett team p\u00e5 6 hundar och tv\u00e5 sl\u00e4dar per hundteam. Du har m\u00f6jlighet att v\u00e4lja om du vill k\u00f6ra sl\u00e4den ensam eller f\u00f6r l\u00e5ngt.\u00a0<\/p>\n<p><strong>Dag 8 \u2013 Avresa: <\/strong> Idag \u00e4r det dags att packa v\u00e4skorna och s\u00e4ga hejd\u00e5. Efter frukost k\u00f6r vi tillsammans med skotern till parkeringen och d\u00e4rifr\u00e5n med minibuss till flygplatsen i Kiruna.\u00a0<\/p>\n<hr \/>\n<h3>Tips<\/h3>\n<ul>\n<li style=\"list-style-type: none;\">\n<ul style=\"list-style-type: disc;\">\n<li>Beroende p\u00e5 v\u00e4dret kr\u00e4ver v\u00e5ra turer ibland att du utf\u00f6r fysiskt. En \u00e4rlig bed\u00f6mning av den egna konditionen \u00e4r d\u00e4rf\u00f6r viktig.<\/li>\n<li>F\u00f6r de mer \u00e4ventyrliga bland er erbjuder vi m\u00f6jligheten att tillbringa en natt ute i vildmarken, d\u00e4r ni kanske har turen att uppleva norrskenet.\u00a0All n\u00f6dv\u00e4ndig information och utrustning f\u00f6r en of\u00f6rgl\u00f6mlig natt i naturen tillhandah\u00e5lls gratis.<\/li>\n<li>Eftersom v\u00e5ra program och aktiviteter \u00e4r beroende av v\u00e4dret f\u00f6rbeh\u00e5ller vi oss r\u00e4tten att g\u00f6ra kortsiktiga program\u00e4ndringar.<\/li>\n<li>F\u00f6ruts\u00e4ttningen f\u00f6r genomf\u00f6randet av programmet \u00e4r deltagande av minst 2 till h\u00f6gst 14 personer.<\/li>\n<\/ul>\n<\/li>\n<\/ul>\n<hr \/>\n<h3>Tj\u00e4nster som ing\u00e5r i priset<\/h3>\n<ul>\n<li style=\"list-style-type: none;\">\n<ul>\n<li>7 n\u00e4tter i 2-\/4-b\u00e4ddsrum i lodgen, delad anv\u00e4ndning av toalett och dusch<\/li>\n<li>Helpension (frukost, enkel lunch, middag, l\u00e4sk)<\/li>\n<li>Mushing jacka, byxor och st\u00f6vlar<\/li>\n<li>Hundspann f\u00f6r 2 personer vardera<\/li>\n<li>Transfer fr\u00e5n och till flygplatsen i Kiruna<\/li>\n<\/ul>\n<\/li>\n<\/ul>\n<hr \/>\n<h3>Vad du beh\u00f6ver ta med dig<\/h3>\n<ul>\n<li style=\"list-style-type: none;\">\n<ul>\n<li>Skidjacka, skidbyxor, vinterpj\u00e4xor<\/li>\n<li>varm hatt, eventuellt gjord av p\u00e4ls<\/li>\n<li>Fingerhandskar (ull) f\u00f6r att arbeta med hundarna<\/li>\n<li>tjocka varma vantar f\u00f6r mushes<\/li>\n<li>Tofflor eller tofflor<\/li>\n<li>varma ullstrumpor<\/li>\n<li>varma underkl\u00e4der<\/li>\n<li>Tr\u00f6ja<\/li>\n<li>Pannlampa eller ficklampa, batterier vid behov<\/li>\n<\/ul>\n<\/li>\n<\/ul>\n<hr \/>\n<h3>S\u00e5 h\u00e4r bokar du programmet<\/h3>\n<p>F\u00f6r resebokningar st\u00e5r resebyr\u00e5n i ditt land, som vi samarbetar med, till ditt f\u00f6rfogande med gl\u00e4dje och kompetent. En lista \u00f6ver resebyr\u00e5er finns <a href=\"http:\/\/www.snowtraildogcamp.com\/sv\/resebyraer\/\">h\u00e4r<\/a>. Om du har ytterligare fr\u00e5gor, tveka inte att kontakta oss.<\/p>\n<p>Har du blivit nyfiken? Bernd Achtnich fr\u00e5n EvoRhei har f\u00e5ngat n\u00e5gra fantastiska intryck i en <a href=\"https:\/\/www.youtube.com\/watch?v=1wfACdwgWo0\" target=\"_blank\" rel=\"noopener noreferrer\">YouTube-video<\/a> och tar dig med p\u00e5 en liten resa till v\u00e5r Snowtrail Dogcamp.\u00a0<\/p>\n","protected":false},"excerpt":{"rendered":"<p>Tillbaka till naturen 8 dagar och 7 n\u00e4tter Denna turn\u00e9 \u00e4r perfekt f\u00f6r nyb\u00f6rjare och f\u00f6r m\u00e4nniskor som vill njuta av sl\u00e4dhundar och natur i ett l\u00e4ger med n\u00e4stan ingen el. Vi har bara el n\u00e4r generatorn \u00e4r ig\u00e5ng. Under denna vecka f\u00e5r du m\u00f6jlighet att uppleva samspelet med v\u00e5ra v\u00e4nner (sl\u00e4dhundarna) p\u00e5 n\u00e4ra h\u00e5ll. &hellip; <a href=\"https:\/\/snowtraildogcamp.com\/sv\/tillbaka-till-naturturen\/\" class=\"more-link\">Forts\u00e4tt l\u00e4sa <span class=\"screen-reader-text\">Tillbaka till naturturen<\/span><\/a><\/p>\n","protected":false},"author":1,"featured_media":2900,"parent":0,"menu_order":0,"comment_status":"closed","ping_status":"closed","template":"","meta":{"footnotes":""},"class_list":["post-3127","page","type-page","status-publish","has-post-thumbnail","hentry"],"yoast_head":"<!-- This site is optimized with the Yoast SEO plugin v27.1.1 - https:\/\/yoast.com\/product\/yoast-seo-wordpress\/ -->\n<title>Tillbaka till naturturen - Snow Trail Dog Camp<\/title>\n<meta name=\"robots\" content=\"index, follow, max-snippet:-1, max-image-preview:large, max-video-preview:-1\" \/>\n<link rel=\"canonical\" href=\"https:\/\/snowtraildogcamp.com\/sv\/tillbaka-till-naturturen\/\" \/>\n<meta property=\"og:locale\" content=\"sv_SE\" \/>\n<meta property=\"og:type\" content=\"article\" \/>\n<meta property=\"og:title\" content=\"Tillbaka till naturturen - Snow Trail Dog Camp\" \/>\n<meta property=\"og:description\" content=\"Tillbaka till naturen 8 dagar och 7 n\u00e4tter Denna turn\u00e9 \u00e4r perfekt f\u00f6r nyb\u00f6rjare och f\u00f6r m\u00e4nniskor som vill njuta av sl\u00e4dhundar och natur i ett l\u00e4ger med n\u00e4stan ingen el. Vi har bara el n\u00e4r generatorn \u00e4r ig\u00e5ng. Under denna vecka f\u00e5r du m\u00f6jlighet att uppleva samspelet med v\u00e5ra v\u00e4nner (sl\u00e4dhundarna) p\u00e5 n\u00e4ra h\u00e5ll. &hellip; Forts\u00e4tt l\u00e4sa Tillbaka till naturturen\" \/>\n<meta property=\"og:url\" content=\"https:\/\/snowtraildogcamp.com\/sv\/tillbaka-till-naturturen\/\" \/>\n<meta property=\"og:site_name\" content=\"Snow Trail Dog Camp\" \/>\n<meta property=\"article:modified_time\" content=\"2025-09-08T12:11:56+00:00\" \/>\n<meta property=\"og:image\" content=\"https:\/\/snowtraildogcamp.com\/wp-content\/uploads\/2020\/01\/6163-Titelbild.jpg\" \/>\n\t<meta property=\"og:image:width\" content=\"4584\" \/>\n\t<meta property=\"og:image:height\" content=\"3059\" \/>\n\t<meta property=\"og:image:type\" content=\"image\/jpeg\" \/>\n<meta name=\"twitter:card\" content=\"summary_large_image\" \/>\n<meta name=\"twitter:label1\" content=\"Ber\u00e4knad l\u00e4stid\" \/>\n\t<meta name=\"twitter:data1\" content=\"5 minuter\" \/>\n<script type=\"application\/ld+json\" class=\"yoast-schema-graph\">{\"@context\":\"https:\/\/schema.org\",\"@graph\":[{\"@type\":\"WebPage\",\"@id\":\"https:\/\/snowtraildogcamp.com\/sv\/tillbaka-till-naturturen\/\",\"url\":\"https:\/\/snowtraildogcamp.com\/sv\/tillbaka-till-naturturen\/\",\"name\":\"Tillbaka till naturturen - Snow Trail Dog Camp\",\"isPartOf\":{\"@id\":\"https:\/\/snowtraildogcamp.com\/sv\/#website\"},\"primaryImageOfPage\":{\"@id\":\"https:\/\/snowtraildogcamp.com\/sv\/tillbaka-till-naturturen\/#primaryimage\"},\"image\":{\"@id\":\"https:\/\/snowtraildogcamp.com\/sv\/tillbaka-till-naturturen\/#primaryimage\"},\"thumbnailUrl\":\"https:\/\/snowtraildogcamp.com\/wp-content\/uploads\/2020\/01\/6163-Titelbild.jpg\",\"datePublished\":\"2025-01-17T08:54:07+00:00\",\"dateModified\":\"2025-09-08T12:11:56+00:00\",\"breadcrumb\":{\"@id\":\"https:\/\/snowtraildogcamp.com\/sv\/tillbaka-till-naturturen\/#breadcrumb\"},\"inLanguage\":\"sv-SE\",\"potentialAction\":[{\"@type\":\"ReadAction\",\"target\":[\"https:\/\/snowtraildogcamp.com\/sv\/tillbaka-till-naturturen\/\"]}]},{\"@type\":\"ImageObject\",\"inLanguage\":\"sv-SE\",\"@id\":\"https:\/\/snowtraildogcamp.com\/sv\/tillbaka-till-naturturen\/#primaryimage\",\"url\":\"https:\/\/snowtraildogcamp.com\/wp-content\/uploads\/2020\/01\/6163-Titelbild.jpg\",\"contentUrl\":\"https:\/\/snowtraildogcamp.com\/wp-content\/uploads\/2020\/01\/6163-Titelbild.jpg\",\"width\":4584,\"height\":3059},{\"@type\":\"BreadcrumbList\",\"@id\":\"https:\/\/snowtraildogcamp.com\/sv\/tillbaka-till-naturturen\/#breadcrumb\",\"itemListElement\":[{\"@type\":\"ListItem\",\"position\":1,\"name\":\"Startseite\",\"item\":\"https:\/\/snowtraildogcamp.com\/sv\/\"},{\"@type\":\"ListItem\",\"position\":2,\"name\":\"Tillbaka till naturturen\"}]},{\"@type\":\"WebSite\",\"@id\":\"https:\/\/snowtraildogcamp.com\/sv\/#website\",\"url\":\"https:\/\/snowtraildogcamp.com\/sv\/\",\"name\":\"Snow Trail Dog Camp\",\"description\":\"\",\"publisher\":{\"@id\":\"https:\/\/snowtraildogcamp.com\/sv\/#organization\"},\"potentialAction\":[{\"@type\":\"SearchAction\",\"target\":{\"@type\":\"EntryPoint\",\"urlTemplate\":\"https:\/\/snowtraildogcamp.com\/sv\/?s={search_term_string}\"},\"query-input\":{\"@type\":\"PropertyValueSpecification\",\"valueRequired\":true,\"valueName\":\"search_term_string\"}}],\"inLanguage\":\"sv-SE\"},{\"@type\":\"Organization\",\"@id\":\"https:\/\/snowtraildogcamp.com\/sv\/#organization\",\"name\":\"Snow Trail Dog Camp\",\"url\":\"https:\/\/snowtraildogcamp.com\/sv\/\",\"logo\":{\"@type\":\"ImageObject\",\"inLanguage\":\"sv-SE\",\"@id\":\"https:\/\/snowtraildogcamp.com\/sv\/#\/schema\/logo\/image\/\",\"url\":\"https:\/\/snowtraildogcamp.com\/wp-content\/uploads\/2015\/12\/cropped-logo_snowtrail_dogcamp_e_plus.jpg\",\"contentUrl\":\"https:\/\/snowtraildogcamp.com\/wp-content\/uploads\/2015\/12\/cropped-logo_snowtrail_dogcamp_e_plus.jpg\",\"width\":248,\"height\":157,\"caption\":\"Snow Trail Dog Camp\"},\"image\":{\"@id\":\"https:\/\/snowtraildogcamp.com\/sv\/#\/schema\/logo\/image\/\"}}]}<\/script>\n<!-- \/ Yoast SEO plugin. -->","yoast_head_json":{"title":"Tillbaka till naturturen - Snow Trail Dog Camp","robots":{"index":"index","follow":"follow","max-snippet":"max-snippet:-1","max-image-preview":"max-image-preview:large","max-video-preview":"max-video-preview:-1"},"canonical":"https:\/\/snowtraildogcamp.com\/sv\/tillbaka-till-naturturen\/","og_locale":"sv_SE","og_type":"article","og_title":"Tillbaka till naturturen - Snow Trail Dog Camp","og_description":"Tillbaka till naturen 8 dagar och 7 n\u00e4tter Denna turn\u00e9 \u00e4r perfekt f\u00f6r nyb\u00f6rjare och f\u00f6r m\u00e4nniskor som vill njuta av sl\u00e4dhundar och natur i ett l\u00e4ger med n\u00e4stan ingen el. Vi har bara el n\u00e4r generatorn \u00e4r ig\u00e5ng. Under denna vecka f\u00e5r du m\u00f6jlighet att uppleva samspelet med v\u00e5ra v\u00e4nner (sl\u00e4dhundarna) p\u00e5 n\u00e4ra h\u00e5ll. &hellip; Forts\u00e4tt l\u00e4sa Tillbaka till naturturen","og_url":"https:\/\/snowtraildogcamp.com\/sv\/tillbaka-till-naturturen\/","og_site_name":"Snow Trail Dog Camp","article_modified_time":"2025-09-08T12:11:56+00:00","og_image":[{"width":4584,"height":3059,"url":"https:\/\/snowtraildogcamp.com\/wp-content\/uploads\/2020\/01\/6163-Titelbild.jpg","type":"image\/jpeg"}],"twitter_card":"summary_large_image","twitter_misc":{"Ber\u00e4knad l\u00e4stid":"5 minuter"},"schema":{"@context":"https:\/\/schema.org","@graph":[{"@type":"WebPage","@id":"https:\/\/snowtraildogcamp.com\/sv\/tillbaka-till-naturturen\/","url":"https:\/\/snowtraildogcamp.com\/sv\/tillbaka-till-naturturen\/","name":"Tillbaka till naturturen - Snow Trail Dog Camp","isPartOf":{"@id":"https:\/\/snowtraildogcamp.com\/sv\/#website"},"primaryImageOfPage":{"@id":"https:\/\/snowtraildogcamp.com\/sv\/tillbaka-till-naturturen\/#primaryimage"},"image":{"@id":"https:\/\/snowtraildogcamp.com\/sv\/tillbaka-till-naturturen\/#primaryimage"},"thumbnailUrl":"https:\/\/snowtraildogcamp.com\/wp-content\/uploads\/2020\/01\/6163-Titelbild.jpg","datePublished":"2025-01-17T08:54:07+00:00","dateModified":"2025-09-08T12:11:56+00:00","breadcrumb":{"@id":"https:\/\/snowtraildogcamp.com\/sv\/tillbaka-till-naturturen\/#breadcrumb"},"inLanguage":"sv-SE","potentialAction":[{"@type":"ReadAction","target":["https:\/\/snowtraildogcamp.com\/sv\/tillbaka-till-naturturen\/"]}]},{"@type":"ImageObject","inLanguage":"sv-SE","@id":"https:\/\/snowtraildogcamp.com\/sv\/tillbaka-till-naturturen\/#primaryimage","url":"https:\/\/snowtraildogcamp.com\/wp-content\/uploads\/2020\/01\/6163-Titelbild.jpg","contentUrl":"https:\/\/snowtraildogcamp.com\/wp-content\/uploads\/2020\/01\/6163-Titelbild.jpg","width":4584,"height":3059},{"@type":"BreadcrumbList","@id":"https:\/\/snowtraildogcamp.com\/sv\/tillbaka-till-naturturen\/#breadcrumb","itemListElement":[{"@type":"ListItem","position":1,"name":"Startseite","item":"https:\/\/snowtraildogcamp.com\/sv\/"},{"@type":"ListItem","position":2,"name":"Tillbaka till naturturen"}]},{"@type":"WebSite","@id":"https:\/\/snowtraildogcamp.com\/sv\/#website","url":"https:\/\/snowtraildogcamp.com\/sv\/","name":"Snow Trail Dog Camp","description":"","publisher":{"@id":"https:\/\/snowtraildogcamp.com\/sv\/#organization"},"potentialAction":[{"@type":"SearchAction","target":{"@type":"EntryPoint","urlTemplate":"https:\/\/snowtraildogcamp.com\/sv\/?s={search_term_string}"},"query-input":{"@type":"PropertyValueSpecification","valueRequired":true,"valueName":"search_term_string"}}],"inLanguage":"sv-SE"},{"@type":"Organization","@id":"https:\/\/snowtraildogcamp.com\/sv\/#organization","name":"Snow Trail Dog Camp","url":"https:\/\/snowtraildogcamp.com\/sv\/","logo":{"@type":"ImageObject","inLanguage":"sv-SE","@id":"https:\/\/snowtraildogcamp.com\/sv\/#\/schema\/logo\/image\/","url":"https:\/\/snowtraildogcamp.com\/wp-content\/uploads\/2015\/12\/cropped-logo_snowtrail_dogcamp_e_plus.jpg","contentUrl":"https:\/\/snowtraildogcamp.com\/wp-content\/uploads\/2015\/12\/cropped-logo_snowtrail_dogcamp_e_plus.jpg","width":248,"height":157,"caption":"Snow Trail Dog Camp"},"image":{"@id":"https:\/\/snowtraildogcamp.com\/sv\/#\/schema\/logo\/image\/"}}]}},"_links":{"self":[{"href":"https:\/\/snowtraildogcamp.com\/sv\/wp-json\/wp\/v2\/pages\/3127","targetHints":{"allow":["GET"]}}],"collection":[{"href":"https:\/\/snowtraildogcamp.com\/sv\/wp-json\/wp\/v2\/pages"}],"about":[{"href":"https:\/\/snowtraildogcamp.com\/sv\/wp-json\/wp\/v2\/types\/page"}],"author":[{"embeddable":true,"href":"https:\/\/snowtraildogcamp.com\/sv\/wp-json\/wp\/v2\/users\/1"}],"replies":[{"embeddable":true,"href":"https:\/\/snowtraildogcamp.com\/sv\/wp-json\/wp\/v2\/comments?post=3127"}],"version-history":[{"count":6,"href":"https:\/\/snowtraildogcamp.com\/sv\/wp-json\/wp\/v2\/pages\/3127\/revisions"}],"predecessor-version":[{"id":3261,"href":"https:\/\/snowtraildogcamp.com\/sv\/wp-json\/wp\/v2\/pages\/3127\/revisions\/3261"}],"wp:featuredmedia":[{"embeddable":true,"href":"https:\/\/snowtraildogcamp.com\/sv\/wp-json\/wp\/v2\/media\/2900"}],"wp:attachment":[{"href":"https:\/\/snowtraildogcamp.com\/sv\/wp-json\/wp\/v2\/media?parent=3127"}],"curies":[{"name":"wp","href":"https:\/\/api.w.org\/{rel}","templated":true}]}}