{"id":3075,"date":"2025-01-17T07:54:13","date_gmt":"2025-01-17T06:54:13","guid":{"rendered":"https:\/\/snowtraildogcamp.com\/?page_id=3075"},"modified":"2025-01-17T07:58:26","modified_gmt":"2025-01-17T06:58:26","slug":"traning-med-mastare","status":"publish","type":"page","link":"https:\/\/snowtraildogcamp.com\/sv\/traning-med-mastare\/","title":{"rendered":"Tr\u00e4ning med m\u00e4stare"},"content":{"rendered":"<p><strong>Programmet &#8221;Training with Champs&#8221; ger en sp\u00e4nnande inblick i tr\u00e4ningsrutinen f\u00f6r ett Ididarod Husky-team.<\/strong><\/p>\n<p>Sl\u00e4dhundstr\u00e4ningen b\u00f6rjar p\u00e5 sensommaren, d\u00e5 temperaturen sjunker under 15 grader. Den tidiga kommande h\u00f6sten k\u00e4nnetecknas av en obeskrivlig f\u00e4rgflamma, d\u00e4r r\u00f6da och gula toner dominerar. N\u00e4tterna blir svala och redan i september \u00e4r det den f\u00f6rsta frosten, i bergen finns det ofta redan den f\u00f6rsta sn\u00f6n. Under denna tid kan norrskenet (Aurora Borealis) redan ses ofta.<\/p>\n<hr \/>\n<h3>Dadlar<\/h3>\n<p>Programmet kan bokas <strong> fr\u00e5n 21 augusti till 6 november<\/strong>. <br \/>\n<strong>Varaktighet 4 eller 8 dagar.<\/strong><\/p>\n<hr \/>\n<h3>Vad du kan f\u00f6rv\u00e4nta dig<\/h3>\n<p>Det h\u00e4nder alltid mycket p\u00e5 v\u00e5r g\u00e5rd. Sl\u00e4dhundarna \u00e4r i tr\u00e4ning, valparna l\u00e4r sig att umg\u00e5s. Du kommer att vara n\u00e4rvarande vid selen av valparna, k\u00f6ra hundarna, mata, f\u00f6rbereda och andra aktiviteter av mushersna. Vi tr\u00e4nar hundarna ca 10 g\u00e5nger i veckan. Det finns m\u00e5nga nya och intressanta upplevelser f\u00f6r hund\u00e4lskare. Hundtr\u00e4narna kommer att ta mycket tid att f\u00f6ra intresserade m\u00e4nniskor n\u00e4rmare att hantera hunden.<\/p>\n<p>Under din tid hos oss blir de v\u00e4nliga hundarna dina b\u00e4sta v\u00e4nner. Detta bekr\u00e4ftas av det faktum att m\u00e5nga kommer inte bara en g\u00e5ng, utan om och om igen. Detta \u00e4r det verkliga &#8221;hundmuskerlivet&#8221; du kommer att njuta av. Det \u00e4r inte 0815 liv, men det \u00e4r v\u00e5r livsstil. Vi garanterar unika minnen och dr\u00f6mmar som g\u00e5r i uppfyllelse.<\/p>\n<p>Naturligtvis kan mindre privata turer genomf\u00f6ras p\u00e5 egen hand. Exempel \u00e4r vandring i n\u00e4romr\u00e5det, paddling och fiske.<\/p>\n<hr \/>\n<h3 style=\"text-align: left;\">Tj\u00e4nster som ing\u00e5r i programmet<\/h3>\n<ul>\n<li style=\"list-style-type: none;\">\n<ul>\n<li>Boende i v\u00e5r Wilderness Lodge, Snowtrail Dogcamp eller Husky Lodge<\/li>\n<li>Helpension: 3 m\u00e5ltider\/dag<\/li>\n<li>Daglig tr\u00e4ning och hj\u00e4lp med v\u00e5ra vuxna hundar och valpar<\/li>\n<li>Personliga extrakl\u00e4der<\/li>\n<li>Transport till och fr\u00e5n Kirnu Airport<\/li>\n<li>Bildspel av 7-faldige Iditarod-avslutaren Mats och hans bes\u00e4ttning om sina erfarenheter av sl\u00e4dhundar och racing<\/li>\n<\/ul>\n<\/li>\n<li style=\"list-style-type: none;\">\u00a0\n<ul>\n<li><strong>Ing\u00e5r ej endast<\/strong> en eller flera valfria n\u00e4tter i v\u00e5ra Autora-Huts f\u00f6r 2 personer<\/li>\n<\/ul>\n<\/li>\n<\/ul>\n<hr \/>\n<h3 style=\"text-align: left;\">S\u00e5 h\u00e4r bokar du programmet<\/h3>\n<p style=\"text-align: left;\">F\u00f6r resebokningar st\u00e5r resebyr\u00e5n i ditt land, som vi samarbetar med, till ditt f\u00f6rfogande med gl\u00e4dje och kompetent. En lista \u00f6ver resebyr\u00e5er finns <a href=\"https:\/\/www.snowtraildogcamp.com\/sv\/resebyraer\/\">h\u00e4r<\/a>.<\/p>\n<p style=\"text-align: left;\">Om du har ytterligare fr\u00e5gor, tveka inte att <a href=\"https:\/\/www.snowtraildogcamp.com\/sv\/kontakt\/\">kontakta oss<\/a>.<\/p>\n<p>&nbsp;<\/p>\n<p>&nbsp;<\/p>\n<p>&nbsp;<\/p>\n","protected":false},"excerpt":{"rendered":"<p>Programmet &#8221;Training with Champs&#8221; ger en sp\u00e4nnande inblick i tr\u00e4ningsrutinen f\u00f6r ett Ididarod Husky-team. Sl\u00e4dhundstr\u00e4ningen b\u00f6rjar p\u00e5 sensommaren, d\u00e5 temperaturen sjunker under 15 grader. Den tidiga kommande h\u00f6sten k\u00e4nnetecknas av en obeskrivlig f\u00e4rgflamma, d\u00e4r r\u00f6da och gula toner dominerar. N\u00e4tterna blir svala och redan i september \u00e4r det den f\u00f6rsta frosten, i bergen finns det &hellip; <a href=\"https:\/\/snowtraildogcamp.com\/sv\/traning-med-mastare\/\" class=\"more-link\">Forts\u00e4tt l\u00e4sa <span class=\"screen-reader-text\">Tr\u00e4ning med m\u00e4stare<\/span><\/a><\/p>\n","protected":false},"author":1,"featured_media":3008,"parent":0,"menu_order":0,"comment_status":"closed","ping_status":"closed","template":"","meta":{"footnotes":""},"class_list":["post-3075","page","type-page","status-publish","has-post-thumbnail","hentry"],"yoast_head":"<!-- This site is optimized with the Yoast SEO plugin v27.1.1 - https:\/\/yoast.com\/product\/yoast-seo-wordpress\/ -->\n<title>Tr\u00e4ning med m\u00e4stare - Snow Trail Dog Camp<\/title>\n<meta name=\"robots\" content=\"index, follow, max-snippet:-1, max-image-preview:large, max-video-preview:-1\" \/>\n<link rel=\"canonical\" href=\"https:\/\/snowtraildogcamp.com\/sv\/traning-med-mastare\/\" \/>\n<meta property=\"og:locale\" content=\"sv_SE\" \/>\n<meta property=\"og:type\" content=\"article\" \/>\n<meta property=\"og:title\" content=\"Tr\u00e4ning med m\u00e4stare - Snow Trail Dog Camp\" \/>\n<meta property=\"og:description\" content=\"Programmet &#8221;Training with Champs&#8221; ger en sp\u00e4nnande inblick i tr\u00e4ningsrutinen f\u00f6r ett Ididarod Husky-team. Sl\u00e4dhundstr\u00e4ningen b\u00f6rjar p\u00e5 sensommaren, d\u00e5 temperaturen sjunker under 15 grader. Den tidiga kommande h\u00f6sten k\u00e4nnetecknas av en obeskrivlig f\u00e4rgflamma, d\u00e4r r\u00f6da och gula toner dominerar. N\u00e4tterna blir svala och redan i september \u00e4r det den f\u00f6rsta frosten, i bergen finns det &hellip; Forts\u00e4tt l\u00e4sa Tr\u00e4ning med m\u00e4stare\" \/>\n<meta property=\"og:url\" content=\"https:\/\/snowtraildogcamp.com\/sv\/traning-med-mastare\/\" \/>\n<meta property=\"og:site_name\" content=\"Snow Trail Dog Camp\" \/>\n<meta property=\"article:modified_time\" content=\"2025-01-17T06:58:26+00:00\" \/>\n<meta property=\"og:image\" content=\"https:\/\/snowtraildogcamp.com\/wp-content\/uploads\/2022\/05\/Hundetraining-1.jpg\" \/>\n\t<meta property=\"og:image:width\" content=\"1171\" \/>\n\t<meta property=\"og:image:height\" content=\"856\" \/>\n\t<meta property=\"og:image:type\" content=\"image\/jpeg\" \/>\n<meta name=\"twitter:card\" content=\"summary_large_image\" \/>\n<meta name=\"twitter:label1\" content=\"Ber\u00e4knad l\u00e4stid\" \/>\n\t<meta name=\"twitter:data1\" content=\"2 minuter\" \/>\n<script type=\"application\/ld+json\" class=\"yoast-schema-graph\">{\"@context\":\"https:\/\/schema.org\",\"@graph\":[{\"@type\":\"WebPage\",\"@id\":\"https:\/\/snowtraildogcamp.com\/sv\/traning-med-mastare\/\",\"url\":\"https:\/\/snowtraildogcamp.com\/sv\/traning-med-mastare\/\",\"name\":\"Tr\u00e4ning med m\u00e4stare - Snow Trail Dog Camp\",\"isPartOf\":{\"@id\":\"https:\/\/snowtraildogcamp.com\/sv\/#website\"},\"primaryImageOfPage\":{\"@id\":\"https:\/\/snowtraildogcamp.com\/sv\/traning-med-mastare\/#primaryimage\"},\"image\":{\"@id\":\"https:\/\/snowtraildogcamp.com\/sv\/traning-med-mastare\/#primaryimage\"},\"thumbnailUrl\":\"https:\/\/snowtraildogcamp.com\/wp-content\/uploads\/2022\/05\/Hundetraining-1.jpg\",\"datePublished\":\"2025-01-17T06:54:13+00:00\",\"dateModified\":\"2025-01-17T06:58:26+00:00\",\"breadcrumb\":{\"@id\":\"https:\/\/snowtraildogcamp.com\/sv\/traning-med-mastare\/#breadcrumb\"},\"inLanguage\":\"sv-SE\",\"potentialAction\":[{\"@type\":\"ReadAction\",\"target\":[\"https:\/\/snowtraildogcamp.com\/sv\/traning-med-mastare\/\"]}]},{\"@type\":\"ImageObject\",\"inLanguage\":\"sv-SE\",\"@id\":\"https:\/\/snowtraildogcamp.com\/sv\/traning-med-mastare\/#primaryimage\",\"url\":\"https:\/\/snowtraildogcamp.com\/wp-content\/uploads\/2022\/05\/Hundetraining-1.jpg\",\"contentUrl\":\"https:\/\/snowtraildogcamp.com\/wp-content\/uploads\/2022\/05\/Hundetraining-1.jpg\",\"width\":1171,\"height\":856},{\"@type\":\"BreadcrumbList\",\"@id\":\"https:\/\/snowtraildogcamp.com\/sv\/traning-med-mastare\/#breadcrumb\",\"itemListElement\":[{\"@type\":\"ListItem\",\"position\":1,\"name\":\"Startseite\",\"item\":\"https:\/\/snowtraildogcamp.com\/sv\/\"},{\"@type\":\"ListItem\",\"position\":2,\"name\":\"Tr\u00e4ning med m\u00e4stare\"}]},{\"@type\":\"WebSite\",\"@id\":\"https:\/\/snowtraildogcamp.com\/sv\/#website\",\"url\":\"https:\/\/snowtraildogcamp.com\/sv\/\",\"name\":\"Snow Trail Dog Camp\",\"description\":\"\",\"publisher\":{\"@id\":\"https:\/\/snowtraildogcamp.com\/sv\/#organization\"},\"potentialAction\":[{\"@type\":\"SearchAction\",\"target\":{\"@type\":\"EntryPoint\",\"urlTemplate\":\"https:\/\/snowtraildogcamp.com\/sv\/?s={search_term_string}\"},\"query-input\":{\"@type\":\"PropertyValueSpecification\",\"valueRequired\":true,\"valueName\":\"search_term_string\"}}],\"inLanguage\":\"sv-SE\"},{\"@type\":\"Organization\",\"@id\":\"https:\/\/snowtraildogcamp.com\/sv\/#organization\",\"name\":\"Snow Trail Dog Camp\",\"url\":\"https:\/\/snowtraildogcamp.com\/sv\/\",\"logo\":{\"@type\":\"ImageObject\",\"inLanguage\":\"sv-SE\",\"@id\":\"https:\/\/snowtraildogcamp.com\/sv\/#\/schema\/logo\/image\/\",\"url\":\"https:\/\/snowtraildogcamp.com\/wp-content\/uploads\/2015\/12\/cropped-logo_snowtrail_dogcamp_e_plus.jpg\",\"contentUrl\":\"https:\/\/snowtraildogcamp.com\/wp-content\/uploads\/2015\/12\/cropped-logo_snowtrail_dogcamp_e_plus.jpg\",\"width\":248,\"height\":157,\"caption\":\"Snow Trail Dog Camp\"},\"image\":{\"@id\":\"https:\/\/snowtraildogcamp.com\/sv\/#\/schema\/logo\/image\/\"}}]}<\/script>\n<!-- \/ Yoast SEO plugin. -->","yoast_head_json":{"title":"Tr\u00e4ning med m\u00e4stare - Snow Trail Dog Camp","robots":{"index":"index","follow":"follow","max-snippet":"max-snippet:-1","max-image-preview":"max-image-preview:large","max-video-preview":"max-video-preview:-1"},"canonical":"https:\/\/snowtraildogcamp.com\/sv\/traning-med-mastare\/","og_locale":"sv_SE","og_type":"article","og_title":"Tr\u00e4ning med m\u00e4stare - Snow Trail Dog Camp","og_description":"Programmet &#8221;Training with Champs&#8221; ger en sp\u00e4nnande inblick i tr\u00e4ningsrutinen f\u00f6r ett Ididarod Husky-team. Sl\u00e4dhundstr\u00e4ningen b\u00f6rjar p\u00e5 sensommaren, d\u00e5 temperaturen sjunker under 15 grader. Den tidiga kommande h\u00f6sten k\u00e4nnetecknas av en obeskrivlig f\u00e4rgflamma, d\u00e4r r\u00f6da och gula toner dominerar. N\u00e4tterna blir svala och redan i september \u00e4r det den f\u00f6rsta frosten, i bergen finns det &hellip; Forts\u00e4tt l\u00e4sa Tr\u00e4ning med m\u00e4stare","og_url":"https:\/\/snowtraildogcamp.com\/sv\/traning-med-mastare\/","og_site_name":"Snow Trail Dog Camp","article_modified_time":"2025-01-17T06:58:26+00:00","og_image":[{"width":1171,"height":856,"url":"https:\/\/snowtraildogcamp.com\/wp-content\/uploads\/2022\/05\/Hundetraining-1.jpg","type":"image\/jpeg"}],"twitter_card":"summary_large_image","twitter_misc":{"Ber\u00e4knad l\u00e4stid":"2 minuter"},"schema":{"@context":"https:\/\/schema.org","@graph":[{"@type":"WebPage","@id":"https:\/\/snowtraildogcamp.com\/sv\/traning-med-mastare\/","url":"https:\/\/snowtraildogcamp.com\/sv\/traning-med-mastare\/","name":"Tr\u00e4ning med m\u00e4stare - Snow Trail Dog Camp","isPartOf":{"@id":"https:\/\/snowtraildogcamp.com\/sv\/#website"},"primaryImageOfPage":{"@id":"https:\/\/snowtraildogcamp.com\/sv\/traning-med-mastare\/#primaryimage"},"image":{"@id":"https:\/\/snowtraildogcamp.com\/sv\/traning-med-mastare\/#primaryimage"},"thumbnailUrl":"https:\/\/snowtraildogcamp.com\/wp-content\/uploads\/2022\/05\/Hundetraining-1.jpg","datePublished":"2025-01-17T06:54:13+00:00","dateModified":"2025-01-17T06:58:26+00:00","breadcrumb":{"@id":"https:\/\/snowtraildogcamp.com\/sv\/traning-med-mastare\/#breadcrumb"},"inLanguage":"sv-SE","potentialAction":[{"@type":"ReadAction","target":["https:\/\/snowtraildogcamp.com\/sv\/traning-med-mastare\/"]}]},{"@type":"ImageObject","inLanguage":"sv-SE","@id":"https:\/\/snowtraildogcamp.com\/sv\/traning-med-mastare\/#primaryimage","url":"https:\/\/snowtraildogcamp.com\/wp-content\/uploads\/2022\/05\/Hundetraining-1.jpg","contentUrl":"https:\/\/snowtraildogcamp.com\/wp-content\/uploads\/2022\/05\/Hundetraining-1.jpg","width":1171,"height":856},{"@type":"BreadcrumbList","@id":"https:\/\/snowtraildogcamp.com\/sv\/traning-med-mastare\/#breadcrumb","itemListElement":[{"@type":"ListItem","position":1,"name":"Startseite","item":"https:\/\/snowtraildogcamp.com\/sv\/"},{"@type":"ListItem","position":2,"name":"Tr\u00e4ning med m\u00e4stare"}]},{"@type":"WebSite","@id":"https:\/\/snowtraildogcamp.com\/sv\/#website","url":"https:\/\/snowtraildogcamp.com\/sv\/","name":"Snow Trail Dog Camp","description":"","publisher":{"@id":"https:\/\/snowtraildogcamp.com\/sv\/#organization"},"potentialAction":[{"@type":"SearchAction","target":{"@type":"EntryPoint","urlTemplate":"https:\/\/snowtraildogcamp.com\/sv\/?s={search_term_string}"},"query-input":{"@type":"PropertyValueSpecification","valueRequired":true,"valueName":"search_term_string"}}],"inLanguage":"sv-SE"},{"@type":"Organization","@id":"https:\/\/snowtraildogcamp.com\/sv\/#organization","name":"Snow Trail Dog Camp","url":"https:\/\/snowtraildogcamp.com\/sv\/","logo":{"@type":"ImageObject","inLanguage":"sv-SE","@id":"https:\/\/snowtraildogcamp.com\/sv\/#\/schema\/logo\/image\/","url":"https:\/\/snowtraildogcamp.com\/wp-content\/uploads\/2015\/12\/cropped-logo_snowtrail_dogcamp_e_plus.jpg","contentUrl":"https:\/\/snowtraildogcamp.com\/wp-content\/uploads\/2015\/12\/cropped-logo_snowtrail_dogcamp_e_plus.jpg","width":248,"height":157,"caption":"Snow Trail Dog Camp"},"image":{"@id":"https:\/\/snowtraildogcamp.com\/sv\/#\/schema\/logo\/image\/"}}]}},"_links":{"self":[{"href":"https:\/\/snowtraildogcamp.com\/sv\/wp-json\/wp\/v2\/pages\/3075","targetHints":{"allow":["GET"]}}],"collection":[{"href":"https:\/\/snowtraildogcamp.com\/sv\/wp-json\/wp\/v2\/pages"}],"about":[{"href":"https:\/\/snowtraildogcamp.com\/sv\/wp-json\/wp\/v2\/types\/page"}],"author":[{"embeddable":true,"href":"https:\/\/snowtraildogcamp.com\/sv\/wp-json\/wp\/v2\/users\/1"}],"replies":[{"embeddable":true,"href":"https:\/\/snowtraildogcamp.com\/sv\/wp-json\/wp\/v2\/comments?post=3075"}],"version-history":[{"count":4,"href":"https:\/\/snowtraildogcamp.com\/sv\/wp-json\/wp\/v2\/pages\/3075\/revisions"}],"predecessor-version":[{"id":3079,"href":"https:\/\/snowtraildogcamp.com\/sv\/wp-json\/wp\/v2\/pages\/3075\/revisions\/3079"}],"wp:featuredmedia":[{"embeddable":true,"href":"https:\/\/snowtraildogcamp.com\/sv\/wp-json\/wp\/v2\/media\/3008"}],"wp:attachment":[{"href":"https:\/\/snowtraildogcamp.com\/sv\/wp-json\/wp\/v2\/media?parent=3075"}],"curies":[{"name":"wp","href":"https:\/\/api.w.org\/{rel}","templated":true}]}}