{"id":3066,"date":"2025-01-17T07:43:41","date_gmt":"2025-01-17T06:43:41","guid":{"rendered":"https:\/\/snowtraildogcamp.com\/?page_id=3066"},"modified":"2025-01-17T07:44:44","modified_gmt":"2025-01-17T06:44:44","slug":"logen","status":"publish","type":"page","link":"https:\/\/snowtraildogcamp.com\/sv\/logen\/","title":{"rendered":"Logen"},"content":{"rendered":"<h3 style=\"text-align: left;\"><strong>Upplev och uppt\u00e4ck mycket n\u00e4r som helst p\u00e5 \u00e5ret<\/strong><\/h3>\n<p><strong>V\u00e5r mysiga lodge ligger l\u00e5ngt bort fr\u00e5n n\u00e5gon civilisation mitt i den svenska vildmarken ca 150 km norr om polcirkeln mellan Kiruna och G\u00e4llivare.\u00a0<\/strong><\/p>\n<p>P\u00e5 vintern h\u00e4mtar vi dig med minibuss fr\u00e5n flygplatsen, t\u00e5gstationen eller ditt hotell. Fr\u00e5n v\u00e5r parkering, som ligger ca 3 kilometer fr\u00e5n l\u00e4gret, forts\u00e4tter vi med skotern. V\u00e4l framme vid l\u00e4gret m\u00f6ts du glatt och h\u00f6gljutt av v\u00e5ra huskies. Bara sedan n\u00e5gra \u00e5r finns en liten matarv\u00e4g direkt till l\u00e4gret. Detta \u00e4r bara acceptabelt p\u00e5 sommaren.<\/p>\n<p style=\"text-align: left;\">Lodgen har totalt 5 rum med 14 b\u00e4ddar. Det finns tv\u00e5 4-b\u00e4ddsrum med v\u00e5ningss\u00e4ngar, tv\u00e5 2-b\u00e4ddsrum med dubbels\u00e4ng och ett 2-b\u00e4ddsrum med v\u00e5ningss\u00e4ng och tv\u00e5 badrum f\u00f6r gemensamt bruk.<\/p>\n<div id='gallery-1' class='gallery galleryid-3066 gallery-columns-4 gallery-size-thumbnail'><figure class='gallery-item'>\n\t\t\t<div class='gallery-icon landscape'>\n\t\t\t\t<a title=\"Zimmer Jerry\" href='https:\/\/snowtraildogcamp.com\/wp-content\/uploads\/2020\/06\/jerry1-scaled.jpg'><img loading=\"lazy\" decoding=\"async\" width=\"150\" height=\"150\" src=\"https:\/\/snowtraildogcamp.com\/wp-content\/uploads\/2020\/06\/jerry1-150x150.jpg\" class=\"attachment-thumbnail size-thumbnail\" alt=\"\" \/><\/a>\n\t\t\t<\/div><\/figure><figure class='gallery-item'>\n\t\t\t<div class='gallery-icon portrait'>\n\t\t\t\t<a title=\"Badezimmer 1\" href='https:\/\/snowtraildogcamp.com\/wp-content\/uploads\/2020\/06\/bathroom1-scaled.jpg'><img loading=\"lazy\" decoding=\"async\" width=\"150\" height=\"150\" src=\"https:\/\/snowtraildogcamp.com\/wp-content\/uploads\/2020\/06\/bathroom1-150x150.jpg\" class=\"attachment-thumbnail size-thumbnail\" alt=\"\" \/><\/a>\n\t\t\t<\/div><\/figure><figure class='gallery-item'>\n\t\t\t<div class='gallery-icon landscape'>\n\t\t\t\t<a title=\"Zimmer Humpa\" href='https:\/\/snowtraildogcamp.com\/wp-content\/uploads\/2020\/06\/humpa1-scaled.jpg'><img loading=\"lazy\" decoding=\"async\" width=\"150\" height=\"150\" src=\"https:\/\/snowtraildogcamp.com\/wp-content\/uploads\/2020\/06\/humpa1-150x150.jpg\" class=\"attachment-thumbnail size-thumbnail\" alt=\"\" \/><\/a>\n\t\t\t<\/div><\/figure><figure class='gallery-item'>\n\t\t\t<div class='gallery-icon landscape'>\n\t\t\t\t<a title=\"Zimmer Gin\" href='https:\/\/snowtraildogcamp.com\/wp-content\/uploads\/2020\/06\/gin1-scaled.jpg'><img loading=\"lazy\" decoding=\"async\" width=\"150\" height=\"150\" src=\"https:\/\/snowtraildogcamp.com\/wp-content\/uploads\/2020\/06\/gin1-150x150.jpg\" class=\"attachment-thumbnail size-thumbnail\" alt=\"\" \/><\/a>\n\t\t\t<\/div><\/figure><figure class='gallery-item'>\n\t\t\t<div class='gallery-icon portrait'>\n\t\t\t\t<a title=\"Badezimmer 1 + 2\" href='https:\/\/snowtraildogcamp.com\/wp-content\/uploads\/2020\/06\/bathroom-scaled.jpg'><img loading=\"lazy\" decoding=\"async\" width=\"150\" height=\"150\" src=\"https:\/\/snowtraildogcamp.com\/wp-content\/uploads\/2020\/06\/bathroom-150x150.jpg\" class=\"attachment-thumbnail size-thumbnail\" alt=\"\" \/><\/a>\n\t\t\t<\/div><\/figure><figure class='gallery-item'>\n\t\t\t<div class='gallery-icon portrait'>\n\t\t\t\t<a title=\"Badezimmer 2\" href='https:\/\/snowtraildogcamp.com\/wp-content\/uploads\/2020\/06\/bathroom2-scaled.jpg'><img loading=\"lazy\" decoding=\"async\" width=\"150\" height=\"150\" src=\"https:\/\/snowtraildogcamp.com\/wp-content\/uploads\/2020\/06\/bathroom2-150x150.jpg\" class=\"attachment-thumbnail size-thumbnail\" alt=\"\" \/><\/a>\n\t\t\t<\/div><\/figure><figure class='gallery-item'>\n\t\t\t<div class='gallery-icon landscape'>\n\t\t\t\t<a title=\"Zimmer Snoopy\" href='https:\/\/snowtraildogcamp.com\/wp-content\/uploads\/2020\/06\/snoopy1-scaled.jpg'><img loading=\"lazy\" decoding=\"async\" width=\"150\" height=\"150\" src=\"https:\/\/snowtraildogcamp.com\/wp-content\/uploads\/2020\/06\/snoopy1-150x150.jpg\" class=\"attachment-thumbnail size-thumbnail\" alt=\"\" \/><\/a>\n\t\t\t<\/div><\/figure><figure class='gallery-item'>\n\t\t\t<div class='gallery-icon landscape'>\n\t\t\t\t<a title=\"Zimmer Anne\" href='https:\/\/snowtraildogcamp.com\/wp-content\/uploads\/2020\/06\/anne1-scaled.jpg'><img loading=\"lazy\" decoding=\"async\" width=\"150\" height=\"150\" src=\"https:\/\/snowtraildogcamp.com\/wp-content\/uploads\/2020\/06\/anne1-150x150.jpg\" class=\"attachment-thumbnail size-thumbnail\" alt=\"\" \/><\/a>\n\t\t\t<\/div><\/figure>\n\t\t<\/div>\n\n<p style=\"text-align: left;\">Den stora loungen med \u00f6ppen spis, stereo och ett mysigt loft med m\u00e5nga b\u00f6cker inbjuder dig att l\u00e4sa och koppla av.\u00a0<\/p>\n<div id='gallery-2' class='gallery galleryid-3066 gallery-columns-4 gallery-size-thumbnail'><figure class='gallery-item'>\n\t\t\t<div class='gallery-icon landscape'>\n\t\t\t\t<a title=\"Stube mit Schwedenofen\" href='https:\/\/snowtraildogcamp.com\/wp-content\/uploads\/2020\/06\/stove-scaled.jpg'><img loading=\"lazy\" decoding=\"async\" width=\"150\" height=\"150\" src=\"https:\/\/snowtraildogcamp.com\/wp-content\/uploads\/2020\/06\/stove-150x150.jpg\" class=\"attachment-thumbnail size-thumbnail\" alt=\"\" \/><\/a>\n\t\t\t<\/div><\/figure><figure class='gallery-item'>\n\t\t\t<div class='gallery-icon landscape'>\n\t\t\t\t<a title=\"Sofa in der Stube\" href='https:\/\/snowtraildogcamp.com\/wp-content\/uploads\/2020\/06\/sofa-scaled.jpg'><img loading=\"lazy\" decoding=\"async\" width=\"150\" height=\"150\" src=\"https:\/\/snowtraildogcamp.com\/wp-content\/uploads\/2020\/06\/sofa-150x150.jpg\" class=\"attachment-thumbnail size-thumbnail\" alt=\"\" \/><\/a>\n\t\t\t<\/div><\/figure><figure class='gallery-item'>\n\t\t\t<div class='gallery-icon landscape'>\n\t\t\t\t<a title=\"Stube - Aufenthaltsraum\" href='https:\/\/snowtraildogcamp.com\/wp-content\/uploads\/2020\/06\/living-room-scaled.jpg'><img loading=\"lazy\" decoding=\"async\" width=\"150\" height=\"150\" src=\"https:\/\/snowtraildogcamp.com\/wp-content\/uploads\/2020\/06\/living-room-150x150.jpg\" class=\"attachment-thumbnail size-thumbnail\" alt=\"\" \/><\/a>\n\t\t\t<\/div><\/figure><figure class='gallery-item'>\n\t\t\t<div class='gallery-icon landscape'>\n\t\t\t\t<a title=\"Stube mit Esstisch\" href='https:\/\/snowtraildogcamp.com\/wp-content\/uploads\/2020\/06\/living-room1-scaled.jpg'><img loading=\"lazy\" decoding=\"async\" width=\"150\" height=\"150\" src=\"https:\/\/snowtraildogcamp.com\/wp-content\/uploads\/2020\/06\/living-room1-150x150.jpg\" class=\"attachment-thumbnail size-thumbnail\" alt=\"\" \/><\/a>\n\t\t\t<\/div><\/figure>\n\t\t<\/div>\n\n<p style=\"text-align: left;\">N\u00e4r som helst p\u00e5 \u00e5ret kan du koppla av i v\u00e5r vedeldade bastu och njuta av ett uppfriskande dopp i sj\u00f6n framf\u00f6r huset. Vi sk\u00e4mmer bort din smak med \u00f6verv\u00e4gande lokala specialiteter som ren eller \u00e4lg samt \u00f6rter och b\u00e4r.\u00a0<\/p>\n<p>Om du vill kan du ocks\u00e5 \u00f6vernatta n\u00e4ra lodgen utomhus p\u00e5 renskinn och i sovs\u00e4ck (renskinn och polarsovs\u00e4ck finns).<\/p>\n","protected":false},"excerpt":{"rendered":"<p>Upplev och uppt\u00e4ck mycket n\u00e4r som helst p\u00e5 \u00e5ret V\u00e5r mysiga lodge ligger l\u00e5ngt bort fr\u00e5n n\u00e5gon civilisation mitt i den svenska vildmarken ca 150 km norr om polcirkeln mellan Kiruna och G\u00e4llivare.\u00a0 P\u00e5 vintern h\u00e4mtar vi dig med minibuss fr\u00e5n flygplatsen, t\u00e5gstationen eller ditt hotell. Fr\u00e5n v\u00e5r parkering, som ligger ca 3 kilometer fr\u00e5n &hellip; <a href=\"https:\/\/snowtraildogcamp.com\/sv\/logen\/\" class=\"more-link\">Forts\u00e4tt l\u00e4sa <span class=\"screen-reader-text\">Logen<\/span><\/a><\/p>\n","protected":false},"author":1,"featured_media":2765,"parent":0,"menu_order":0,"comment_status":"closed","ping_status":"closed","template":"","meta":{"footnotes":""},"class_list":["post-3066","page","type-page","status-publish","has-post-thumbnail","hentry"],"yoast_head":"<!-- This site is optimized with the Yoast SEO plugin v27.1.1 - https:\/\/yoast.com\/product\/yoast-seo-wordpress\/ -->\n<title>Logen - Snow Trail Dog Camp<\/title>\n<meta name=\"robots\" content=\"index, follow, max-snippet:-1, max-image-preview:large, max-video-preview:-1\" \/>\n<link rel=\"canonical\" href=\"https:\/\/snowtraildogcamp.com\/sv\/logen\/\" \/>\n<meta property=\"og:locale\" content=\"sv_SE\" \/>\n<meta property=\"og:type\" content=\"article\" \/>\n<meta property=\"og:title\" content=\"Logen - Snow Trail Dog Camp\" \/>\n<meta property=\"og:description\" content=\"Upplev och uppt\u00e4ck mycket n\u00e4r som helst p\u00e5 \u00e5ret V\u00e5r mysiga lodge ligger l\u00e5ngt bort fr\u00e5n n\u00e5gon civilisation mitt i den svenska vildmarken ca 150 km norr om polcirkeln mellan Kiruna och G\u00e4llivare.\u00a0 P\u00e5 vintern h\u00e4mtar vi dig med minibuss fr\u00e5n flygplatsen, t\u00e5gstationen eller ditt hotell. Fr\u00e5n v\u00e5r parkering, som ligger ca 3 kilometer fr\u00e5n &hellip; Forts\u00e4tt l\u00e4sa Logen\" \/>\n<meta property=\"og:url\" content=\"https:\/\/snowtraildogcamp.com\/sv\/logen\/\" \/>\n<meta property=\"og:site_name\" content=\"Snow Trail Dog Camp\" \/>\n<meta property=\"article:modified_time\" content=\"2025-01-17T06:44:44+00:00\" \/>\n<meta property=\"og:image\" content=\"https:\/\/snowtraildogcamp.com\/wp-content\/uploads\/2015\/11\/GF2_6767.jpg\" \/>\n\t<meta property=\"og:image:width\" content=\"1500\" \/>\n\t<meta property=\"og:image:height\" content=\"1000\" \/>\n\t<meta property=\"og:image:type\" content=\"image\/jpeg\" \/>\n<meta name=\"twitter:card\" content=\"summary_large_image\" \/>\n<meta name=\"twitter:label1\" content=\"Ber\u00e4knad l\u00e4stid\" \/>\n\t<meta name=\"twitter:data1\" content=\"2 minuter\" \/>\n<script type=\"application\/ld+json\" class=\"yoast-schema-graph\">{\"@context\":\"https:\/\/schema.org\",\"@graph\":[{\"@type\":\"WebPage\",\"@id\":\"https:\/\/snowtraildogcamp.com\/sv\/logen\/\",\"url\":\"https:\/\/snowtraildogcamp.com\/sv\/logen\/\",\"name\":\"Logen - Snow Trail Dog Camp\",\"isPartOf\":{\"@id\":\"https:\/\/snowtraildogcamp.com\/sv\/#website\"},\"primaryImageOfPage\":{\"@id\":\"https:\/\/snowtraildogcamp.com\/sv\/logen\/#primaryimage\"},\"image\":{\"@id\":\"https:\/\/snowtraildogcamp.com\/sv\/logen\/#primaryimage\"},\"thumbnailUrl\":\"https:\/\/snowtraildogcamp.com\/wp-content\/uploads\/2015\/11\/GF2_6767.jpg\",\"datePublished\":\"2025-01-17T06:43:41+00:00\",\"dateModified\":\"2025-01-17T06:44:44+00:00\",\"breadcrumb\":{\"@id\":\"https:\/\/snowtraildogcamp.com\/sv\/logen\/#breadcrumb\"},\"inLanguage\":\"sv-SE\",\"potentialAction\":[{\"@type\":\"ReadAction\",\"target\":[\"https:\/\/snowtraildogcamp.com\/sv\/logen\/\"]}]},{\"@type\":\"ImageObject\",\"inLanguage\":\"sv-SE\",\"@id\":\"https:\/\/snowtraildogcamp.com\/sv\/logen\/#primaryimage\",\"url\":\"https:\/\/snowtraildogcamp.com\/wp-content\/uploads\/2015\/11\/GF2_6767.jpg\",\"contentUrl\":\"https:\/\/snowtraildogcamp.com\/wp-content\/uploads\/2015\/11\/GF2_6767.jpg\",\"width\":1500,\"height\":1000},{\"@type\":\"BreadcrumbList\",\"@id\":\"https:\/\/snowtraildogcamp.com\/sv\/logen\/#breadcrumb\",\"itemListElement\":[{\"@type\":\"ListItem\",\"position\":1,\"name\":\"Startseite\",\"item\":\"https:\/\/snowtraildogcamp.com\/sv\/\"},{\"@type\":\"ListItem\",\"position\":2,\"name\":\"Logen\"}]},{\"@type\":\"WebSite\",\"@id\":\"https:\/\/snowtraildogcamp.com\/sv\/#website\",\"url\":\"https:\/\/snowtraildogcamp.com\/sv\/\",\"name\":\"Snow Trail Dog Camp\",\"description\":\"\",\"publisher\":{\"@id\":\"https:\/\/snowtraildogcamp.com\/sv\/#organization\"},\"potentialAction\":[{\"@type\":\"SearchAction\",\"target\":{\"@type\":\"EntryPoint\",\"urlTemplate\":\"https:\/\/snowtraildogcamp.com\/sv\/?s={search_term_string}\"},\"query-input\":{\"@type\":\"PropertyValueSpecification\",\"valueRequired\":true,\"valueName\":\"search_term_string\"}}],\"inLanguage\":\"sv-SE\"},{\"@type\":\"Organization\",\"@id\":\"https:\/\/snowtraildogcamp.com\/sv\/#organization\",\"name\":\"Snow Trail Dog Camp\",\"url\":\"https:\/\/snowtraildogcamp.com\/sv\/\",\"logo\":{\"@type\":\"ImageObject\",\"inLanguage\":\"sv-SE\",\"@id\":\"https:\/\/snowtraildogcamp.com\/sv\/#\/schema\/logo\/image\/\",\"url\":\"https:\/\/snowtraildogcamp.com\/wp-content\/uploads\/2015\/12\/cropped-logo_snowtrail_dogcamp_e_plus.jpg\",\"contentUrl\":\"https:\/\/snowtraildogcamp.com\/wp-content\/uploads\/2015\/12\/cropped-logo_snowtrail_dogcamp_e_plus.jpg\",\"width\":248,\"height\":157,\"caption\":\"Snow Trail Dog Camp\"},\"image\":{\"@id\":\"https:\/\/snowtraildogcamp.com\/sv\/#\/schema\/logo\/image\/\"}}]}<\/script>\n<!-- \/ Yoast SEO plugin. -->","yoast_head_json":{"title":"Logen - Snow Trail Dog Camp","robots":{"index":"index","follow":"follow","max-snippet":"max-snippet:-1","max-image-preview":"max-image-preview:large","max-video-preview":"max-video-preview:-1"},"canonical":"https:\/\/snowtraildogcamp.com\/sv\/logen\/","og_locale":"sv_SE","og_type":"article","og_title":"Logen - Snow Trail Dog Camp","og_description":"Upplev och uppt\u00e4ck mycket n\u00e4r som helst p\u00e5 \u00e5ret V\u00e5r mysiga lodge ligger l\u00e5ngt bort fr\u00e5n n\u00e5gon civilisation mitt i den svenska vildmarken ca 150 km norr om polcirkeln mellan Kiruna och G\u00e4llivare.\u00a0 P\u00e5 vintern h\u00e4mtar vi dig med minibuss fr\u00e5n flygplatsen, t\u00e5gstationen eller ditt hotell. Fr\u00e5n v\u00e5r parkering, som ligger ca 3 kilometer fr\u00e5n &hellip; Forts\u00e4tt l\u00e4sa Logen","og_url":"https:\/\/snowtraildogcamp.com\/sv\/logen\/","og_site_name":"Snow Trail Dog Camp","article_modified_time":"2025-01-17T06:44:44+00:00","og_image":[{"width":1500,"height":1000,"url":"https:\/\/snowtraildogcamp.com\/wp-content\/uploads\/2015\/11\/GF2_6767.jpg","type":"image\/jpeg"}],"twitter_card":"summary_large_image","twitter_misc":{"Ber\u00e4knad l\u00e4stid":"2 minuter"},"schema":{"@context":"https:\/\/schema.org","@graph":[{"@type":"WebPage","@id":"https:\/\/snowtraildogcamp.com\/sv\/logen\/","url":"https:\/\/snowtraildogcamp.com\/sv\/logen\/","name":"Logen - Snow Trail Dog Camp","isPartOf":{"@id":"https:\/\/snowtraildogcamp.com\/sv\/#website"},"primaryImageOfPage":{"@id":"https:\/\/snowtraildogcamp.com\/sv\/logen\/#primaryimage"},"image":{"@id":"https:\/\/snowtraildogcamp.com\/sv\/logen\/#primaryimage"},"thumbnailUrl":"https:\/\/snowtraildogcamp.com\/wp-content\/uploads\/2015\/11\/GF2_6767.jpg","datePublished":"2025-01-17T06:43:41+00:00","dateModified":"2025-01-17T06:44:44+00:00","breadcrumb":{"@id":"https:\/\/snowtraildogcamp.com\/sv\/logen\/#breadcrumb"},"inLanguage":"sv-SE","potentialAction":[{"@type":"ReadAction","target":["https:\/\/snowtraildogcamp.com\/sv\/logen\/"]}]},{"@type":"ImageObject","inLanguage":"sv-SE","@id":"https:\/\/snowtraildogcamp.com\/sv\/logen\/#primaryimage","url":"https:\/\/snowtraildogcamp.com\/wp-content\/uploads\/2015\/11\/GF2_6767.jpg","contentUrl":"https:\/\/snowtraildogcamp.com\/wp-content\/uploads\/2015\/11\/GF2_6767.jpg","width":1500,"height":1000},{"@type":"BreadcrumbList","@id":"https:\/\/snowtraildogcamp.com\/sv\/logen\/#breadcrumb","itemListElement":[{"@type":"ListItem","position":1,"name":"Startseite","item":"https:\/\/snowtraildogcamp.com\/sv\/"},{"@type":"ListItem","position":2,"name":"Logen"}]},{"@type":"WebSite","@id":"https:\/\/snowtraildogcamp.com\/sv\/#website","url":"https:\/\/snowtraildogcamp.com\/sv\/","name":"Snow Trail Dog Camp","description":"","publisher":{"@id":"https:\/\/snowtraildogcamp.com\/sv\/#organization"},"potentialAction":[{"@type":"SearchAction","target":{"@type":"EntryPoint","urlTemplate":"https:\/\/snowtraildogcamp.com\/sv\/?s={search_term_string}"},"query-input":{"@type":"PropertyValueSpecification","valueRequired":true,"valueName":"search_term_string"}}],"inLanguage":"sv-SE"},{"@type":"Organization","@id":"https:\/\/snowtraildogcamp.com\/sv\/#organization","name":"Snow Trail Dog Camp","url":"https:\/\/snowtraildogcamp.com\/sv\/","logo":{"@type":"ImageObject","inLanguage":"sv-SE","@id":"https:\/\/snowtraildogcamp.com\/sv\/#\/schema\/logo\/image\/","url":"https:\/\/snowtraildogcamp.com\/wp-content\/uploads\/2015\/12\/cropped-logo_snowtrail_dogcamp_e_plus.jpg","contentUrl":"https:\/\/snowtraildogcamp.com\/wp-content\/uploads\/2015\/12\/cropped-logo_snowtrail_dogcamp_e_plus.jpg","width":248,"height":157,"caption":"Snow Trail Dog Camp"},"image":{"@id":"https:\/\/snowtraildogcamp.com\/sv\/#\/schema\/logo\/image\/"}}]}},"_links":{"self":[{"href":"https:\/\/snowtraildogcamp.com\/sv\/wp-json\/wp\/v2\/pages\/3066","targetHints":{"allow":["GET"]}}],"collection":[{"href":"https:\/\/snowtraildogcamp.com\/sv\/wp-json\/wp\/v2\/pages"}],"about":[{"href":"https:\/\/snowtraildogcamp.com\/sv\/wp-json\/wp\/v2\/types\/page"}],"author":[{"embeddable":true,"href":"https:\/\/snowtraildogcamp.com\/sv\/wp-json\/wp\/v2\/users\/1"}],"replies":[{"embeddable":true,"href":"https:\/\/snowtraildogcamp.com\/sv\/wp-json\/wp\/v2\/comments?post=3066"}],"version-history":[{"count":2,"href":"https:\/\/snowtraildogcamp.com\/sv\/wp-json\/wp\/v2\/pages\/3066\/revisions"}],"predecessor-version":[{"id":3068,"href":"https:\/\/snowtraildogcamp.com\/sv\/wp-json\/wp\/v2\/pages\/3066\/revisions\/3068"}],"wp:featuredmedia":[{"embeddable":true,"href":"https:\/\/snowtraildogcamp.com\/sv\/wp-json\/wp\/v2\/media\/2765"}],"wp:attachment":[{"href":"https:\/\/snowtraildogcamp.com\/sv\/wp-json\/wp\/v2\/media?parent=3066"}],"curies":[{"name":"wp","href":"https:\/\/api.w.org\/{rel}","templated":true}]}}