{"id":3062,"date":"2025-01-17T07:39:59","date_gmt":"2025-01-17T06:39:59","guid":{"rendered":"https:\/\/snowtraildogcamp.com\/?page_id=3062"},"modified":"2025-01-17T07:42:34","modified_gmt":"2025-01-17T06:42:34","slug":"kontakt","status":"publish","type":"page","link":"https:\/\/snowtraildogcamp.com\/sv\/kontakt\/","title":{"rendered":"Kontakt"},"content":{"rendered":"<h3><strong>Trots v\u00e5r avskildhet \u00e4r vi l\u00e4tta att n\u00e5 och ser fram emot att h\u00f6ra fr\u00e5n dig.<\/strong><\/h3>\n<h3>Postadress (endast f\u00f6r post)<\/h3>\n<p>Snowtrail Dogcamp AB<br \/>\nMats Pettersson<br \/>\nSkaulo 92<br \/>\n98204 Skaulo \u2013 Sverige<\/p>\n<h3>Telefon\u00a0<\/h3>\n<p>+46 70 555 93 03 eller +46 70 385 85 24<\/p>\n<h3>E-post<\/h3>\n<p><a href=\"mailto:mats@sleddog.se\">mats@sleddog.se<\/a><\/p>\n<p><span style=\"line-height: 1.6471;\">\u00a0<\/span><\/p>\n<h3><span style=\"line-height: 1.6471;\">V\u00e4gbeskrivning och l\u00e4ge (fr\u00e5n Kiruna)<\/span><\/h3>\n<p>L\u00e4gret ligger mellan Kiruna och G\u00e4llivare. Dessa \u00e4r koordinaterna: N 67.38405 \/ E 20.98441<\/p>\n<ul>\n<li><strong>Fr\u00e5n Kiruna flygf\u00e4lt<\/strong>, k\u00f6r \u00f6sterut p\u00e5 <strong>E10-v\u00e4gen<\/strong> <\/li>\n<li>Efter ca 75 kilometer kommer du till Skaulo och efter ytterligare 5 km till <strong>Moskoj\u00e4rvi<\/strong><\/li>\n<li>Sv\u00e4ng h\u00f6ger in p\u00e5 <strong>Syv\u00e4vaara V\u00e4gen<\/strong> och k\u00f6r<br \/>\nL\u00e4ngs v\u00e4gen till parkeringen.<\/li>\n<li>D\u00e4rifr\u00e5n till l\u00e4gret \u00e4r det cirka 2,5 kilometer p\u00e5 en liten v\u00e4g genom skogen<\/li>\n<\/ul>\n<p><span style=\"line-height: 1.6471;\"> <\/span><\/p>\n\n","protected":false},"excerpt":{"rendered":"<p>Trots v\u00e5r avskildhet \u00e4r vi l\u00e4tta att n\u00e5 och ser fram emot att h\u00f6ra fr\u00e5n dig. Postadress (endast f\u00f6r post) Snowtrail Dogcamp AB Mats Pettersson Skaulo 92 98204 Skaulo \u2013 Sverige Telefon\u00a0 +46 70 555 93 03 eller +46 70 385 85 24 E-post mats@sleddog.se \u00a0 V\u00e4gbeskrivning och l\u00e4ge (fr\u00e5n Kiruna) L\u00e4gret ligger mellan Kiruna &hellip; <a href=\"https:\/\/snowtraildogcamp.com\/sv\/kontakt\/\" class=\"more-link\">Forts\u00e4tt l\u00e4sa <span class=\"screen-reader-text\">Kontakt<\/span><\/a><\/p>\n","protected":false},"author":1,"featured_media":2985,"parent":0,"menu_order":0,"comment_status":"closed","ping_status":"closed","template":"","meta":{"footnotes":""},"class_list":["post-3062","page","type-page","status-publish","has-post-thumbnail","hentry"],"yoast_head":"<!-- This site is optimized with the Yoast SEO plugin v27.1.1 - https:\/\/yoast.com\/product\/yoast-seo-wordpress\/ -->\n<title>Kontakt - Snow Trail Dog Camp<\/title>\n<meta name=\"robots\" content=\"index, follow, max-snippet:-1, max-image-preview:large, max-video-preview:-1\" \/>\n<link rel=\"canonical\" href=\"https:\/\/snowtraildogcamp.com\/sv\/kontakt\/\" \/>\n<meta property=\"og:locale\" content=\"sv_SE\" \/>\n<meta property=\"og:type\" content=\"article\" \/>\n<meta property=\"og:title\" content=\"Kontakt - Snow Trail Dog Camp\" \/>\n<meta property=\"og:description\" content=\"Trots v\u00e5r avskildhet \u00e4r vi l\u00e4tta att n\u00e5 och ser fram emot att h\u00f6ra fr\u00e5n dig. Postadress (endast f\u00f6r post) Snowtrail Dogcamp AB Mats Pettersson Skaulo 92 98204 Skaulo \u2013 Sverige Telefon\u00a0 +46 70 555 93 03 eller +46 70 385 85 24 E-post mats@sleddog.se \u00a0 V\u00e4gbeskrivning och l\u00e4ge (fr\u00e5n Kiruna) L\u00e4gret ligger mellan Kiruna &hellip; Forts\u00e4tt l\u00e4sa Kontakt\" \/>\n<meta property=\"og:url\" content=\"https:\/\/snowtraildogcamp.com\/sv\/kontakt\/\" \/>\n<meta property=\"og:site_name\" content=\"Snow Trail Dog Camp\" \/>\n<meta property=\"article:modified_time\" content=\"2025-01-17T06:42:34+00:00\" \/>\n<meta property=\"og:image\" content=\"https:\/\/snowtraildogcamp.com\/wp-content\/uploads\/2022\/02\/Lotti-Meier-Mats-Pettersson.jpeg\" \/>\n\t<meta property=\"og:image:width\" content=\"1125\" \/>\n\t<meta property=\"og:image:height\" content=\"844\" \/>\n\t<meta property=\"og:image:type\" content=\"image\/jpeg\" \/>\n<meta name=\"twitter:card\" content=\"summary_large_image\" \/>\n<meta name=\"twitter:label1\" content=\"Ber\u00e4knad l\u00e4stid\" \/>\n\t<meta name=\"twitter:data1\" content=\"1 minut\" \/>\n<script type=\"application\/ld+json\" class=\"yoast-schema-graph\">{\"@context\":\"https:\/\/schema.org\",\"@graph\":[{\"@type\":\"WebPage\",\"@id\":\"https:\/\/snowtraildogcamp.com\/sv\/kontakt\/\",\"url\":\"https:\/\/snowtraildogcamp.com\/sv\/kontakt\/\",\"name\":\"Kontakt - Snow Trail Dog Camp\",\"isPartOf\":{\"@id\":\"https:\/\/snowtraildogcamp.com\/sv\/#website\"},\"primaryImageOfPage\":{\"@id\":\"https:\/\/snowtraildogcamp.com\/sv\/kontakt\/#primaryimage\"},\"image\":{\"@id\":\"https:\/\/snowtraildogcamp.com\/sv\/kontakt\/#primaryimage\"},\"thumbnailUrl\":\"https:\/\/snowtraildogcamp.com\/wp-content\/uploads\/2022\/02\/Lotti-Meier-Mats-Pettersson.jpeg\",\"datePublished\":\"2025-01-17T06:39:59+00:00\",\"dateModified\":\"2025-01-17T06:42:34+00:00\",\"breadcrumb\":{\"@id\":\"https:\/\/snowtraildogcamp.com\/sv\/kontakt\/#breadcrumb\"},\"inLanguage\":\"sv-SE\",\"potentialAction\":[{\"@type\":\"ReadAction\",\"target\":[\"https:\/\/snowtraildogcamp.com\/sv\/kontakt\/\"]}]},{\"@type\":\"ImageObject\",\"inLanguage\":\"sv-SE\",\"@id\":\"https:\/\/snowtraildogcamp.com\/sv\/kontakt\/#primaryimage\",\"url\":\"https:\/\/snowtraildogcamp.com\/wp-content\/uploads\/2022\/02\/Lotti-Meier-Mats-Pettersson.jpeg\",\"contentUrl\":\"https:\/\/snowtraildogcamp.com\/wp-content\/uploads\/2022\/02\/Lotti-Meier-Mats-Pettersson.jpeg\",\"width\":1125,\"height\":844},{\"@type\":\"BreadcrumbList\",\"@id\":\"https:\/\/snowtraildogcamp.com\/sv\/kontakt\/#breadcrumb\",\"itemListElement\":[{\"@type\":\"ListItem\",\"position\":1,\"name\":\"Startseite\",\"item\":\"https:\/\/snowtraildogcamp.com\/sv\/\"},{\"@type\":\"ListItem\",\"position\":2,\"name\":\"Kontakt\"}]},{\"@type\":\"WebSite\",\"@id\":\"https:\/\/snowtraildogcamp.com\/sv\/#website\",\"url\":\"https:\/\/snowtraildogcamp.com\/sv\/\",\"name\":\"Snow Trail Dog Camp\",\"description\":\"\",\"publisher\":{\"@id\":\"https:\/\/snowtraildogcamp.com\/sv\/#organization\"},\"potentialAction\":[{\"@type\":\"SearchAction\",\"target\":{\"@type\":\"EntryPoint\",\"urlTemplate\":\"https:\/\/snowtraildogcamp.com\/sv\/?s={search_term_string}\"},\"query-input\":{\"@type\":\"PropertyValueSpecification\",\"valueRequired\":true,\"valueName\":\"search_term_string\"}}],\"inLanguage\":\"sv-SE\"},{\"@type\":\"Organization\",\"@id\":\"https:\/\/snowtraildogcamp.com\/sv\/#organization\",\"name\":\"Snow Trail Dog Camp\",\"url\":\"https:\/\/snowtraildogcamp.com\/sv\/\",\"logo\":{\"@type\":\"ImageObject\",\"inLanguage\":\"sv-SE\",\"@id\":\"https:\/\/snowtraildogcamp.com\/sv\/#\/schema\/logo\/image\/\",\"url\":\"https:\/\/snowtraildogcamp.com\/wp-content\/uploads\/2015\/12\/cropped-logo_snowtrail_dogcamp_e_plus.jpg\",\"contentUrl\":\"https:\/\/snowtraildogcamp.com\/wp-content\/uploads\/2015\/12\/cropped-logo_snowtrail_dogcamp_e_plus.jpg\",\"width\":248,\"height\":157,\"caption\":\"Snow Trail Dog Camp\"},\"image\":{\"@id\":\"https:\/\/snowtraildogcamp.com\/sv\/#\/schema\/logo\/image\/\"}}]}<\/script>\n<!-- \/ Yoast SEO plugin. -->","yoast_head_json":{"title":"Kontakt - Snow Trail Dog Camp","robots":{"index":"index","follow":"follow","max-snippet":"max-snippet:-1","max-image-preview":"max-image-preview:large","max-video-preview":"max-video-preview:-1"},"canonical":"https:\/\/snowtraildogcamp.com\/sv\/kontakt\/","og_locale":"sv_SE","og_type":"article","og_title":"Kontakt - Snow Trail Dog Camp","og_description":"Trots v\u00e5r avskildhet \u00e4r vi l\u00e4tta att n\u00e5 och ser fram emot att h\u00f6ra fr\u00e5n dig. Postadress (endast f\u00f6r post) Snowtrail Dogcamp AB Mats Pettersson Skaulo 92 98204 Skaulo \u2013 Sverige Telefon\u00a0 +46 70 555 93 03 eller +46 70 385 85 24 E-post mats@sleddog.se \u00a0 V\u00e4gbeskrivning och l\u00e4ge (fr\u00e5n Kiruna) L\u00e4gret ligger mellan Kiruna &hellip; Forts\u00e4tt l\u00e4sa Kontakt","og_url":"https:\/\/snowtraildogcamp.com\/sv\/kontakt\/","og_site_name":"Snow Trail Dog Camp","article_modified_time":"2025-01-17T06:42:34+00:00","og_image":[{"width":1125,"height":844,"url":"https:\/\/snowtraildogcamp.com\/wp-content\/uploads\/2022\/02\/Lotti-Meier-Mats-Pettersson.jpeg","type":"image\/jpeg"}],"twitter_card":"summary_large_image","twitter_misc":{"Ber\u00e4knad l\u00e4stid":"1 minut"},"schema":{"@context":"https:\/\/schema.org","@graph":[{"@type":"WebPage","@id":"https:\/\/snowtraildogcamp.com\/sv\/kontakt\/","url":"https:\/\/snowtraildogcamp.com\/sv\/kontakt\/","name":"Kontakt - Snow Trail Dog Camp","isPartOf":{"@id":"https:\/\/snowtraildogcamp.com\/sv\/#website"},"primaryImageOfPage":{"@id":"https:\/\/snowtraildogcamp.com\/sv\/kontakt\/#primaryimage"},"image":{"@id":"https:\/\/snowtraildogcamp.com\/sv\/kontakt\/#primaryimage"},"thumbnailUrl":"https:\/\/snowtraildogcamp.com\/wp-content\/uploads\/2022\/02\/Lotti-Meier-Mats-Pettersson.jpeg","datePublished":"2025-01-17T06:39:59+00:00","dateModified":"2025-01-17T06:42:34+00:00","breadcrumb":{"@id":"https:\/\/snowtraildogcamp.com\/sv\/kontakt\/#breadcrumb"},"inLanguage":"sv-SE","potentialAction":[{"@type":"ReadAction","target":["https:\/\/snowtraildogcamp.com\/sv\/kontakt\/"]}]},{"@type":"ImageObject","inLanguage":"sv-SE","@id":"https:\/\/snowtraildogcamp.com\/sv\/kontakt\/#primaryimage","url":"https:\/\/snowtraildogcamp.com\/wp-content\/uploads\/2022\/02\/Lotti-Meier-Mats-Pettersson.jpeg","contentUrl":"https:\/\/snowtraildogcamp.com\/wp-content\/uploads\/2022\/02\/Lotti-Meier-Mats-Pettersson.jpeg","width":1125,"height":844},{"@type":"BreadcrumbList","@id":"https:\/\/snowtraildogcamp.com\/sv\/kontakt\/#breadcrumb","itemListElement":[{"@type":"ListItem","position":1,"name":"Startseite","item":"https:\/\/snowtraildogcamp.com\/sv\/"},{"@type":"ListItem","position":2,"name":"Kontakt"}]},{"@type":"WebSite","@id":"https:\/\/snowtraildogcamp.com\/sv\/#website","url":"https:\/\/snowtraildogcamp.com\/sv\/","name":"Snow Trail Dog Camp","description":"","publisher":{"@id":"https:\/\/snowtraildogcamp.com\/sv\/#organization"},"potentialAction":[{"@type":"SearchAction","target":{"@type":"EntryPoint","urlTemplate":"https:\/\/snowtraildogcamp.com\/sv\/?s={search_term_string}"},"query-input":{"@type":"PropertyValueSpecification","valueRequired":true,"valueName":"search_term_string"}}],"inLanguage":"sv-SE"},{"@type":"Organization","@id":"https:\/\/snowtraildogcamp.com\/sv\/#organization","name":"Snow Trail Dog Camp","url":"https:\/\/snowtraildogcamp.com\/sv\/","logo":{"@type":"ImageObject","inLanguage":"sv-SE","@id":"https:\/\/snowtraildogcamp.com\/sv\/#\/schema\/logo\/image\/","url":"https:\/\/snowtraildogcamp.com\/wp-content\/uploads\/2015\/12\/cropped-logo_snowtrail_dogcamp_e_plus.jpg","contentUrl":"https:\/\/snowtraildogcamp.com\/wp-content\/uploads\/2015\/12\/cropped-logo_snowtrail_dogcamp_e_plus.jpg","width":248,"height":157,"caption":"Snow Trail Dog Camp"},"image":{"@id":"https:\/\/snowtraildogcamp.com\/sv\/#\/schema\/logo\/image\/"}}]}},"_links":{"self":[{"href":"https:\/\/snowtraildogcamp.com\/sv\/wp-json\/wp\/v2\/pages\/3062","targetHints":{"allow":["GET"]}}],"collection":[{"href":"https:\/\/snowtraildogcamp.com\/sv\/wp-json\/wp\/v2\/pages"}],"about":[{"href":"https:\/\/snowtraildogcamp.com\/sv\/wp-json\/wp\/v2\/types\/page"}],"author":[{"embeddable":true,"href":"https:\/\/snowtraildogcamp.com\/sv\/wp-json\/wp\/v2\/users\/1"}],"replies":[{"embeddable":true,"href":"https:\/\/snowtraildogcamp.com\/sv\/wp-json\/wp\/v2\/comments?post=3062"}],"version-history":[{"count":3,"href":"https:\/\/snowtraildogcamp.com\/sv\/wp-json\/wp\/v2\/pages\/3062\/revisions"}],"predecessor-version":[{"id":3065,"href":"https:\/\/snowtraildogcamp.com\/sv\/wp-json\/wp\/v2\/pages\/3062\/revisions\/3065"}],"wp:featuredmedia":[{"embeddable":true,"href":"https:\/\/snowtraildogcamp.com\/sv\/wp-json\/wp\/v2\/media\/2985"}],"wp:attachment":[{"href":"https:\/\/snowtraildogcamp.com\/sv\/wp-json\/wp\/v2\/media?parent=3062"}],"curies":[{"name":"wp","href":"https:\/\/api.w.org\/{rel}","templated":true}]}}