{"id":3058,"date":"2025-01-17T07:32:08","date_gmt":"2025-01-17T06:32:08","guid":{"rendered":"https:\/\/snowtraildogcamp.com\/?page_id=3058"},"modified":"2025-01-17T07:39:15","modified_gmt":"2025-01-17T06:39:15","slug":"resebyraer","status":"publish","type":"page","link":"https:\/\/snowtraildogcamp.com\/sv\/resebyraer\/","title":{"rendered":"Resebyr\u00e5er"},"content":{"rendered":"<p><strong>Vi har arbetat i flera \u00e5r med resebyr\u00e5er som \u00e4r k\u00e4nda f\u00f6r oss, som k\u00e4nner till erbjudandet fr\u00e5n Snowtrail Dogcamp mycket v\u00e4l och kan ge dig kompetent r\u00e5d i ditt hemland.<\/strong><\/p>\n<p>Dessa resebyr\u00e5er hj\u00e4lper dig g\u00e4rna att s\u00e4tta ihop en effektiv och prisv\u00e4rd resa till oss. Vare sig det \u00e4r med flyg, t\u00e5g eller i din egen bil.<\/p>\n<hr \/>\n<h3>Researrang\u00f6rer \u2013 Tyskland<\/h3>\n<ul>\n<li style=\"list-style-type: none;\">\n<ul>\n<li><a href=\"http:\/\/www.elch-adventure-tours.de\/\" target=\"_blank\" rel=\"noopener noreferrer\">Elch Adventure Tours GmbH<\/a> i 01561 Priestewitz, +49 352 49 15 98 64<\/li>\n<li><a href=\"http:\/\/www.hummel-reiseideen.de\/\" target=\"_blank\" rel=\"noopener noreferrer\">Hummel Reseid\u00e9er<\/a> i 76689 Karsdorf, +49 7251 366 159 0\u00a0<\/li>\n<li><a href=\"http:\/\/www.hauser-exkursionen.de\/\" target=\"_blank\" rel=\"noopener noreferrer\">Hauser utflykter internationella<\/a> i 81241 M\u00fcnchen, +49 89 23 50 06 0<\/li>\n<li><a href=\"https:\/\/www.jalanjalan.de\/\" target=\"_blank\" rel=\"noopener noreferrer\">Jalan Jalan Travel GMBH<\/a>\u00a0i 39108 Magdeburg, +49 391 7 330 330<\/li>\n<li><a href=\"http:\/\/www.moja-travel.net\/\" target=\"_blank\" rel=\"noopener noreferrer\">moja RESA<\/a> i 77654 Offenburg,\u00a0+49 781 932297-0<\/li>\n<li><a href=\"http:\/\/www.nordic-holidays.de\/\" target=\"_blank\" rel=\"noopener noreferrer\">Nordic Holidays<\/a> i 22761 Hamburg, +49 40 28 66 87 130<\/li>\n<li><a href=\"https:\/\/www.rausstieg.de\/\" target=\"_blank\" rel=\"noopener\">Ut<\/a> i 44797 Bochum\u00a0<\/li>\n<li><a href=\"https:\/\/wasserfest.net\/\" target=\"_blank\" rel=\"noopener\">Vattenfestival<\/a> i M\u00fcnster, +49 251 379 55 63<\/li>\n<\/ul>\n<\/li>\n<\/ul>\n<p><span lang=\"DE\">Service f\u00f6r att organisera resan: <a href=\"http:\/\/www.parken-und-fliegen.de\/\" target=\"_blank\" rel=\"noopener noreferrer\">Parken-und-Fliegen.de<\/a> \u2013 H\u00e4r hittar du billig parkering och hotellboende p\u00e5 de viktigaste tyska och europeiska flygplatserna.<\/span><\/p>\n<h3>Resebyr\u00e5 \u2013 Schweiz<\/h3>\n<ul>\n<li style=\"list-style-type: none;\">\n<ul>\n<li><a href=\"http:\/\/www.nordisch.ch\/\" target=\"_blank\" rel=\"noopener noreferrer\">Nordisch Reisen AG<\/a> i 3930 Visp, <a href=\"mailto:info@nordisch.ch\">info@nordisch.ch<\/a><\/li>\n<li><a href=\"http:\/\/www.womentravel.ch\/\" target=\"_blank\" rel=\"noopener noreferrer\">Kvinnor reser<\/a> i 8001 Z\u00fcrich, +41 44 350 30 50<\/li>\n<li><a href=\"http:\/\/www.zts-reisen.com\" target=\"_blank\" rel=\"noopener noreferrer\">ZTS Center f\u00f6r vandring och studieresor<\/a> i 6301 Zug, +41 41 720 12 80<\/li>\n<li><a href=\"http:\/\/www.agtraveltrend.ch\/\" target=\"_blank\" rel=\"noopener noreferrer\">ag traveltrend<\/a> i 3000 Bern 15, +41 31 350 15 15<\/li>\n<li><a href=\"http:\/\/www.bandbtravel.ch\/\" target=\"_blank\" rel=\"noopener noreferrer\">b&amp;b resa<\/a> i 8008 Z\u00fcrich, +41 44 380 43 43<\/li>\n<\/ul>\n<\/li>\n<\/ul>\n<h3>Resebyr\u00e5 \u2013 \u00d6sterrike<\/h3>\n<ul>\n<li style=\"list-style-type: none;\">\n<ul>\n<li><a href=\"http:\/\/www.bergspechte.at\/\">BERGSSPETTARNA<\/a> i 4020 Linz, +43 732 779 311 22<\/li>\n<li><a href=\"http:\/\/www.nordland.at\/de\/index.php\">Erlebniscamp Nordland<\/a> i 8943 Aigen\/Ennstal, +43 368 224 804<\/li>\n<\/ul>\n<\/li>\n<\/ul>\n<h3>Resebyr\u00e5er \u2013 Belgien<\/h3>\n<ul>\n<li><a href=\"http:\/\/zuiderhuis.be\/\">Lappland sev\u00e4rdheter<\/a> i Gent +32 9 233 50 00 sv i Antwerpen +32 3 285 99 90<\/li>\n<\/ul>\n<p>&nbsp;<\/p>\n","protected":false},"excerpt":{"rendered":"<p>Vi har arbetat i flera \u00e5r med resebyr\u00e5er som \u00e4r k\u00e4nda f\u00f6r oss, som k\u00e4nner till erbjudandet fr\u00e5n Snowtrail Dogcamp mycket v\u00e4l och kan ge dig kompetent r\u00e5d i ditt hemland. Dessa resebyr\u00e5er hj\u00e4lper dig g\u00e4rna att s\u00e4tta ihop en effektiv och prisv\u00e4rd resa till oss. Vare sig det \u00e4r med flyg, t\u00e5g eller i &hellip; <a href=\"https:\/\/snowtraildogcamp.com\/sv\/resebyraer\/\" class=\"more-link\">Forts\u00e4tt l\u00e4sa <span class=\"screen-reader-text\">Resebyr\u00e5er<\/span><\/a><\/p>\n","protected":false},"author":1,"featured_media":2768,"parent":0,"menu_order":0,"comment_status":"closed","ping_status":"closed","template":"","meta":{"footnotes":""},"class_list":["post-3058","page","type-page","status-publish","has-post-thumbnail","hentry"],"yoast_head":"<!-- This site is optimized with the Yoast SEO plugin v27.1.1 - https:\/\/yoast.com\/product\/yoast-seo-wordpress\/ -->\n<title>Resebyr\u00e5er - Snow Trail Dog Camp<\/title>\n<meta name=\"robots\" content=\"index, follow, max-snippet:-1, max-image-preview:large, max-video-preview:-1\" \/>\n<link rel=\"canonical\" href=\"https:\/\/snowtraildogcamp.com\/sv\/resebyraer\/\" \/>\n<meta property=\"og:locale\" content=\"sv_SE\" \/>\n<meta property=\"og:type\" content=\"article\" \/>\n<meta property=\"og:title\" content=\"Resebyr\u00e5er - Snow Trail Dog Camp\" \/>\n<meta property=\"og:description\" content=\"Vi har arbetat i flera \u00e5r med resebyr\u00e5er som \u00e4r k\u00e4nda f\u00f6r oss, som k\u00e4nner till erbjudandet fr\u00e5n Snowtrail Dogcamp mycket v\u00e4l och kan ge dig kompetent r\u00e5d i ditt hemland. Dessa resebyr\u00e5er hj\u00e4lper dig g\u00e4rna att s\u00e4tta ihop en effektiv och prisv\u00e4rd resa till oss. Vare sig det \u00e4r med flyg, t\u00e5g eller i &hellip; Forts\u00e4tt l\u00e4sa Resebyr\u00e5er\" \/>\n<meta property=\"og:url\" content=\"https:\/\/snowtraildogcamp.com\/sv\/resebyraer\/\" \/>\n<meta property=\"og:site_name\" content=\"Snow Trail Dog Camp\" \/>\n<meta property=\"article:modified_time\" content=\"2025-01-17T06:39:15+00:00\" \/>\n<meta property=\"og:image\" content=\"https:\/\/snowtraildogcamp.com\/wp-content\/uploads\/2015\/12\/D753559.jpg\" \/>\n\t<meta property=\"og:image:width\" content=\"1500\" \/>\n\t<meta property=\"og:image:height\" content=\"1001\" \/>\n\t<meta property=\"og:image:type\" content=\"image\/jpeg\" \/>\n<meta name=\"twitter:card\" content=\"summary_large_image\" \/>\n<meta name=\"twitter:label1\" content=\"Ber\u00e4knad l\u00e4stid\" \/>\n\t<meta name=\"twitter:data1\" content=\"2 minuter\" \/>\n<script type=\"application\/ld+json\" class=\"yoast-schema-graph\">{\"@context\":\"https:\/\/schema.org\",\"@graph\":[{\"@type\":\"WebPage\",\"@id\":\"https:\/\/snowtraildogcamp.com\/sv\/resebyraer\/\",\"url\":\"https:\/\/snowtraildogcamp.com\/sv\/resebyraer\/\",\"name\":\"Resebyr\u00e5er - Snow Trail Dog Camp\",\"isPartOf\":{\"@id\":\"https:\/\/snowtraildogcamp.com\/sv\/#website\"},\"primaryImageOfPage\":{\"@id\":\"https:\/\/snowtraildogcamp.com\/sv\/resebyraer\/#primaryimage\"},\"image\":{\"@id\":\"https:\/\/snowtraildogcamp.com\/sv\/resebyraer\/#primaryimage\"},\"thumbnailUrl\":\"https:\/\/snowtraildogcamp.com\/wp-content\/uploads\/2015\/12\/D753559.jpg\",\"datePublished\":\"2025-01-17T06:32:08+00:00\",\"dateModified\":\"2025-01-17T06:39:15+00:00\",\"breadcrumb\":{\"@id\":\"https:\/\/snowtraildogcamp.com\/sv\/resebyraer\/#breadcrumb\"},\"inLanguage\":\"sv-SE\",\"potentialAction\":[{\"@type\":\"ReadAction\",\"target\":[\"https:\/\/snowtraildogcamp.com\/sv\/resebyraer\/\"]}]},{\"@type\":\"ImageObject\",\"inLanguage\":\"sv-SE\",\"@id\":\"https:\/\/snowtraildogcamp.com\/sv\/resebyraer\/#primaryimage\",\"url\":\"https:\/\/snowtraildogcamp.com\/wp-content\/uploads\/2015\/12\/D753559.jpg\",\"contentUrl\":\"https:\/\/snowtraildogcamp.com\/wp-content\/uploads\/2015\/12\/D753559.jpg\",\"width\":1500,\"height\":1001},{\"@type\":\"BreadcrumbList\",\"@id\":\"https:\/\/snowtraildogcamp.com\/sv\/resebyraer\/#breadcrumb\",\"itemListElement\":[{\"@type\":\"ListItem\",\"position\":1,\"name\":\"Startseite\",\"item\":\"https:\/\/snowtraildogcamp.com\/sv\/\"},{\"@type\":\"ListItem\",\"position\":2,\"name\":\"Resebyr\u00e5er\"}]},{\"@type\":\"WebSite\",\"@id\":\"https:\/\/snowtraildogcamp.com\/sv\/#website\",\"url\":\"https:\/\/snowtraildogcamp.com\/sv\/\",\"name\":\"Snow Trail Dog Camp\",\"description\":\"\",\"publisher\":{\"@id\":\"https:\/\/snowtraildogcamp.com\/sv\/#organization\"},\"potentialAction\":[{\"@type\":\"SearchAction\",\"target\":{\"@type\":\"EntryPoint\",\"urlTemplate\":\"https:\/\/snowtraildogcamp.com\/sv\/?s={search_term_string}\"},\"query-input\":{\"@type\":\"PropertyValueSpecification\",\"valueRequired\":true,\"valueName\":\"search_term_string\"}}],\"inLanguage\":\"sv-SE\"},{\"@type\":\"Organization\",\"@id\":\"https:\/\/snowtraildogcamp.com\/sv\/#organization\",\"name\":\"Snow Trail Dog Camp\",\"url\":\"https:\/\/snowtraildogcamp.com\/sv\/\",\"logo\":{\"@type\":\"ImageObject\",\"inLanguage\":\"sv-SE\",\"@id\":\"https:\/\/snowtraildogcamp.com\/sv\/#\/schema\/logo\/image\/\",\"url\":\"https:\/\/snowtraildogcamp.com\/wp-content\/uploads\/2015\/12\/cropped-logo_snowtrail_dogcamp_e_plus.jpg\",\"contentUrl\":\"https:\/\/snowtraildogcamp.com\/wp-content\/uploads\/2015\/12\/cropped-logo_snowtrail_dogcamp_e_plus.jpg\",\"width\":248,\"height\":157,\"caption\":\"Snow Trail Dog Camp\"},\"image\":{\"@id\":\"https:\/\/snowtraildogcamp.com\/sv\/#\/schema\/logo\/image\/\"}}]}<\/script>\n<!-- \/ Yoast SEO plugin. -->","yoast_head_json":{"title":"Resebyr\u00e5er - Snow Trail Dog Camp","robots":{"index":"index","follow":"follow","max-snippet":"max-snippet:-1","max-image-preview":"max-image-preview:large","max-video-preview":"max-video-preview:-1"},"canonical":"https:\/\/snowtraildogcamp.com\/sv\/resebyraer\/","og_locale":"sv_SE","og_type":"article","og_title":"Resebyr\u00e5er - Snow Trail Dog Camp","og_description":"Vi har arbetat i flera \u00e5r med resebyr\u00e5er som \u00e4r k\u00e4nda f\u00f6r oss, som k\u00e4nner till erbjudandet fr\u00e5n Snowtrail Dogcamp mycket v\u00e4l och kan ge dig kompetent r\u00e5d i ditt hemland. Dessa resebyr\u00e5er hj\u00e4lper dig g\u00e4rna att s\u00e4tta ihop en effektiv och prisv\u00e4rd resa till oss. Vare sig det \u00e4r med flyg, t\u00e5g eller i &hellip; Forts\u00e4tt l\u00e4sa Resebyr\u00e5er","og_url":"https:\/\/snowtraildogcamp.com\/sv\/resebyraer\/","og_site_name":"Snow Trail Dog Camp","article_modified_time":"2025-01-17T06:39:15+00:00","og_image":[{"width":1500,"height":1001,"url":"https:\/\/snowtraildogcamp.com\/wp-content\/uploads\/2015\/12\/D753559.jpg","type":"image\/jpeg"}],"twitter_card":"summary_large_image","twitter_misc":{"Ber\u00e4knad l\u00e4stid":"2 minuter"},"schema":{"@context":"https:\/\/schema.org","@graph":[{"@type":"WebPage","@id":"https:\/\/snowtraildogcamp.com\/sv\/resebyraer\/","url":"https:\/\/snowtraildogcamp.com\/sv\/resebyraer\/","name":"Resebyr\u00e5er - Snow Trail Dog Camp","isPartOf":{"@id":"https:\/\/snowtraildogcamp.com\/sv\/#website"},"primaryImageOfPage":{"@id":"https:\/\/snowtraildogcamp.com\/sv\/resebyraer\/#primaryimage"},"image":{"@id":"https:\/\/snowtraildogcamp.com\/sv\/resebyraer\/#primaryimage"},"thumbnailUrl":"https:\/\/snowtraildogcamp.com\/wp-content\/uploads\/2015\/12\/D753559.jpg","datePublished":"2025-01-17T06:32:08+00:00","dateModified":"2025-01-17T06:39:15+00:00","breadcrumb":{"@id":"https:\/\/snowtraildogcamp.com\/sv\/resebyraer\/#breadcrumb"},"inLanguage":"sv-SE","potentialAction":[{"@type":"ReadAction","target":["https:\/\/snowtraildogcamp.com\/sv\/resebyraer\/"]}]},{"@type":"ImageObject","inLanguage":"sv-SE","@id":"https:\/\/snowtraildogcamp.com\/sv\/resebyraer\/#primaryimage","url":"https:\/\/snowtraildogcamp.com\/wp-content\/uploads\/2015\/12\/D753559.jpg","contentUrl":"https:\/\/snowtraildogcamp.com\/wp-content\/uploads\/2015\/12\/D753559.jpg","width":1500,"height":1001},{"@type":"BreadcrumbList","@id":"https:\/\/snowtraildogcamp.com\/sv\/resebyraer\/#breadcrumb","itemListElement":[{"@type":"ListItem","position":1,"name":"Startseite","item":"https:\/\/snowtraildogcamp.com\/sv\/"},{"@type":"ListItem","position":2,"name":"Resebyr\u00e5er"}]},{"@type":"WebSite","@id":"https:\/\/snowtraildogcamp.com\/sv\/#website","url":"https:\/\/snowtraildogcamp.com\/sv\/","name":"Snow Trail Dog Camp","description":"","publisher":{"@id":"https:\/\/snowtraildogcamp.com\/sv\/#organization"},"potentialAction":[{"@type":"SearchAction","target":{"@type":"EntryPoint","urlTemplate":"https:\/\/snowtraildogcamp.com\/sv\/?s={search_term_string}"},"query-input":{"@type":"PropertyValueSpecification","valueRequired":true,"valueName":"search_term_string"}}],"inLanguage":"sv-SE"},{"@type":"Organization","@id":"https:\/\/snowtraildogcamp.com\/sv\/#organization","name":"Snow Trail Dog Camp","url":"https:\/\/snowtraildogcamp.com\/sv\/","logo":{"@type":"ImageObject","inLanguage":"sv-SE","@id":"https:\/\/snowtraildogcamp.com\/sv\/#\/schema\/logo\/image\/","url":"https:\/\/snowtraildogcamp.com\/wp-content\/uploads\/2015\/12\/cropped-logo_snowtrail_dogcamp_e_plus.jpg","contentUrl":"https:\/\/snowtraildogcamp.com\/wp-content\/uploads\/2015\/12\/cropped-logo_snowtrail_dogcamp_e_plus.jpg","width":248,"height":157,"caption":"Snow Trail Dog Camp"},"image":{"@id":"https:\/\/snowtraildogcamp.com\/sv\/#\/schema\/logo\/image\/"}}]}},"_links":{"self":[{"href":"https:\/\/snowtraildogcamp.com\/sv\/wp-json\/wp\/v2\/pages\/3058","targetHints":{"allow":["GET"]}}],"collection":[{"href":"https:\/\/snowtraildogcamp.com\/sv\/wp-json\/wp\/v2\/pages"}],"about":[{"href":"https:\/\/snowtraildogcamp.com\/sv\/wp-json\/wp\/v2\/types\/page"}],"author":[{"embeddable":true,"href":"https:\/\/snowtraildogcamp.com\/sv\/wp-json\/wp\/v2\/users\/1"}],"replies":[{"embeddable":true,"href":"https:\/\/snowtraildogcamp.com\/sv\/wp-json\/wp\/v2\/comments?post=3058"}],"version-history":[{"count":3,"href":"https:\/\/snowtraildogcamp.com\/sv\/wp-json\/wp\/v2\/pages\/3058\/revisions"}],"predecessor-version":[{"id":3061,"href":"https:\/\/snowtraildogcamp.com\/sv\/wp-json\/wp\/v2\/pages\/3058\/revisions\/3061"}],"wp:featuredmedia":[{"embeddable":true,"href":"https:\/\/snowtraildogcamp.com\/sv\/wp-json\/wp\/v2\/media\/2768"}],"wp:attachment":[{"href":"https:\/\/snowtraildogcamp.com\/sv\/wp-json\/wp\/v2\/media?parent=3058"}],"curies":[{"name":"wp","href":"https:\/\/api.w.org\/{rel}","templated":true}]}}