{"id":3018,"date":"2025-01-16T12:51:40","date_gmt":"2025-01-16T11:51:40","guid":{"rendered":"https:\/\/snowtraildogcamp.com\/?page_id=3018"},"modified":"2025-01-16T12:51:40","modified_gmt":"2025-01-16T11:51:40","slug":"valkommen-till-paradiset","status":"publish","type":"page","link":"https:\/\/snowtraildogcamp.com\/sv\/","title":{"rendered":"V\u00e4lkommen till paradiset"},"content":{"rendered":"<div class=\"entry-content\">\n<h3><strong>L\u00e5ngt borta fr\u00e5n civilisationens liv och r\u00f6relse v\u00e4lkomnar Mats Pettersson, din v\u00e4rd p\u00e5 Snowtrail Dogcamp i norra Sverige, dig.<\/strong><\/h3>\n<p><strong>L\u00e4r k\u00e4nna Lappland p\u00e5 vintern eller sommaren. Vi har ett varierat utbud som du kan uppleva varje s\u00e4song i Lappland. P\u00e5 vintern med v\u00e5ra sl\u00e4dhundar, p\u00e5 sommaren till fots eller med kanot. Du kommer att fascineras av landskapet och naturen och trivas hos oss p\u00e5 Snowtrail Dogcamp Lodge (Kiruna\/G\u00e4llivare).<\/strong><\/p>\n<p>midnattssolens land. Vi erbjuder dig fritidshusidyll i norra Sveriges avskildhet. V\u00e5r lilla, mysiga lodge ligger l\u00e5ngt bort fr\u00e5n n\u00e5gon civilisation mitt i den svenska vildmarken ca 150 km norr om polcirkeln mellan Kiruna och G\u00e4llivare.<\/p>\n<p>&nbsp;<\/p>\n<hr \/>\n<p>&nbsp;<\/p>\n<p><strong>V\u00e4lkommen till Snowtrail Dogcamp. Jag heter Mats Pettersson, \u00e4r ny \u00e4gare och programledare p\u00e5 Snowtrail Dogcamp.<\/strong><\/p>\n<p><img loading=\"lazy\" decoding=\"async\" class=\"alignright wp-image-1692 size-medium\" src=\"https:\/\/snowtraildogcamp.com\/wp-content\/uploads\/2022\/05\/Mats-Pettersson-200x300.jpg\" alt=\"\" width=\"200\" height=\"300\" srcset=\"https:\/\/snowtraildogcamp.com\/wp-content\/uploads\/2022\/05\/Mats-Pettersson-200x300.jpg 200w, https:\/\/snowtraildogcamp.com\/wp-content\/uploads\/2022\/05\/Mats-Pettersson-683x1024.jpg 683w, https:\/\/snowtraildogcamp.com\/wp-content\/uploads\/2022\/05\/Mats-Pettersson.jpg 854w\" sizes=\"auto, (max-width: 200px) 100vw, 200px\" \/><\/p>\n<p>F\u00f6rst och fr\u00e4mst vill jag tacka Lotti Meier f\u00f6r hennes f\u00f6rtroende och m\u00f6jligheten att ta \u00f6ver den underbara platsen i vildmarken i Swedish Lapland fr\u00e5n henne och forts\u00e4tta med samma passion f\u00f6r hundar, natur och m\u00e4nniskor.<\/p>\n<p>Jag v\u00e4xte upp i Kirunaregionen och deltog 7 g\u00e5nger i v\u00e4rldens l\u00e4ngsta och h\u00e5rdaste hundspannshundst\u00e4vling med 1 850 kilometer, &#8221;Iditarod&#8221; i Alaska.<\/p>\n<p>Under s\u00e4songen ber\u00e4ttar jag g\u00e4rna f\u00f6r mina g\u00e4ster p\u00e5 kv\u00e4llarna om mina \u00e4ventyr, upplevelser och upplevelser med sl\u00e4dhundar, livet i Lappland och s\u00e5klart om Iditarodloppet. Jag har vackra bilder.<\/p>\n<p>Jag ser fram emot att v\u00e4lkomna dig snart hit p\u00e5 l\u00e4gret och dela med mig av passionen f\u00f6r sl\u00e4dhundar och den underbara naturen h\u00e4r.<\/p>\n<p>Lyckliga sp\u00e5r<br \/>\nMats Petterson med hund<\/p>\n<\/div>\n","protected":false},"excerpt":{"rendered":"<p>L\u00e5ngt borta fr\u00e5n civilisationens liv och r\u00f6relse v\u00e4lkomnar Mats Pettersson, din v\u00e4rd p\u00e5 Snowtrail Dogcamp i norra Sverige, dig. L\u00e4r k\u00e4nna Lappland p\u00e5 vintern eller sommaren. Vi har ett varierat utbud som du kan uppleva varje s\u00e4song i Lappland. P\u00e5 vintern med v\u00e5ra sl\u00e4dhundar, p\u00e5 sommaren till fots eller med kanot. Du kommer att fascineras &hellip; <a href=\"https:\/\/snowtraildogcamp.com\/sv\/\" class=\"more-link\">Forts\u00e4tt l\u00e4sa <span class=\"screen-reader-text\">V\u00e4lkommen till paradiset<\/span><\/a><\/p>\n","protected":false},"author":1,"featured_media":2744,"parent":0,"menu_order":0,"comment_status":"closed","ping_status":"closed","template":"","meta":{"footnotes":""},"class_list":["post-3018","page","type-page","status-publish","has-post-thumbnail","hentry"],"yoast_head":"<!-- This site is optimized with the Yoast SEO plugin v27.1.1 - https:\/\/yoast.com\/product\/yoast-seo-wordpress\/ -->\n<title>V\u00e4lkommen till paradiset - Snow Trail Dog Camp<\/title>\n<meta name=\"robots\" content=\"index, follow, max-snippet:-1, max-image-preview:large, max-video-preview:-1\" \/>\n<link rel=\"canonical\" href=\"https:\/\/snowtraildogcamp.com\/sv\/\" \/>\n<meta property=\"og:locale\" content=\"sv_SE\" \/>\n<meta property=\"og:type\" content=\"article\" \/>\n<meta property=\"og:title\" content=\"V\u00e4lkommen till paradiset - Snow Trail Dog Camp\" \/>\n<meta property=\"og:description\" content=\"L\u00e5ngt borta fr\u00e5n civilisationens liv och r\u00f6relse v\u00e4lkomnar Mats Pettersson, din v\u00e4rd p\u00e5 Snowtrail Dogcamp i norra Sverige, dig. L\u00e4r k\u00e4nna Lappland p\u00e5 vintern eller sommaren. Vi har ett varierat utbud som du kan uppleva varje s\u00e4song i Lappland. P\u00e5 vintern med v\u00e5ra sl\u00e4dhundar, p\u00e5 sommaren till fots eller med kanot. Du kommer att fascineras &hellip; Forts\u00e4tt l\u00e4sa V\u00e4lkommen till paradiset\" \/>\n<meta property=\"og:url\" content=\"https:\/\/snowtraildogcamp.com\/sv\/\" \/>\n<meta property=\"og:site_name\" content=\"Snow Trail Dog Camp\" \/>\n<meta property=\"og:image\" content=\"https:\/\/snowtraildogcamp.com\/wp-content\/uploads\/2015\/11\/GF2_7068.jpg\" \/>\n\t<meta property=\"og:image:width\" content=\"1500\" \/>\n\t<meta property=\"og:image:height\" content=\"1000\" \/>\n\t<meta property=\"og:image:type\" content=\"image\/jpeg\" \/>\n<meta name=\"twitter:card\" content=\"summary_large_image\" \/>\n<meta name=\"twitter:label1\" content=\"Ber\u00e4knad l\u00e4stid\" \/>\n\t<meta name=\"twitter:data1\" content=\"2 minuter\" \/>\n<script type=\"application\/ld+json\" class=\"yoast-schema-graph\">{\"@context\":\"https:\/\/schema.org\",\"@graph\":[{\"@type\":\"WebPage\",\"@id\":\"https:\/\/snowtraildogcamp.com\/sv\/\",\"url\":\"https:\/\/snowtraildogcamp.com\/sv\/\",\"name\":\"V\u00e4lkommen till paradiset - Snow Trail Dog Camp\",\"isPartOf\":{\"@id\":\"https:\/\/snowtraildogcamp.com\/sv\/#website\"},\"primaryImageOfPage\":{\"@id\":\"https:\/\/snowtraildogcamp.com\/sv\/#primaryimage\"},\"image\":{\"@id\":\"https:\/\/snowtraildogcamp.com\/sv\/#primaryimage\"},\"thumbnailUrl\":\"https:\/\/snowtraildogcamp.com\/wp-content\/uploads\/2015\/11\/GF2_7068.jpg\",\"datePublished\":\"2025-01-16T11:51:40+00:00\",\"breadcrumb\":{\"@id\":\"https:\/\/snowtraildogcamp.com\/sv\/#breadcrumb\"},\"inLanguage\":\"sv-SE\",\"potentialAction\":[{\"@type\":\"ReadAction\",\"target\":[\"https:\/\/snowtraildogcamp.com\/sv\/\"]}]},{\"@type\":\"ImageObject\",\"inLanguage\":\"sv-SE\",\"@id\":\"https:\/\/snowtraildogcamp.com\/sv\/#primaryimage\",\"url\":\"https:\/\/snowtraildogcamp.com\/wp-content\/uploads\/2015\/11\/GF2_7068.jpg\",\"contentUrl\":\"https:\/\/snowtraildogcamp.com\/wp-content\/uploads\/2015\/11\/GF2_7068.jpg\",\"width\":1500,\"height\":1000},{\"@type\":\"BreadcrumbList\",\"@id\":\"https:\/\/snowtraildogcamp.com\/sv\/#breadcrumb\",\"itemListElement\":[{\"@type\":\"ListItem\",\"position\":1,\"name\":\"Startseite\",\"item\":\"https:\/\/snowtraildogcamp.com\/sv\/\"},{\"@type\":\"ListItem\",\"position\":2,\"name\":\"V\u00e4lkommen till paradiset\"}]},{\"@type\":\"WebSite\",\"@id\":\"https:\/\/snowtraildogcamp.com\/sv\/#website\",\"url\":\"https:\/\/snowtraildogcamp.com\/sv\/\",\"name\":\"Snow Trail Dog Camp\",\"description\":\"\",\"publisher\":{\"@id\":\"https:\/\/snowtraildogcamp.com\/sv\/#organization\"},\"potentialAction\":[{\"@type\":\"SearchAction\",\"target\":{\"@type\":\"EntryPoint\",\"urlTemplate\":\"https:\/\/snowtraildogcamp.com\/sv\/?s={search_term_string}\"},\"query-input\":{\"@type\":\"PropertyValueSpecification\",\"valueRequired\":true,\"valueName\":\"search_term_string\"}}],\"inLanguage\":\"sv-SE\"},{\"@type\":\"Organization\",\"@id\":\"https:\/\/snowtraildogcamp.com\/sv\/#organization\",\"name\":\"Snow Trail Dog Camp\",\"url\":\"https:\/\/snowtraildogcamp.com\/sv\/\",\"logo\":{\"@type\":\"ImageObject\",\"inLanguage\":\"sv-SE\",\"@id\":\"https:\/\/snowtraildogcamp.com\/sv\/#\/schema\/logo\/image\/\",\"url\":\"https:\/\/snowtraildogcamp.com\/wp-content\/uploads\/2015\/12\/cropped-logo_snowtrail_dogcamp_e_plus.jpg\",\"contentUrl\":\"https:\/\/snowtraildogcamp.com\/wp-content\/uploads\/2015\/12\/cropped-logo_snowtrail_dogcamp_e_plus.jpg\",\"width\":248,\"height\":157,\"caption\":\"Snow Trail Dog Camp\"},\"image\":{\"@id\":\"https:\/\/snowtraildogcamp.com\/sv\/#\/schema\/logo\/image\/\"}}]}<\/script>\n<!-- \/ Yoast SEO plugin. -->","yoast_head_json":{"title":"V\u00e4lkommen till paradiset - Snow Trail Dog Camp","robots":{"index":"index","follow":"follow","max-snippet":"max-snippet:-1","max-image-preview":"max-image-preview:large","max-video-preview":"max-video-preview:-1"},"canonical":"https:\/\/snowtraildogcamp.com\/sv\/","og_locale":"sv_SE","og_type":"article","og_title":"V\u00e4lkommen till paradiset - Snow Trail Dog Camp","og_description":"L\u00e5ngt borta fr\u00e5n civilisationens liv och r\u00f6relse v\u00e4lkomnar Mats Pettersson, din v\u00e4rd p\u00e5 Snowtrail Dogcamp i norra Sverige, dig. L\u00e4r k\u00e4nna Lappland p\u00e5 vintern eller sommaren. Vi har ett varierat utbud som du kan uppleva varje s\u00e4song i Lappland. P\u00e5 vintern med v\u00e5ra sl\u00e4dhundar, p\u00e5 sommaren till fots eller med kanot. Du kommer att fascineras &hellip; Forts\u00e4tt l\u00e4sa V\u00e4lkommen till paradiset","og_url":"https:\/\/snowtraildogcamp.com\/sv\/","og_site_name":"Snow Trail Dog Camp","og_image":[{"width":1500,"height":1000,"url":"https:\/\/snowtraildogcamp.com\/wp-content\/uploads\/2015\/11\/GF2_7068.jpg","type":"image\/jpeg"}],"twitter_card":"summary_large_image","twitter_misc":{"Ber\u00e4knad l\u00e4stid":"2 minuter"},"schema":{"@context":"https:\/\/schema.org","@graph":[{"@type":"WebPage","@id":"https:\/\/snowtraildogcamp.com\/sv\/","url":"https:\/\/snowtraildogcamp.com\/sv\/","name":"V\u00e4lkommen till paradiset - Snow Trail Dog Camp","isPartOf":{"@id":"https:\/\/snowtraildogcamp.com\/sv\/#website"},"primaryImageOfPage":{"@id":"https:\/\/snowtraildogcamp.com\/sv\/#primaryimage"},"image":{"@id":"https:\/\/snowtraildogcamp.com\/sv\/#primaryimage"},"thumbnailUrl":"https:\/\/snowtraildogcamp.com\/wp-content\/uploads\/2015\/11\/GF2_7068.jpg","datePublished":"2025-01-16T11:51:40+00:00","breadcrumb":{"@id":"https:\/\/snowtraildogcamp.com\/sv\/#breadcrumb"},"inLanguage":"sv-SE","potentialAction":[{"@type":"ReadAction","target":["https:\/\/snowtraildogcamp.com\/sv\/"]}]},{"@type":"ImageObject","inLanguage":"sv-SE","@id":"https:\/\/snowtraildogcamp.com\/sv\/#primaryimage","url":"https:\/\/snowtraildogcamp.com\/wp-content\/uploads\/2015\/11\/GF2_7068.jpg","contentUrl":"https:\/\/snowtraildogcamp.com\/wp-content\/uploads\/2015\/11\/GF2_7068.jpg","width":1500,"height":1000},{"@type":"BreadcrumbList","@id":"https:\/\/snowtraildogcamp.com\/sv\/#breadcrumb","itemListElement":[{"@type":"ListItem","position":1,"name":"Startseite","item":"https:\/\/snowtraildogcamp.com\/sv\/"},{"@type":"ListItem","position":2,"name":"V\u00e4lkommen till paradiset"}]},{"@type":"WebSite","@id":"https:\/\/snowtraildogcamp.com\/sv\/#website","url":"https:\/\/snowtraildogcamp.com\/sv\/","name":"Snow Trail Dog Camp","description":"","publisher":{"@id":"https:\/\/snowtraildogcamp.com\/sv\/#organization"},"potentialAction":[{"@type":"SearchAction","target":{"@type":"EntryPoint","urlTemplate":"https:\/\/snowtraildogcamp.com\/sv\/?s={search_term_string}"},"query-input":{"@type":"PropertyValueSpecification","valueRequired":true,"valueName":"search_term_string"}}],"inLanguage":"sv-SE"},{"@type":"Organization","@id":"https:\/\/snowtraildogcamp.com\/sv\/#organization","name":"Snow Trail Dog Camp","url":"https:\/\/snowtraildogcamp.com\/sv\/","logo":{"@type":"ImageObject","inLanguage":"sv-SE","@id":"https:\/\/snowtraildogcamp.com\/sv\/#\/schema\/logo\/image\/","url":"https:\/\/snowtraildogcamp.com\/wp-content\/uploads\/2015\/12\/cropped-logo_snowtrail_dogcamp_e_plus.jpg","contentUrl":"https:\/\/snowtraildogcamp.com\/wp-content\/uploads\/2015\/12\/cropped-logo_snowtrail_dogcamp_e_plus.jpg","width":248,"height":157,"caption":"Snow Trail Dog Camp"},"image":{"@id":"https:\/\/snowtraildogcamp.com\/sv\/#\/schema\/logo\/image\/"}}]}},"_links":{"self":[{"href":"https:\/\/snowtraildogcamp.com\/sv\/wp-json\/wp\/v2\/pages\/3018","targetHints":{"allow":["GET"]}}],"collection":[{"href":"https:\/\/snowtraildogcamp.com\/sv\/wp-json\/wp\/v2\/pages"}],"about":[{"href":"https:\/\/snowtraildogcamp.com\/sv\/wp-json\/wp\/v2\/types\/page"}],"author":[{"embeddable":true,"href":"https:\/\/snowtraildogcamp.com\/sv\/wp-json\/wp\/v2\/users\/1"}],"replies":[{"embeddable":true,"href":"https:\/\/snowtraildogcamp.com\/sv\/wp-json\/wp\/v2\/comments?post=3018"}],"version-history":[{"count":1,"href":"https:\/\/snowtraildogcamp.com\/sv\/wp-json\/wp\/v2\/pages\/3018\/revisions"}],"predecessor-version":[{"id":3019,"href":"https:\/\/snowtraildogcamp.com\/sv\/wp-json\/wp\/v2\/pages\/3018\/revisions\/3019"}],"wp:featuredmedia":[{"embeddable":true,"href":"https:\/\/snowtraildogcamp.com\/sv\/wp-json\/wp\/v2\/media\/2744"}],"wp:attachment":[{"href":"https:\/\/snowtraildogcamp.com\/sv\/wp-json\/wp\/v2\/media?parent=3018"}],"curies":[{"name":"wp","href":"https:\/\/api.w.org\/{rel}","templated":true}]}}