{"id":3191,"date":"2025-01-17T17:09:45","date_gmt":"2025-01-17T16:09:45","guid":{"rendered":"https:\/\/snowtraildogcamp.com\/?page_id=3191"},"modified":"2025-01-17T17:24:39","modified_gmt":"2025-01-17T16:24:39","slug":"le-snowtrail-dogcamp-dans-la-presse","status":"publish","type":"page","link":"https:\/\/snowtraildogcamp.com\/fr\/le-snowtrail-dogcamp-dans-la-presse\/","title":{"rendered":"Le Snowtrail Dogcamp dans la presse"},"content":{"rendered":"<p><strong>Le 1er avril 2022, Mats Pettersson a repris le Snowtrail Dogcamp de Lotti Meier. Lotti Meier a dirig\u00e9 le Snowtrail Dogcamp pendant 28 ans et en a fait ce qu&rsquo;il est aujourd&rsquo;hui. <\/strong><\/p>\n<p>La vie dans le Grand Nord ne lui a pas offert que des journ\u00e9es ensoleill\u00e9es. Mais c&rsquo;est justement cette circonstance qui a fait d&rsquo;elle une personnalit\u00e9 attachante et passionnante. C&rsquo;est ce qu&rsquo;appr\u00e9cient non seulement sa famille, ses amis et les h\u00f4tes du lodge &#8211; mais aussi les m\u00e9dias. Lotti a marqu\u00e9 durablement l&rsquo;ADN du Snowtrail Dogcamp.<\/p>\n<p>Lotti a re\u00e7u la visite de la presse \u00e0 plusieurs reprises et a fait l&rsquo;objet de nombreux articles dans les m\u00e9dias les plus divers ainsi que d&rsquo;un livre.\u00a0<\/p>\n<p>Vous trouverez ici une partie des rapports publi\u00e9s :\u00a0\u00a0<\/p>\n<hr \/>\n<h3>Communiqu\u00e9 de presse sur le passage de t\u00e9moin au Snowtrail Dogcamp<\/h3>\n<p><strong>C&rsquo;est avec un \u0153il qui pleure et un \u0153il qui rit que je vous annonce qu&rsquo;apr\u00e8s 28 ans, j&rsquo;ai pass\u00e9 le t\u00e9moin, ou plut\u00f4t la direction du Snowtrail Dogcamp, \u00e0 mon successeur Mats Pettersson \u00e0 la mi-avril. <img loading=\"lazy\" decoding=\"async\" class=\"alignright wp-image-1682 size-medium\" src=\"https:\/\/snowtraildogcamp.com\/wp-content\/uploads\/2022\/03\/Lotti-Meier_Mats-Petterson-146x300.jpg\" alt=\"\" width=\"146\" height=\"300\" srcset=\"https:\/\/snowtraildogcamp.com\/wp-content\/uploads\/2022\/03\/Lotti-Meier_Mats-Petterson-146x300.jpg 146w, https:\/\/snowtraildogcamp.com\/wp-content\/uploads\/2022\/03\/Lotti-Meier_Mats-Petterson-498x1024.jpg 498w, https:\/\/snowtraildogcamp.com\/wp-content\/uploads\/2022\/03\/Lotti-Meier_Mats-Petterson-746x1536.jpg 746w, https:\/\/snowtraildogcamp.com\/wp-content\/uploads\/2022\/03\/Lotti-Meier_Mats-Petterson.jpg 995w\" sizes=\"auto, (max-width: 146px) 100vw, 146px\" \/><br \/>\n<\/strong><\/p>\n<p>L&rsquo;\u0153il qui pleure se r\u00e9f\u00e8re \u00e0 mes nombreux clients fid\u00e8les, \u00e0 mon \u00e9quipe de longue date, \u00e0 mes chiens fid\u00e8les, \u00e0 mes voisins merveilleux et serviables et au paysage et \u00e0 la nature uniques ici, en Laponie su\u00e9doise. Tout cela va beaucoup me manquer.<\/p>\n<p>L&rsquo;\u0153il qui rit regarde mon successeur, Mats Pettersson, qui a repris le Snowtrail Dogcamp et qui continuera \u00e0 le diriger dans mon esprit. Mats Pettersson est un musher exp\u00e9riment\u00e9 de Kiruna. Il a notamment termin\u00e9 6 fois la course de l&rsquo;Iditarod en Alaska, la course de tra\u00eeneaux \u00e0 chiens la plus longue et la plus difficile au monde. Cette ann\u00e9e encore, il a s\u00e9journ\u00e9 en Alaska jusqu&rsquo;\u00e0 fin mars pour se pr\u00e9parer \u00e0 la course. Vous pouvez contacter Mats Pettersson \u00e0 l&rsquo;adresse suivante :<\/p>\n<ul>\n<li style=\"list-style-type: none;\">\n<ul>\n<li>Mats Pettersson, Kiruna Sleddog Tours,\u00a0+46 70 555 93 03 ou +46 70 385 85 24,\u00a0<a href=\"mailto:mats@sleddog.se\">mats@sleddog.se,<\/a> <a href=\"https:\/\/www.sleddogtour.se\/\" target=\"_blank\" rel=\"noopener\">www.sleddogtour.se<\/a><\/li>\n<\/ul>\n<\/li>\n<\/ul>\n<hr \/>\n<h3>Patte dans la neige<\/h3>\n<p>Ma bonne vie d&rsquo;animal en Laponie<\/p>\n<p><img loading=\"lazy\" decoding=\"async\" class=\"alignleft wp-image-1498 size-full\" src=\"https:\/\/snowtraildogcamp.com\/wp-content\/uploads\/2020\/08\/4-Pfoten-im-Schnee-e1597322469648.png\" alt=\"\" width=\"150\" height=\"220\" \/><\/p>\n<div class=\"kvgmc6g5 cxmmr5t8 oygrvhab hcukyx3x c1et5uql ii04i59q\">\n<div dir=\"auto\">Un livre sur la vie int\u00e9ressante de Lotti Meier est paru en novembre 2020 aux \u00e9ditions \u00ab\u00a0Eden Books\u00a0\u00bb. L&rsquo;auteur est Andrea Micus. Je peux commander le livre dans les librairies et sur Amazon avec ce num\u00e9ro ISBN 978-3-95910-299-5.<\/div>\n<\/div>\n<div dir=\"auto\">\u00a0<\/div>\n<div dir=\"auto\"><strong>Le contenu en bref<\/strong><\/div>\n<div dir=\"auto\">Lotti Meier, cr\u00e9atrice de mode \u00e0 succ\u00e8s, a tout : un travail bien r\u00e9mun\u00e9r\u00e9, un bel appartement, une maison de vacances dans les montagnes suisses. Mais cela ne la rend plus vraiment heureuse depuis longtemps. Elle a quarante ans, se sent apathique et fatigu\u00e9e lorsqu&rsquo;elle r\u00e9serve spontan\u00e9ment une excursion en tra\u00eeneau \u00e0 chiens en Laponie. L\u00e0-bas, dans le paysage froid et glacial, entre les fascinantes aurores bor\u00e9ales, les for\u00eats et les lacs qui s&rsquo;\u00e9tendent \u00e0 l&rsquo;infini, elle perd son c\u0153ur &#8211; d&rsquo;abord pour les huskies, admirables de fid\u00e9lit\u00e9 et de force, puis pour un homme.<\/div>\n<div dir=\"auto\">\u00a0<\/div>\n<div dir=\"auto\">Elle abandonne tout pour son r\u00eave de vivre dans le silence et l&rsquo;isolement du Grand Nord. Mais son nouveau d\u00e9part au nord du cercle polaire, loin de tout ce qu&rsquo;elle a connu jusqu&rsquo;\u00e0 pr\u00e9sent, ne se passe pas du tout comme pr\u00e9vu. Apr\u00e8s un \u00e9chec cuisant, elle doit se battre pour ses huskies et, en compagnie de ces adorables quadrup\u00e8des, elle parvient \u00e0 construire la vie dont elle r\u00eavait depuis si longtemps.<\/div>\n<div dir=\"auto\">\u00a0<\/div>\n<div dir=\"auto\">De nombreux articles ont \u00e9t\u00e9 publi\u00e9s dans diff\u00e9rents m\u00e9dias imprim\u00e9s en rapport avec le livre. Vous pouvez les t\u00e9l\u00e9charger et les lire ici en format PDF :\u00a0<\/div>\n<div dir=\"auto\">\u00a0<\/div>\n<ul>\n<li style=\"list-style-type: none;\">\n<ul>\n<li dir=\"auto\"><strong><a href=\"https:\/\/snowtraildogcamp.com\/wp-content\/uploads\/2020\/11\/Seite_79_SonntagsZeitung_2020-11-15.pdf\" target=\"_blank\" rel=\"noopener noreferrer\">Lotti et les 100 huskies<\/a><\/strong> &#8211; Journal du dimanche \/ 15 novembre 2020<\/li>\n<li dir=\"auto\"><a href=\"https:\/\/snowtraildogcamp.com\/wp-content\/uploads\/2020\/11\/Lotti-Meier_Pfoten-im-Schnee_Tierwelt_05.-November-2020.pdf\" target=\"_blank\" rel=\"noopener noreferrer\"><strong>Une couturi\u00e8re parmi les chiens de tra\u00eeneau <\/strong><\/a>&#8211; Le monde animal \/ Nov. 2020<\/li>\n<li dir=\"auto\"><a href=\"https:\/\/snowtraildogcamp.com\/wp-content\/uploads\/2020\/11\/Lotti-Meier_Pfoten-im-Schnee_Neue-Post_02.11.2020.pdf\" target=\"_blank\" rel=\"noopener noreferrer\"><strong>Du podium au tra\u00eeneau \u00e0 chiens<\/strong><\/a> &#8211; S&rsquo;expatrier en Laponie &#8211; Neue Post \/ nov. 2020<\/li>\n<li dir=\"auto\"><a href=\"https:\/\/snowtraildogcamp.com\/wp-content\/uploads\/2020\/11\/Lotti-Meier_Pfoten-im-Schnee_HundeWelt-Sport_Ausgabe-5-2020.pdf\" target=\"_blank\" rel=\"noopener noreferrer\"><strong>Patte dans la neige &#8211; conseil de lecture<\/strong><\/a> &#8211; MondeDuChienSport \/ Nov. 2020<\/li>\n<li dir=\"auto\"><a href=\"https:\/\/snowtraildogcamp.com\/wp-content\/uploads\/2020\/08\/EdenBooks_VorschauQ4_Meier.pdf\" target=\"_blank\" rel=\"noopener noreferrer\"><strong>Informations pr\u00e9liminaires sur le contenu<\/strong><\/a> &#8211; \u00c9ditions Eden \/ mai 2020<\/li>\n<\/ul>\n<\/li>\n<\/ul>\n<hr \/>\n<h3>Paysan suisse<\/h3>\n<p>9 janvier 2019<\/p>\n<p><strong>\u00abJ&rsquo;ai des peureux et des bagarreurs\u00bb<br \/>\n<\/strong><\/p>\n<div class=\"page\" title=\"Page 1\">\n<div class=\"layoutArea\">\n<div class=\"column\">\n<p>Il y a 24 ans, Lotti Meier a quitt\u00e9 la Suisse pour le nord de la Su\u00e8de, afin de commencer une nouvelle vie avec des chiens de tra\u00eeneau, \u00e0 150 kilom\u00e8tres au-dessus du cercle polaire, sur un sol aride.<\/p>\n<\/div>\n<\/div>\n<\/div>\n<p>Texte et photos : Christian Zufferey<\/p>\n<p>Cliquez ici pour acc\u00e9der au <a href=\"https:\/\/snowtraildogcamp.com\/wp-content\/uploads\/2019\/01\/Extra-Lappland-Meier.pdf\" target=\"_blank\" rel=\"noopener noreferrer\">PDF de l&rsquo;article &gt;&gt;&gt;<\/a><\/p>\n<hr \/>\n<h3>Messager valaisan<\/h3>\n<p>19 juillet 2018<\/p>\n<p><strong>\u00abJe m&rsquo;asseyais souvent dehors et je pleurais\u00bb<br \/>\n<\/strong>150 kilom\u00e8tres au-dessus du cercle polaire arctique, Lotti Meier vit avec ses chiens de tra\u00eeneau. Dans l&rsquo;interview qu&rsquo;elle nous a accord\u00e9e, la jeune femme, qui a grandi \u00e0 Vi\u00e8ge et qui travaillait auparavant comme dessinatrice de sous-v\u00eatements, nous parle de sa libert\u00e9 en Laponie su\u00e9doise et nous explique pourquoi elle a besoin d&rsquo;un cuisinier valaisan.<\/p>\n<p>Texte et photos : Christian Zufferey<\/p>\n<p>Cliquez ici pour acc\u00e9der au <a href=\"http:\/\/snowtraildogcamp.com\/wp-content\/uploads\/2018\/07\/Seite_14-15.pdf\" target=\"_blank\" rel=\"noopener noreferrer\">PDF de l&rsquo;article &gt;&gt;&gt;<\/a><\/p>\n<hr \/>\n<h3>Nordis &#8211; le magazine de l&rsquo;Europe du Nord<\/h3>\n<p>7 novembre 2017<\/p>\n<p><strong>En route pour l&rsquo;hiver nordique avec Husky &#038; Co.<br \/>\n<\/strong>\u00ab\u00a0Les chiens en ville\u00a0\u00bb est un sujet de conversation qui peut donner lieu \u00e0 des discussions anim\u00e9es et controvers\u00e9es, m\u00eame entre amis. Mais lorsque Lotti Meier, g\u00e9rante du \u00ab\u00a0Snowtrail Dogcamp\u00a0\u00bb en Laponie su\u00e9doise, invite \u00e0 l&rsquo;ABC du husky dans son lodge, isol\u00e9 dans les vastes for\u00eats de la province de Norrbottensl\u00e4n, m\u00eame le plus r\u00e9fractaire aux chiens s&rsquo;extasie.<\/p>\n<p>Texte &#038; photos : Annika M\u00fcller &#038; Ralf Gantzhorn<\/p>\n<p>Cliquez ici pour acc\u00e9der au <a href=\"http:\/\/snowtraildogcamp.com\/wp-content\/uploads\/2017\/11\/Schlittenhundefieber_Lappland.pdf\" target=\"_blank\" rel=\"noopener noreferrer\">PDF de l&rsquo;article &gt;&gt;&gt;<\/a><\/p>\n<hr \/>\n<h3>Z\u00fcrichsee Zeitung &#8211; De Meilen au cercle polaire arctique<\/h3>\n<p>20 d\u00e9cembre 2016<\/p>\n<p>L&rsquo;ex-Miloise Lotti Meier g\u00e8re depuis plus de 21 ans une maison d&rsquo;h\u00f4tes avec des chiens de tra\u00eeneau dans le nord de la Su\u00e8de. Avec pr\u00e8s de 90 huskys, elle vit \u00e0 150 kilom\u00e8tres au nord du cercle polaire. C&rsquo;est dans la nature sauvage de Laponie qu&rsquo;elle s&rsquo;est trouv\u00e9e. Elle veut aussi transmettre cette s\u00e9r\u00e9nit\u00e9 aux touristes.<\/p>\n<p>Cliquez ici pour acc\u00e9der au <a href=\"http:\/\/www.snowtraildogcamp.com\/wp-content\/uploads\/2016\/12\/STDC-_ZSZ.pdf\" target=\"_blank\" rel=\"noopener noreferrer\">PDF de l&rsquo;article<\/a>\u00a0ou directement au ePaper <a href=\"http:\/\/www.zsz.ch\/meilen\/Von-Meilen-an-den-Polarkreis\/story\/29515401\">de la Z\u00fcrichsee Zeitung<\/a><\/p>\n<hr \/>\n<h3>TagesAnzeiger &#8211; Voyage sauvage \u00e0 travers le monde hivernal de la Laponie<\/h3>\n<p>2 novembre 2016<\/p>\n<p>La Zurichoise Lotti Meier g\u00e8re un lodge de 14 places dans le nord de la Su\u00e8de pour les p\u00eacheurs sur glace ou les amateurs de tra\u00eeneau. Ses 80 huskies sont la grande attraction. Malheur \u00e0 eux s&rsquo;ils sont l\u00e2ch\u00e9s !<\/p>\n<p>Cliquez ici pour acc\u00e9der au <a href=\"http:\/\/www.snowtraildogcamp.com\/wp-content\/uploads\/2016\/11\/Wilde-Fahrt-durch-Lapplands-Winterwelt-News-Reisen-Aktiv-tagesanzeiger.ch_.pdf\" target=\"_blank\" rel=\"noopener noreferrer\">PDF de l&rsquo;article<\/a>\u00a0ou directement au ePaper <a href=\"http:\/\/www.tagesanzeiger.ch\/10997831\" target=\"_blank\" rel=\"noopener noreferrer\">du TagesAnzeiger<\/a><\/p>\n<hr \/>\n<h3>Lotti Meier sur SRF &#8211; Mission Surprise<\/h3>\n<p>15 d\u00e9cembre 2015<\/p>\n<p><iframe loading=\"lazy\" src=\"https:\/\/tp.srgssr.ch\/p\/srf\/embed?urn=urn:srf:ais:video:356662c9-9fac-4e4a-b998-922bbc9693bd&amp;start=\" name=\"Ein Leben jenseits der Zivilisation\" width=\"624\" height=\"351\" frameborder=\"0\"><\/iframe><\/p>\n<hr \/>\n<h3>Lotti Meier en Laponie : chiens de tra\u00eeneau et myrtilles<\/h3>\n<p><a href=\"http:\/\/www.srf.ch\/sendungen\/die-fuenfte-schweiz\/lotti-meier-in-lappland-schlittenhunde-und-moltebeeren?ns_source=web&amp;fb_ref=Default?ns_source=web&amp;fb_ref=Default\" rel=\"attachment wp-att-414\"><img loading=\"lazy\" decoding=\"async\" class=\"alignleft wp-image-414 size-medium\" src=\"http:\/\/www.snowtraildogcamp.com\/wp-content\/uploads\/2015\/11\/322361.150719_fuenfteschweiz-300x169.jpg\" alt=\"322361.150719_fuenfteschweiz\" width=\"300\" height=\"169\" \/><\/a><\/p>\n<p>Envoi du dimanche 19 juillet 2015  <\/p>\n<p>&gt;\u00a0<a href=\"http:\/\/www.srf.ch\/sendungen\/die-fuenfte-schweiz\/lotti-meier-in-lappland-schlittenhunde-und-moltebeeren?ns_source=web&amp;fb_ref=Default?ns_source=web&amp;fb_ref=Default\" target=\"_blank\" rel=\"noopener noreferrer\">Lien audio vers SRF 1 &#8230;<\/a>\u00a0<\/p>\n<p>&nbsp;<\/p>\n<h3>\u00a0<\/h3>\n<hr \/>\n<h3>Lotti Meier chez Aeschbacher en novembre 2010<\/h3>\n<p>https:\/\/www.srf.ch\/play\/tv\/aeschbacher\/video\/lotti-andersson?urn=urn:srf:video:d4b5ee77-220c-404d-a1fc-78f77be2a2f8<\/p>\n<hr \/>\n<h3>Magazine Outdoor &#8211; Randonn\u00e9es en huskies en Laponie<\/h3>\n<p>Voyager une fois en tra\u00eeneau \u00e0 chiens \u00e0 travers l&rsquo;immensit\u00e9 enneig\u00e9e de la Laponie &#8211; le Snowtrail Dogcamp dans le nord de la Su\u00e8de permet de r\u00e9aliser ce r\u00eave.<\/p>\n<p><a href=\"http:\/\/www.snowtraildogcamp.com\/wp-content\/uploads\/2016\/08\/od_0211_reportage-hundeschlitten-2.pdf\" target=\"_blank\" rel=\"noopener noreferrer\">L&rsquo;article en PDF<\/a><\/p>\n<hr \/>\n<h3>Organisator &#8211; le magazine pour les PME<\/h3>\n<p>Formation d&rsquo;\u00e9quipe &#8211; Les chiens polaires comme miroir du monde des affaires &#8230;. <a href=\"http:\/\/www.snowtraildogcamp.com\/wp-content\/uploads\/2016\/02\/teambuildung-org1012.pdf\" target=\"_blank\" rel=\"noopener noreferrer\">l&rsquo;article en PDF<\/a><\/p>\n<hr \/>\n<h3>Z\u00fcrichsee Zeitung en f\u00e9vrier 2010<\/h3>\n<p>Ayant d\u00e9couvert le chien de tra\u00eeneau &#8230;. <a href=\"http:\/\/www.snowtraildogcamp.com\/wp-content\/uploads\/2015\/12\/Lotti_Schlittenhunde_jan10.pdf\" target=\"_blank\" rel=\"noopener noreferrer\">l&rsquo;article en PDF<\/a><\/p>\n<hr \/>\n<h3>HR-Today en novembre 2009<\/h3>\n<p>Du monde de la mode au bord du lac de Zurich \u00e0 l&rsquo;\u00e9levage de chiens de tra\u00eeneau en Laponie<br \/>\n&#8211; <a href=\"https:\/\/snowtraildogcamp.com\/wp-content\/uploads\/2020\/11\/HR-Today-2009.pdf\" target=\"_blank\" rel=\"noopener noreferrer\">L&rsquo;article en PDF<\/a><br \/>\n&#8211; L&rsquo;article <a href=\"https:\/\/www.hrtoday.ch\/de\/article\/aus-der-modewelt-am-zuerichsee-zur-schlittenhundezucht-in-lappland\" target=\"_blank\" rel=\"noopener noreferrer\">en ligne &gt;&gt;&gt;<\/a><\/p>\n<p>&nbsp;<\/p>\n","protected":false},"excerpt":{"rendered":"<p>Le 1er avril 2022, Mats Pettersson a repris le Snowtrail Dogcamp de Lotti Meier. Lotti Meier a dirig\u00e9 le Snowtrail Dogcamp pendant 28 ans et en a fait ce qu&rsquo;il est aujourd&rsquo;hui. La vie dans le Grand Nord ne lui a pas offert que des journ\u00e9es ensoleill\u00e9es. Mais c&rsquo;est justement cette circonstance qui a fait &hellip; <a href=\"https:\/\/snowtraildogcamp.com\/fr\/le-snowtrail-dogcamp-dans-la-presse\/\" class=\"more-link\">Continuer la lecture de <span class=\"screen-reader-text\">Le Snowtrail Dogcamp dans la presse<\/span><\/a><\/p>\n","protected":false},"author":1,"featured_media":3004,"parent":0,"menu_order":0,"comment_status":"closed","ping_status":"closed","template":"","meta":{"footnotes":""},"class_list":["post-3191","page","type-page","status-publish","has-post-thumbnail","hentry"],"yoast_head":"<!-- This site is optimized with the Yoast SEO plugin v27.1.1 - https:\/\/yoast.com\/product\/yoast-seo-wordpress\/ -->\n<title>Le Snowtrail Dogcamp dans la presse - Snow Trail Dog Camp<\/title>\n<meta name=\"robots\" content=\"index, follow, max-snippet:-1, max-image-preview:large, max-video-preview:-1\" \/>\n<link rel=\"canonical\" href=\"https:\/\/snowtraildogcamp.com\/fr\/le-snowtrail-dogcamp-dans-la-presse\/\" \/>\n<meta property=\"og:locale\" content=\"fr_FR\" \/>\n<meta property=\"og:type\" content=\"article\" \/>\n<meta property=\"og:title\" content=\"Le Snowtrail Dogcamp dans la presse - Snow Trail Dog Camp\" \/>\n<meta property=\"og:description\" content=\"Le 1er avril 2022, Mats Pettersson a repris le Snowtrail Dogcamp de Lotti Meier. Lotti Meier a dirig\u00e9 le Snowtrail Dogcamp pendant 28 ans et en a fait ce qu&rsquo;il est aujourd&rsquo;hui. La vie dans le Grand Nord ne lui a pas offert que des journ\u00e9es ensoleill\u00e9es. Mais c&rsquo;est justement cette circonstance qui a fait &hellip; Continuer la lecture de Le Snowtrail Dogcamp dans la presse\" \/>\n<meta property=\"og:url\" content=\"https:\/\/snowtraildogcamp.com\/fr\/le-snowtrail-dogcamp-dans-la-presse\/\" \/>\n<meta property=\"og:site_name\" content=\"Snow Trail Dog Camp\" \/>\n<meta property=\"article:modified_time\" content=\"2025-01-17T16:24:39+00:00\" \/>\n<meta property=\"og:image\" content=\"https:\/\/snowtraildogcamp.com\/wp-content\/uploads\/2022\/05\/Mats-Iditarod.jpg\" \/>\n\t<meta property=\"og:image:width\" content=\"2362\" \/>\n\t<meta property=\"og:image:height\" content=\"1575\" \/>\n\t<meta property=\"og:image:type\" content=\"image\/jpeg\" \/>\n<meta name=\"twitter:card\" content=\"summary_large_image\" \/>\n<meta name=\"twitter:label1\" content=\"Dur\u00e9e de lecture estim\u00e9e\" \/>\n\t<meta name=\"twitter:data1\" content=\"6 minutes\" \/>\n<script type=\"application\/ld+json\" class=\"yoast-schema-graph\">{\"@context\":\"https:\/\/schema.org\",\"@graph\":[{\"@type\":\"WebPage\",\"@id\":\"https:\/\/snowtraildogcamp.com\/fr\/le-snowtrail-dogcamp-dans-la-presse\/\",\"url\":\"https:\/\/snowtraildogcamp.com\/fr\/le-snowtrail-dogcamp-dans-la-presse\/\",\"name\":\"Le Snowtrail Dogcamp dans la presse - Snow Trail Dog Camp\",\"isPartOf\":{\"@id\":\"https:\/\/snowtraildogcamp.com\/fr\/#website\"},\"primaryImageOfPage\":{\"@id\":\"https:\/\/snowtraildogcamp.com\/fr\/le-snowtrail-dogcamp-dans-la-presse\/#primaryimage\"},\"image\":{\"@id\":\"https:\/\/snowtraildogcamp.com\/fr\/le-snowtrail-dogcamp-dans-la-presse\/#primaryimage\"},\"thumbnailUrl\":\"https:\/\/snowtraildogcamp.com\/wp-content\/uploads\/2022\/05\/Mats-Iditarod.jpg\",\"datePublished\":\"2025-01-17T16:09:45+00:00\",\"dateModified\":\"2025-01-17T16:24:39+00:00\",\"breadcrumb\":{\"@id\":\"https:\/\/snowtraildogcamp.com\/fr\/le-snowtrail-dogcamp-dans-la-presse\/#breadcrumb\"},\"inLanguage\":\"fr-FR\",\"potentialAction\":[{\"@type\":\"ReadAction\",\"target\":[\"https:\/\/snowtraildogcamp.com\/fr\/le-snowtrail-dogcamp-dans-la-presse\/\"]}]},{\"@type\":\"ImageObject\",\"inLanguage\":\"fr-FR\",\"@id\":\"https:\/\/snowtraildogcamp.com\/fr\/le-snowtrail-dogcamp-dans-la-presse\/#primaryimage\",\"url\":\"https:\/\/snowtraildogcamp.com\/wp-content\/uploads\/2022\/05\/Mats-Iditarod.jpg\",\"contentUrl\":\"https:\/\/snowtraildogcamp.com\/wp-content\/uploads\/2022\/05\/Mats-Iditarod.jpg\",\"width\":2362,\"height\":1575},{\"@type\":\"BreadcrumbList\",\"@id\":\"https:\/\/snowtraildogcamp.com\/fr\/le-snowtrail-dogcamp-dans-la-presse\/#breadcrumb\",\"itemListElement\":[{\"@type\":\"ListItem\",\"position\":1,\"name\":\"Startseite\",\"item\":\"https:\/\/snowtraildogcamp.com\/fr\/\"},{\"@type\":\"ListItem\",\"position\":2,\"name\":\"Le Snowtrail Dogcamp dans la presse\"}]},{\"@type\":\"WebSite\",\"@id\":\"https:\/\/snowtraildogcamp.com\/fr\/#website\",\"url\":\"https:\/\/snowtraildogcamp.com\/fr\/\",\"name\":\"Snow Trail Dog Camp\",\"description\":\"\",\"publisher\":{\"@id\":\"https:\/\/snowtraildogcamp.com\/fr\/#organization\"},\"potentialAction\":[{\"@type\":\"SearchAction\",\"target\":{\"@type\":\"EntryPoint\",\"urlTemplate\":\"https:\/\/snowtraildogcamp.com\/fr\/?s={search_term_string}\"},\"query-input\":{\"@type\":\"PropertyValueSpecification\",\"valueRequired\":true,\"valueName\":\"search_term_string\"}}],\"inLanguage\":\"fr-FR\"},{\"@type\":\"Organization\",\"@id\":\"https:\/\/snowtraildogcamp.com\/fr\/#organization\",\"name\":\"Snow Trail Dog Camp\",\"url\":\"https:\/\/snowtraildogcamp.com\/fr\/\",\"logo\":{\"@type\":\"ImageObject\",\"inLanguage\":\"fr-FR\",\"@id\":\"https:\/\/snowtraildogcamp.com\/fr\/#\/schema\/logo\/image\/\",\"url\":\"https:\/\/snowtraildogcamp.com\/wp-content\/uploads\/2015\/12\/cropped-logo_snowtrail_dogcamp_e_plus.jpg\",\"contentUrl\":\"https:\/\/snowtraildogcamp.com\/wp-content\/uploads\/2015\/12\/cropped-logo_snowtrail_dogcamp_e_plus.jpg\",\"width\":248,\"height\":157,\"caption\":\"Snow Trail Dog Camp\"},\"image\":{\"@id\":\"https:\/\/snowtraildogcamp.com\/fr\/#\/schema\/logo\/image\/\"}}]}<\/script>\n<!-- \/ Yoast SEO plugin. -->","yoast_head_json":{"title":"Le Snowtrail Dogcamp dans la presse - Snow Trail Dog Camp","robots":{"index":"index","follow":"follow","max-snippet":"max-snippet:-1","max-image-preview":"max-image-preview:large","max-video-preview":"max-video-preview:-1"},"canonical":"https:\/\/snowtraildogcamp.com\/fr\/le-snowtrail-dogcamp-dans-la-presse\/","og_locale":"fr_FR","og_type":"article","og_title":"Le Snowtrail Dogcamp dans la presse - Snow Trail Dog Camp","og_description":"Le 1er avril 2022, Mats Pettersson a repris le Snowtrail Dogcamp de Lotti Meier. Lotti Meier a dirig\u00e9 le Snowtrail Dogcamp pendant 28 ans et en a fait ce qu&rsquo;il est aujourd&rsquo;hui. La vie dans le Grand Nord ne lui a pas offert que des journ\u00e9es ensoleill\u00e9es. Mais c&rsquo;est justement cette circonstance qui a fait &hellip; Continuer la lecture de Le Snowtrail Dogcamp dans la presse","og_url":"https:\/\/snowtraildogcamp.com\/fr\/le-snowtrail-dogcamp-dans-la-presse\/","og_site_name":"Snow Trail Dog Camp","article_modified_time":"2025-01-17T16:24:39+00:00","og_image":[{"width":2362,"height":1575,"url":"https:\/\/snowtraildogcamp.com\/wp-content\/uploads\/2022\/05\/Mats-Iditarod.jpg","type":"image\/jpeg"}],"twitter_card":"summary_large_image","twitter_misc":{"Dur\u00e9e de lecture estim\u00e9e":"6 minutes"},"schema":{"@context":"https:\/\/schema.org","@graph":[{"@type":"WebPage","@id":"https:\/\/snowtraildogcamp.com\/fr\/le-snowtrail-dogcamp-dans-la-presse\/","url":"https:\/\/snowtraildogcamp.com\/fr\/le-snowtrail-dogcamp-dans-la-presse\/","name":"Le Snowtrail Dogcamp dans la presse - Snow Trail Dog Camp","isPartOf":{"@id":"https:\/\/snowtraildogcamp.com\/fr\/#website"},"primaryImageOfPage":{"@id":"https:\/\/snowtraildogcamp.com\/fr\/le-snowtrail-dogcamp-dans-la-presse\/#primaryimage"},"image":{"@id":"https:\/\/snowtraildogcamp.com\/fr\/le-snowtrail-dogcamp-dans-la-presse\/#primaryimage"},"thumbnailUrl":"https:\/\/snowtraildogcamp.com\/wp-content\/uploads\/2022\/05\/Mats-Iditarod.jpg","datePublished":"2025-01-17T16:09:45+00:00","dateModified":"2025-01-17T16:24:39+00:00","breadcrumb":{"@id":"https:\/\/snowtraildogcamp.com\/fr\/le-snowtrail-dogcamp-dans-la-presse\/#breadcrumb"},"inLanguage":"fr-FR","potentialAction":[{"@type":"ReadAction","target":["https:\/\/snowtraildogcamp.com\/fr\/le-snowtrail-dogcamp-dans-la-presse\/"]}]},{"@type":"ImageObject","inLanguage":"fr-FR","@id":"https:\/\/snowtraildogcamp.com\/fr\/le-snowtrail-dogcamp-dans-la-presse\/#primaryimage","url":"https:\/\/snowtraildogcamp.com\/wp-content\/uploads\/2022\/05\/Mats-Iditarod.jpg","contentUrl":"https:\/\/snowtraildogcamp.com\/wp-content\/uploads\/2022\/05\/Mats-Iditarod.jpg","width":2362,"height":1575},{"@type":"BreadcrumbList","@id":"https:\/\/snowtraildogcamp.com\/fr\/le-snowtrail-dogcamp-dans-la-presse\/#breadcrumb","itemListElement":[{"@type":"ListItem","position":1,"name":"Startseite","item":"https:\/\/snowtraildogcamp.com\/fr\/"},{"@type":"ListItem","position":2,"name":"Le Snowtrail Dogcamp dans la presse"}]},{"@type":"WebSite","@id":"https:\/\/snowtraildogcamp.com\/fr\/#website","url":"https:\/\/snowtraildogcamp.com\/fr\/","name":"Snow Trail Dog Camp","description":"","publisher":{"@id":"https:\/\/snowtraildogcamp.com\/fr\/#organization"},"potentialAction":[{"@type":"SearchAction","target":{"@type":"EntryPoint","urlTemplate":"https:\/\/snowtraildogcamp.com\/fr\/?s={search_term_string}"},"query-input":{"@type":"PropertyValueSpecification","valueRequired":true,"valueName":"search_term_string"}}],"inLanguage":"fr-FR"},{"@type":"Organization","@id":"https:\/\/snowtraildogcamp.com\/fr\/#organization","name":"Snow Trail Dog Camp","url":"https:\/\/snowtraildogcamp.com\/fr\/","logo":{"@type":"ImageObject","inLanguage":"fr-FR","@id":"https:\/\/snowtraildogcamp.com\/fr\/#\/schema\/logo\/image\/","url":"https:\/\/snowtraildogcamp.com\/wp-content\/uploads\/2015\/12\/cropped-logo_snowtrail_dogcamp_e_plus.jpg","contentUrl":"https:\/\/snowtraildogcamp.com\/wp-content\/uploads\/2015\/12\/cropped-logo_snowtrail_dogcamp_e_plus.jpg","width":248,"height":157,"caption":"Snow Trail Dog Camp"},"image":{"@id":"https:\/\/snowtraildogcamp.com\/fr\/#\/schema\/logo\/image\/"}}]}},"_links":{"self":[{"href":"https:\/\/snowtraildogcamp.com\/fr\/wp-json\/wp\/v2\/pages\/3191","targetHints":{"allow":["GET"]}}],"collection":[{"href":"https:\/\/snowtraildogcamp.com\/fr\/wp-json\/wp\/v2\/pages"}],"about":[{"href":"https:\/\/snowtraildogcamp.com\/fr\/wp-json\/wp\/v2\/types\/page"}],"author":[{"embeddable":true,"href":"https:\/\/snowtraildogcamp.com\/fr\/wp-json\/wp\/v2\/users\/1"}],"replies":[{"embeddable":true,"href":"https:\/\/snowtraildogcamp.com\/fr\/wp-json\/wp\/v2\/comments?post=3191"}],"version-history":[{"count":6,"href":"https:\/\/snowtraildogcamp.com\/fr\/wp-json\/wp\/v2\/pages\/3191\/revisions"}],"predecessor-version":[{"id":3197,"href":"https:\/\/snowtraildogcamp.com\/fr\/wp-json\/wp\/v2\/pages\/3191\/revisions\/3197"}],"wp:featuredmedia":[{"embeddable":true,"href":"https:\/\/snowtraildogcamp.com\/fr\/wp-json\/wp\/v2\/media\/3004"}],"wp:attachment":[{"href":"https:\/\/snowtraildogcamp.com\/fr\/wp-json\/wp\/v2\/media?parent=3191"}],"curies":[{"name":"wp","href":"https:\/\/api.w.org\/{rel}","templated":true}]}}