{"id":3182,"date":"2025-01-17T16:09:52","date_gmt":"2025-01-17T15:09:52","guid":{"rendered":"https:\/\/snowtraildogcamp.com\/?page_id=3182"},"modified":"2025-01-17T16:13:05","modified_gmt":"2025-01-17T15:13:05","slug":"mentions-legales","status":"publish","type":"page","link":"https:\/\/snowtraildogcamp.com\/fr\/mentions-legales\/","title":{"rendered":"Mentions l\u00e9gales"},"content":{"rendered":"<div id=\"wpv-column-ca8d3ee9037924586b58a49986f6cded\" class=\"wpv-grid grid-1-2  wpv-first-level first unextended\">\n<h4><strong>Protection juridique<\/strong><\/h4>\n<p>Le propri\u00e9taire intellectuel de tous les contenus et textes est Mats Pettersson du Snowtrail Dogcamp AB, Skaulo 92, SE-98204 G\u00e4llivare.<\/p>\n<h4><strong>Concept et r\u00e9alisation<\/strong><\/h4>\n<p><a href=\"http:\/\/www.scoremarekting.ch\/\" target=\"_blank\" rel=\"noopener noreferrer\">Score Marketing &#8211; Conseil en marketing<\/a>, Christoph Portmann &#8211; St\u00e4fa<br \/>\nen \u00e9troite collaboration avec \u00a0<br \/>\n<a href=\"http:\/\/www.newmedia-design.ch\/\" target=\"_blank\" rel=\"noopener noreferrer\">New Media &#038; Design GmbH &#8211; Graphisme et design web<\/a>, Damiano Rezzonico &#8211; St\u00e4fa \u00a0\u00a0<\/p>\n<h4><strong>Avis de responsabilit\u00e9<\/strong><\/h4>\n<p>Malgr\u00e9 un contr\u00f4le minutieux du contenu, nous n&rsquo;assumons aucune responsabilit\u00e9 pour le contenu des liens externes. Seuls les exploitants de ces sites sont responsables de leur contenu.\u00a0<\/p>\n<\/div>\n<div id=\"wpv-column-b22a1f6b7596856de733b9919867c8bd\" class=\"wpv-grid grid-1-2  wpv-first-level unextended\">\n<h4><strong>Images<\/strong><\/h4>\n<p>Un grand merci \u00e0 <a href=\"http:\/\/www.ralf-gantzhorn.de\" target=\"_blank\" rel=\"noopener noreferrer\">Ralf Gantzhorn de Hambourg,<\/a>\u00a0Olivier Portrat de Sarrebruck, <a href=\"https:\/\/zwerger-schoner.at\" target=\"_blank\" rel=\"noopener noreferrer\">Petra &amp; Gerhard Zwerger-Schoner<\/a> et d&rsquo;autres qui ont mis \u00e0 notre disposition de nombreuses super photos.\u00a0<\/p>\n<p>Un grand merci \u00e9galement \u00e0 <a href=\"http:\/\/www.elbe-kajak.de\/\" target=\"_blank\" rel=\"noopener noreferrer\">Sven Halletz<\/a>, qui a r\u00e9dig\u00e9 le texte de la page <a href=\"http:\/\/www.snowtraildogcamp.com\/ein-traum-fuer-fischer\/\" target=\"_blank\" rel=\"noopener noreferrer\">\u00ab\u00a0Un r\u00eave pour les p\u00eacheurs\u00a0\u00bb<\/a>\u00a0et nous a fourni les photos qu&rsquo;il a prises.\u00a0<\/p>\n<h4><strong>Copyright<\/strong><\/h4>\n<p>Le contenu de toutes les autres pages, y compris les textes, les photos, les illustrations ainsi que les textes sources sont sous le droit d&rsquo;utilisation exclusif de Lotti Meier, Snowtrail Dogcamp AB ou des d\u00e9tenteurs des droits respectifs.<\/p>\n<p>Le t\u00e9l\u00e9chargement des contenus des pages, des photos ou des illustrations ainsi que des textes sources et des contenus des bases de donn\u00e9es est autoris\u00e9 exclusivement pour un usage priv\u00e9. Toute utilisation, transmission ou exploitation de contenus, d&rsquo;illustrations, de photos ou de textes sources (m\u00eame partielle ou par extraits) d\u00e9passant le cadre de l&rsquo;usage priv\u00e9 requiert une autorisation \u00e9crite.<\/p>\n<\/div>\n","protected":false},"excerpt":{"rendered":"<p>Protection juridique Le propri\u00e9taire intellectuel de tous les contenus et textes est Mats Pettersson du Snowtrail Dogcamp AB, Skaulo 92, SE-98204 G\u00e4llivare. Concept et r\u00e9alisation Score Marketing &#8211; Conseil en marketing, Christoph Portmann &#8211; St\u00e4fa en \u00e9troite collaboration avec \u00a0 New Media &#038; Design GmbH &#8211; Graphisme et design web, Damiano Rezzonico &#8211; St\u00e4fa \u00a0\u00a0 &hellip; <a href=\"https:\/\/snowtraildogcamp.com\/fr\/mentions-legales\/\" class=\"more-link\">Continuer la lecture de <span class=\"screen-reader-text\">Mentions l\u00e9gales<\/span><\/a><\/p>\n","protected":false},"author":1,"featured_media":0,"parent":0,"menu_order":0,"comment_status":"closed","ping_status":"closed","template":"","meta":{"footnotes":""},"class_list":["post-3182","page","type-page","status-publish","hentry"],"yoast_head":"<!-- This site is optimized with the Yoast SEO plugin v27.1.1 - https:\/\/yoast.com\/product\/yoast-seo-wordpress\/ -->\n<title>Mentions l\u00e9gales - Snow Trail Dog Camp<\/title>\n<meta name=\"robots\" content=\"index, follow, max-snippet:-1, max-image-preview:large, max-video-preview:-1\" \/>\n<link rel=\"canonical\" href=\"https:\/\/snowtraildogcamp.com\/fr\/mentions-legales\/\" \/>\n<meta property=\"og:locale\" content=\"fr_FR\" \/>\n<meta property=\"og:type\" content=\"article\" \/>\n<meta property=\"og:title\" content=\"Mentions l\u00e9gales - Snow Trail Dog Camp\" \/>\n<meta property=\"og:description\" content=\"Protection juridique Le propri\u00e9taire intellectuel de tous les contenus et textes est Mats Pettersson du Snowtrail Dogcamp AB, Skaulo 92, SE-98204 G\u00e4llivare. Concept et r\u00e9alisation Score Marketing &#8211; Conseil en marketing, Christoph Portmann &#8211; St\u00e4fa en \u00e9troite collaboration avec \u00a0 New Media &#038; Design GmbH &#8211; Graphisme et design web, Damiano Rezzonico &#8211; St\u00e4fa \u00a0\u00a0 &hellip; Continuer la lecture de Mentions l\u00e9gales\" \/>\n<meta property=\"og:url\" content=\"https:\/\/snowtraildogcamp.com\/fr\/mentions-legales\/\" \/>\n<meta property=\"og:site_name\" content=\"Snow Trail Dog Camp\" \/>\n<meta property=\"article:modified_time\" content=\"2025-01-17T15:13:05+00:00\" \/>\n<meta name=\"twitter:card\" content=\"summary_large_image\" \/>\n<meta name=\"twitter:label1\" content=\"Dur\u00e9e de lecture estim\u00e9e\" \/>\n\t<meta name=\"twitter:data1\" content=\"1 minute\" \/>\n<script type=\"application\/ld+json\" class=\"yoast-schema-graph\">{\"@context\":\"https:\/\/schema.org\",\"@graph\":[{\"@type\":\"WebPage\",\"@id\":\"https:\/\/snowtraildogcamp.com\/fr\/mentions-legales\/\",\"url\":\"https:\/\/snowtraildogcamp.com\/fr\/mentions-legales\/\",\"name\":\"Mentions l\u00e9gales - Snow Trail Dog Camp\",\"isPartOf\":{\"@id\":\"https:\/\/snowtraildogcamp.com\/fr\/#website\"},\"datePublished\":\"2025-01-17T15:09:52+00:00\",\"dateModified\":\"2025-01-17T15:13:05+00:00\",\"breadcrumb\":{\"@id\":\"https:\/\/snowtraildogcamp.com\/fr\/mentions-legales\/#breadcrumb\"},\"inLanguage\":\"fr-FR\",\"potentialAction\":[{\"@type\":\"ReadAction\",\"target\":[\"https:\/\/snowtraildogcamp.com\/fr\/mentions-legales\/\"]}]},{\"@type\":\"BreadcrumbList\",\"@id\":\"https:\/\/snowtraildogcamp.com\/fr\/mentions-legales\/#breadcrumb\",\"itemListElement\":[{\"@type\":\"ListItem\",\"position\":1,\"name\":\"Startseite\",\"item\":\"https:\/\/snowtraildogcamp.com\/fr\/\"},{\"@type\":\"ListItem\",\"position\":2,\"name\":\"Mentions l\u00e9gales\"}]},{\"@type\":\"WebSite\",\"@id\":\"https:\/\/snowtraildogcamp.com\/fr\/#website\",\"url\":\"https:\/\/snowtraildogcamp.com\/fr\/\",\"name\":\"Snow Trail Dog Camp\",\"description\":\"\",\"publisher\":{\"@id\":\"https:\/\/snowtraildogcamp.com\/fr\/#organization\"},\"potentialAction\":[{\"@type\":\"SearchAction\",\"target\":{\"@type\":\"EntryPoint\",\"urlTemplate\":\"https:\/\/snowtraildogcamp.com\/fr\/?s={search_term_string}\"},\"query-input\":{\"@type\":\"PropertyValueSpecification\",\"valueRequired\":true,\"valueName\":\"search_term_string\"}}],\"inLanguage\":\"fr-FR\"},{\"@type\":\"Organization\",\"@id\":\"https:\/\/snowtraildogcamp.com\/fr\/#organization\",\"name\":\"Snow Trail Dog Camp\",\"url\":\"https:\/\/snowtraildogcamp.com\/fr\/\",\"logo\":{\"@type\":\"ImageObject\",\"inLanguage\":\"fr-FR\",\"@id\":\"https:\/\/snowtraildogcamp.com\/fr\/#\/schema\/logo\/image\/\",\"url\":\"https:\/\/snowtraildogcamp.com\/wp-content\/uploads\/2015\/12\/cropped-logo_snowtrail_dogcamp_e_plus.jpg\",\"contentUrl\":\"https:\/\/snowtraildogcamp.com\/wp-content\/uploads\/2015\/12\/cropped-logo_snowtrail_dogcamp_e_plus.jpg\",\"width\":248,\"height\":157,\"caption\":\"Snow Trail Dog Camp\"},\"image\":{\"@id\":\"https:\/\/snowtraildogcamp.com\/fr\/#\/schema\/logo\/image\/\"}}]}<\/script>\n<!-- \/ Yoast SEO plugin. -->","yoast_head_json":{"title":"Mentions l\u00e9gales - Snow Trail Dog Camp","robots":{"index":"index","follow":"follow","max-snippet":"max-snippet:-1","max-image-preview":"max-image-preview:large","max-video-preview":"max-video-preview:-1"},"canonical":"https:\/\/snowtraildogcamp.com\/fr\/mentions-legales\/","og_locale":"fr_FR","og_type":"article","og_title":"Mentions l\u00e9gales - Snow Trail Dog Camp","og_description":"Protection juridique Le propri\u00e9taire intellectuel de tous les contenus et textes est Mats Pettersson du Snowtrail Dogcamp AB, Skaulo 92, SE-98204 G\u00e4llivare. Concept et r\u00e9alisation Score Marketing &#8211; Conseil en marketing, Christoph Portmann &#8211; St\u00e4fa en \u00e9troite collaboration avec \u00a0 New Media &#038; Design GmbH &#8211; Graphisme et design web, Damiano Rezzonico &#8211; St\u00e4fa \u00a0\u00a0 &hellip; Continuer la lecture de Mentions l\u00e9gales","og_url":"https:\/\/snowtraildogcamp.com\/fr\/mentions-legales\/","og_site_name":"Snow Trail Dog Camp","article_modified_time":"2025-01-17T15:13:05+00:00","twitter_card":"summary_large_image","twitter_misc":{"Dur\u00e9e de lecture estim\u00e9e":"1 minute"},"schema":{"@context":"https:\/\/schema.org","@graph":[{"@type":"WebPage","@id":"https:\/\/snowtraildogcamp.com\/fr\/mentions-legales\/","url":"https:\/\/snowtraildogcamp.com\/fr\/mentions-legales\/","name":"Mentions l\u00e9gales - Snow Trail Dog Camp","isPartOf":{"@id":"https:\/\/snowtraildogcamp.com\/fr\/#website"},"datePublished":"2025-01-17T15:09:52+00:00","dateModified":"2025-01-17T15:13:05+00:00","breadcrumb":{"@id":"https:\/\/snowtraildogcamp.com\/fr\/mentions-legales\/#breadcrumb"},"inLanguage":"fr-FR","potentialAction":[{"@type":"ReadAction","target":["https:\/\/snowtraildogcamp.com\/fr\/mentions-legales\/"]}]},{"@type":"BreadcrumbList","@id":"https:\/\/snowtraildogcamp.com\/fr\/mentions-legales\/#breadcrumb","itemListElement":[{"@type":"ListItem","position":1,"name":"Startseite","item":"https:\/\/snowtraildogcamp.com\/fr\/"},{"@type":"ListItem","position":2,"name":"Mentions l\u00e9gales"}]},{"@type":"WebSite","@id":"https:\/\/snowtraildogcamp.com\/fr\/#website","url":"https:\/\/snowtraildogcamp.com\/fr\/","name":"Snow Trail Dog Camp","description":"","publisher":{"@id":"https:\/\/snowtraildogcamp.com\/fr\/#organization"},"potentialAction":[{"@type":"SearchAction","target":{"@type":"EntryPoint","urlTemplate":"https:\/\/snowtraildogcamp.com\/fr\/?s={search_term_string}"},"query-input":{"@type":"PropertyValueSpecification","valueRequired":true,"valueName":"search_term_string"}}],"inLanguage":"fr-FR"},{"@type":"Organization","@id":"https:\/\/snowtraildogcamp.com\/fr\/#organization","name":"Snow Trail Dog Camp","url":"https:\/\/snowtraildogcamp.com\/fr\/","logo":{"@type":"ImageObject","inLanguage":"fr-FR","@id":"https:\/\/snowtraildogcamp.com\/fr\/#\/schema\/logo\/image\/","url":"https:\/\/snowtraildogcamp.com\/wp-content\/uploads\/2015\/12\/cropped-logo_snowtrail_dogcamp_e_plus.jpg","contentUrl":"https:\/\/snowtraildogcamp.com\/wp-content\/uploads\/2015\/12\/cropped-logo_snowtrail_dogcamp_e_plus.jpg","width":248,"height":157,"caption":"Snow Trail Dog Camp"},"image":{"@id":"https:\/\/snowtraildogcamp.com\/fr\/#\/schema\/logo\/image\/"}}]}},"_links":{"self":[{"href":"https:\/\/snowtraildogcamp.com\/fr\/wp-json\/wp\/v2\/pages\/3182","targetHints":{"allow":["GET"]}}],"collection":[{"href":"https:\/\/snowtraildogcamp.com\/fr\/wp-json\/wp\/v2\/pages"}],"about":[{"href":"https:\/\/snowtraildogcamp.com\/fr\/wp-json\/wp\/v2\/types\/page"}],"author":[{"embeddable":true,"href":"https:\/\/snowtraildogcamp.com\/fr\/wp-json\/wp\/v2\/users\/1"}],"replies":[{"embeddable":true,"href":"https:\/\/snowtraildogcamp.com\/fr\/wp-json\/wp\/v2\/comments?post=3182"}],"version-history":[{"count":3,"href":"https:\/\/snowtraildogcamp.com\/fr\/wp-json\/wp\/v2\/pages\/3182\/revisions"}],"predecessor-version":[{"id":3185,"href":"https:\/\/snowtraildogcamp.com\/fr\/wp-json\/wp\/v2\/pages\/3182\/revisions\/3185"}],"wp:attachment":[{"href":"https:\/\/snowtraildogcamp.com\/fr\/wp-json\/wp\/v2\/media?parent=3182"}],"curies":[{"name":"wp","href":"https:\/\/api.w.org\/{rel}","templated":true}]}}