{"id":3163,"date":"2025-01-17T10:41:05","date_gmt":"2025-01-17T09:41:05","guid":{"rendered":"https:\/\/snowtraildogcamp.com\/?page_id=3163"},"modified":"2025-01-17T10:41:40","modified_gmt":"2025-01-17T09:41:40","slug":"videos","status":"publish","type":"page","link":"https:\/\/snowtraildogcamp.com\/fr\/videos\/","title":{"rendered":"Vid\u00e9os"},"content":{"rendered":"<div class=\"entry-content\">\n<h3 style=\"text-align: left;\">Voici des impressions du Snowtrail Dogcamp sous forme de vid\u00e9os<\/h3>\n<p>En route avec Mats et ses chiens dans la toundra autour du camp.<\/p>\n<div style=\"width: 660px;\" class=\"wp-video\"><video class=\"wp-video-shortcode\" id=\"video-3163-1\" width=\"660\" height=\"1173\" preload=\"metadata\" controls=\"controls\"><source type=\"video\/mp4\" src=\"https:\/\/snowtraildogcamp.com\/wp-content\/uploads\/2023\/01\/323294602_5757987940957823_5300960413614863920_n.mp4?_=1\" \/><a href=\"https:\/\/snowtraildogcamp.com\/wp-content\/uploads\/2023\/01\/323294602_5757987940957823_5300960413614863920_n.mp4\">https:\/\/snowtraildogcamp.com\/wp-content\/uploads\/2023\/01\/323294602_5757987940957823_5300960413614863920_n.mp4<\/a><\/video><\/div>\n<p>Cette vid\u00e9o impressionnante nous a \u00e9t\u00e9 offerte par Olivier et Attila Portrat. Il nous a \u00e9galement rendu visite cet \u00e9t\u00e9 avec des amis. Une fois de plus, il a r\u00e9ussi \u00e0 prendre des photos magnifiques et spectaculaires. Merci Olivier pour ce film magnifique.\u00a0<\/p>\n<p><iframe loading=\"lazy\" title=\"Pikefishing at the Snowtrail Dogcamp \/ Snowtrail Fishcamp - Summer 2019\" width=\"660\" height=\"371\" src=\"https:\/\/www.youtube.com\/embed\/b0pzCrRPziY?feature=oembed\" frameborder=\"0\" allow=\"accelerometer; autoplay; clipboard-write; encrypted-media; gyroscope; picture-in-picture; web-share\" referrerpolicy=\"strict-origin-when-cross-origin\" allowfullscreen><\/iframe><\/p>\n<div align=\"center\">\u00a0<\/div>\n<p>En hiver 2018, les deux journalistes de voyage professionnels, conf\u00e9renciers et cin\u00e9astes Petra &#038; Gerhard Zwerger-Schoner sont venus au camp et ont r\u00e9alis\u00e9, outre de magnifiques photos, ce film.<\/p>\n<p><iframe loading=\"lazy\" title=\"Snowtrail Dogcamp Lodge  | Schweden Lappland\" src=\"https:\/\/player.vimeo.com\/video\/276740716?dnt=1&amp;app_id=122963\" width=\"660\" height=\"283\" frameborder=\"0\" allow=\"autoplay; fullscreen; picture-in-picture; clipboard-write; encrypted-media\"><\/iframe><\/p>\n<p>&nbsp;<\/p>\n<p>Ce film a \u00e9t\u00e9 mis \u00e0 notre disposition par Xenia Kuhn. Xenia \u00e9tait au Snowtrail Dogcamp avec toute sa famille, dont deux enfants, et a fait l&rsquo;ABC du husky. Un grand merci \u00e0 Xenia pour ce super film.<\/p>\n<div align=\"center\"><iframe loading=\"lazy\" src=\"https:\/\/www.youtube.com\/embed\/LkJ9xK1TuqU\" width=\"100%\" height=\"350\" frameborder=\"0\" allowfullscreen=\"allowfullscreen\"><\/iframe><\/div>\n<div align=\"center\">\u00a0<\/div>\n<\/div>\n","protected":false},"excerpt":{"rendered":"<p>Voici des impressions du Snowtrail Dogcamp sous forme de vid\u00e9os En route avec Mats et ses chiens dans la toundra autour du camp. Cette vid\u00e9o impressionnante nous a \u00e9t\u00e9 offerte par Olivier et Attila Portrat. Il nous a \u00e9galement rendu visite cet \u00e9t\u00e9 avec des amis. Une fois de plus, il a r\u00e9ussi \u00e0 prendre &hellip; <a href=\"https:\/\/snowtraildogcamp.com\/fr\/videos\/\" class=\"more-link\">Continuer la lecture de <span class=\"screen-reader-text\">Vid\u00e9os<\/span><\/a><\/p>\n","protected":false},"author":1,"featured_media":2995,"parent":0,"menu_order":0,"comment_status":"closed","ping_status":"closed","template":"","meta":{"footnotes":""},"class_list":["post-3163","page","type-page","status-publish","has-post-thumbnail","hentry"],"yoast_head":"<!-- This site is optimized with the Yoast SEO plugin v27.1.1 - https:\/\/yoast.com\/product\/yoast-seo-wordpress\/ -->\n<title>Vid\u00e9os - Snow Trail Dog Camp<\/title>\n<meta name=\"robots\" content=\"index, follow, max-snippet:-1, max-image-preview:large, max-video-preview:-1\" \/>\n<link rel=\"canonical\" href=\"https:\/\/snowtraildogcamp.com\/fr\/videos\/\" \/>\n<meta property=\"og:locale\" content=\"fr_FR\" \/>\n<meta property=\"og:type\" content=\"article\" \/>\n<meta property=\"og:title\" content=\"Vid\u00e9os - Snow Trail Dog Camp\" \/>\n<meta property=\"og:description\" content=\"Voici des impressions du Snowtrail Dogcamp sous forme de vid\u00e9os En route avec Mats et ses chiens dans la toundra autour du camp. Cette vid\u00e9o impressionnante nous a \u00e9t\u00e9 offerte par Olivier et Attila Portrat. Il nous a \u00e9galement rendu visite cet \u00e9t\u00e9 avec des amis. Une fois de plus, il a r\u00e9ussi \u00e0 prendre &hellip; Continuer la lecture de Vid\u00e9os\" \/>\n<meta property=\"og:url\" content=\"https:\/\/snowtraildogcamp.com\/fr\/videos\/\" \/>\n<meta property=\"og:site_name\" content=\"Snow Trail Dog Camp\" \/>\n<meta property=\"article:modified_time\" content=\"2025-01-17T09:41:40+00:00\" \/>\n<meta property=\"og:image\" content=\"https:\/\/snowtraildogcamp.com\/wp-content\/uploads\/2022\/05\/Mats-Pettersson-1.jpg\" \/>\n\t<meta property=\"og:image:width\" content=\"1536\" \/>\n\t<meta property=\"og:image:height\" content=\"1024\" \/>\n\t<meta property=\"og:image:type\" content=\"image\/jpeg\" \/>\n<meta name=\"twitter:card\" content=\"summary_large_image\" \/>\n<meta name=\"twitter:label1\" content=\"Dur\u00e9e de lecture estim\u00e9e\" \/>\n\t<meta name=\"twitter:data1\" content=\"1 minute\" \/>\n<script type=\"application\/ld+json\" class=\"yoast-schema-graph\">{\"@context\":\"https:\/\/schema.org\",\"@graph\":[{\"@type\":\"WebPage\",\"@id\":\"https:\/\/snowtraildogcamp.com\/fr\/videos\/\",\"url\":\"https:\/\/snowtraildogcamp.com\/fr\/videos\/\",\"name\":\"Vid\u00e9os - Snow Trail Dog Camp\",\"isPartOf\":{\"@id\":\"https:\/\/snowtraildogcamp.com\/fr\/#website\"},\"primaryImageOfPage\":{\"@id\":\"https:\/\/snowtraildogcamp.com\/fr\/videos\/#primaryimage\"},\"image\":{\"@id\":\"https:\/\/snowtraildogcamp.com\/fr\/videos\/#primaryimage\"},\"thumbnailUrl\":\"https:\/\/snowtraildogcamp.com\/wp-content\/uploads\/2022\/05\/Mats-Pettersson-1.jpg\",\"datePublished\":\"2025-01-17T09:41:05+00:00\",\"dateModified\":\"2025-01-17T09:41:40+00:00\",\"breadcrumb\":{\"@id\":\"https:\/\/snowtraildogcamp.com\/fr\/videos\/#breadcrumb\"},\"inLanguage\":\"fr-FR\",\"potentialAction\":[{\"@type\":\"ReadAction\",\"target\":[\"https:\/\/snowtraildogcamp.com\/fr\/videos\/\"]}]},{\"@type\":\"ImageObject\",\"inLanguage\":\"fr-FR\",\"@id\":\"https:\/\/snowtraildogcamp.com\/fr\/videos\/#primaryimage\",\"url\":\"https:\/\/snowtraildogcamp.com\/wp-content\/uploads\/2022\/05\/Mats-Pettersson-1.jpg\",\"contentUrl\":\"https:\/\/snowtraildogcamp.com\/wp-content\/uploads\/2022\/05\/Mats-Pettersson-1.jpg\",\"width\":1536,\"height\":1024},{\"@type\":\"BreadcrumbList\",\"@id\":\"https:\/\/snowtraildogcamp.com\/fr\/videos\/#breadcrumb\",\"itemListElement\":[{\"@type\":\"ListItem\",\"position\":1,\"name\":\"Startseite\",\"item\":\"https:\/\/snowtraildogcamp.com\/fr\/\"},{\"@type\":\"ListItem\",\"position\":2,\"name\":\"Vid\u00e9os\"}]},{\"@type\":\"WebSite\",\"@id\":\"https:\/\/snowtraildogcamp.com\/fr\/#website\",\"url\":\"https:\/\/snowtraildogcamp.com\/fr\/\",\"name\":\"Snow Trail Dog Camp\",\"description\":\"\",\"publisher\":{\"@id\":\"https:\/\/snowtraildogcamp.com\/fr\/#organization\"},\"potentialAction\":[{\"@type\":\"SearchAction\",\"target\":{\"@type\":\"EntryPoint\",\"urlTemplate\":\"https:\/\/snowtraildogcamp.com\/fr\/?s={search_term_string}\"},\"query-input\":{\"@type\":\"PropertyValueSpecification\",\"valueRequired\":true,\"valueName\":\"search_term_string\"}}],\"inLanguage\":\"fr-FR\"},{\"@type\":\"Organization\",\"@id\":\"https:\/\/snowtraildogcamp.com\/fr\/#organization\",\"name\":\"Snow Trail Dog Camp\",\"url\":\"https:\/\/snowtraildogcamp.com\/fr\/\",\"logo\":{\"@type\":\"ImageObject\",\"inLanguage\":\"fr-FR\",\"@id\":\"https:\/\/snowtraildogcamp.com\/fr\/#\/schema\/logo\/image\/\",\"url\":\"https:\/\/snowtraildogcamp.com\/wp-content\/uploads\/2015\/12\/cropped-logo_snowtrail_dogcamp_e_plus.jpg\",\"contentUrl\":\"https:\/\/snowtraildogcamp.com\/wp-content\/uploads\/2015\/12\/cropped-logo_snowtrail_dogcamp_e_plus.jpg\",\"width\":248,\"height\":157,\"caption\":\"Snow Trail Dog Camp\"},\"image\":{\"@id\":\"https:\/\/snowtraildogcamp.com\/fr\/#\/schema\/logo\/image\/\"}}]}<\/script>\n<!-- \/ Yoast SEO plugin. -->","yoast_head_json":{"title":"Vid\u00e9os - Snow Trail Dog Camp","robots":{"index":"index","follow":"follow","max-snippet":"max-snippet:-1","max-image-preview":"max-image-preview:large","max-video-preview":"max-video-preview:-1"},"canonical":"https:\/\/snowtraildogcamp.com\/fr\/videos\/","og_locale":"fr_FR","og_type":"article","og_title":"Vid\u00e9os - Snow Trail Dog Camp","og_description":"Voici des impressions du Snowtrail Dogcamp sous forme de vid\u00e9os En route avec Mats et ses chiens dans la toundra autour du camp. Cette vid\u00e9o impressionnante nous a \u00e9t\u00e9 offerte par Olivier et Attila Portrat. Il nous a \u00e9galement rendu visite cet \u00e9t\u00e9 avec des amis. Une fois de plus, il a r\u00e9ussi \u00e0 prendre &hellip; Continuer la lecture de Vid\u00e9os","og_url":"https:\/\/snowtraildogcamp.com\/fr\/videos\/","og_site_name":"Snow Trail Dog Camp","article_modified_time":"2025-01-17T09:41:40+00:00","og_image":[{"width":1536,"height":1024,"url":"https:\/\/snowtraildogcamp.com\/wp-content\/uploads\/2022\/05\/Mats-Pettersson-1.jpg","type":"image\/jpeg"}],"twitter_card":"summary_large_image","twitter_misc":{"Dur\u00e9e de lecture estim\u00e9e":"1 minute"},"schema":{"@context":"https:\/\/schema.org","@graph":[{"@type":"WebPage","@id":"https:\/\/snowtraildogcamp.com\/fr\/videos\/","url":"https:\/\/snowtraildogcamp.com\/fr\/videos\/","name":"Vid\u00e9os - Snow Trail Dog Camp","isPartOf":{"@id":"https:\/\/snowtraildogcamp.com\/fr\/#website"},"primaryImageOfPage":{"@id":"https:\/\/snowtraildogcamp.com\/fr\/videos\/#primaryimage"},"image":{"@id":"https:\/\/snowtraildogcamp.com\/fr\/videos\/#primaryimage"},"thumbnailUrl":"https:\/\/snowtraildogcamp.com\/wp-content\/uploads\/2022\/05\/Mats-Pettersson-1.jpg","datePublished":"2025-01-17T09:41:05+00:00","dateModified":"2025-01-17T09:41:40+00:00","breadcrumb":{"@id":"https:\/\/snowtraildogcamp.com\/fr\/videos\/#breadcrumb"},"inLanguage":"fr-FR","potentialAction":[{"@type":"ReadAction","target":["https:\/\/snowtraildogcamp.com\/fr\/videos\/"]}]},{"@type":"ImageObject","inLanguage":"fr-FR","@id":"https:\/\/snowtraildogcamp.com\/fr\/videos\/#primaryimage","url":"https:\/\/snowtraildogcamp.com\/wp-content\/uploads\/2022\/05\/Mats-Pettersson-1.jpg","contentUrl":"https:\/\/snowtraildogcamp.com\/wp-content\/uploads\/2022\/05\/Mats-Pettersson-1.jpg","width":1536,"height":1024},{"@type":"BreadcrumbList","@id":"https:\/\/snowtraildogcamp.com\/fr\/videos\/#breadcrumb","itemListElement":[{"@type":"ListItem","position":1,"name":"Startseite","item":"https:\/\/snowtraildogcamp.com\/fr\/"},{"@type":"ListItem","position":2,"name":"Vid\u00e9os"}]},{"@type":"WebSite","@id":"https:\/\/snowtraildogcamp.com\/fr\/#website","url":"https:\/\/snowtraildogcamp.com\/fr\/","name":"Snow Trail Dog Camp","description":"","publisher":{"@id":"https:\/\/snowtraildogcamp.com\/fr\/#organization"},"potentialAction":[{"@type":"SearchAction","target":{"@type":"EntryPoint","urlTemplate":"https:\/\/snowtraildogcamp.com\/fr\/?s={search_term_string}"},"query-input":{"@type":"PropertyValueSpecification","valueRequired":true,"valueName":"search_term_string"}}],"inLanguage":"fr-FR"},{"@type":"Organization","@id":"https:\/\/snowtraildogcamp.com\/fr\/#organization","name":"Snow Trail Dog Camp","url":"https:\/\/snowtraildogcamp.com\/fr\/","logo":{"@type":"ImageObject","inLanguage":"fr-FR","@id":"https:\/\/snowtraildogcamp.com\/fr\/#\/schema\/logo\/image\/","url":"https:\/\/snowtraildogcamp.com\/wp-content\/uploads\/2015\/12\/cropped-logo_snowtrail_dogcamp_e_plus.jpg","contentUrl":"https:\/\/snowtraildogcamp.com\/wp-content\/uploads\/2015\/12\/cropped-logo_snowtrail_dogcamp_e_plus.jpg","width":248,"height":157,"caption":"Snow Trail Dog Camp"},"image":{"@id":"https:\/\/snowtraildogcamp.com\/fr\/#\/schema\/logo\/image\/"}}]}},"_links":{"self":[{"href":"https:\/\/snowtraildogcamp.com\/fr\/wp-json\/wp\/v2\/pages\/3163","targetHints":{"allow":["GET"]}}],"collection":[{"href":"https:\/\/snowtraildogcamp.com\/fr\/wp-json\/wp\/v2\/pages"}],"about":[{"href":"https:\/\/snowtraildogcamp.com\/fr\/wp-json\/wp\/v2\/types\/page"}],"author":[{"embeddable":true,"href":"https:\/\/snowtraildogcamp.com\/fr\/wp-json\/wp\/v2\/users\/1"}],"replies":[{"embeddable":true,"href":"https:\/\/snowtraildogcamp.com\/fr\/wp-json\/wp\/v2\/comments?post=3163"}],"version-history":[{"count":2,"href":"https:\/\/snowtraildogcamp.com\/fr\/wp-json\/wp\/v2\/pages\/3163\/revisions"}],"predecessor-version":[{"id":3165,"href":"https:\/\/snowtraildogcamp.com\/fr\/wp-json\/wp\/v2\/pages\/3163\/revisions\/3165"}],"wp:featuredmedia":[{"embeddable":true,"href":"https:\/\/snowtraildogcamp.com\/fr\/wp-json\/wp\/v2\/media\/2995"}],"wp:attachment":[{"href":"https:\/\/snowtraildogcamp.com\/fr\/wp-json\/wp\/v2\/media?parent=3163"}],"curies":[{"name":"wp","href":"https:\/\/api.w.org\/{rel}","templated":true}]}}