{"id":3151,"date":"2025-01-17T10:31:20","date_gmt":"2025-01-17T09:31:20","guid":{"rendered":"https:\/\/snowtraildogcamp.com\/?page_id=3151"},"modified":"2025-01-17T10:34:28","modified_gmt":"2025-01-17T09:34:28","slug":"chiens-de-traineau-parrainages","status":"publish","type":"page","link":"https:\/\/snowtraildogcamp.com\/fr\/chiens-de-traineau-parrainages\/","title":{"rendered":"Chiens de tra\u00eeneau &#8211; Parrainages"},"content":{"rendered":"<h3 style=\"text-align: justify;\">Merci pour votre soutien<\/h3>\n<p>Un grand merci \u00e0 tous ceux qui ont soutenu Lotti dans le pass\u00e9 en parrainant un chien. Ce soutien a \u00e9t\u00e9 tr\u00e8s pr\u00e9cieux et a apport\u00e9 beaucoup d&rsquo;aide et de r\u00e9sultats.<\/p>\n<p>Pour moi aussi, en tant que nouveau propri\u00e9taire du Snowtrail Dogcamp, les chiens passent avant tout. Leur bien-\u00eatre et leur sant\u00e9 sont aussi importants pour moi et mon \u00e9quipe qu&rsquo;ils l&rsquo;\u00e9taient pour Lotti. C&rsquo;est pourquoi je suis tr\u00e8s heureux si tu continues \u00e0 soutenir ton chien de parrainage.<\/p>\n<p><img loading=\"lazy\" decoding=\"async\" class=\"alignleft wp-image-1825 size-thumbnail\" src=\"https:\/\/snowtraildogcamp.com\/wp-content\/uploads\/2022\/08\/Mats-Pettersson-150x150.jpg\" alt=\"\" width=\"150\" height=\"150\" srcset=\"https:\/\/snowtraildogcamp.com\/wp-content\/uploads\/2022\/08\/Mats-Pettersson-150x150.jpg 150w, https:\/\/snowtraildogcamp.com\/wp-content\/uploads\/2022\/08\/Mats-Pettersson-300x300.jpg 300w, https:\/\/snowtraildogcamp.com\/wp-content\/uploads\/2022\/08\/Mats-Pettersson.jpg 480w\" sizes=\"auto, (max-width: 150px) 100vw, 150px\" \/>J&rsquo;ai moi-m\u00eame grandi dans la r\u00e9gion de Kiruna et j&rsquo;ai particip\u00e9 7 fois \u00e0 la course de chiens de tra\u00eeneau la plus longue et la plus difficile du monde, l'\u00a0\u00bbIditarod\u00a0\u00bb en Alaska, qui s&rsquo;\u00e9tend sur 1 850 kilom\u00e8tres.<\/p>\n<p>Je me r\u00e9jouis avec mon \u00e9quipe (qui comprend entre autres Lotta, ma partenaire, Nynke et Conny) de pouvoir t&rsquo;accueillir \u00e0 nouveau au camp et de partager avec toi notre passion pour les chiens de tra\u00eeneau et la nature magnifique. Avec mon \u00e9quipe, je promets de tout faire pour que non seulement ton chien de parrainage, mais aussi tous les chiens du camp se portent bien.<\/p>\n<p>Happy Trails, Mats Petersson et son \u00e9quipe<\/p>\n<p>&nbsp;<\/p>\n<p><strong>\u21d2 <\/strong>Vous \u00eates int\u00e9ress\u00e9(e) ? Alors n&rsquo;h\u00e9sitez pas \u00e0 nous <a href=\"http:\/\/www.snowtraildogcamp.com\/fr\/contact\/\">contacter<\/a>. Merci beaucoup.<\/p>\n<p>&nbsp;<\/p>\n<h3 style=\"text-align: left;\">Parrainage par chien de tra\u00eeneau : 1&rsquo;900 SEK par an<\/h3>\n<p style=\"text-align: left;\">En contrepartie, tu recevras un certificat de parrainage ainsi qu&rsquo;une photo r\u00e9cente de ton chien de parrainage.<br \/> Pendant ton s\u00e9jour, que ce soit en \u00e9t\u00e9 ou en hiver, tu peux t&rsquo;occuper de ton chien de parrainage et passer beaucoup de temps avec lui ou elle. Si tu viens chez nous en hiver, ton chien de parrainage peut, dans la mesure du possible, faire partie de ton \u00e9quipe.\u00a0<\/p>\n<h3>Conditions<\/h3>\n<ul style=\"list-style-type: disc;\">\n<li>Tu recevras au cours de l&rsquo;ann\u00e9e, en g\u00e9n\u00e9ral au d\u00e9but de la saison, une photo r\u00e9cente ainsi que de nouvelles informations sur ton chien de parrainage.<\/li>\n<li>Le parrainage est valable un an \u00e0 compter de la date de r\u00e9ception du montant sur le compte de parrainage.<\/li>\n<li>Le montant vers\u00e9 est exclusivement utilis\u00e9 pour la nourriture, les frais v\u00e9t\u00e9rinaires ou les frais g\u00e9n\u00e9raux d&rsquo;\u00e9levage (par exemple, l&rsquo;entretien des chenils).<\/li>\n<li>L&rsquo;utilisation du chien de tra\u00eeneau dans un attelage de chiens d\u00e9pend de son \u00e2ge et de son \u00e9tat de sant\u00e9.<\/li>\n<li>Si le chien de tra\u00eeneau d\u00e9c\u00e8de, nous t&rsquo;en informons et tu peux choisir un autre chien de tra\u00eeneau, \u00e0 condition que celui-ci n&rsquo;ait pas encore de parrain. Le montant correspondant ne peut pas \u00eatre rembours\u00e9.<\/li>\n<\/ul>\n<h3>Les coordonn\u00e9es bancaires pour un parrainage sont<\/h3>\n<ul>\n<li style=\"list-style-type: none;\">\n<ul>\n<li><strong>Num\u00e9ro de clearing:<\/strong> 8264-4<\/li>\n<li><strong>Num\u00e9ro de compte:<\/strong> 63 215 715-2<\/li>\n<li><strong>IBAN:<\/strong> SE98 8000 0826 4406 3215 7152<\/li>\n<li><strong>BIC:<\/strong> SWEDSESS<\/li>\n<\/ul>\n<\/li>\n<\/ul>\n<hr \/>\n<p>&nbsp;<\/p>\n","protected":false},"excerpt":{"rendered":"<p>Merci pour votre soutien Un grand merci \u00e0 tous ceux qui ont soutenu Lotti dans le pass\u00e9 en parrainant un chien. Ce soutien a \u00e9t\u00e9 tr\u00e8s pr\u00e9cieux et a apport\u00e9 beaucoup d&rsquo;aide et de r\u00e9sultats. Pour moi aussi, en tant que nouveau propri\u00e9taire du Snowtrail Dogcamp, les chiens passent avant tout. Leur bien-\u00eatre et leur &hellip; <a href=\"https:\/\/snowtraildogcamp.com\/fr\/chiens-de-traineau-parrainages\/\" class=\"more-link\">Continuer la lecture de <span class=\"screen-reader-text\">Chiens de tra\u00eeneau &#8211; Parrainages<\/span><\/a><\/p>\n","protected":false},"author":1,"featured_media":2902,"parent":0,"menu_order":0,"comment_status":"closed","ping_status":"closed","template":"","meta":{"footnotes":""},"class_list":["post-3151","page","type-page","status-publish","has-post-thumbnail","hentry"],"yoast_head":"<!-- This site is optimized with the Yoast SEO plugin v27.1.1 - https:\/\/yoast.com\/product\/yoast-seo-wordpress\/ -->\n<title>Chiens de tra\u00eeneau - Parrainages - Snow Trail Dog Camp<\/title>\n<meta name=\"robots\" content=\"index, follow, max-snippet:-1, max-image-preview:large, max-video-preview:-1\" \/>\n<link rel=\"canonical\" href=\"https:\/\/snowtraildogcamp.com\/fr\/chiens-de-traineau-parrainages\/\" \/>\n<meta property=\"og:locale\" content=\"fr_FR\" \/>\n<meta property=\"og:type\" content=\"article\" \/>\n<meta property=\"og:title\" content=\"Chiens de tra\u00eeneau - Parrainages - Snow Trail Dog Camp\" \/>\n<meta property=\"og:description\" content=\"Merci pour votre soutien Un grand merci \u00e0 tous ceux qui ont soutenu Lotti dans le pass\u00e9 en parrainant un chien. Ce soutien a \u00e9t\u00e9 tr\u00e8s pr\u00e9cieux et a apport\u00e9 beaucoup d&rsquo;aide et de r\u00e9sultats. Pour moi aussi, en tant que nouveau propri\u00e9taire du Snowtrail Dogcamp, les chiens passent avant tout. Leur bien-\u00eatre et leur &hellip; Continuer la lecture de Chiens de tra\u00eeneau &#8211; Parrainages\" \/>\n<meta property=\"og:url\" content=\"https:\/\/snowtraildogcamp.com\/fr\/chiens-de-traineau-parrainages\/\" \/>\n<meta property=\"og:site_name\" content=\"Snow Trail Dog Camp\" \/>\n<meta property=\"article:modified_time\" content=\"2025-01-17T09:34:28+00:00\" \/>\n<meta property=\"og:image\" content=\"https:\/\/snowtraildogcamp.com\/wp-content\/uploads\/2020\/01\/6312-Husky.jpg\" \/>\n\t<meta property=\"og:image:width\" content=\"2400\" \/>\n\t<meta property=\"og:image:height\" content=\"1602\" \/>\n\t<meta property=\"og:image:type\" content=\"image\/jpeg\" \/>\n<meta name=\"twitter:card\" content=\"summary_large_image\" \/>\n<meta name=\"twitter:label1\" content=\"Dur\u00e9e de lecture estim\u00e9e\" \/>\n\t<meta name=\"twitter:data1\" content=\"2 minutes\" \/>\n<script type=\"application\/ld+json\" class=\"yoast-schema-graph\">{\"@context\":\"https:\/\/schema.org\",\"@graph\":[{\"@type\":\"WebPage\",\"@id\":\"https:\/\/snowtraildogcamp.com\/fr\/chiens-de-traineau-parrainages\/\",\"url\":\"https:\/\/snowtraildogcamp.com\/fr\/chiens-de-traineau-parrainages\/\",\"name\":\"Chiens de tra\u00eeneau - Parrainages - Snow Trail Dog Camp\",\"isPartOf\":{\"@id\":\"https:\/\/snowtraildogcamp.com\/fr\/#website\"},\"primaryImageOfPage\":{\"@id\":\"https:\/\/snowtraildogcamp.com\/fr\/chiens-de-traineau-parrainages\/#primaryimage\"},\"image\":{\"@id\":\"https:\/\/snowtraildogcamp.com\/fr\/chiens-de-traineau-parrainages\/#primaryimage\"},\"thumbnailUrl\":\"https:\/\/snowtraildogcamp.com\/wp-content\/uploads\/2020\/01\/6312-Husky.jpg\",\"datePublished\":\"2025-01-17T09:31:20+00:00\",\"dateModified\":\"2025-01-17T09:34:28+00:00\",\"breadcrumb\":{\"@id\":\"https:\/\/snowtraildogcamp.com\/fr\/chiens-de-traineau-parrainages\/#breadcrumb\"},\"inLanguage\":\"fr-FR\",\"potentialAction\":[{\"@type\":\"ReadAction\",\"target\":[\"https:\/\/snowtraildogcamp.com\/fr\/chiens-de-traineau-parrainages\/\"]}]},{\"@type\":\"ImageObject\",\"inLanguage\":\"fr-FR\",\"@id\":\"https:\/\/snowtraildogcamp.com\/fr\/chiens-de-traineau-parrainages\/#primaryimage\",\"url\":\"https:\/\/snowtraildogcamp.com\/wp-content\/uploads\/2020\/01\/6312-Husky.jpg\",\"contentUrl\":\"https:\/\/snowtraildogcamp.com\/wp-content\/uploads\/2020\/01\/6312-Husky.jpg\",\"width\":2400,\"height\":1602},{\"@type\":\"BreadcrumbList\",\"@id\":\"https:\/\/snowtraildogcamp.com\/fr\/chiens-de-traineau-parrainages\/#breadcrumb\",\"itemListElement\":[{\"@type\":\"ListItem\",\"position\":1,\"name\":\"Startseite\",\"item\":\"https:\/\/snowtraildogcamp.com\/fr\/\"},{\"@type\":\"ListItem\",\"position\":2,\"name\":\"Chiens de tra\u00eeneau &#8211; Parrainages\"}]},{\"@type\":\"WebSite\",\"@id\":\"https:\/\/snowtraildogcamp.com\/fr\/#website\",\"url\":\"https:\/\/snowtraildogcamp.com\/fr\/\",\"name\":\"Snow Trail Dog Camp\",\"description\":\"\",\"publisher\":{\"@id\":\"https:\/\/snowtraildogcamp.com\/fr\/#organization\"},\"potentialAction\":[{\"@type\":\"SearchAction\",\"target\":{\"@type\":\"EntryPoint\",\"urlTemplate\":\"https:\/\/snowtraildogcamp.com\/fr\/?s={search_term_string}\"},\"query-input\":{\"@type\":\"PropertyValueSpecification\",\"valueRequired\":true,\"valueName\":\"search_term_string\"}}],\"inLanguage\":\"fr-FR\"},{\"@type\":\"Organization\",\"@id\":\"https:\/\/snowtraildogcamp.com\/fr\/#organization\",\"name\":\"Snow Trail Dog Camp\",\"url\":\"https:\/\/snowtraildogcamp.com\/fr\/\",\"logo\":{\"@type\":\"ImageObject\",\"inLanguage\":\"fr-FR\",\"@id\":\"https:\/\/snowtraildogcamp.com\/fr\/#\/schema\/logo\/image\/\",\"url\":\"https:\/\/snowtraildogcamp.com\/wp-content\/uploads\/2015\/12\/cropped-logo_snowtrail_dogcamp_e_plus.jpg\",\"contentUrl\":\"https:\/\/snowtraildogcamp.com\/wp-content\/uploads\/2015\/12\/cropped-logo_snowtrail_dogcamp_e_plus.jpg\",\"width\":248,\"height\":157,\"caption\":\"Snow Trail Dog Camp\"},\"image\":{\"@id\":\"https:\/\/snowtraildogcamp.com\/fr\/#\/schema\/logo\/image\/\"}}]}<\/script>\n<!-- \/ Yoast SEO plugin. -->","yoast_head_json":{"title":"Chiens de tra\u00eeneau - Parrainages - Snow Trail Dog Camp","robots":{"index":"index","follow":"follow","max-snippet":"max-snippet:-1","max-image-preview":"max-image-preview:large","max-video-preview":"max-video-preview:-1"},"canonical":"https:\/\/snowtraildogcamp.com\/fr\/chiens-de-traineau-parrainages\/","og_locale":"fr_FR","og_type":"article","og_title":"Chiens de tra\u00eeneau - Parrainages - Snow Trail Dog Camp","og_description":"Merci pour votre soutien Un grand merci \u00e0 tous ceux qui ont soutenu Lotti dans le pass\u00e9 en parrainant un chien. Ce soutien a \u00e9t\u00e9 tr\u00e8s pr\u00e9cieux et a apport\u00e9 beaucoup d&rsquo;aide et de r\u00e9sultats. Pour moi aussi, en tant que nouveau propri\u00e9taire du Snowtrail Dogcamp, les chiens passent avant tout. Leur bien-\u00eatre et leur &hellip; Continuer la lecture de Chiens de tra\u00eeneau &#8211; Parrainages","og_url":"https:\/\/snowtraildogcamp.com\/fr\/chiens-de-traineau-parrainages\/","og_site_name":"Snow Trail Dog Camp","article_modified_time":"2025-01-17T09:34:28+00:00","og_image":[{"width":2400,"height":1602,"url":"https:\/\/snowtraildogcamp.com\/wp-content\/uploads\/2020\/01\/6312-Husky.jpg","type":"image\/jpeg"}],"twitter_card":"summary_large_image","twitter_misc":{"Dur\u00e9e de lecture estim\u00e9e":"2 minutes"},"schema":{"@context":"https:\/\/schema.org","@graph":[{"@type":"WebPage","@id":"https:\/\/snowtraildogcamp.com\/fr\/chiens-de-traineau-parrainages\/","url":"https:\/\/snowtraildogcamp.com\/fr\/chiens-de-traineau-parrainages\/","name":"Chiens de tra\u00eeneau - Parrainages - Snow Trail Dog Camp","isPartOf":{"@id":"https:\/\/snowtraildogcamp.com\/fr\/#website"},"primaryImageOfPage":{"@id":"https:\/\/snowtraildogcamp.com\/fr\/chiens-de-traineau-parrainages\/#primaryimage"},"image":{"@id":"https:\/\/snowtraildogcamp.com\/fr\/chiens-de-traineau-parrainages\/#primaryimage"},"thumbnailUrl":"https:\/\/snowtraildogcamp.com\/wp-content\/uploads\/2020\/01\/6312-Husky.jpg","datePublished":"2025-01-17T09:31:20+00:00","dateModified":"2025-01-17T09:34:28+00:00","breadcrumb":{"@id":"https:\/\/snowtraildogcamp.com\/fr\/chiens-de-traineau-parrainages\/#breadcrumb"},"inLanguage":"fr-FR","potentialAction":[{"@type":"ReadAction","target":["https:\/\/snowtraildogcamp.com\/fr\/chiens-de-traineau-parrainages\/"]}]},{"@type":"ImageObject","inLanguage":"fr-FR","@id":"https:\/\/snowtraildogcamp.com\/fr\/chiens-de-traineau-parrainages\/#primaryimage","url":"https:\/\/snowtraildogcamp.com\/wp-content\/uploads\/2020\/01\/6312-Husky.jpg","contentUrl":"https:\/\/snowtraildogcamp.com\/wp-content\/uploads\/2020\/01\/6312-Husky.jpg","width":2400,"height":1602},{"@type":"BreadcrumbList","@id":"https:\/\/snowtraildogcamp.com\/fr\/chiens-de-traineau-parrainages\/#breadcrumb","itemListElement":[{"@type":"ListItem","position":1,"name":"Startseite","item":"https:\/\/snowtraildogcamp.com\/fr\/"},{"@type":"ListItem","position":2,"name":"Chiens de tra\u00eeneau &#8211; Parrainages"}]},{"@type":"WebSite","@id":"https:\/\/snowtraildogcamp.com\/fr\/#website","url":"https:\/\/snowtraildogcamp.com\/fr\/","name":"Snow Trail Dog Camp","description":"","publisher":{"@id":"https:\/\/snowtraildogcamp.com\/fr\/#organization"},"potentialAction":[{"@type":"SearchAction","target":{"@type":"EntryPoint","urlTemplate":"https:\/\/snowtraildogcamp.com\/fr\/?s={search_term_string}"},"query-input":{"@type":"PropertyValueSpecification","valueRequired":true,"valueName":"search_term_string"}}],"inLanguage":"fr-FR"},{"@type":"Organization","@id":"https:\/\/snowtraildogcamp.com\/fr\/#organization","name":"Snow Trail Dog Camp","url":"https:\/\/snowtraildogcamp.com\/fr\/","logo":{"@type":"ImageObject","inLanguage":"fr-FR","@id":"https:\/\/snowtraildogcamp.com\/fr\/#\/schema\/logo\/image\/","url":"https:\/\/snowtraildogcamp.com\/wp-content\/uploads\/2015\/12\/cropped-logo_snowtrail_dogcamp_e_plus.jpg","contentUrl":"https:\/\/snowtraildogcamp.com\/wp-content\/uploads\/2015\/12\/cropped-logo_snowtrail_dogcamp_e_plus.jpg","width":248,"height":157,"caption":"Snow Trail Dog Camp"},"image":{"@id":"https:\/\/snowtraildogcamp.com\/fr\/#\/schema\/logo\/image\/"}}]}},"_links":{"self":[{"href":"https:\/\/snowtraildogcamp.com\/fr\/wp-json\/wp\/v2\/pages\/3151","targetHints":{"allow":["GET"]}}],"collection":[{"href":"https:\/\/snowtraildogcamp.com\/fr\/wp-json\/wp\/v2\/pages"}],"about":[{"href":"https:\/\/snowtraildogcamp.com\/fr\/wp-json\/wp\/v2\/types\/page"}],"author":[{"embeddable":true,"href":"https:\/\/snowtraildogcamp.com\/fr\/wp-json\/wp\/v2\/users\/1"}],"replies":[{"embeddable":true,"href":"https:\/\/snowtraildogcamp.com\/fr\/wp-json\/wp\/v2\/comments?post=3151"}],"version-history":[{"count":3,"href":"https:\/\/snowtraildogcamp.com\/fr\/wp-json\/wp\/v2\/pages\/3151\/revisions"}],"predecessor-version":[{"id":3154,"href":"https:\/\/snowtraildogcamp.com\/fr\/wp-json\/wp\/v2\/pages\/3151\/revisions\/3154"}],"wp:featuredmedia":[{"embeddable":true,"href":"https:\/\/snowtraildogcamp.com\/fr\/wp-json\/wp\/v2\/media\/2902"}],"wp:attachment":[{"href":"https:\/\/snowtraildogcamp.com\/fr\/wp-json\/wp\/v2\/media?parent=3151"}],"curies":[{"name":"wp","href":"https:\/\/api.w.org\/{rel}","templated":true}]}}