{"id":3122,"date":"2025-01-17T08:59:30","date_gmt":"2025-01-17T07:59:30","guid":{"rendered":"https:\/\/snowtraildogcamp.com\/?page_id=3122"},"modified":"2025-01-17T09:04:18","modified_gmt":"2025-01-17T08:04:18","slug":"tour-du-trail-to-nome","status":"publish","type":"page","link":"https:\/\/snowtraildogcamp.com\/fr\/tour-du-trail-to-nome\/","title":{"rendered":"Tour du Trail to Nome"},"content":{"rendered":"<h3><strong>Le chemin vers Nome<\/strong><\/h3>\n<p>8 jours et 7 nuits\u00a0<\/p>\n<p><strong>Cette excursion exigeante nous conduit dans les montagnes su\u00e9doises (Fj\u00e4lls) et nous donne un bon aper\u00e7u de la mani\u00e8re dont on s&rsquo;occupe des chiens de tra\u00eeneau hautement entra\u00een\u00e9s qui sont utilis\u00e9s pour des courses comme la c\u00e9l\u00e8bre course de l&rsquo;Iditarod en Alaska.<\/strong><\/p>\n<p>Pendant une semaine, le circuit nous emm\u00e8ne \u00e0 travers des paysages de fj\u00e4lls intacts et des parcs nationaux su\u00e9dois. Nous pr\u00e9parerons nous-m\u00eames nos repas et passerons la nuit dans des tentes sames (appel\u00e9es kotas) ou de simples cabanes. Nous esp\u00e9rons que les aurores bor\u00e9ales danseront pendant la nuit, ce qui fera de ce voyage une exp\u00e9rience inoubliable.p><\/p>\n<p>Le tour est guid\u00e9 par Mats Petterson ou par un membre de son \u00e9quipe, dans la mesure du possible. Mats a lui-m\u00eame d\u00e9j\u00e0 particip\u00e9 avec succ\u00e8s pour la septi\u00e8me fois \u00e0 la c\u00e9l\u00e8bre course d&rsquo;Anchorage \u00e0 Nome (1&rsquo;850 kilom\u00e8tres). Plus que tout autre musher ne r\u00e9sidant pas aux \u00c9tats-Unis. Il a \u00e9galement particip\u00e9 \u00e0 plusieurs reprises \u00e0 la Finnmarsl\u00f6pet, la plus longue course de chiens de tra\u00eeneau d&rsquo;Europe.<\/p>\n<hr \/>\n<h3>D\u00e9tails de la visite<\/h3>\n<p><strong>Jour 1 : <\/strong> l&rsquo;aventure commence par le d\u00eener du premier soir au Snowtrail Dogcamp. Pendant et apr\u00e8s le repas, le guide informe, dans la mesure du possible, Mats de la semaine \u00e0 venir. Mats ou votre guide conna\u00eet tr\u00e8s bien la r\u00e9gion ainsi que les conditions m\u00e9t\u00e9orologiques, ce qui fait de cette semaine d&rsquo;aventure dans l&rsquo;une des meilleures r\u00e9gions de mushers un s\u00e9jour unique. Nuit au Snowtrail Dogcamp.\u00a0<\/p>\n<p><strong>Jour 2 : <\/strong> Nous profitons de cette journ\u00e9e pour faire connaissance avec l&rsquo;\u00e9quipement, le tra\u00eeneau \u00e0 chiens et bien s\u00fbr les diff\u00e9rents chiens de l&rsquo;\u00e9quipe. Nous passons \u00e9galement la deuxi\u00e8me nuit au Snowtrail Dogcamp.\u00a0<\/p>\n<p><strong>Jours 3 \u00e0 8 : <\/strong> 6 jours de randonn\u00e9e en tra\u00eeneau \u00e0 chiens \u00e0 travers des paysages de fj\u00e4lls intacts, des parcs nationaux et le long du c\u00e9l\u00e8bre Kungsleden.<br \/> <br \/>\nNous pr\u00e9parerons nous-m\u00eames nos repas et passerons la nuit dans des tentes sames (appel\u00e9es kotas) ou de simples cabanes. Nous esp\u00e9rons que les aurores bor\u00e9ales danseront pendant la nuit, ce qui fera de ce voyage une exp\u00e9rience inoubliable. Tu seras \u00e0 la t\u00eate de ta propre \u00e9quipe de 6 \u00e0 7 chiens.<br \/>\nAu retour au Snowtrail Dogcamp, un dernier d\u00eener raffin\u00e9 et, pour ceux qui le souhaitent, une s\u00e9ance de sauna avec bain dans l&rsquo;Eilsloch sont au programme.<\/p>\n<hr \/>\n<h3 style=\"text-align: left;\">Remarques<\/h3>\n<ul>\n<li style=\"list-style-type: none;\">\n<ul style=\"list-style-type: disc; text-align: left;\">\n<li style=\"text-align: justify;\">Les conditions pr\u00e9alables pour cette randonn\u00e9e sont une exp\u00e9rience de la musculation et une bonne condition physique.<\/li>\n<li style=\"text-align: justify;\">Pour les plus aventureux d&rsquo;entre vous, nous vous offrons la possibilit\u00e9 de passer une nuit dehors, dans la nature, o\u00f9, avec un peu de chance, vous pourrez assister de pr\u00e8s \u00e0 une aurore bor\u00e9ale. Sur demande, nous vous fournirons toutes les informations n\u00e9cessaires et l&rsquo;\u00e9quipement ad\u00e9quat pour passer une nuit inoubliable en pleine nature.<\/li>\n<li style=\"text-align: justify;\">Pendant le tour, vous \u00eates responsable de votre attelage de chiens et vous participez aux soins et \u00e0 la prise en charge des chiens.<\/li>\n<li style=\"text-align: justify;\">Comme nos programmes d\u00e9pendent de la m\u00e9t\u00e9o, nous nous r\u00e9servons le droit de modifier le d\u00e9roulement des programmes journaliers.<\/li>\n<li style=\"text-align: justify;\">La condition pr\u00e9alable \u00e0 la r\u00e9alisation du voyage est la participation d&rsquo;un minimum de 4 personnes et d&rsquo;un maximum de 6 personnes.\u00a0<\/li>\n<\/ul>\n<\/li>\n<\/ul>\n<hr \/>\n<h3 style=\"text-align: left;\">Prestations incluses dans le programme<\/h3>\n<ul>\n<li style=\"list-style-type: none;\">\n<ul style=\"list-style-type: disc; text-align: left;\">\n<li>2 nuits dans des chambres de 2 \u00e0 4 lits au Snowtrail Dogcamp avec toilettes et douches communes<\/li>\n<li>Nuits dans une cabane simple (dortoir commun sur matelas ou lits superpos\u00e9s)<\/li>\n<li>1 nuit dans une cabane confortable<\/li>\n<li>Pension compl\u00e8te (petit-d\u00e9jeuner, d\u00e9jeuner simple, d\u00eener, boissons non alcoolis\u00e9es)<\/li>\n<li>Attelage de chiens de tra\u00eeneau pour chaque personne avec environ 4 chiens\u00a0<\/li>\n<li>Veste, pantalon et bottes Mushing<\/li>\n<\/ul>\n<\/li>\n<\/ul>\n<hr \/>\n<h3 style=\"text-align: left;\">Nos propositions de listes de colisage<\/h3>\n<p style=\"text-align: left;\">Ce que vous devez apporter vous-m\u00eame<\/p>\n<ul>\n<li style=\"list-style-type: none;\">\n<ul style=\"list-style-type: disc; text-align: left;\">\n<li>Veste de ski, pantalon de ski, bottes d&rsquo;hiver<\/li>\n<li>bonnet chaud, \u00e9ventuellement en fourrure<\/li>\n<li>Gants \u00e0 doigts (laine) pour travailler avec les chiens<\/li>\n<li>Moufles \u00e9paisses et chaudes pour faire de la musculation<\/li>\n<li>Chaussons ou pantoufles<\/li>\n<li>chaussettes chaudes en laine<\/li>\n<li>sous-v\u00eatements chauds<\/li>\n<li>Pull-over<\/li>\n<li>lampe frontale ou lampe de poche, \u00e9ventuellement des piles<\/li>\n<\/ul>\n<\/li>\n<\/ul>\n<hr \/>\n<p style=\"text-align: left;\"><a href=\"https:\/\/fareharbor.com\/embeds\/book\/sleddog\/items\/474738\/calendar\/?flow=989900\" target=\"_blank\" onclick=\"FH.open({&#039;shortname&#039;:&#039;sleddog&#039;,&#039;view&#039;:{&#039;item&#039;:&#039;474738&#039;},&#039;fallback&#039;:&#039;simple&#039;,&#039;flow&#039;:&#039;989900&#039;}); return false;\" class=\"fh-button-flat fh-shape--square fh-icon--arrow\">Book now<\/a><\/p>\n","protected":false},"excerpt":{"rendered":"<p>Le chemin vers Nome 8 jours et 7 nuits\u00a0 Cette excursion exigeante nous conduit dans les montagnes su\u00e9doises (Fj\u00e4lls) et nous donne un bon aper\u00e7u de la mani\u00e8re dont on s&rsquo;occupe des chiens de tra\u00eeneau hautement entra\u00een\u00e9s qui sont utilis\u00e9s pour des courses comme la c\u00e9l\u00e8bre course de l&rsquo;Iditarod en Alaska. Pendant une semaine, le &hellip; <a href=\"https:\/\/snowtraildogcamp.com\/fr\/tour-du-trail-to-nome\/\" class=\"more-link\">Continuer la lecture de <span class=\"screen-reader-text\">Tour du Trail to Nome<\/span><\/a><\/p>\n","protected":false},"author":1,"featured_media":2471,"parent":0,"menu_order":0,"comment_status":"closed","ping_status":"closed","template":"","meta":{"footnotes":""},"class_list":["post-3122","page","type-page","status-publish","has-post-thumbnail","hentry"],"yoast_head":"<!-- This site is optimized with the Yoast SEO plugin v27.1.1 - https:\/\/yoast.com\/product\/yoast-seo-wordpress\/ -->\n<title>Tour du Trail to Nome - Snow Trail Dog Camp<\/title>\n<meta name=\"robots\" content=\"index, follow, max-snippet:-1, max-image-preview:large, max-video-preview:-1\" \/>\n<link rel=\"canonical\" href=\"https:\/\/snowtraildogcamp.com\/fr\/tour-du-trail-to-nome\/\" \/>\n<meta property=\"og:locale\" content=\"fr_FR\" \/>\n<meta property=\"og:type\" content=\"article\" \/>\n<meta property=\"og:title\" content=\"Tour du Trail to Nome - Snow Trail Dog Camp\" \/>\n<meta property=\"og:description\" content=\"Le chemin vers Nome 8 jours et 7 nuits\u00a0 Cette excursion exigeante nous conduit dans les montagnes su\u00e9doises (Fj\u00e4lls) et nous donne un bon aper\u00e7u de la mani\u00e8re dont on s&rsquo;occupe des chiens de tra\u00eeneau hautement entra\u00een\u00e9s qui sont utilis\u00e9s pour des courses comme la c\u00e9l\u00e8bre course de l&rsquo;Iditarod en Alaska. Pendant une semaine, le &hellip; Continuer la lecture de Tour du Trail to Nome\" \/>\n<meta property=\"og:url\" content=\"https:\/\/snowtraildogcamp.com\/fr\/tour-du-trail-to-nome\/\" \/>\n<meta property=\"og:site_name\" content=\"Snow Trail Dog Camp\" \/>\n<meta property=\"article:modified_time\" content=\"2025-01-17T08:04:18+00:00\" \/>\n<meta property=\"og:image\" content=\"https:\/\/snowtraildogcamp.com\/wp-content\/uploads\/2015\/12\/4942_Start.jpg\" \/>\n\t<meta property=\"og:image:width\" content=\"1596\" \/>\n\t<meta property=\"og:image:height\" content=\"1052\" \/>\n\t<meta property=\"og:image:type\" content=\"image\/jpeg\" \/>\n<meta name=\"twitter:card\" content=\"summary_large_image\" \/>\n<meta name=\"twitter:label1\" content=\"Dur\u00e9e de lecture estim\u00e9e\" \/>\n\t<meta name=\"twitter:data1\" content=\"3 minutes\" \/>\n<script type=\"application\/ld+json\" class=\"yoast-schema-graph\">{\"@context\":\"https:\/\/schema.org\",\"@graph\":[{\"@type\":\"WebPage\",\"@id\":\"https:\/\/snowtraildogcamp.com\/fr\/tour-du-trail-to-nome\/\",\"url\":\"https:\/\/snowtraildogcamp.com\/fr\/tour-du-trail-to-nome\/\",\"name\":\"Tour du Trail to Nome - Snow Trail Dog Camp\",\"isPartOf\":{\"@id\":\"https:\/\/snowtraildogcamp.com\/fr\/#website\"},\"primaryImageOfPage\":{\"@id\":\"https:\/\/snowtraildogcamp.com\/fr\/tour-du-trail-to-nome\/#primaryimage\"},\"image\":{\"@id\":\"https:\/\/snowtraildogcamp.com\/fr\/tour-du-trail-to-nome\/#primaryimage\"},\"thumbnailUrl\":\"https:\/\/snowtraildogcamp.com\/wp-content\/uploads\/2015\/12\/4942_Start.jpg\",\"datePublished\":\"2025-01-17T07:59:30+00:00\",\"dateModified\":\"2025-01-17T08:04:18+00:00\",\"breadcrumb\":{\"@id\":\"https:\/\/snowtraildogcamp.com\/fr\/tour-du-trail-to-nome\/#breadcrumb\"},\"inLanguage\":\"fr-FR\",\"potentialAction\":[{\"@type\":\"ReadAction\",\"target\":[\"https:\/\/snowtraildogcamp.com\/fr\/tour-du-trail-to-nome\/\"]}]},{\"@type\":\"ImageObject\",\"inLanguage\":\"fr-FR\",\"@id\":\"https:\/\/snowtraildogcamp.com\/fr\/tour-du-trail-to-nome\/#primaryimage\",\"url\":\"https:\/\/snowtraildogcamp.com\/wp-content\/uploads\/2015\/12\/4942_Start.jpg\",\"contentUrl\":\"https:\/\/snowtraildogcamp.com\/wp-content\/uploads\/2015\/12\/4942_Start.jpg\",\"width\":1596,\"height\":1052},{\"@type\":\"BreadcrumbList\",\"@id\":\"https:\/\/snowtraildogcamp.com\/fr\/tour-du-trail-to-nome\/#breadcrumb\",\"itemListElement\":[{\"@type\":\"ListItem\",\"position\":1,\"name\":\"Startseite\",\"item\":\"https:\/\/snowtraildogcamp.com\/fr\/\"},{\"@type\":\"ListItem\",\"position\":2,\"name\":\"Tour du Trail to Nome\"}]},{\"@type\":\"WebSite\",\"@id\":\"https:\/\/snowtraildogcamp.com\/fr\/#website\",\"url\":\"https:\/\/snowtraildogcamp.com\/fr\/\",\"name\":\"Snow Trail Dog Camp\",\"description\":\"\",\"publisher\":{\"@id\":\"https:\/\/snowtraildogcamp.com\/fr\/#organization\"},\"potentialAction\":[{\"@type\":\"SearchAction\",\"target\":{\"@type\":\"EntryPoint\",\"urlTemplate\":\"https:\/\/snowtraildogcamp.com\/fr\/?s={search_term_string}\"},\"query-input\":{\"@type\":\"PropertyValueSpecification\",\"valueRequired\":true,\"valueName\":\"search_term_string\"}}],\"inLanguage\":\"fr-FR\"},{\"@type\":\"Organization\",\"@id\":\"https:\/\/snowtraildogcamp.com\/fr\/#organization\",\"name\":\"Snow Trail Dog Camp\",\"url\":\"https:\/\/snowtraildogcamp.com\/fr\/\",\"logo\":{\"@type\":\"ImageObject\",\"inLanguage\":\"fr-FR\",\"@id\":\"https:\/\/snowtraildogcamp.com\/fr\/#\/schema\/logo\/image\/\",\"url\":\"https:\/\/snowtraildogcamp.com\/wp-content\/uploads\/2015\/12\/cropped-logo_snowtrail_dogcamp_e_plus.jpg\",\"contentUrl\":\"https:\/\/snowtraildogcamp.com\/wp-content\/uploads\/2015\/12\/cropped-logo_snowtrail_dogcamp_e_plus.jpg\",\"width\":248,\"height\":157,\"caption\":\"Snow Trail Dog Camp\"},\"image\":{\"@id\":\"https:\/\/snowtraildogcamp.com\/fr\/#\/schema\/logo\/image\/\"}}]}<\/script>\n<!-- \/ Yoast SEO plugin. -->","yoast_head_json":{"title":"Tour du Trail to Nome - Snow Trail Dog Camp","robots":{"index":"index","follow":"follow","max-snippet":"max-snippet:-1","max-image-preview":"max-image-preview:large","max-video-preview":"max-video-preview:-1"},"canonical":"https:\/\/snowtraildogcamp.com\/fr\/tour-du-trail-to-nome\/","og_locale":"fr_FR","og_type":"article","og_title":"Tour du Trail to Nome - Snow Trail Dog Camp","og_description":"Le chemin vers Nome 8 jours et 7 nuits\u00a0 Cette excursion exigeante nous conduit dans les montagnes su\u00e9doises (Fj\u00e4lls) et nous donne un bon aper\u00e7u de la mani\u00e8re dont on s&rsquo;occupe des chiens de tra\u00eeneau hautement entra\u00een\u00e9s qui sont utilis\u00e9s pour des courses comme la c\u00e9l\u00e8bre course de l&rsquo;Iditarod en Alaska. Pendant une semaine, le &hellip; Continuer la lecture de Tour du Trail to Nome","og_url":"https:\/\/snowtraildogcamp.com\/fr\/tour-du-trail-to-nome\/","og_site_name":"Snow Trail Dog Camp","article_modified_time":"2025-01-17T08:04:18+00:00","og_image":[{"width":1596,"height":1052,"url":"https:\/\/snowtraildogcamp.com\/wp-content\/uploads\/2015\/12\/4942_Start.jpg","type":"image\/jpeg"}],"twitter_card":"summary_large_image","twitter_misc":{"Dur\u00e9e de lecture estim\u00e9e":"3 minutes"},"schema":{"@context":"https:\/\/schema.org","@graph":[{"@type":"WebPage","@id":"https:\/\/snowtraildogcamp.com\/fr\/tour-du-trail-to-nome\/","url":"https:\/\/snowtraildogcamp.com\/fr\/tour-du-trail-to-nome\/","name":"Tour du Trail to Nome - Snow Trail Dog Camp","isPartOf":{"@id":"https:\/\/snowtraildogcamp.com\/fr\/#website"},"primaryImageOfPage":{"@id":"https:\/\/snowtraildogcamp.com\/fr\/tour-du-trail-to-nome\/#primaryimage"},"image":{"@id":"https:\/\/snowtraildogcamp.com\/fr\/tour-du-trail-to-nome\/#primaryimage"},"thumbnailUrl":"https:\/\/snowtraildogcamp.com\/wp-content\/uploads\/2015\/12\/4942_Start.jpg","datePublished":"2025-01-17T07:59:30+00:00","dateModified":"2025-01-17T08:04:18+00:00","breadcrumb":{"@id":"https:\/\/snowtraildogcamp.com\/fr\/tour-du-trail-to-nome\/#breadcrumb"},"inLanguage":"fr-FR","potentialAction":[{"@type":"ReadAction","target":["https:\/\/snowtraildogcamp.com\/fr\/tour-du-trail-to-nome\/"]}]},{"@type":"ImageObject","inLanguage":"fr-FR","@id":"https:\/\/snowtraildogcamp.com\/fr\/tour-du-trail-to-nome\/#primaryimage","url":"https:\/\/snowtraildogcamp.com\/wp-content\/uploads\/2015\/12\/4942_Start.jpg","contentUrl":"https:\/\/snowtraildogcamp.com\/wp-content\/uploads\/2015\/12\/4942_Start.jpg","width":1596,"height":1052},{"@type":"BreadcrumbList","@id":"https:\/\/snowtraildogcamp.com\/fr\/tour-du-trail-to-nome\/#breadcrumb","itemListElement":[{"@type":"ListItem","position":1,"name":"Startseite","item":"https:\/\/snowtraildogcamp.com\/fr\/"},{"@type":"ListItem","position":2,"name":"Tour du Trail to Nome"}]},{"@type":"WebSite","@id":"https:\/\/snowtraildogcamp.com\/fr\/#website","url":"https:\/\/snowtraildogcamp.com\/fr\/","name":"Snow Trail Dog Camp","description":"","publisher":{"@id":"https:\/\/snowtraildogcamp.com\/fr\/#organization"},"potentialAction":[{"@type":"SearchAction","target":{"@type":"EntryPoint","urlTemplate":"https:\/\/snowtraildogcamp.com\/fr\/?s={search_term_string}"},"query-input":{"@type":"PropertyValueSpecification","valueRequired":true,"valueName":"search_term_string"}}],"inLanguage":"fr-FR"},{"@type":"Organization","@id":"https:\/\/snowtraildogcamp.com\/fr\/#organization","name":"Snow Trail Dog Camp","url":"https:\/\/snowtraildogcamp.com\/fr\/","logo":{"@type":"ImageObject","inLanguage":"fr-FR","@id":"https:\/\/snowtraildogcamp.com\/fr\/#\/schema\/logo\/image\/","url":"https:\/\/snowtraildogcamp.com\/wp-content\/uploads\/2015\/12\/cropped-logo_snowtrail_dogcamp_e_plus.jpg","contentUrl":"https:\/\/snowtraildogcamp.com\/wp-content\/uploads\/2015\/12\/cropped-logo_snowtrail_dogcamp_e_plus.jpg","width":248,"height":157,"caption":"Snow Trail Dog Camp"},"image":{"@id":"https:\/\/snowtraildogcamp.com\/fr\/#\/schema\/logo\/image\/"}}]}},"_links":{"self":[{"href":"https:\/\/snowtraildogcamp.com\/fr\/wp-json\/wp\/v2\/pages\/3122","targetHints":{"allow":["GET"]}}],"collection":[{"href":"https:\/\/snowtraildogcamp.com\/fr\/wp-json\/wp\/v2\/pages"}],"about":[{"href":"https:\/\/snowtraildogcamp.com\/fr\/wp-json\/wp\/v2\/types\/page"}],"author":[{"embeddable":true,"href":"https:\/\/snowtraildogcamp.com\/fr\/wp-json\/wp\/v2\/users\/1"}],"replies":[{"embeddable":true,"href":"https:\/\/snowtraildogcamp.com\/fr\/wp-json\/wp\/v2\/comments?post=3122"}],"version-history":[{"count":3,"href":"https:\/\/snowtraildogcamp.com\/fr\/wp-json\/wp\/v2\/pages\/3122\/revisions"}],"predecessor-version":[{"id":3126,"href":"https:\/\/snowtraildogcamp.com\/fr\/wp-json\/wp\/v2\/pages\/3122\/revisions\/3126"}],"wp:featuredmedia":[{"embeddable":true,"href":"https:\/\/snowtraildogcamp.com\/fr\/wp-json\/wp\/v2\/media\/2471"}],"wp:attachment":[{"href":"https:\/\/snowtraildogcamp.com\/fr\/wp-json\/wp\/v2\/media?parent=3122"}],"curies":[{"name":"wp","href":"https:\/\/api.w.org\/{rel}","templated":true}]}}