{"id":3116,"date":"2025-01-17T08:52:57","date_gmt":"2025-01-17T07:52:57","guid":{"rendered":"https:\/\/snowtraildogcamp.com\/?page_id=3116"},"modified":"2025-01-17T08:58:56","modified_gmt":"2025-01-17T07:58:56","slug":"togo-memory-tour","status":"publish","type":"page","link":"https:\/\/snowtraildogcamp.com\/fr\/togo-memory-tour\/","title":{"rendered":"Togo memory Tour"},"content":{"rendered":"<h3><strong>En souvenir du Togo<\/strong><\/h3>\n<p>4 jours et 3 nuits<\/p>\n<p><strong>Dans ce programme, nos amis les huskies et le mushen (la conduite d&rsquo;un attelage de chiens de tra\u00eeneau) sont au centre des activit\u00e9s.<\/strong><\/p>\n<p>Ce circuit est parfait pour ceux qui souhaitent vivre une v\u00e9ritable aventure arctique, sans pour autant renoncer au confort. Toutes les nuits sont pass\u00e9es au Snowtrail Dogcamp. Vous aurez la chance d&rsquo;observer des animaux sauvages dans la nature sauvage de l&rsquo;Arctique et d&rsquo;admirer des aurores bor\u00e9ales loin de toute pollution lumineuse. Bien entendu, la musculation et le temps pass\u00e9 avec les adorables huskies ne seront pas oubli\u00e9s.<\/p>\n<hr \/>\n<h3>D\u00e9tails de la visite<\/h3>\n<p><strong>Jour 1 &#8211; Arriv\u00e9e au camp : <\/strong>  le premier jour, nous venons vous chercher demain \u00e0 l&rsquo;a\u00e9roport de Kiruna ou \u00e0 votre h\u00f4tel en ville. Le trajet jusqu&rsquo;\u00e0 Moskoj\u00e4rvi dure environ 1 heure. Depuis notre parking, nous parcourons encore environ 3 km en motoneige avant d&rsquo;arriver au camp.<\/p>\n<p>Autour d&rsquo;une tasse de caf\u00e9 bien chaud que nous pr\u00e9parons sur le feu ouvert, ils font connaissance entre eux et avec le guide. Il leur donne toutes les informations sur l&rsquo;aventure \u00e0 venir et r\u00e9pond volontiers \u00e0 leurs questions. Une fois que tout le monde est \u00e9quip\u00e9 et que nos adorables chiens ont \u00e9t\u00e9 salu\u00e9s, leur guide leur donne de br\u00e8ves instructions sur la mani\u00e8re d&rsquo;atteler un chien, de l&rsquo;attacher \u00e0 la gangline et de conduire un tra\u00eeneau \u00e0 chiens. Une fois que tous les chiens sont attel\u00e9s et qu&rsquo;ils sont pr\u00eats, nous partons pour un premier tour d&rsquo;introduction et d&rsquo;exploration. C&rsquo;est l&rsquo;occasion de se familiariser avec les chiens, le tra\u00eeneau et l&rsquo;\u00e9quipement.<\/p>\n<p>De retour au camp, le d\u00eener est bient\u00f4t servi. Nous passons la soir\u00e9e ensemble avec les chiens et nous nous couchons plut\u00f4t t\u00f4t pour nous remettre des nombreuses impressions. Lors de cette excursion, nous retournons toujours le soir au Snowtrail Dogcamp pour y passer la soir\u00e9e et la nuit et profiter des commodit\u00e9s du confortable lodge.<\/p>\n<p><strong>Jour 2 &#8211; \u00c0 travers les quartiers d&rsquo;hiver des \u00e9lans : <\/strong> La journ\u00e9e commence par un petit-d\u00e9jeuner complet. Ensuite, vous \u00eates cordialement invit\u00e9s \u00e0 assister au nourrissage des chiens et m\u00eame \u00e0 y participer. Ce jour-l\u00e0, nous ferons un tour impressionnant \u00e0 travers les for\u00eats, la toundra enneig\u00e9e et sur les rivi\u00e8res et les lacs gel\u00e9s. La r\u00e9gion est magnifique et constitue le quartier d&rsquo;hiver des \u00e9lans. Il y a donc de bonnes chances de rencontrer personnellement le roi de la for\u00eat et d&rsquo;autres animaux sauvages. D\u00eener et nuit au camp.\u00a0<\/p>\n<p><strong>Jour 3 &#8211; Encore une magnifique randonn\u00e9e \u00e0 travers les for\u00eats, la toundra et les lacs gel\u00e9s : <\/strong> comme toujours, nous commen\u00e7ons par nourrir les chiens le matin, puis c&rsquo;est l&rsquo;heure du petit-d\u00e9jeuner. Ensuite, nous faisons nos valises et repartons sur le sentier. De retour au Snowtrail Dogcamp, nous d\u00e9gustons un d\u00e9licieux d\u00eener et terminons la soir\u00e9e. Vous passerez la nuit dans l&rsquo;une des chambres confortables ou, si vous le souhaitez et moyennant un suppl\u00e9ment, dans l&rsquo;une des trois cabanes Aurora pour deux personnes. Bien entendu, le sauna est chauff\u00e9 et pr\u00eat \u00e0 \u00eatre utilis\u00e9.\u00a0<\/p>\n<p><strong>4e jour &#8211; Retour progressif \u00e0 la civilisation : <\/strong> aujourd&rsquo;hui est d\u00e9j\u00e0 le dernier jour de notre aventure arctique. Comme tous les pr\u00e9c\u00e9dents, il commence par l&rsquo;alimentation des chiens et un d\u00e9licieux petit-d\u00e9jeuner pour nous, les humains. Ensuite, il est temps de retourner \u00e0 la civilisation. <br \/>\nPour cela, nous profitons pour finir d&rsquo;une belle balade en motoneige, qui nous ram\u00e8ne en 15 minutes environ au parking. De l\u00e0, nous reprenons le minibus pour retourner en ville \u00e0 Kiruna ou \u00e0 l&rsquo;a\u00e9roport.<\/p>\n<h3 style=\"text-align: left;\">Remarques<\/h3>\n<ul>\n<li style=\"list-style-type: none;\">\n<ul style=\"text-align: left;\">\n<li style=\"text-align: justify;\">Nos randonn\u00e9es exigent parfois des performances physiques, selon les conditions m\u00e9t\u00e9orologiques. Il est donc important d&rsquo;\u00e9valuer honn\u00eatement sa propre forme physique. Cette excursion requiert un minimum de condition physique.\u00a0<\/li>\n<li style=\"text-align: justify;\">Comme nos programmes et activit\u00e9s d\u00e9pendent des conditions m\u00e9t\u00e9orologiques, nous nous r\u00e9servons le droit de modifier le programme \u00e0 court terme.<\/li>\n<li>Veuillez nous informer le plus t\u00f4t possible si vous avez des besoins particuliers, tels que des allergies alimentaires, des habitudes alimentaires sp\u00e9ciales, etc.<\/li>\n<li>Au camp, il est possible, moyennant un suppl\u00e9ment, de passer la nuit dans l&rsquo;une des trois Aurora Huts (cabane pour 2 personnes avec fen\u00eatres panoramiques).<\/li>\n<\/ul>\n<\/li>\n<\/ul>\n<hr \/>\n<h3 style=\"text-align: left;\">Prestations incluses dans le programme<\/h3>\n<ul>\n<li style=\"list-style-type: none;\">\n<ul style=\"text-align: left;\">\n<li>Toutes les nuits en chambre de 2 \u00e0 4 lits au lodge, toilettes et douches communes (sur demande et moyennant un suppl\u00e9ment, nuit\u00e9e au refuge Aurora Hut possible)<\/li>\n<li>Pension compl\u00e8te (petit-d\u00e9jeuner, d\u00e9jeuner simple, d\u00eener, boissons non alcoolis\u00e9es)<\/li>\n<li>Veste, pantalon et bottes Mushing<\/li>\n<li>Nous roulons avec une \u00e9quipe compos\u00e9e de six chiens et de deux tra\u00eeneaux par \u00e9quipe. Ainsi, chacun conduit son propre tra\u00eeneau.<\/li>\n<\/ul>\n<\/li>\n<\/ul>\n<hr \/>\n<h3 style=\"text-align: left;\">Ce que vous devez apporter vous-m\u00eame<\/h3>\n<ul>\n<li style=\"list-style-type: none;\">\n<ul style=\"list-style-type: disc; text-align: left;\">\n<li>Veste de ski, pantalon de ski, bottes d&rsquo;hiver<\/li>\n<li>bonnet chaud, \u00e9ventuellement en fourrure<\/li>\n<li>Gants \u00e0 doigts (laine) pour travailler avec les chiens<\/li>\n<li>Moufles \u00e9paisses et chaudes pour faire de la musculation<\/li>\n<li>Chaussons ou pantoufles<\/li>\n<li>chaussettes chaudes en laine<\/li>\n<li>sous-v\u00eatements chauds<\/li>\n<li>Pull-over<\/li>\n<li>Lampe frontale ou lampe de poche avec pile<\/li>\n<\/ul>\n<\/li>\n<\/ul>\n<hr \/>\n<p>&nbsp;<\/p>\n<p style=\"text-align: left;\"><a href=\"https:\/\/fareharbor.com\/embeds\/book\/sleddog\/items\/474548\/calendar\/?flow=989900\" target=\"_blank\" onclick=\"FH.open({&#039;shortname&#039;:&#039;sleddog&#039;,&#039;view&#039;:{&#039;item&#039;:&#039;474548&#039;},&#039;fallback&#039;:&#039;simple&#039;,&#039;flow&#039;:&#039;989900&#039;}); return false;\" class=\"fh-button-flat fh-shape--square fh-icon--arrow\">Book now<\/a><\/p>\n","protected":false},"excerpt":{"rendered":"<p>En souvenir du Togo 4 jours et 3 nuits Dans ce programme, nos amis les huskies et le mushen (la conduite d&rsquo;un attelage de chiens de tra\u00eeneau) sont au centre des activit\u00e9s. Ce circuit est parfait pour ceux qui souhaitent vivre une v\u00e9ritable aventure arctique, sans pour autant renoncer au confort. Toutes les nuits sont &hellip; <a href=\"https:\/\/snowtraildogcamp.com\/fr\/togo-memory-tour\/\" class=\"more-link\">Continuer la lecture de <span class=\"screen-reader-text\">Togo memory Tour<\/span><\/a><\/p>\n","protected":false},"author":1,"featured_media":3010,"parent":0,"menu_order":0,"comment_status":"closed","ping_status":"closed","template":"","meta":{"footnotes":""},"class_list":["post-3116","page","type-page","status-publish","has-post-thumbnail","hentry"],"yoast_head":"<!-- This site is optimized with the Yoast SEO plugin v27.1.1 - https:\/\/yoast.com\/product\/yoast-seo-wordpress\/ -->\n<title>Togo memory Tour - Snow Trail Dog Camp<\/title>\n<meta name=\"robots\" content=\"index, follow, max-snippet:-1, max-image-preview:large, max-video-preview:-1\" \/>\n<link rel=\"canonical\" href=\"https:\/\/snowtraildogcamp.com\/fr\/togo-memory-tour\/\" \/>\n<meta property=\"og:locale\" content=\"fr_FR\" \/>\n<meta property=\"og:type\" content=\"article\" \/>\n<meta property=\"og:title\" content=\"Togo memory Tour - Snow Trail Dog Camp\" \/>\n<meta property=\"og:description\" content=\"En souvenir du Togo 4 jours et 3 nuits Dans ce programme, nos amis les huskies et le mushen (la conduite d&rsquo;un attelage de chiens de tra\u00eeneau) sont au centre des activit\u00e9s. Ce circuit est parfait pour ceux qui souhaitent vivre une v\u00e9ritable aventure arctique, sans pour autant renoncer au confort. Toutes les nuits sont &hellip; Continuer la lecture de Togo memory Tour\" \/>\n<meta property=\"og:url\" content=\"https:\/\/snowtraildogcamp.com\/fr\/togo-memory-tour\/\" \/>\n<meta property=\"og:site_name\" content=\"Snow Trail Dog Camp\" \/>\n<meta property=\"article:modified_time\" content=\"2025-01-17T07:58:56+00:00\" \/>\n<meta property=\"og:image\" content=\"https:\/\/snowtraildogcamp.com\/wp-content\/uploads\/2022\/05\/18195093_1415203418501821_2890799178187660957_n.jpg\" \/>\n\t<meta property=\"og:image:width\" content=\"960\" \/>\n\t<meta property=\"og:image:height\" content=\"505\" \/>\n\t<meta property=\"og:image:type\" content=\"image\/jpeg\" \/>\n<meta name=\"twitter:card\" content=\"summary_large_image\" \/>\n<meta name=\"twitter:label1\" content=\"Dur\u00e9e de lecture estim\u00e9e\" \/>\n\t<meta name=\"twitter:data1\" content=\"4 minutes\" \/>\n<script type=\"application\/ld+json\" class=\"yoast-schema-graph\">{\"@context\":\"https:\/\/schema.org\",\"@graph\":[{\"@type\":\"WebPage\",\"@id\":\"https:\/\/snowtraildogcamp.com\/fr\/togo-memory-tour\/\",\"url\":\"https:\/\/snowtraildogcamp.com\/fr\/togo-memory-tour\/\",\"name\":\"Togo memory Tour - Snow Trail Dog Camp\",\"isPartOf\":{\"@id\":\"https:\/\/snowtraildogcamp.com\/fr\/#website\"},\"primaryImageOfPage\":{\"@id\":\"https:\/\/snowtraildogcamp.com\/fr\/togo-memory-tour\/#primaryimage\"},\"image\":{\"@id\":\"https:\/\/snowtraildogcamp.com\/fr\/togo-memory-tour\/#primaryimage\"},\"thumbnailUrl\":\"https:\/\/snowtraildogcamp.com\/wp-content\/uploads\/2022\/05\/18195093_1415203418501821_2890799178187660957_n.jpg\",\"datePublished\":\"2025-01-17T07:52:57+00:00\",\"dateModified\":\"2025-01-17T07:58:56+00:00\",\"breadcrumb\":{\"@id\":\"https:\/\/snowtraildogcamp.com\/fr\/togo-memory-tour\/#breadcrumb\"},\"inLanguage\":\"fr-FR\",\"potentialAction\":[{\"@type\":\"ReadAction\",\"target\":[\"https:\/\/snowtraildogcamp.com\/fr\/togo-memory-tour\/\"]}]},{\"@type\":\"ImageObject\",\"inLanguage\":\"fr-FR\",\"@id\":\"https:\/\/snowtraildogcamp.com\/fr\/togo-memory-tour\/#primaryimage\",\"url\":\"https:\/\/snowtraildogcamp.com\/wp-content\/uploads\/2022\/05\/18195093_1415203418501821_2890799178187660957_n.jpg\",\"contentUrl\":\"https:\/\/snowtraildogcamp.com\/wp-content\/uploads\/2022\/05\/18195093_1415203418501821_2890799178187660957_n.jpg\",\"width\":960,\"height\":505},{\"@type\":\"BreadcrumbList\",\"@id\":\"https:\/\/snowtraildogcamp.com\/fr\/togo-memory-tour\/#breadcrumb\",\"itemListElement\":[{\"@type\":\"ListItem\",\"position\":1,\"name\":\"Startseite\",\"item\":\"https:\/\/snowtraildogcamp.com\/fr\/\"},{\"@type\":\"ListItem\",\"position\":2,\"name\":\"Togo memory Tour\"}]},{\"@type\":\"WebSite\",\"@id\":\"https:\/\/snowtraildogcamp.com\/fr\/#website\",\"url\":\"https:\/\/snowtraildogcamp.com\/fr\/\",\"name\":\"Snow Trail Dog Camp\",\"description\":\"\",\"publisher\":{\"@id\":\"https:\/\/snowtraildogcamp.com\/fr\/#organization\"},\"potentialAction\":[{\"@type\":\"SearchAction\",\"target\":{\"@type\":\"EntryPoint\",\"urlTemplate\":\"https:\/\/snowtraildogcamp.com\/fr\/?s={search_term_string}\"},\"query-input\":{\"@type\":\"PropertyValueSpecification\",\"valueRequired\":true,\"valueName\":\"search_term_string\"}}],\"inLanguage\":\"fr-FR\"},{\"@type\":\"Organization\",\"@id\":\"https:\/\/snowtraildogcamp.com\/fr\/#organization\",\"name\":\"Snow Trail Dog Camp\",\"url\":\"https:\/\/snowtraildogcamp.com\/fr\/\",\"logo\":{\"@type\":\"ImageObject\",\"inLanguage\":\"fr-FR\",\"@id\":\"https:\/\/snowtraildogcamp.com\/fr\/#\/schema\/logo\/image\/\",\"url\":\"https:\/\/snowtraildogcamp.com\/wp-content\/uploads\/2015\/12\/cropped-logo_snowtrail_dogcamp_e_plus.jpg\",\"contentUrl\":\"https:\/\/snowtraildogcamp.com\/wp-content\/uploads\/2015\/12\/cropped-logo_snowtrail_dogcamp_e_plus.jpg\",\"width\":248,\"height\":157,\"caption\":\"Snow Trail Dog Camp\"},\"image\":{\"@id\":\"https:\/\/snowtraildogcamp.com\/fr\/#\/schema\/logo\/image\/\"}}]}<\/script>\n<!-- \/ Yoast SEO plugin. -->","yoast_head_json":{"title":"Togo memory Tour - Snow Trail Dog Camp","robots":{"index":"index","follow":"follow","max-snippet":"max-snippet:-1","max-image-preview":"max-image-preview:large","max-video-preview":"max-video-preview:-1"},"canonical":"https:\/\/snowtraildogcamp.com\/fr\/togo-memory-tour\/","og_locale":"fr_FR","og_type":"article","og_title":"Togo memory Tour - Snow Trail Dog Camp","og_description":"En souvenir du Togo 4 jours et 3 nuits Dans ce programme, nos amis les huskies et le mushen (la conduite d&rsquo;un attelage de chiens de tra\u00eeneau) sont au centre des activit\u00e9s. Ce circuit est parfait pour ceux qui souhaitent vivre une v\u00e9ritable aventure arctique, sans pour autant renoncer au confort. Toutes les nuits sont &hellip; Continuer la lecture de Togo memory Tour","og_url":"https:\/\/snowtraildogcamp.com\/fr\/togo-memory-tour\/","og_site_name":"Snow Trail Dog Camp","article_modified_time":"2025-01-17T07:58:56+00:00","og_image":[{"width":960,"height":505,"url":"https:\/\/snowtraildogcamp.com\/wp-content\/uploads\/2022\/05\/18195093_1415203418501821_2890799178187660957_n.jpg","type":"image\/jpeg"}],"twitter_card":"summary_large_image","twitter_misc":{"Dur\u00e9e de lecture estim\u00e9e":"4 minutes"},"schema":{"@context":"https:\/\/schema.org","@graph":[{"@type":"WebPage","@id":"https:\/\/snowtraildogcamp.com\/fr\/togo-memory-tour\/","url":"https:\/\/snowtraildogcamp.com\/fr\/togo-memory-tour\/","name":"Togo memory Tour - Snow Trail Dog Camp","isPartOf":{"@id":"https:\/\/snowtraildogcamp.com\/fr\/#website"},"primaryImageOfPage":{"@id":"https:\/\/snowtraildogcamp.com\/fr\/togo-memory-tour\/#primaryimage"},"image":{"@id":"https:\/\/snowtraildogcamp.com\/fr\/togo-memory-tour\/#primaryimage"},"thumbnailUrl":"https:\/\/snowtraildogcamp.com\/wp-content\/uploads\/2022\/05\/18195093_1415203418501821_2890799178187660957_n.jpg","datePublished":"2025-01-17T07:52:57+00:00","dateModified":"2025-01-17T07:58:56+00:00","breadcrumb":{"@id":"https:\/\/snowtraildogcamp.com\/fr\/togo-memory-tour\/#breadcrumb"},"inLanguage":"fr-FR","potentialAction":[{"@type":"ReadAction","target":["https:\/\/snowtraildogcamp.com\/fr\/togo-memory-tour\/"]}]},{"@type":"ImageObject","inLanguage":"fr-FR","@id":"https:\/\/snowtraildogcamp.com\/fr\/togo-memory-tour\/#primaryimage","url":"https:\/\/snowtraildogcamp.com\/wp-content\/uploads\/2022\/05\/18195093_1415203418501821_2890799178187660957_n.jpg","contentUrl":"https:\/\/snowtraildogcamp.com\/wp-content\/uploads\/2022\/05\/18195093_1415203418501821_2890799178187660957_n.jpg","width":960,"height":505},{"@type":"BreadcrumbList","@id":"https:\/\/snowtraildogcamp.com\/fr\/togo-memory-tour\/#breadcrumb","itemListElement":[{"@type":"ListItem","position":1,"name":"Startseite","item":"https:\/\/snowtraildogcamp.com\/fr\/"},{"@type":"ListItem","position":2,"name":"Togo memory Tour"}]},{"@type":"WebSite","@id":"https:\/\/snowtraildogcamp.com\/fr\/#website","url":"https:\/\/snowtraildogcamp.com\/fr\/","name":"Snow Trail Dog Camp","description":"","publisher":{"@id":"https:\/\/snowtraildogcamp.com\/fr\/#organization"},"potentialAction":[{"@type":"SearchAction","target":{"@type":"EntryPoint","urlTemplate":"https:\/\/snowtraildogcamp.com\/fr\/?s={search_term_string}"},"query-input":{"@type":"PropertyValueSpecification","valueRequired":true,"valueName":"search_term_string"}}],"inLanguage":"fr-FR"},{"@type":"Organization","@id":"https:\/\/snowtraildogcamp.com\/fr\/#organization","name":"Snow Trail Dog Camp","url":"https:\/\/snowtraildogcamp.com\/fr\/","logo":{"@type":"ImageObject","inLanguage":"fr-FR","@id":"https:\/\/snowtraildogcamp.com\/fr\/#\/schema\/logo\/image\/","url":"https:\/\/snowtraildogcamp.com\/wp-content\/uploads\/2015\/12\/cropped-logo_snowtrail_dogcamp_e_plus.jpg","contentUrl":"https:\/\/snowtraildogcamp.com\/wp-content\/uploads\/2015\/12\/cropped-logo_snowtrail_dogcamp_e_plus.jpg","width":248,"height":157,"caption":"Snow Trail Dog Camp"},"image":{"@id":"https:\/\/snowtraildogcamp.com\/fr\/#\/schema\/logo\/image\/"}}]}},"_links":{"self":[{"href":"https:\/\/snowtraildogcamp.com\/fr\/wp-json\/wp\/v2\/pages\/3116","targetHints":{"allow":["GET"]}}],"collection":[{"href":"https:\/\/snowtraildogcamp.com\/fr\/wp-json\/wp\/v2\/pages"}],"about":[{"href":"https:\/\/snowtraildogcamp.com\/fr\/wp-json\/wp\/v2\/types\/page"}],"author":[{"embeddable":true,"href":"https:\/\/snowtraildogcamp.com\/fr\/wp-json\/wp\/v2\/users\/1"}],"replies":[{"embeddable":true,"href":"https:\/\/snowtraildogcamp.com\/fr\/wp-json\/wp\/v2\/comments?post=3116"}],"version-history":[{"count":4,"href":"https:\/\/snowtraildogcamp.com\/fr\/wp-json\/wp\/v2\/pages\/3116\/revisions"}],"predecessor-version":[{"id":3121,"href":"https:\/\/snowtraildogcamp.com\/fr\/wp-json\/wp\/v2\/pages\/3116\/revisions\/3121"}],"wp:featuredmedia":[{"embeddable":true,"href":"https:\/\/snowtraildogcamp.com\/fr\/wp-json\/wp\/v2\/media\/3010"}],"wp:attachment":[{"href":"https:\/\/snowtraildogcamp.com\/fr\/wp-json\/wp\/v2\/media?parent=3116"}],"curies":[{"name":"wp","href":"https:\/\/api.w.org\/{rel}","templated":true}]}}