{"id":3111,"date":"2025-01-17T08:40:41","date_gmt":"2025-01-17T07:40:41","guid":{"rendered":"https:\/\/snowtraildogcamp.com\/?page_id=3111"},"modified":"2025-01-17T08:51:28","modified_gmt":"2025-01-17T07:51:28","slug":"tour-de-retour-a-la-nature","status":"publish","type":"page","link":"https:\/\/snowtraildogcamp.com\/fr\/tour-de-retour-a-la-nature\/","title":{"rendered":"Tour de retour \u00e0 la nature"},"content":{"rendered":"<h3><strong>Retour \u00e0 la nature<\/strong><\/h3>\n<p>8 jours et 7 nuits<\/p>\n<p><strong>Cette excursion est parfaite pour les d\u00e9butants et pour les personnes qui veulent profiter des chiens de tra\u00eeneau et de la nature dans un camp presque sans \u00e9lectricit\u00e9. Nous n&rsquo;avons de l&rsquo;\u00e9lectricit\u00e9 que lorsque le g\u00e9n\u00e9rateur fonctionne. <\/strong> <\/p>\n<p>Au cours de cette semaine, vous aurez l&rsquo;occasion de vous familiariser avec nos amis (les chiens de tra\u00eeneau). Sous la direction d&rsquo;un expert, vous conduirez \u00e0 deux un attelage de huskies \u00e0 travers les vastes paysages hivernaux su\u00e9dois.<\/p>\n<p>Les autres points forts de cette semaine inoubliable sont l&rsquo;initiation \u00e0 la tradition su\u00e9doise de la p\u00eache sur glace, une visite du c\u00e9l\u00e8bre h\u00f4tel de glace de Jukkasj\u00e4rvi (pr\u00e8s de Kiruna) et d&rsquo;un petit camp de Sami avec des rennes.<\/p>\n<hr \/>\n<h3>Dates de voyage<\/h3>\n<ul>\n<li style=\"list-style-type: none;\">\n<ul>\n<li>D\u00e9c 2024 1-8, 8-15 et 15-22<\/li>\n<li>Jan 2025 5-12, 12-19 and 19-26\u00a0<\/li>\n<li>F\u00e9v 2025 16-23, 23-02 mar<\/li>\n<li>avril 2025 30-6, 6,13\u00a0<\/li>\n<\/ul>\n<\/li>\n<\/ul>\n<ul>\n<li style=\"list-style-type: none;\">\u00a0<\/li>\n<\/ul>\n<hr \/>\n<h3>D\u00e9tails de la visite<\/h3>\n<p><strong>1er jour &#8211; Arriv\u00e9e : <\/strong> Un minibus vient vous chercher \u00e0 l&rsquo;a\u00e9roport de Kiruna. Le trajet jusqu&rsquo;\u00e0 Moskoj\u00e4rvi dure environ 1 heure. Depuis notre parking, vous parcourrez encore environ 3 km en motoneige avant d&rsquo;arriver \u00e0 notre lodge. Vous ferez connaissance avec vos compagnons de voyage lors d&rsquo;un d\u00eener convivial.<\/p>\n<p><strong>2e jour &#8211; Introduction \u00e0 la technique du mushing : <\/strong> apr\u00e8s un copieux petit-d\u00e9jeuner, vous recevrez une introduction \u00e0 la technique du \u00ab\u00a0mushing\u00a0\u00bb. Nous mettrons ensuite imm\u00e9diatement la th\u00e9orie en pratique : Avec l&rsquo;aide de l&rsquo;\u00e9quipage, vous attelez les chiens et, peu apr\u00e8s, vous \u00eates vous-m\u00eame sur le tra\u00eeneau pour votre premier tour d&rsquo;entra\u00eenement. <br \/>\nAujourd&rsquo;hui, chacun a son propre tra\u00eeneau avec 5 \u00e0 6 chiens. Il y a deux personnes par tra\u00eeneau, l&rsquo;une conduisant\/contr\u00f4lant le tra\u00eeneau et l&rsquo;autre \u00e9tant assise \u00e0 l&rsquo;avant pour profiter du trajet. Les guides sont \u00e0 l&rsquo;avant de la motoneige. Ils peuvent ainsi mieux aider si les choses ne se passent pas tr\u00e8s bien du premier coup. Ensuite, apr\u00e8s le d\u00e9jeuner, vous aurez le temps d&rsquo;explorer les environs \u00e0 pied ou en raquettes, ou de vous d\u00e9tendre dans le sauna. L&rsquo;excursion d&rsquo;aujourd&rsquo;hui a une longueur d&rsquo;environ 20 kilom\u00e8tres.<\/p>\n<p><strong>3e jour &#8211; Excursion en tra\u00eeneau \u00e0 chiens : <\/strong> \u00e0 partir d&rsquo;aujourd&rsquo;hui, nous partons avec des \u00e9quipes de 6 chiens, qui tirent chacun deux tra\u00eeneaux avec une personne \u00e0 bord. Le parcours, d&rsquo;une longueur de 20 \u00e0 30 kilom\u00e8tres, est adapt\u00e9 \u00e0 vos capacit\u00e9s et aux conditions m\u00e9t\u00e9orologiques.<br \/>\nSi possible, nous nous arr\u00eaterons en cours de route pour savourer un d\u00e9jeuner au coin du feu.<br \/> Ensuite, nous rentrons au camp o\u00f9 nous terminons l&rsquo;apr\u00e8s-midi et o\u00f9 nous nous r\u00e9jouissons d&rsquo;un bon d\u00eener.<\/p>\n<p><strong>4e jour &#8211; Excursion moyenne en tra\u00eeneau \u00e0 chiens : <\/strong>  l&rsquo;excursion d&rsquo;aujourd&rsquo;hui, d&rsquo;une longueur de 25 \u00e0 35 kilom\u00e8tres, nous conduira sur les lacs gel\u00e9s et \u00e0 travers des paysages de conte de f\u00e9es enneig\u00e9s de r\u00eave. Aujourd&rsquo;hui encore, nous partons avec une \u00e9quipe de six chiens et deux tra\u00eeneaux par \u00e9quipe de chiens. Dans la mesure du possible, nous prendrons le d\u00e9jeuner \u00e0 l&rsquo;ext\u00e9rieur, en pleine nature.<\/p>\n<p><strong>5e jour &#8211; P\u00eache sur glace :<\/strong> Apr\u00e8s un copieux petit-d\u00e9jeuner, nous marchons ensemble sur environ 4 km le long d&rsquo;un sentier jusqu&rsquo;\u00e0 l&rsquo;un des lacs gel\u00e9s et enneig\u00e9s. Votre guide apporte tout ce dont vous avez besoin sur la motoneige et vous montre comment percer un trou dans l&rsquo;\u00e9paisse glace du lac et comment utiliser la canne \u00e0 p\u00eache. Chacun peut ensuite s&rsquo;installer confortablement sur une peau de renne dans l&rsquo;espoir de faire une prise, alter nativement vous pouvez essayer de faire un nouveau trou. Le d\u00e9jeuner sera pris ensemble autour d&rsquo;un feu de camp.<br \/>\nVous pouvez p\u00eacher aussi longtemps que vous le souhaitez. Les plus impatients d&rsquo;entre vous peuvent aussi rentrer plus t\u00f4t et se r\u00e9chauffer dans le sauna.<br \/> <br \/>\nLa derni\u00e8re soir\u00e9e se d\u00e9roule autour de notre bar de glace et d&rsquo;un agr\u00e9able feu de camp. Avec un peu de chance, l&rsquo;aurore bor\u00e9ale brillera pour vous.<\/p>\n<p><strong>6e jour &#8211; Visite de l&rsquo;h\u00f4tel de glace et de Kiruna : <\/strong>  Le c\u00e9l\u00e8bre h\u00f4tel de glace de Jukkasj\u00e4rvi et la ville de Kiruna sont au programme aujourd&rsquo;hui. Imm\u00e9diatement apr\u00e8s le petit-d\u00e9jeuner, vous vous rendez en motoneige au parking et de l\u00e0, vous continuez en voiture jusqu&rsquo;\u00e0 Kiruna. Ici, vous pouvez explorer la ville individuellement et visiter la c\u00e9l\u00e8bre \u00e9glise en bois. Sur le chemin du retour, nous visiterons ensemble le mondialement c\u00e9l\u00e8bre Icehotel \u00e0 Jukkasj\u00e4rvi. L&rsquo;entr\u00e9e \u00e0 l&rsquo;Icehotel co\u00fbte environ 325 SEK et doit \u00eatre pay\u00e9e s\u00e9par\u00e9ment.<\/p>\n<p><strong>7e jour &#8211; Excursion en tra\u00eeneau \u00e0 chiens plus longue : <\/strong> Notre excursion en tra\u00eeneau \u00e0 chiens d&rsquo;aujourd&rsquo;hui fait entre 35 et 45 km. Nous serons en route pendant 4 \u00e0 6 heures, en fonction des conditions m\u00e9t\u00e9orologiques et de vos capacit\u00e9s. Aujourd&rsquo;hui aussi, nous partons avec une \u00e9quipe de 6 chiens et deux tra\u00eeneaux par \u00e9quipe de chiens. Vous avez le choix de conduire le tra\u00eeneau seul ou \u00e0 plusieurs.\u00a0\u00a0<\/p>\n<p><strong>8e jour &#8211; D\u00e9part :\u00a0<\/strong> Aujourd&rsquo;hui, il faut faire ses valises et se dire au revoir. Apr\u00e8s le petit-d\u00e9jeuner, nous nous rendons ensemble en motoneige au parking et de l\u00e0 en minibus \u00e0 l&rsquo;a\u00e9roport de Kiruna.\u00a0<\/p>\n<hr \/>\n<h3>Remarques<\/h3>\n<ul>\n<li style=\"list-style-type: none;\">\n<ul style=\"list-style-type: disc;\">\n<li>Nos randonn\u00e9es exigent parfois des performances physiques, selon les conditions m\u00e9t\u00e9orologiques. Il est donc important d&rsquo;\u00e9valuer honn\u00eatement sa propre condition physique.<\/li>\n<li>Pour les plus aventureux d&rsquo;entre vous, nous vous offrons la possibilit\u00e9 de passer une nuit dehors dans la nature, o\u00f9, avec un peu de chance, vous pourrez assister de pr\u00e8s \u00e0 une aurore bor\u00e9ale. Nous mettons gratuitement \u00e0 disposition toutes les informations n\u00e9cessaires ainsi que l&rsquo;\u00e9quipement pour une nuit inoubliable dans la nature.<\/li>\n<li>Comme nos programmes et activit\u00e9s d\u00e9pendent des conditions m\u00e9t\u00e9orologiques, nous nous r\u00e9servons le droit de modifier le programme \u00e0 court terme.<\/li>\n<li>La condition pr\u00e9alable \u00e0 la r\u00e9alisation du programme est la participation d&rsquo;un minimum de 2 personnes et d&rsquo;un maximum de 14 personnes.<\/li>\n<\/ul>\n<\/li>\n<\/ul>\n<hr \/>\n<h3>Services inclus dans le prix<\/h3>\n<ul>\n<li style=\"list-style-type: none;\">\n<ul>\n<li>7 nuits en chambres de 2\/4 lits dans le lodge, utilisation commune des toilettes et de la douche<\/li>\n<li>Pension compl\u00e8te (petit-d\u00e9jeuner, d\u00e9jeuner simple, d\u00eener, boissons non alcoolis\u00e9es)<\/li>\n<li>Veste, pantalon et bottes de mushing<\/li>\n<li>Attelages de chiens de tra\u00eeneau pour 2 personnes chacun<\/li>\n<li>Transfert de\/vers l&rsquo;a\u00e9roport de Kiruna<\/li>\n<\/ul>\n<\/li>\n<\/ul>\n<hr \/>\n<h3>Ce que vous devez apporter vous-m\u00eame<\/h3>\n<ul>\n<li style=\"list-style-type: none;\">\n<ul>\n<li>Veste de ski, pantalon de ski, bottes d&rsquo;hiver<\/li>\n<li>bonnet chaud, \u00e9ventuellement en fourrure<\/li>\n<li>Gants \u00e0 doigts (laine) pour travailler avec les chiens<\/li>\n<li>Moufles \u00e9paisses et chaudes pour faire de la musculation<\/li>\n<li>Chaussons ou pantoufles<\/li>\n<li>chaussettes chaudes en laine<\/li>\n<li>sous-v\u00eatements chauds<\/li>\n<li>Pull-over<\/li>\n<li>lampe frontale ou lampe de poche, \u00e9ventuellement des piles<\/li>\n<\/ul>\n<\/li>\n<\/ul>\n<hr \/>\n<h3>Comment r\u00e9server le programme<\/h3>\n<p>Pour les r\u00e9servations de voyage, l&rsquo;agence de voyage de votre pays avec laquelle nous travaillons se tient volontiers \u00e0 votre disposition pour vous conseiller de mani\u00e8re comp\u00e9tente. Vous trouverez une liste des agences de voyage <a href=\"https:\/\/www.snowtraildogcamp.com\/fr\/agences-de-voyage\/\">ici.<\/a> N&rsquo;h\u00e9sitez pas \u00e0 nous contacter pour toute question suppl\u00e9mentaire.<\/p>\n<p>Vous \u00eates devenu curieux ? Bernd Achtnich d&rsquo;EvoRhei a captur\u00e9 quelques superbes impressions dans une <a href=\"https:\/\/www.youtube.com\/watch?v=1wfACdwgWo0\" target=\"_blank\" rel=\"noopener noreferrer\"> vid\u00e9o YouTube<\/a> et vous emm\u00e8ne faire un petit voyage chez nous au Snowtrail Dogcamp.<\/p>\n","protected":false},"excerpt":{"rendered":"<p>Retour \u00e0 la nature 8 jours et 7 nuits Cette excursion est parfaite pour les d\u00e9butants et pour les personnes qui veulent profiter des chiens de tra\u00eeneau et de la nature dans un camp presque sans \u00e9lectricit\u00e9. Nous n&rsquo;avons de l&rsquo;\u00e9lectricit\u00e9 que lorsque le g\u00e9n\u00e9rateur fonctionne. Au cours de cette semaine, vous aurez l&rsquo;occasion de &hellip; <a href=\"https:\/\/snowtraildogcamp.com\/fr\/tour-de-retour-a-la-nature\/\" class=\"more-link\">Continuer la lecture de <span class=\"screen-reader-text\">Tour de retour \u00e0 la nature<\/span><\/a><\/p>\n","protected":false},"author":1,"featured_media":2899,"parent":0,"menu_order":0,"comment_status":"closed","ping_status":"closed","template":"","meta":{"footnotes":""},"class_list":["post-3111","page","type-page","status-publish","has-post-thumbnail","hentry"],"yoast_head":"<!-- This site is optimized with the Yoast SEO plugin v27.1.1 - https:\/\/yoast.com\/product\/yoast-seo-wordpress\/ -->\n<title>Tour de retour \u00e0 la nature - Snow Trail Dog Camp<\/title>\n<meta name=\"robots\" content=\"index, follow, max-snippet:-1, max-image-preview:large, max-video-preview:-1\" \/>\n<link rel=\"canonical\" href=\"https:\/\/snowtraildogcamp.com\/fr\/tour-de-retour-a-la-nature\/\" \/>\n<meta property=\"og:locale\" content=\"fr_FR\" \/>\n<meta property=\"og:type\" content=\"article\" \/>\n<meta property=\"og:title\" content=\"Tour de retour \u00e0 la nature - Snow Trail Dog Camp\" \/>\n<meta property=\"og:description\" content=\"Retour \u00e0 la nature 8 jours et 7 nuits Cette excursion est parfaite pour les d\u00e9butants et pour les personnes qui veulent profiter des chiens de tra\u00eeneau et de la nature dans un camp presque sans \u00e9lectricit\u00e9. Nous n&rsquo;avons de l&rsquo;\u00e9lectricit\u00e9 que lorsque le g\u00e9n\u00e9rateur fonctionne. Au cours de cette semaine, vous aurez l&rsquo;occasion de &hellip; Continuer la lecture de Tour de retour \u00e0 la nature\" \/>\n<meta property=\"og:url\" content=\"https:\/\/snowtraildogcamp.com\/fr\/tour-de-retour-a-la-nature\/\" \/>\n<meta property=\"og:site_name\" content=\"Snow Trail Dog Camp\" \/>\n<meta property=\"article:modified_time\" content=\"2025-01-17T07:51:28+00:00\" \/>\n<meta property=\"og:image\" content=\"https:\/\/snowtraildogcamp.com\/wp-content\/uploads\/2020\/01\/6163-Titelbild.jpg\" \/>\n\t<meta property=\"og:image:width\" content=\"4584\" \/>\n\t<meta property=\"og:image:height\" content=\"3059\" \/>\n\t<meta property=\"og:image:type\" content=\"image\/jpeg\" \/>\n<meta name=\"twitter:card\" content=\"summary_large_image\" \/>\n<meta name=\"twitter:label1\" content=\"Dur\u00e9e de lecture estim\u00e9e\" \/>\n\t<meta name=\"twitter:data1\" content=\"5 minutes\" \/>\n<script type=\"application\/ld+json\" class=\"yoast-schema-graph\">{\"@context\":\"https:\/\/schema.org\",\"@graph\":[{\"@type\":\"WebPage\",\"@id\":\"https:\/\/snowtraildogcamp.com\/fr\/tour-de-retour-a-la-nature\/\",\"url\":\"https:\/\/snowtraildogcamp.com\/fr\/tour-de-retour-a-la-nature\/\",\"name\":\"Tour de retour \u00e0 la nature - Snow Trail Dog Camp\",\"isPartOf\":{\"@id\":\"https:\/\/snowtraildogcamp.com\/fr\/#website\"},\"primaryImageOfPage\":{\"@id\":\"https:\/\/snowtraildogcamp.com\/fr\/tour-de-retour-a-la-nature\/#primaryimage\"},\"image\":{\"@id\":\"https:\/\/snowtraildogcamp.com\/fr\/tour-de-retour-a-la-nature\/#primaryimage\"},\"thumbnailUrl\":\"https:\/\/snowtraildogcamp.com\/wp-content\/uploads\/2020\/01\/6163-Titelbild.jpg\",\"datePublished\":\"2025-01-17T07:40:41+00:00\",\"dateModified\":\"2025-01-17T07:51:28+00:00\",\"breadcrumb\":{\"@id\":\"https:\/\/snowtraildogcamp.com\/fr\/tour-de-retour-a-la-nature\/#breadcrumb\"},\"inLanguage\":\"fr-FR\",\"potentialAction\":[{\"@type\":\"ReadAction\",\"target\":[\"https:\/\/snowtraildogcamp.com\/fr\/tour-de-retour-a-la-nature\/\"]}]},{\"@type\":\"ImageObject\",\"inLanguage\":\"fr-FR\",\"@id\":\"https:\/\/snowtraildogcamp.com\/fr\/tour-de-retour-a-la-nature\/#primaryimage\",\"url\":\"https:\/\/snowtraildogcamp.com\/wp-content\/uploads\/2020\/01\/6163-Titelbild.jpg\",\"contentUrl\":\"https:\/\/snowtraildogcamp.com\/wp-content\/uploads\/2020\/01\/6163-Titelbild.jpg\",\"width\":4584,\"height\":3059},{\"@type\":\"BreadcrumbList\",\"@id\":\"https:\/\/snowtraildogcamp.com\/fr\/tour-de-retour-a-la-nature\/#breadcrumb\",\"itemListElement\":[{\"@type\":\"ListItem\",\"position\":1,\"name\":\"Startseite\",\"item\":\"https:\/\/snowtraildogcamp.com\/fr\/\"},{\"@type\":\"ListItem\",\"position\":2,\"name\":\"Tour de retour \u00e0 la nature\"}]},{\"@type\":\"WebSite\",\"@id\":\"https:\/\/snowtraildogcamp.com\/fr\/#website\",\"url\":\"https:\/\/snowtraildogcamp.com\/fr\/\",\"name\":\"Snow Trail Dog Camp\",\"description\":\"\",\"publisher\":{\"@id\":\"https:\/\/snowtraildogcamp.com\/fr\/#organization\"},\"potentialAction\":[{\"@type\":\"SearchAction\",\"target\":{\"@type\":\"EntryPoint\",\"urlTemplate\":\"https:\/\/snowtraildogcamp.com\/fr\/?s={search_term_string}\"},\"query-input\":{\"@type\":\"PropertyValueSpecification\",\"valueRequired\":true,\"valueName\":\"search_term_string\"}}],\"inLanguage\":\"fr-FR\"},{\"@type\":\"Organization\",\"@id\":\"https:\/\/snowtraildogcamp.com\/fr\/#organization\",\"name\":\"Snow Trail Dog Camp\",\"url\":\"https:\/\/snowtraildogcamp.com\/fr\/\",\"logo\":{\"@type\":\"ImageObject\",\"inLanguage\":\"fr-FR\",\"@id\":\"https:\/\/snowtraildogcamp.com\/fr\/#\/schema\/logo\/image\/\",\"url\":\"https:\/\/snowtraildogcamp.com\/wp-content\/uploads\/2015\/12\/cropped-logo_snowtrail_dogcamp_e_plus.jpg\",\"contentUrl\":\"https:\/\/snowtraildogcamp.com\/wp-content\/uploads\/2015\/12\/cropped-logo_snowtrail_dogcamp_e_plus.jpg\",\"width\":248,\"height\":157,\"caption\":\"Snow Trail Dog Camp\"},\"image\":{\"@id\":\"https:\/\/snowtraildogcamp.com\/fr\/#\/schema\/logo\/image\/\"}}]}<\/script>\n<!-- \/ Yoast SEO plugin. -->","yoast_head_json":{"title":"Tour de retour \u00e0 la nature - Snow Trail Dog Camp","robots":{"index":"index","follow":"follow","max-snippet":"max-snippet:-1","max-image-preview":"max-image-preview:large","max-video-preview":"max-video-preview:-1"},"canonical":"https:\/\/snowtraildogcamp.com\/fr\/tour-de-retour-a-la-nature\/","og_locale":"fr_FR","og_type":"article","og_title":"Tour de retour \u00e0 la nature - Snow Trail Dog Camp","og_description":"Retour \u00e0 la nature 8 jours et 7 nuits Cette excursion est parfaite pour les d\u00e9butants et pour les personnes qui veulent profiter des chiens de tra\u00eeneau et de la nature dans un camp presque sans \u00e9lectricit\u00e9. Nous n&rsquo;avons de l&rsquo;\u00e9lectricit\u00e9 que lorsque le g\u00e9n\u00e9rateur fonctionne. Au cours de cette semaine, vous aurez l&rsquo;occasion de &hellip; Continuer la lecture de Tour de retour \u00e0 la nature","og_url":"https:\/\/snowtraildogcamp.com\/fr\/tour-de-retour-a-la-nature\/","og_site_name":"Snow Trail Dog Camp","article_modified_time":"2025-01-17T07:51:28+00:00","og_image":[{"width":4584,"height":3059,"url":"https:\/\/snowtraildogcamp.com\/wp-content\/uploads\/2020\/01\/6163-Titelbild.jpg","type":"image\/jpeg"}],"twitter_card":"summary_large_image","twitter_misc":{"Dur\u00e9e de lecture estim\u00e9e":"5 minutes"},"schema":{"@context":"https:\/\/schema.org","@graph":[{"@type":"WebPage","@id":"https:\/\/snowtraildogcamp.com\/fr\/tour-de-retour-a-la-nature\/","url":"https:\/\/snowtraildogcamp.com\/fr\/tour-de-retour-a-la-nature\/","name":"Tour de retour \u00e0 la nature - Snow Trail Dog Camp","isPartOf":{"@id":"https:\/\/snowtraildogcamp.com\/fr\/#website"},"primaryImageOfPage":{"@id":"https:\/\/snowtraildogcamp.com\/fr\/tour-de-retour-a-la-nature\/#primaryimage"},"image":{"@id":"https:\/\/snowtraildogcamp.com\/fr\/tour-de-retour-a-la-nature\/#primaryimage"},"thumbnailUrl":"https:\/\/snowtraildogcamp.com\/wp-content\/uploads\/2020\/01\/6163-Titelbild.jpg","datePublished":"2025-01-17T07:40:41+00:00","dateModified":"2025-01-17T07:51:28+00:00","breadcrumb":{"@id":"https:\/\/snowtraildogcamp.com\/fr\/tour-de-retour-a-la-nature\/#breadcrumb"},"inLanguage":"fr-FR","potentialAction":[{"@type":"ReadAction","target":["https:\/\/snowtraildogcamp.com\/fr\/tour-de-retour-a-la-nature\/"]}]},{"@type":"ImageObject","inLanguage":"fr-FR","@id":"https:\/\/snowtraildogcamp.com\/fr\/tour-de-retour-a-la-nature\/#primaryimage","url":"https:\/\/snowtraildogcamp.com\/wp-content\/uploads\/2020\/01\/6163-Titelbild.jpg","contentUrl":"https:\/\/snowtraildogcamp.com\/wp-content\/uploads\/2020\/01\/6163-Titelbild.jpg","width":4584,"height":3059},{"@type":"BreadcrumbList","@id":"https:\/\/snowtraildogcamp.com\/fr\/tour-de-retour-a-la-nature\/#breadcrumb","itemListElement":[{"@type":"ListItem","position":1,"name":"Startseite","item":"https:\/\/snowtraildogcamp.com\/fr\/"},{"@type":"ListItem","position":2,"name":"Tour de retour \u00e0 la nature"}]},{"@type":"WebSite","@id":"https:\/\/snowtraildogcamp.com\/fr\/#website","url":"https:\/\/snowtraildogcamp.com\/fr\/","name":"Snow Trail Dog Camp","description":"","publisher":{"@id":"https:\/\/snowtraildogcamp.com\/fr\/#organization"},"potentialAction":[{"@type":"SearchAction","target":{"@type":"EntryPoint","urlTemplate":"https:\/\/snowtraildogcamp.com\/fr\/?s={search_term_string}"},"query-input":{"@type":"PropertyValueSpecification","valueRequired":true,"valueName":"search_term_string"}}],"inLanguage":"fr-FR"},{"@type":"Organization","@id":"https:\/\/snowtraildogcamp.com\/fr\/#organization","name":"Snow Trail Dog Camp","url":"https:\/\/snowtraildogcamp.com\/fr\/","logo":{"@type":"ImageObject","inLanguage":"fr-FR","@id":"https:\/\/snowtraildogcamp.com\/fr\/#\/schema\/logo\/image\/","url":"https:\/\/snowtraildogcamp.com\/wp-content\/uploads\/2015\/12\/cropped-logo_snowtrail_dogcamp_e_plus.jpg","contentUrl":"https:\/\/snowtraildogcamp.com\/wp-content\/uploads\/2015\/12\/cropped-logo_snowtrail_dogcamp_e_plus.jpg","width":248,"height":157,"caption":"Snow Trail Dog Camp"},"image":{"@id":"https:\/\/snowtraildogcamp.com\/fr\/#\/schema\/logo\/image\/"}}]}},"_links":{"self":[{"href":"https:\/\/snowtraildogcamp.com\/fr\/wp-json\/wp\/v2\/pages\/3111","targetHints":{"allow":["GET"]}}],"collection":[{"href":"https:\/\/snowtraildogcamp.com\/fr\/wp-json\/wp\/v2\/pages"}],"about":[{"href":"https:\/\/snowtraildogcamp.com\/fr\/wp-json\/wp\/v2\/types\/page"}],"author":[{"embeddable":true,"href":"https:\/\/snowtraildogcamp.com\/fr\/wp-json\/wp\/v2\/users\/1"}],"replies":[{"embeddable":true,"href":"https:\/\/snowtraildogcamp.com\/fr\/wp-json\/wp\/v2\/comments?post=3111"}],"version-history":[{"count":3,"href":"https:\/\/snowtraildogcamp.com\/fr\/wp-json\/wp\/v2\/pages\/3111\/revisions"}],"predecessor-version":[{"id":3115,"href":"https:\/\/snowtraildogcamp.com\/fr\/wp-json\/wp\/v2\/pages\/3111\/revisions\/3115"}],"wp:featuredmedia":[{"embeddable":true,"href":"https:\/\/snowtraildogcamp.com\/fr\/wp-json\/wp\/v2\/media\/2899"}],"wp:attachment":[{"href":"https:\/\/snowtraildogcamp.com\/fr\/wp-json\/wp\/v2\/media?parent=3111"}],"curies":[{"name":"wp","href":"https:\/\/api.w.org\/{rel}","templated":true}]}}