{"id":3107,"date":"2025-01-17T08:37:50","date_gmt":"2025-01-17T07:37:50","guid":{"rendered":"https:\/\/snowtraildogcamp.com\/?page_id=3107"},"modified":"2025-01-17T08:59:42","modified_gmt":"2025-01-17T07:59:42","slug":"programme-dhiver","status":"publish","type":"page","link":"https:\/\/snowtraildogcamp.com\/fr\/programme-dhiver\/","title":{"rendered":"Programme d&rsquo;hiver"},"content":{"rendered":"<h3>Back to nature Tour (Retour \u00e0 la nature)\u00a0<\/h3>\n<p>Au cours de cette semaine, vous aurez l&rsquo;occasion de d\u00e9couvrir de pr\u00e8s le maniement de nos amis (les chiens de tra\u00eeneau). Sous la direction d&rsquo;un expert, vous conduirez \u00e0 deux un attelage de huskies \u00e0 travers l&rsquo;immensit\u00e9 du paysage hivernal su\u00e9dois.<\/p>\n<p>\u21d2 Plus d&rsquo;infos sur la tourn\u00e9e  <a href=\"https:\/\/snowtraildogcamp.com\/fr\/tour-de-retour-a-la-nature\/\"><strong>Retour \u00e0 la nature &gt;&gt;&gt;<\/strong><\/a><\/p>\n<hr \/>\n<h3>Togo Memory Tour (en m\u00e9moire du Togo)\u00a0\u00a0<\/h3>\n<p>Peu apr\u00e8s notre arriv\u00e9e au camp, nous commen\u00e7ons \u00e0 travailler joyeusement avec nos amis les chiens de tra\u00eeneau. Nous nous pr\u00e9parons et pr\u00e9parons les tra\u00eeneaux et partons pour de longues randonn\u00e9es d&rsquo;une journ\u00e9e. Nous passons les nuits au Snowtrail Dogcamp.\u00a0<\/p>\n<p>\u21d2 Plus d&rsquo;infos sur la tourn\u00e9e <a href=\"https:\/\/snowtraildogcamp.com\/fr\/togo-memory-tour\/\"><strong>M\u00e9moire du Togo &gt;&gt;&gt;<\/strong><\/a><\/p>\n<hr \/>\n<h3>The trail to Nome Tour (Le chemin vers Nome) &#8211; plut\u00f4t pour les niveaux avanc\u00e9s<\/h3>\n<p>Cette excursion exigeante nous conduit dans les montagnes su\u00e9doises (Fj\u00e4lls) et nous donne un bon aper\u00e7u de la mani\u00e8re dont on s&rsquo;occupe des chiens de tra\u00eeneau hautement entra\u00een\u00e9s qui sont utilis\u00e9s pour des courses comme la c\u00e9l\u00e8bre course de l&rsquo;Iditarod en Alaska.<\/p>\n<p>\u21d2 Plus d&rsquo;infos sur le tour <strong><a href=\"https:\/\/snowtraildogcamp.com\/fr\/tour-du-trail-to-nome\/\">Trail to Nome &gt;&gt;&gt;<\/a><\/strong><\/p>\n<hr \/>\n<p>&nbsp;<\/p>\n","protected":false},"excerpt":{"rendered":"<p>Back to nature Tour (Retour \u00e0 la nature)\u00a0 Au cours de cette semaine, vous aurez l&rsquo;occasion de d\u00e9couvrir de pr\u00e8s le maniement de nos amis (les chiens de tra\u00eeneau). Sous la direction d&rsquo;un expert, vous conduirez \u00e0 deux un attelage de huskies \u00e0 travers l&rsquo;immensit\u00e9 du paysage hivernal su\u00e9dois. \u21d2 Plus d&rsquo;infos sur la tourn\u00e9e &hellip; <a href=\"https:\/\/snowtraildogcamp.com\/fr\/programme-dhiver\/\" class=\"more-link\">Continuer la lecture de <span class=\"screen-reader-text\">Programme d&rsquo;hiver<\/span><\/a><\/p>\n","protected":false},"author":1,"featured_media":2477,"parent":0,"menu_order":0,"comment_status":"closed","ping_status":"closed","template":"","meta":{"footnotes":""},"class_list":["post-3107","page","type-page","status-publish","has-post-thumbnail","hentry"],"yoast_head":"<!-- This site is optimized with the Yoast SEO plugin v27.1.1 - https:\/\/yoast.com\/product\/yoast-seo-wordpress\/ -->\n<title>Programme d&#039;hiver - Snow Trail Dog Camp<\/title>\n<meta name=\"robots\" content=\"index, follow, max-snippet:-1, max-image-preview:large, max-video-preview:-1\" \/>\n<link rel=\"canonical\" href=\"https:\/\/snowtraildogcamp.com\/fr\/programme-dhiver\/\" \/>\n<meta property=\"og:locale\" content=\"fr_FR\" \/>\n<meta property=\"og:type\" content=\"article\" \/>\n<meta property=\"og:title\" content=\"Programme d&#039;hiver - Snow Trail Dog Camp\" \/>\n<meta property=\"og:description\" content=\"Back to nature Tour (Retour \u00e0 la nature)\u00a0 Au cours de cette semaine, vous aurez l&rsquo;occasion de d\u00e9couvrir de pr\u00e8s le maniement de nos amis (les chiens de tra\u00eeneau). Sous la direction d&rsquo;un expert, vous conduirez \u00e0 deux un attelage de huskies \u00e0 travers l&rsquo;immensit\u00e9 du paysage hivernal su\u00e9dois. \u21d2 Plus d&rsquo;infos sur la tourn\u00e9e &hellip; Continuer la lecture de Programme d&rsquo;hiver\" \/>\n<meta property=\"og:url\" content=\"https:\/\/snowtraildogcamp.com\/fr\/programme-dhiver\/\" \/>\n<meta property=\"og:site_name\" content=\"Snow Trail Dog Camp\" \/>\n<meta property=\"article:modified_time\" content=\"2025-01-17T07:59:42+00:00\" \/>\n<meta property=\"og:image\" content=\"https:\/\/snowtraildogcamp.com\/wp-content\/uploads\/2015\/11\/5102_WeitenLapplands.jpg\" \/>\n\t<meta property=\"og:image:width\" content=\"1595\" \/>\n\t<meta property=\"og:image:height\" content=\"1060\" \/>\n\t<meta property=\"og:image:type\" content=\"image\/jpeg\" \/>\n<meta name=\"twitter:card\" content=\"summary_large_image\" \/>\n<meta name=\"twitter:label1\" content=\"Dur\u00e9e de lecture estim\u00e9e\" \/>\n\t<meta name=\"twitter:data1\" content=\"1 minute\" \/>\n<script type=\"application\/ld+json\" class=\"yoast-schema-graph\">{\"@context\":\"https:\/\/schema.org\",\"@graph\":[{\"@type\":\"WebPage\",\"@id\":\"https:\/\/snowtraildogcamp.com\/fr\/programme-dhiver\/\",\"url\":\"https:\/\/snowtraildogcamp.com\/fr\/programme-dhiver\/\",\"name\":\"Programme d'hiver - Snow Trail Dog Camp\",\"isPartOf\":{\"@id\":\"https:\/\/snowtraildogcamp.com\/fr\/#website\"},\"primaryImageOfPage\":{\"@id\":\"https:\/\/snowtraildogcamp.com\/fr\/programme-dhiver\/#primaryimage\"},\"image\":{\"@id\":\"https:\/\/snowtraildogcamp.com\/fr\/programme-dhiver\/#primaryimage\"},\"thumbnailUrl\":\"https:\/\/snowtraildogcamp.com\/wp-content\/uploads\/2015\/11\/5102_WeitenLapplands.jpg\",\"datePublished\":\"2025-01-17T07:37:50+00:00\",\"dateModified\":\"2025-01-17T07:59:42+00:00\",\"breadcrumb\":{\"@id\":\"https:\/\/snowtraildogcamp.com\/fr\/programme-dhiver\/#breadcrumb\"},\"inLanguage\":\"fr-FR\",\"potentialAction\":[{\"@type\":\"ReadAction\",\"target\":[\"https:\/\/snowtraildogcamp.com\/fr\/programme-dhiver\/\"]}]},{\"@type\":\"ImageObject\",\"inLanguage\":\"fr-FR\",\"@id\":\"https:\/\/snowtraildogcamp.com\/fr\/programme-dhiver\/#primaryimage\",\"url\":\"https:\/\/snowtraildogcamp.com\/wp-content\/uploads\/2015\/11\/5102_WeitenLapplands.jpg\",\"contentUrl\":\"https:\/\/snowtraildogcamp.com\/wp-content\/uploads\/2015\/11\/5102_WeitenLapplands.jpg\",\"width\":1595,\"height\":1060},{\"@type\":\"BreadcrumbList\",\"@id\":\"https:\/\/snowtraildogcamp.com\/fr\/programme-dhiver\/#breadcrumb\",\"itemListElement\":[{\"@type\":\"ListItem\",\"position\":1,\"name\":\"Startseite\",\"item\":\"https:\/\/snowtraildogcamp.com\/fr\/\"},{\"@type\":\"ListItem\",\"position\":2,\"name\":\"Programme d&#8217;hiver\"}]},{\"@type\":\"WebSite\",\"@id\":\"https:\/\/snowtraildogcamp.com\/fr\/#website\",\"url\":\"https:\/\/snowtraildogcamp.com\/fr\/\",\"name\":\"Snow Trail Dog Camp\",\"description\":\"\",\"publisher\":{\"@id\":\"https:\/\/snowtraildogcamp.com\/fr\/#organization\"},\"potentialAction\":[{\"@type\":\"SearchAction\",\"target\":{\"@type\":\"EntryPoint\",\"urlTemplate\":\"https:\/\/snowtraildogcamp.com\/fr\/?s={search_term_string}\"},\"query-input\":{\"@type\":\"PropertyValueSpecification\",\"valueRequired\":true,\"valueName\":\"search_term_string\"}}],\"inLanguage\":\"fr-FR\"},{\"@type\":\"Organization\",\"@id\":\"https:\/\/snowtraildogcamp.com\/fr\/#organization\",\"name\":\"Snow Trail Dog Camp\",\"url\":\"https:\/\/snowtraildogcamp.com\/fr\/\",\"logo\":{\"@type\":\"ImageObject\",\"inLanguage\":\"fr-FR\",\"@id\":\"https:\/\/snowtraildogcamp.com\/fr\/#\/schema\/logo\/image\/\",\"url\":\"https:\/\/snowtraildogcamp.com\/wp-content\/uploads\/2015\/12\/cropped-logo_snowtrail_dogcamp_e_plus.jpg\",\"contentUrl\":\"https:\/\/snowtraildogcamp.com\/wp-content\/uploads\/2015\/12\/cropped-logo_snowtrail_dogcamp_e_plus.jpg\",\"width\":248,\"height\":157,\"caption\":\"Snow Trail Dog Camp\"},\"image\":{\"@id\":\"https:\/\/snowtraildogcamp.com\/fr\/#\/schema\/logo\/image\/\"}}]}<\/script>\n<!-- \/ Yoast SEO plugin. -->","yoast_head_json":{"title":"Programme d'hiver - Snow Trail Dog Camp","robots":{"index":"index","follow":"follow","max-snippet":"max-snippet:-1","max-image-preview":"max-image-preview:large","max-video-preview":"max-video-preview:-1"},"canonical":"https:\/\/snowtraildogcamp.com\/fr\/programme-dhiver\/","og_locale":"fr_FR","og_type":"article","og_title":"Programme d'hiver - Snow Trail Dog Camp","og_description":"Back to nature Tour (Retour \u00e0 la nature)\u00a0 Au cours de cette semaine, vous aurez l&rsquo;occasion de d\u00e9couvrir de pr\u00e8s le maniement de nos amis (les chiens de tra\u00eeneau). Sous la direction d&rsquo;un expert, vous conduirez \u00e0 deux un attelage de huskies \u00e0 travers l&rsquo;immensit\u00e9 du paysage hivernal su\u00e9dois. \u21d2 Plus d&rsquo;infos sur la tourn\u00e9e &hellip; Continuer la lecture de Programme d&rsquo;hiver","og_url":"https:\/\/snowtraildogcamp.com\/fr\/programme-dhiver\/","og_site_name":"Snow Trail Dog Camp","article_modified_time":"2025-01-17T07:59:42+00:00","og_image":[{"width":1595,"height":1060,"url":"https:\/\/snowtraildogcamp.com\/wp-content\/uploads\/2015\/11\/5102_WeitenLapplands.jpg","type":"image\/jpeg"}],"twitter_card":"summary_large_image","twitter_misc":{"Dur\u00e9e de lecture estim\u00e9e":"1 minute"},"schema":{"@context":"https:\/\/schema.org","@graph":[{"@type":"WebPage","@id":"https:\/\/snowtraildogcamp.com\/fr\/programme-dhiver\/","url":"https:\/\/snowtraildogcamp.com\/fr\/programme-dhiver\/","name":"Programme d'hiver - Snow Trail Dog Camp","isPartOf":{"@id":"https:\/\/snowtraildogcamp.com\/fr\/#website"},"primaryImageOfPage":{"@id":"https:\/\/snowtraildogcamp.com\/fr\/programme-dhiver\/#primaryimage"},"image":{"@id":"https:\/\/snowtraildogcamp.com\/fr\/programme-dhiver\/#primaryimage"},"thumbnailUrl":"https:\/\/snowtraildogcamp.com\/wp-content\/uploads\/2015\/11\/5102_WeitenLapplands.jpg","datePublished":"2025-01-17T07:37:50+00:00","dateModified":"2025-01-17T07:59:42+00:00","breadcrumb":{"@id":"https:\/\/snowtraildogcamp.com\/fr\/programme-dhiver\/#breadcrumb"},"inLanguage":"fr-FR","potentialAction":[{"@type":"ReadAction","target":["https:\/\/snowtraildogcamp.com\/fr\/programme-dhiver\/"]}]},{"@type":"ImageObject","inLanguage":"fr-FR","@id":"https:\/\/snowtraildogcamp.com\/fr\/programme-dhiver\/#primaryimage","url":"https:\/\/snowtraildogcamp.com\/wp-content\/uploads\/2015\/11\/5102_WeitenLapplands.jpg","contentUrl":"https:\/\/snowtraildogcamp.com\/wp-content\/uploads\/2015\/11\/5102_WeitenLapplands.jpg","width":1595,"height":1060},{"@type":"BreadcrumbList","@id":"https:\/\/snowtraildogcamp.com\/fr\/programme-dhiver\/#breadcrumb","itemListElement":[{"@type":"ListItem","position":1,"name":"Startseite","item":"https:\/\/snowtraildogcamp.com\/fr\/"},{"@type":"ListItem","position":2,"name":"Programme d&#8217;hiver"}]},{"@type":"WebSite","@id":"https:\/\/snowtraildogcamp.com\/fr\/#website","url":"https:\/\/snowtraildogcamp.com\/fr\/","name":"Snow Trail Dog Camp","description":"","publisher":{"@id":"https:\/\/snowtraildogcamp.com\/fr\/#organization"},"potentialAction":[{"@type":"SearchAction","target":{"@type":"EntryPoint","urlTemplate":"https:\/\/snowtraildogcamp.com\/fr\/?s={search_term_string}"},"query-input":{"@type":"PropertyValueSpecification","valueRequired":true,"valueName":"search_term_string"}}],"inLanguage":"fr-FR"},{"@type":"Organization","@id":"https:\/\/snowtraildogcamp.com\/fr\/#organization","name":"Snow Trail Dog Camp","url":"https:\/\/snowtraildogcamp.com\/fr\/","logo":{"@type":"ImageObject","inLanguage":"fr-FR","@id":"https:\/\/snowtraildogcamp.com\/fr\/#\/schema\/logo\/image\/","url":"https:\/\/snowtraildogcamp.com\/wp-content\/uploads\/2015\/12\/cropped-logo_snowtrail_dogcamp_e_plus.jpg","contentUrl":"https:\/\/snowtraildogcamp.com\/wp-content\/uploads\/2015\/12\/cropped-logo_snowtrail_dogcamp_e_plus.jpg","width":248,"height":157,"caption":"Snow Trail Dog Camp"},"image":{"@id":"https:\/\/snowtraildogcamp.com\/fr\/#\/schema\/logo\/image\/"}}]}},"_links":{"self":[{"href":"https:\/\/snowtraildogcamp.com\/fr\/wp-json\/wp\/v2\/pages\/3107","targetHints":{"allow":["GET"]}}],"collection":[{"href":"https:\/\/snowtraildogcamp.com\/fr\/wp-json\/wp\/v2\/pages"}],"about":[{"href":"https:\/\/snowtraildogcamp.com\/fr\/wp-json\/wp\/v2\/types\/page"}],"author":[{"embeddable":true,"href":"https:\/\/snowtraildogcamp.com\/fr\/wp-json\/wp\/v2\/users\/1"}],"replies":[{"embeddable":true,"href":"https:\/\/snowtraildogcamp.com\/fr\/wp-json\/wp\/v2\/comments?post=3107"}],"version-history":[{"count":6,"href":"https:\/\/snowtraildogcamp.com\/fr\/wp-json\/wp\/v2\/pages\/3107\/revisions"}],"predecessor-version":[{"id":3124,"href":"https:\/\/snowtraildogcamp.com\/fr\/wp-json\/wp\/v2\/pages\/3107\/revisions\/3124"}],"wp:featuredmedia":[{"embeddable":true,"href":"https:\/\/snowtraildogcamp.com\/fr\/wp-json\/wp\/v2\/media\/2477"}],"wp:attachment":[{"href":"https:\/\/snowtraildogcamp.com\/fr\/wp-json\/wp\/v2\/media?parent=3107"}],"curies":[{"name":"wp","href":"https:\/\/api.w.org\/{rel}","templated":true}]}}