{"id":3069,"date":"2025-01-17T07:48:15","date_gmt":"2025-01-17T06:48:15","guid":{"rendered":"https:\/\/snowtraildogcamp.com\/?page_id=3069"},"modified":"2025-01-17T07:52:45","modified_gmt":"2025-01-17T06:52:45","slug":"sentrainer-avec-des-champions","status":"publish","type":"page","link":"https:\/\/snowtraildogcamp.com\/fr\/sentrainer-avec-des-champions\/","title":{"rendered":"S&rsquo;entra\u00eener avec des champions"},"content":{"rendered":"<p><strong>Le programme \u00ab\u00a0Training with Champs\u00a0\u00bb donne un aper\u00e7u passionnant de l&rsquo;entra\u00eenement quotidien d&rsquo;une \u00e9quipe d&rsquo;Ididarod-Husky.<\/strong><\/p>\n<p>L&rsquo;entra\u00eenement des chiens de tra\u00eeneau commence \u00e0 la fin de l&rsquo;\u00e9t\u00e9, lorsque les temp\u00e9ratures descendent en dessous de 15 degr\u00e9s. L&rsquo;automne pr\u00e9coce se caract\u00e9rise par une profusion de couleurs indescriptibles, o\u00f9 dominent les tons rouges et jaunes. Les nuits deviennent fra\u00eeches et les premi\u00e8res gel\u00e9es apparaissent d\u00e8s le mois de septembre, tandis que la premi\u00e8re neige tombe souvent dans les montagnes. A cette \u00e9poque, les aurores bor\u00e9ales sont d\u00e9j\u00e0 fr\u00e9quentes.<\/p>\n<hr \/>\n<h3>Dates de voyage<\/h3>\n<p>Le programme peut \u00eatre r\u00e9serv\u00e9 \u00e0 <strong>partir du 21 ao\u00fbt jusqu&rsquo;au 6 novembre<\/strong>.<br \/>\n<strong>Dur\u00e9e : 4 ou 8 jours.<\/strong><\/p>\n<hr \/>\n<h3>Voici ce que vous pouvez attendre<\/h3>\n<p>Il y a toujours beaucoup d&rsquo;activit\u00e9 dans notre ferme. Les chiens de tra\u00eeneau sont \u00e0 l&rsquo;entra\u00eenement, les chiots apprennent \u00e0 se socialiser. Vous assisterez au harnachement des chiots, \u00e0 la conduite des chiens, \u00e0 l&rsquo;alimentation, \u00e0 la pr\u00e9paration et aux autres activit\u00e9s des conducteurs de tra\u00eeneaux \u00e0 chiens. Nous entra\u00eenons les chiens environ dix fois par semaine. Il y aura beaucoup d&rsquo;exp\u00e9riences nouvelles et int\u00e9ressantes pour les amoureux des chiens. Les dresseurs de chiens prendront le temps d&rsquo;apprendre aux personnes int\u00e9ress\u00e9es \u00e0 s&rsquo;occuper des chiens.<\/p>\n<p>Pendant leur s\u00e9jour chez nous, ces chiens sympathiques deviennent vos meilleurs amis. Cela se confirme par le fait que beaucoup d&rsquo;entre eux ne viennent pas une seule fois, mais reviennent r\u00e9guli\u00e8rement. C&rsquo;est la v\u00e9ritable \u00ab\u00a0vie de musher canin\u00a0\u00bb, qui vous apportera beaucoup de plaisir. Ce n&rsquo;est pas une vie 0815, mais c&rsquo;est notre style de vie. Nous garantissons des souvenirs uniques et des r\u00eaves qui deviennent r\u00e9alit\u00e9.<\/p>\n<p>Il est bien entendu possible d&rsquo;entreprendre de petites excursions priv\u00e9es par ses propres moyens. Les randonn\u00e9es dans les environs, le cano\u00eb et la p\u00eache en sont des exemples.<\/p>\n<hr \/>\n<h3 style=\"text-align: left;\">Prestations incluses dans le programme<\/h3>\n<ul>\n<li style=\"list-style-type: none;\">\n<ul>\n<li>H\u00e9bergement dans notre Wilderness Lodge, dans le Snowtrail Dogcamp ou dans notre Husky Lodge<\/li>\n<li>Pension compl\u00e8te : 3 repas\/jour<\/li>\n<li>Entra\u00eenement et aide quotidienne avec nos chiens adultes et nos chiots<\/li>\n<li>V\u00eatements personnels suppl\u00e9mentaires<\/li>\n<li>Transport depuis et vers l&rsquo;a\u00e9roport de Kirnu<\/li>\n<li>Diaporama de Mats, septuple finaliste de l&rsquo;Iditarod, et de son \u00e9quipe sur leurs exp\u00e9riences avec les chiens de tra\u00eeneau et les courses<\/li>\n<\/ul>\n<\/li>\n<li style=\"list-style-type: none;\">\u00a0\n<ul>\n<li><strong>Seule<\/strong> une ou plusieurs nuits en option dans nos Autora-Huts pour 2 personnes ne <strong>sont pas comprises<\/strong>.<\/li>\n<\/ul>\n<\/li>\n<\/ul>\n<hr \/>\n<h3 style=\"text-align: left;\">Comment r\u00e9server le programme<\/h3>\n<p style=\"text-align: left;\">Pour les r\u00e9servations de voyage, l&rsquo;agence de voyage de votre pays avec laquelle nous travaillons se tient volontiers \u00e0 votre disposition pour vous conseiller de mani\u00e8re comp\u00e9tente. Vous trouverez une liste des agences de voyage <a href=\"https:\/\/www.snowtraildogcamp.com\/fr\/agences-de-voyage\/\">ici<\/a>.<\/p>\n<p style=\"text-align: left;\">N&rsquo;h\u00e9sitez pas \u00e0 nous<a href=\"https:\/\/www.snowtraildogcamp.com\/fr\/contact\/\">contacter<\/a> pour toute question suppl\u00e9mentaire.<\/p>\n<p>&nbsp;<\/p>\n<p>&nbsp;<\/p>\n<p>&nbsp;<\/p>\n","protected":false},"excerpt":{"rendered":"<p>Le programme \u00ab\u00a0Training with Champs\u00a0\u00bb donne un aper\u00e7u passionnant de l&rsquo;entra\u00eenement quotidien d&rsquo;une \u00e9quipe d&rsquo;Ididarod-Husky. L&rsquo;entra\u00eenement des chiens de tra\u00eeneau commence \u00e0 la fin de l&rsquo;\u00e9t\u00e9, lorsque les temp\u00e9ratures descendent en dessous de 15 degr\u00e9s. L&rsquo;automne pr\u00e9coce se caract\u00e9rise par une profusion de couleurs indescriptibles, o\u00f9 dominent les tons rouges et jaunes. Les nuits deviennent &hellip; <a href=\"https:\/\/snowtraildogcamp.com\/fr\/sentrainer-avec-des-champions\/\" class=\"more-link\">Continuer la lecture de <span class=\"screen-reader-text\">S&rsquo;entra\u00eener avec des champions<\/span><\/a><\/p>\n","protected":false},"author":1,"featured_media":3007,"parent":0,"menu_order":0,"comment_status":"closed","ping_status":"closed","template":"","meta":{"footnotes":""},"class_list":["post-3069","page","type-page","status-publish","has-post-thumbnail","hentry"],"yoast_head":"<!-- This site is optimized with the Yoast SEO plugin v27.1.1 - https:\/\/yoast.com\/product\/yoast-seo-wordpress\/ -->\n<title>S&#039;entra\u00eener avec des champions - Snow Trail Dog Camp<\/title>\n<meta name=\"robots\" content=\"index, follow, max-snippet:-1, max-image-preview:large, max-video-preview:-1\" \/>\n<link rel=\"canonical\" href=\"https:\/\/snowtraildogcamp.com\/fr\/sentrainer-avec-des-champions\/\" \/>\n<meta property=\"og:locale\" content=\"fr_FR\" \/>\n<meta property=\"og:type\" content=\"article\" \/>\n<meta property=\"og:title\" content=\"S&#039;entra\u00eener avec des champions - Snow Trail Dog Camp\" \/>\n<meta property=\"og:description\" content=\"Le programme \u00ab\u00a0Training with Champs\u00a0\u00bb donne un aper\u00e7u passionnant de l&rsquo;entra\u00eenement quotidien d&rsquo;une \u00e9quipe d&rsquo;Ididarod-Husky. L&rsquo;entra\u00eenement des chiens de tra\u00eeneau commence \u00e0 la fin de l&rsquo;\u00e9t\u00e9, lorsque les temp\u00e9ratures descendent en dessous de 15 degr\u00e9s. L&rsquo;automne pr\u00e9coce se caract\u00e9rise par une profusion de couleurs indescriptibles, o\u00f9 dominent les tons rouges et jaunes. Les nuits deviennent &hellip; Continuer la lecture de S&rsquo;entra\u00eener avec des champions\" \/>\n<meta property=\"og:url\" content=\"https:\/\/snowtraildogcamp.com\/fr\/sentrainer-avec-des-champions\/\" \/>\n<meta property=\"og:site_name\" content=\"Snow Trail Dog Camp\" \/>\n<meta property=\"article:modified_time\" content=\"2025-01-17T06:52:45+00:00\" \/>\n<meta property=\"og:image\" content=\"https:\/\/snowtraildogcamp.com\/wp-content\/uploads\/2022\/05\/Hundetraining-1.jpg\" \/>\n\t<meta property=\"og:image:width\" content=\"1171\" \/>\n\t<meta property=\"og:image:height\" content=\"856\" \/>\n\t<meta property=\"og:image:type\" content=\"image\/jpeg\" \/>\n<meta name=\"twitter:card\" content=\"summary_large_image\" \/>\n<meta name=\"twitter:label1\" content=\"Dur\u00e9e de lecture estim\u00e9e\" \/>\n\t<meta name=\"twitter:data1\" content=\"3 minutes\" \/>\n<script type=\"application\/ld+json\" class=\"yoast-schema-graph\">{\"@context\":\"https:\/\/schema.org\",\"@graph\":[{\"@type\":\"WebPage\",\"@id\":\"https:\/\/snowtraildogcamp.com\/fr\/sentrainer-avec-des-champions\/\",\"url\":\"https:\/\/snowtraildogcamp.com\/fr\/sentrainer-avec-des-champions\/\",\"name\":\"S'entra\u00eener avec des champions - Snow Trail Dog Camp\",\"isPartOf\":{\"@id\":\"https:\/\/snowtraildogcamp.com\/fr\/#website\"},\"primaryImageOfPage\":{\"@id\":\"https:\/\/snowtraildogcamp.com\/fr\/sentrainer-avec-des-champions\/#primaryimage\"},\"image\":{\"@id\":\"https:\/\/snowtraildogcamp.com\/fr\/sentrainer-avec-des-champions\/#primaryimage\"},\"thumbnailUrl\":\"https:\/\/snowtraildogcamp.com\/wp-content\/uploads\/2022\/05\/Hundetraining-1.jpg\",\"datePublished\":\"2025-01-17T06:48:15+00:00\",\"dateModified\":\"2025-01-17T06:52:45+00:00\",\"breadcrumb\":{\"@id\":\"https:\/\/snowtraildogcamp.com\/fr\/sentrainer-avec-des-champions\/#breadcrumb\"},\"inLanguage\":\"fr-FR\",\"potentialAction\":[{\"@type\":\"ReadAction\",\"target\":[\"https:\/\/snowtraildogcamp.com\/fr\/sentrainer-avec-des-champions\/\"]}]},{\"@type\":\"ImageObject\",\"inLanguage\":\"fr-FR\",\"@id\":\"https:\/\/snowtraildogcamp.com\/fr\/sentrainer-avec-des-champions\/#primaryimage\",\"url\":\"https:\/\/snowtraildogcamp.com\/wp-content\/uploads\/2022\/05\/Hundetraining-1.jpg\",\"contentUrl\":\"https:\/\/snowtraildogcamp.com\/wp-content\/uploads\/2022\/05\/Hundetraining-1.jpg\",\"width\":1171,\"height\":856},{\"@type\":\"BreadcrumbList\",\"@id\":\"https:\/\/snowtraildogcamp.com\/fr\/sentrainer-avec-des-champions\/#breadcrumb\",\"itemListElement\":[{\"@type\":\"ListItem\",\"position\":1,\"name\":\"Startseite\",\"item\":\"https:\/\/snowtraildogcamp.com\/fr\/\"},{\"@type\":\"ListItem\",\"position\":2,\"name\":\"S&#8217;entra\u00eener avec des champions\"}]},{\"@type\":\"WebSite\",\"@id\":\"https:\/\/snowtraildogcamp.com\/fr\/#website\",\"url\":\"https:\/\/snowtraildogcamp.com\/fr\/\",\"name\":\"Snow Trail Dog Camp\",\"description\":\"\",\"publisher\":{\"@id\":\"https:\/\/snowtraildogcamp.com\/fr\/#organization\"},\"potentialAction\":[{\"@type\":\"SearchAction\",\"target\":{\"@type\":\"EntryPoint\",\"urlTemplate\":\"https:\/\/snowtraildogcamp.com\/fr\/?s={search_term_string}\"},\"query-input\":{\"@type\":\"PropertyValueSpecification\",\"valueRequired\":true,\"valueName\":\"search_term_string\"}}],\"inLanguage\":\"fr-FR\"},{\"@type\":\"Organization\",\"@id\":\"https:\/\/snowtraildogcamp.com\/fr\/#organization\",\"name\":\"Snow Trail Dog Camp\",\"url\":\"https:\/\/snowtraildogcamp.com\/fr\/\",\"logo\":{\"@type\":\"ImageObject\",\"inLanguage\":\"fr-FR\",\"@id\":\"https:\/\/snowtraildogcamp.com\/fr\/#\/schema\/logo\/image\/\",\"url\":\"https:\/\/snowtraildogcamp.com\/wp-content\/uploads\/2015\/12\/cropped-logo_snowtrail_dogcamp_e_plus.jpg\",\"contentUrl\":\"https:\/\/snowtraildogcamp.com\/wp-content\/uploads\/2015\/12\/cropped-logo_snowtrail_dogcamp_e_plus.jpg\",\"width\":248,\"height\":157,\"caption\":\"Snow Trail Dog Camp\"},\"image\":{\"@id\":\"https:\/\/snowtraildogcamp.com\/fr\/#\/schema\/logo\/image\/\"}}]}<\/script>\n<!-- \/ Yoast SEO plugin. -->","yoast_head_json":{"title":"S'entra\u00eener avec des champions - Snow Trail Dog Camp","robots":{"index":"index","follow":"follow","max-snippet":"max-snippet:-1","max-image-preview":"max-image-preview:large","max-video-preview":"max-video-preview:-1"},"canonical":"https:\/\/snowtraildogcamp.com\/fr\/sentrainer-avec-des-champions\/","og_locale":"fr_FR","og_type":"article","og_title":"S'entra\u00eener avec des champions - Snow Trail Dog Camp","og_description":"Le programme \u00ab\u00a0Training with Champs\u00a0\u00bb donne un aper\u00e7u passionnant de l&rsquo;entra\u00eenement quotidien d&rsquo;une \u00e9quipe d&rsquo;Ididarod-Husky. L&rsquo;entra\u00eenement des chiens de tra\u00eeneau commence \u00e0 la fin de l&rsquo;\u00e9t\u00e9, lorsque les temp\u00e9ratures descendent en dessous de 15 degr\u00e9s. L&rsquo;automne pr\u00e9coce se caract\u00e9rise par une profusion de couleurs indescriptibles, o\u00f9 dominent les tons rouges et jaunes. Les nuits deviennent &hellip; Continuer la lecture de S&rsquo;entra\u00eener avec des champions","og_url":"https:\/\/snowtraildogcamp.com\/fr\/sentrainer-avec-des-champions\/","og_site_name":"Snow Trail Dog Camp","article_modified_time":"2025-01-17T06:52:45+00:00","og_image":[{"width":1171,"height":856,"url":"https:\/\/snowtraildogcamp.com\/wp-content\/uploads\/2022\/05\/Hundetraining-1.jpg","type":"image\/jpeg"}],"twitter_card":"summary_large_image","twitter_misc":{"Dur\u00e9e de lecture estim\u00e9e":"3 minutes"},"schema":{"@context":"https:\/\/schema.org","@graph":[{"@type":"WebPage","@id":"https:\/\/snowtraildogcamp.com\/fr\/sentrainer-avec-des-champions\/","url":"https:\/\/snowtraildogcamp.com\/fr\/sentrainer-avec-des-champions\/","name":"S'entra\u00eener avec des champions - Snow Trail Dog Camp","isPartOf":{"@id":"https:\/\/snowtraildogcamp.com\/fr\/#website"},"primaryImageOfPage":{"@id":"https:\/\/snowtraildogcamp.com\/fr\/sentrainer-avec-des-champions\/#primaryimage"},"image":{"@id":"https:\/\/snowtraildogcamp.com\/fr\/sentrainer-avec-des-champions\/#primaryimage"},"thumbnailUrl":"https:\/\/snowtraildogcamp.com\/wp-content\/uploads\/2022\/05\/Hundetraining-1.jpg","datePublished":"2025-01-17T06:48:15+00:00","dateModified":"2025-01-17T06:52:45+00:00","breadcrumb":{"@id":"https:\/\/snowtraildogcamp.com\/fr\/sentrainer-avec-des-champions\/#breadcrumb"},"inLanguage":"fr-FR","potentialAction":[{"@type":"ReadAction","target":["https:\/\/snowtraildogcamp.com\/fr\/sentrainer-avec-des-champions\/"]}]},{"@type":"ImageObject","inLanguage":"fr-FR","@id":"https:\/\/snowtraildogcamp.com\/fr\/sentrainer-avec-des-champions\/#primaryimage","url":"https:\/\/snowtraildogcamp.com\/wp-content\/uploads\/2022\/05\/Hundetraining-1.jpg","contentUrl":"https:\/\/snowtraildogcamp.com\/wp-content\/uploads\/2022\/05\/Hundetraining-1.jpg","width":1171,"height":856},{"@type":"BreadcrumbList","@id":"https:\/\/snowtraildogcamp.com\/fr\/sentrainer-avec-des-champions\/#breadcrumb","itemListElement":[{"@type":"ListItem","position":1,"name":"Startseite","item":"https:\/\/snowtraildogcamp.com\/fr\/"},{"@type":"ListItem","position":2,"name":"S&#8217;entra\u00eener avec des champions"}]},{"@type":"WebSite","@id":"https:\/\/snowtraildogcamp.com\/fr\/#website","url":"https:\/\/snowtraildogcamp.com\/fr\/","name":"Snow Trail Dog Camp","description":"","publisher":{"@id":"https:\/\/snowtraildogcamp.com\/fr\/#organization"},"potentialAction":[{"@type":"SearchAction","target":{"@type":"EntryPoint","urlTemplate":"https:\/\/snowtraildogcamp.com\/fr\/?s={search_term_string}"},"query-input":{"@type":"PropertyValueSpecification","valueRequired":true,"valueName":"search_term_string"}}],"inLanguage":"fr-FR"},{"@type":"Organization","@id":"https:\/\/snowtraildogcamp.com\/fr\/#organization","name":"Snow Trail Dog Camp","url":"https:\/\/snowtraildogcamp.com\/fr\/","logo":{"@type":"ImageObject","inLanguage":"fr-FR","@id":"https:\/\/snowtraildogcamp.com\/fr\/#\/schema\/logo\/image\/","url":"https:\/\/snowtraildogcamp.com\/wp-content\/uploads\/2015\/12\/cropped-logo_snowtrail_dogcamp_e_plus.jpg","contentUrl":"https:\/\/snowtraildogcamp.com\/wp-content\/uploads\/2015\/12\/cropped-logo_snowtrail_dogcamp_e_plus.jpg","width":248,"height":157,"caption":"Snow Trail Dog Camp"},"image":{"@id":"https:\/\/snowtraildogcamp.com\/fr\/#\/schema\/logo\/image\/"}}]}},"_links":{"self":[{"href":"https:\/\/snowtraildogcamp.com\/fr\/wp-json\/wp\/v2\/pages\/3069","targetHints":{"allow":["GET"]}}],"collection":[{"href":"https:\/\/snowtraildogcamp.com\/fr\/wp-json\/wp\/v2\/pages"}],"about":[{"href":"https:\/\/snowtraildogcamp.com\/fr\/wp-json\/wp\/v2\/types\/page"}],"author":[{"embeddable":true,"href":"https:\/\/snowtraildogcamp.com\/fr\/wp-json\/wp\/v2\/users\/1"}],"replies":[{"embeddable":true,"href":"https:\/\/snowtraildogcamp.com\/fr\/wp-json\/wp\/v2\/comments?post=3069"}],"version-history":[{"count":5,"href":"https:\/\/snowtraildogcamp.com\/fr\/wp-json\/wp\/v2\/pages\/3069\/revisions"}],"predecessor-version":[{"id":3074,"href":"https:\/\/snowtraildogcamp.com\/fr\/wp-json\/wp\/v2\/pages\/3069\/revisions\/3074"}],"wp:featuredmedia":[{"embeddable":true,"href":"https:\/\/snowtraildogcamp.com\/fr\/wp-json\/wp\/v2\/media\/3007"}],"wp:attachment":[{"href":"https:\/\/snowtraildogcamp.com\/fr\/wp-json\/wp\/v2\/media?parent=3069"}],"curies":[{"name":"wp","href":"https:\/\/api.w.org\/{rel}","templated":true}]}}