{"id":3054,"date":"2025-01-17T07:28:16","date_gmt":"2025-01-17T06:28:16","guid":{"rendered":"https:\/\/snowtraildogcamp.com\/?page_id=3054"},"modified":"2025-01-17T07:30:56","modified_gmt":"2025-01-17T06:30:56","slug":"contact","status":"publish","type":"page","link":"https:\/\/snowtraildogcamp.com\/fr\/contact\/","title":{"rendered":"Contact"},"content":{"rendered":"<h3><strong>Malgr\u00e9 notre isolement, nous sommes facilement accessibles et nous nous r\u00e9jouissons de votre prise de contact.<\/strong><\/h3>\n<h3>Adresse postale (uniquement pour le courrier)<\/h3>\n<p>Snowtrail Dogcamp AB<br \/>\nMats Pettersson<br \/>\nSkaulo 92<br \/>\nSE-98204 Skaulo &#8211; Su\u00e8de<\/p>\n<h3>T\u00e9l\u00e9phone<\/h3>\n<p>+46 70 555 93 03 ou +46 70 385 85 24<\/p>\n<h3>Courrier \u00e9lectronique<\/h3>\n<p><a href=\"mailto:mats@sleddog.se\">mats@sleddog.se<\/a><\/p>\n<p><span style=\"line-height: 1.6471;\">\u00a0<\/span><\/p>\n<h3><span style=\"line-height: 1.6471;\">Acc\u00e8s et situation (depuis Kiruna)<\/span><\/h3>\n<p>Le camp est situ\u00e9 entre Kiruna et G\u00e4llivare. Voici les coordonn\u00e9es : N 67.38405 \/ E 20.98441<\/p>\n<ul>\n<li><strong>Depuis l&rsquo;a\u00e9roport de Kiruna<\/strong>, prenez la route <strong>E10 en direction de l&rsquo;est <\/strong>.<\/li>\n<li>Apr\u00e8s environ 75 kilom\u00e8tres, vous arrivez \u00e0 Skaulo et apr\u00e8s 5 autres kilom\u00e8tres \u00e0 <strong>Moskoj\u00e4rvi<\/strong>.<\/li>\n<li>Tourner \u00e0 droite dans la rue \u00ab\u00a0<strong>Syv\u00e4vaara V\u00e4gen<\/strong>\u00a0\u00bb et suivre la route jusqu&rsquo;au parking.<\/li>\n<li>De l\u00e0 au camp, il y a encore environ 2,5 kilom\u00e8tres \u00e0 parcourir sur une petite route \u00e0 travers la for\u00eat.<\/li>\n<\/ul>\n<p><span style=\"line-height: 1.6471;\"> <\/span><\/p>\n\n","protected":false},"excerpt":{"rendered":"<p>Malgr\u00e9 notre isolement, nous sommes facilement accessibles et nous nous r\u00e9jouissons de votre prise de contact. Adresse postale (uniquement pour le courrier) Snowtrail Dogcamp AB Mats Pettersson Skaulo 92 SE-98204 Skaulo &#8211; Su\u00e8de T\u00e9l\u00e9phone +46 70 555 93 03 ou +46 70 385 85 24 Courrier \u00e9lectronique mats@sleddog.se \u00a0 Acc\u00e8s et situation (depuis Kiruna) Le &hellip; <a href=\"https:\/\/snowtraildogcamp.com\/fr\/contact\/\" class=\"more-link\">Continuer la lecture de <span class=\"screen-reader-text\">Contact<\/span><\/a><\/p>\n","protected":false},"author":1,"featured_media":2737,"parent":0,"menu_order":0,"comment_status":"closed","ping_status":"closed","template":"","meta":{"footnotes":""},"class_list":["post-3054","page","type-page","status-publish","has-post-thumbnail","hentry"],"yoast_head":"<!-- This site is optimized with the Yoast SEO plugin v27.1.1 - https:\/\/yoast.com\/product\/yoast-seo-wordpress\/ -->\n<title>Contact - Snow Trail Dog Camp<\/title>\n<meta name=\"robots\" content=\"index, follow, max-snippet:-1, max-image-preview:large, max-video-preview:-1\" \/>\n<link rel=\"canonical\" href=\"https:\/\/snowtraildogcamp.com\/fr\/contact\/\" \/>\n<meta property=\"og:locale\" content=\"fr_FR\" \/>\n<meta property=\"og:type\" content=\"article\" \/>\n<meta property=\"og:title\" content=\"Contact - Snow Trail Dog Camp\" \/>\n<meta property=\"og:description\" content=\"Malgr\u00e9 notre isolement, nous sommes facilement accessibles et nous nous r\u00e9jouissons de votre prise de contact. Adresse postale (uniquement pour le courrier) Snowtrail Dogcamp AB Mats Pettersson Skaulo 92 SE-98204 Skaulo &#8211; Su\u00e8de T\u00e9l\u00e9phone +46 70 555 93 03 ou +46 70 385 85 24 Courrier \u00e9lectronique mats@sleddog.se \u00a0 Acc\u00e8s et situation (depuis Kiruna) Le &hellip; Continuer la lecture de Contact\" \/>\n<meta property=\"og:url\" content=\"https:\/\/snowtraildogcamp.com\/fr\/contact\/\" \/>\n<meta property=\"og:site_name\" content=\"Snow Trail Dog Camp\" \/>\n<meta property=\"article:modified_time\" content=\"2025-01-17T06:30:56+00:00\" \/>\n<meta property=\"og:image\" content=\"https:\/\/snowtraildogcamp.com\/wp-content\/uploads\/2022\/02\/Lotti-Meier-Mats-Pettersson.jpeg\" \/>\n\t<meta property=\"og:image:width\" content=\"1125\" \/>\n\t<meta property=\"og:image:height\" content=\"844\" \/>\n\t<meta property=\"og:image:type\" content=\"image\/jpeg\" \/>\n<meta name=\"twitter:card\" content=\"summary_large_image\" \/>\n<meta name=\"twitter:label1\" content=\"Dur\u00e9e de lecture estim\u00e9e\" \/>\n\t<meta name=\"twitter:data1\" content=\"1 minute\" \/>\n<script type=\"application\/ld+json\" class=\"yoast-schema-graph\">{\"@context\":\"https:\/\/schema.org\",\"@graph\":[{\"@type\":\"WebPage\",\"@id\":\"https:\/\/snowtraildogcamp.com\/fr\/contact\/\",\"url\":\"https:\/\/snowtraildogcamp.com\/fr\/contact\/\",\"name\":\"Contact - Snow Trail Dog Camp\",\"isPartOf\":{\"@id\":\"https:\/\/snowtraildogcamp.com\/fr\/#website\"},\"primaryImageOfPage\":{\"@id\":\"https:\/\/snowtraildogcamp.com\/fr\/contact\/#primaryimage\"},\"image\":{\"@id\":\"https:\/\/snowtraildogcamp.com\/fr\/contact\/#primaryimage\"},\"thumbnailUrl\":\"https:\/\/snowtraildogcamp.com\/wp-content\/uploads\/2022\/02\/Lotti-Meier-Mats-Pettersson.jpeg\",\"datePublished\":\"2025-01-17T06:28:16+00:00\",\"dateModified\":\"2025-01-17T06:30:56+00:00\",\"breadcrumb\":{\"@id\":\"https:\/\/snowtraildogcamp.com\/fr\/contact\/#breadcrumb\"},\"inLanguage\":\"fr-FR\",\"potentialAction\":[{\"@type\":\"ReadAction\",\"target\":[\"https:\/\/snowtraildogcamp.com\/fr\/contact\/\"]}]},{\"@type\":\"ImageObject\",\"inLanguage\":\"fr-FR\",\"@id\":\"https:\/\/snowtraildogcamp.com\/fr\/contact\/#primaryimage\",\"url\":\"https:\/\/snowtraildogcamp.com\/wp-content\/uploads\/2022\/02\/Lotti-Meier-Mats-Pettersson.jpeg\",\"contentUrl\":\"https:\/\/snowtraildogcamp.com\/wp-content\/uploads\/2022\/02\/Lotti-Meier-Mats-Pettersson.jpeg\",\"width\":1125,\"height\":844},{\"@type\":\"BreadcrumbList\",\"@id\":\"https:\/\/snowtraildogcamp.com\/fr\/contact\/#breadcrumb\",\"itemListElement\":[{\"@type\":\"ListItem\",\"position\":1,\"name\":\"Startseite\",\"item\":\"https:\/\/snowtraildogcamp.com\/fr\/\"},{\"@type\":\"ListItem\",\"position\":2,\"name\":\"Contact\"}]},{\"@type\":\"WebSite\",\"@id\":\"https:\/\/snowtraildogcamp.com\/fr\/#website\",\"url\":\"https:\/\/snowtraildogcamp.com\/fr\/\",\"name\":\"Snow Trail Dog Camp\",\"description\":\"\",\"publisher\":{\"@id\":\"https:\/\/snowtraildogcamp.com\/fr\/#organization\"},\"potentialAction\":[{\"@type\":\"SearchAction\",\"target\":{\"@type\":\"EntryPoint\",\"urlTemplate\":\"https:\/\/snowtraildogcamp.com\/fr\/?s={search_term_string}\"},\"query-input\":{\"@type\":\"PropertyValueSpecification\",\"valueRequired\":true,\"valueName\":\"search_term_string\"}}],\"inLanguage\":\"fr-FR\"},{\"@type\":\"Organization\",\"@id\":\"https:\/\/snowtraildogcamp.com\/fr\/#organization\",\"name\":\"Snow Trail Dog Camp\",\"url\":\"https:\/\/snowtraildogcamp.com\/fr\/\",\"logo\":{\"@type\":\"ImageObject\",\"inLanguage\":\"fr-FR\",\"@id\":\"https:\/\/snowtraildogcamp.com\/fr\/#\/schema\/logo\/image\/\",\"url\":\"https:\/\/snowtraildogcamp.com\/wp-content\/uploads\/2015\/12\/cropped-logo_snowtrail_dogcamp_e_plus.jpg\",\"contentUrl\":\"https:\/\/snowtraildogcamp.com\/wp-content\/uploads\/2015\/12\/cropped-logo_snowtrail_dogcamp_e_plus.jpg\",\"width\":248,\"height\":157,\"caption\":\"Snow Trail Dog Camp\"},\"image\":{\"@id\":\"https:\/\/snowtraildogcamp.com\/fr\/#\/schema\/logo\/image\/\"}}]}<\/script>\n<!-- \/ Yoast SEO plugin. -->","yoast_head_json":{"title":"Contact - Snow Trail Dog Camp","robots":{"index":"index","follow":"follow","max-snippet":"max-snippet:-1","max-image-preview":"max-image-preview:large","max-video-preview":"max-video-preview:-1"},"canonical":"https:\/\/snowtraildogcamp.com\/fr\/contact\/","og_locale":"fr_FR","og_type":"article","og_title":"Contact - Snow Trail Dog Camp","og_description":"Malgr\u00e9 notre isolement, nous sommes facilement accessibles et nous nous r\u00e9jouissons de votre prise de contact. Adresse postale (uniquement pour le courrier) Snowtrail Dogcamp AB Mats Pettersson Skaulo 92 SE-98204 Skaulo &#8211; Su\u00e8de T\u00e9l\u00e9phone +46 70 555 93 03 ou +46 70 385 85 24 Courrier \u00e9lectronique mats@sleddog.se \u00a0 Acc\u00e8s et situation (depuis Kiruna) Le &hellip; Continuer la lecture de Contact","og_url":"https:\/\/snowtraildogcamp.com\/fr\/contact\/","og_site_name":"Snow Trail Dog Camp","article_modified_time":"2025-01-17T06:30:56+00:00","og_image":[{"width":1125,"height":844,"url":"https:\/\/snowtraildogcamp.com\/wp-content\/uploads\/2022\/02\/Lotti-Meier-Mats-Pettersson.jpeg","type":"image\/jpeg"}],"twitter_card":"summary_large_image","twitter_misc":{"Dur\u00e9e de lecture estim\u00e9e":"1 minute"},"schema":{"@context":"https:\/\/schema.org","@graph":[{"@type":"WebPage","@id":"https:\/\/snowtraildogcamp.com\/fr\/contact\/","url":"https:\/\/snowtraildogcamp.com\/fr\/contact\/","name":"Contact - Snow Trail Dog Camp","isPartOf":{"@id":"https:\/\/snowtraildogcamp.com\/fr\/#website"},"primaryImageOfPage":{"@id":"https:\/\/snowtraildogcamp.com\/fr\/contact\/#primaryimage"},"image":{"@id":"https:\/\/snowtraildogcamp.com\/fr\/contact\/#primaryimage"},"thumbnailUrl":"https:\/\/snowtraildogcamp.com\/wp-content\/uploads\/2022\/02\/Lotti-Meier-Mats-Pettersson.jpeg","datePublished":"2025-01-17T06:28:16+00:00","dateModified":"2025-01-17T06:30:56+00:00","breadcrumb":{"@id":"https:\/\/snowtraildogcamp.com\/fr\/contact\/#breadcrumb"},"inLanguage":"fr-FR","potentialAction":[{"@type":"ReadAction","target":["https:\/\/snowtraildogcamp.com\/fr\/contact\/"]}]},{"@type":"ImageObject","inLanguage":"fr-FR","@id":"https:\/\/snowtraildogcamp.com\/fr\/contact\/#primaryimage","url":"https:\/\/snowtraildogcamp.com\/wp-content\/uploads\/2022\/02\/Lotti-Meier-Mats-Pettersson.jpeg","contentUrl":"https:\/\/snowtraildogcamp.com\/wp-content\/uploads\/2022\/02\/Lotti-Meier-Mats-Pettersson.jpeg","width":1125,"height":844},{"@type":"BreadcrumbList","@id":"https:\/\/snowtraildogcamp.com\/fr\/contact\/#breadcrumb","itemListElement":[{"@type":"ListItem","position":1,"name":"Startseite","item":"https:\/\/snowtraildogcamp.com\/fr\/"},{"@type":"ListItem","position":2,"name":"Contact"}]},{"@type":"WebSite","@id":"https:\/\/snowtraildogcamp.com\/fr\/#website","url":"https:\/\/snowtraildogcamp.com\/fr\/","name":"Snow Trail Dog Camp","description":"","publisher":{"@id":"https:\/\/snowtraildogcamp.com\/fr\/#organization"},"potentialAction":[{"@type":"SearchAction","target":{"@type":"EntryPoint","urlTemplate":"https:\/\/snowtraildogcamp.com\/fr\/?s={search_term_string}"},"query-input":{"@type":"PropertyValueSpecification","valueRequired":true,"valueName":"search_term_string"}}],"inLanguage":"fr-FR"},{"@type":"Organization","@id":"https:\/\/snowtraildogcamp.com\/fr\/#organization","name":"Snow Trail Dog Camp","url":"https:\/\/snowtraildogcamp.com\/fr\/","logo":{"@type":"ImageObject","inLanguage":"fr-FR","@id":"https:\/\/snowtraildogcamp.com\/fr\/#\/schema\/logo\/image\/","url":"https:\/\/snowtraildogcamp.com\/wp-content\/uploads\/2015\/12\/cropped-logo_snowtrail_dogcamp_e_plus.jpg","contentUrl":"https:\/\/snowtraildogcamp.com\/wp-content\/uploads\/2015\/12\/cropped-logo_snowtrail_dogcamp_e_plus.jpg","width":248,"height":157,"caption":"Snow Trail Dog Camp"},"image":{"@id":"https:\/\/snowtraildogcamp.com\/fr\/#\/schema\/logo\/image\/"}}]}},"_links":{"self":[{"href":"https:\/\/snowtraildogcamp.com\/fr\/wp-json\/wp\/v2\/pages\/3054","targetHints":{"allow":["GET"]}}],"collection":[{"href":"https:\/\/snowtraildogcamp.com\/fr\/wp-json\/wp\/v2\/pages"}],"about":[{"href":"https:\/\/snowtraildogcamp.com\/fr\/wp-json\/wp\/v2\/types\/page"}],"author":[{"embeddable":true,"href":"https:\/\/snowtraildogcamp.com\/fr\/wp-json\/wp\/v2\/users\/1"}],"replies":[{"embeddable":true,"href":"https:\/\/snowtraildogcamp.com\/fr\/wp-json\/wp\/v2\/comments?post=3054"}],"version-history":[{"count":3,"href":"https:\/\/snowtraildogcamp.com\/fr\/wp-json\/wp\/v2\/pages\/3054\/revisions"}],"predecessor-version":[{"id":3057,"href":"https:\/\/snowtraildogcamp.com\/fr\/wp-json\/wp\/v2\/pages\/3054\/revisions\/3057"}],"wp:featuredmedia":[{"embeddable":true,"href":"https:\/\/snowtraildogcamp.com\/fr\/wp-json\/wp\/v2\/media\/2737"}],"wp:attachment":[{"href":"https:\/\/snowtraildogcamp.com\/fr\/wp-json\/wp\/v2\/media?parent=3054"}],"curies":[{"name":"wp","href":"https:\/\/api.w.org\/{rel}","templated":true}]}}