{"id":3046,"date":"2025-01-17T07:10:42","date_gmt":"2025-01-17T06:10:42","guid":{"rendered":"https:\/\/snowtraildogcamp.com\/?page_id=3046"},"modified":"2025-01-17T07:24:36","modified_gmt":"2025-01-17T06:24:36","slug":"agences-de-voyage","status":"publish","type":"page","link":"https:\/\/snowtraildogcamp.com\/fr\/agences-de-voyage\/","title":{"rendered":"Agences de voyage"},"content":{"rendered":"<p><strong>Nous travaillons depuis des ann\u00e9es avec des agences de voyage que nous connaissons bien. Elles connaissent tr\u00e8s bien l&rsquo;offre du Snowtrail Dogcamp et peuvent vous conseiller de mani\u00e8re comp\u00e9tente dans votre pays.<\/strong><\/p>\n<p>Ces agences de voyage vous aideront volontiers \u00e0 organiser un voyage efficace et avantageux vers notre pays. Que ce soit en avion, en train ou dans votre propre voiture.<\/p>\n<hr \/>\n<h3>Tour-op\u00e9rateur &#8211; Allemagne<\/h3>\n<ul>\n<li style=\"list-style-type: none;\">\n<ul>\n<li><a href=\"http:\/\/www.elch-adventure-tours.de\/\" target=\"_blank\" rel=\"noopener noreferrer\">Elch Adventure Tours GmbH<\/a> \u00e0 01561 Priestewitz, +49 352 49 15 98 64<\/li>\n<li><a href=\"http:\/\/www.hummel-reiseideen.de\/\" target=\"_blank\" rel=\"noopener noreferrer\">Hummel Reiseideen<\/a> \u00e0 76689 Karsdorf, +49 7251 366 159 0\u00a0<\/li>\n<li><a href=\"http:\/\/www.hauser-exkursionen.de\/\" target=\"_blank\" rel=\"noopener noreferrer\">Hauser Exkursionen international<\/a> \u00e0 81241 Munich, +49 89 23 50 06 0<\/li>\n<li><a href=\"https:\/\/www.jalanjalan.de\/\" target=\"_blank\" rel=\"noopener noreferrer\">Jalan Jalan Travel GMBH<\/a>\u00a0\u00e0 39108 Magdebourg, +49 391 7 330 330<\/li>\n<li><a href=\"http:\/\/www.moja-travel.net\/\" target=\"_blank\" rel=\"noopener noreferrer\">moja TRAVEL<\/a> \u00e0 77654 Offenburg,\u00a0+49 781 932297-0<\/li>\n<li><a href=\"http:\/\/www.nordic-holidays.de\/\" target=\"_blank\" rel=\"noopener noreferrer\">Nordic Holidays<\/a> \u00e0 22761 Hambourg, +49 40 28 66 87 130<\/li>\n<li><a href=\"https:\/\/www.rausstieg.de\/\" target=\"_blank\" rel=\"noopener\">Sortie de secours<\/a> \u00e0 44797 Bochum\u00a0<\/li>\n<li><a href=\"https:\/\/wasserfest.net\/\" target=\"_blank\" rel=\"noopener\">F\u00eate de l&rsquo;eau<\/a> \u00e0 M\u00fcnster, +49 251 379 55 63<\/li>\n<\/ul>\n<\/li>\n<\/ul>\n<p><span lang=\"DE\">Service pour l&rsquo;organisation du voyage: <a href=\"http:\/\/www.parken-und-fliegen.de\/\" target=\"_blank\" rel=\"noopener noreferrer\">Parken-und-Fliegen.de<\/a> \u2013 Ils y trouvent des places de parking et des nuits d&rsquo;h\u00f4tel \u00e0 prix avantageux dans les principaux a\u00e9roports allemands et europ\u00e9ens.<\/span><\/p>\n<h3>Agence de voyages &#8211; Suisse<\/h3>\n<ul>\n<li style=\"list-style-type: none;\">\n<ul>\n<li><a href=\"http:\/\/www.nordisch.ch\/\" target=\"_blank\" rel=\"noopener noreferrer\">Nordisch Reisen AG<\/a> \u00e0 3930 Visp, <a href=\"mailto:info@nordisch.ch\">info@nordisch.ch<\/a><\/li>\n<li><a href=\"http:\/\/www.womentravel.ch\/\" target=\"_blank\" rel=\"noopener noreferrer\">Women Travel<\/a> \u00e0 8001 Zurich, +41 44 350 30 50<\/li>\n<li><a href=\"http:\/\/www.zts-reisen.com\" target=\"_blank\" rel=\"noopener noreferrer\">ZTS Zentrale f\u00fcr Trekking und Studienreisen<\/a> \u00e0 6301 Zoug, +41 41 720 12 80<\/li>\n<li><a href=\"http:\/\/www.agtraveltrend.ch\/\" target=\"_blank\" rel=\"noopener noreferrer\">ag traveltrend<\/a> \u00e0 3000 Berne 15, +41 31 350 15 15<\/li>\n<li><a href=\"http:\/\/www.bandbtravel.ch\/\" target=\"_blank\" rel=\"noopener noreferrer\">b&amp;b travel<\/a> \u00e0 8008 Zurich, +41 44 380 43 43<\/li>\n<\/ul>\n<\/li>\n<\/ul>\n<h3>Agence de voyages &#8211; Autriche<\/h3>\n<ul>\n<li style=\"list-style-type: none;\">\n<ul>\n<li><a href=\"http:\/\/www.bergspechte.at\/\">DIE BERGSPECHTE<\/a> \u00e0 4020 Linz, +43 732 779 311 22<\/li>\n<li><a href=\"http:\/\/www.nordland.at\/de\/index.php\">Camp d&rsquo;aventure Nordland<\/a> \u00e0 8943 Aigen\/Ennstal, +43 368 224 804<\/li>\n<\/ul>\n<\/li>\n<\/ul>\n<h3>Agences de voyages &#8211; Belgique<\/h3>\n<ul>\n<li><a href=\"http:\/\/zuiderhuis.be\/\">Lapland Reizen<\/a> \u00e0 9000 Gand +32 9 233 50 00 en \u00e0 Anvers +32 3 285 99 90<\/li>\n<\/ul>\n<p>&nbsp;<\/p>\n","protected":false},"excerpt":{"rendered":"<p>Nous travaillons depuis des ann\u00e9es avec des agences de voyage que nous connaissons bien. Elles connaissent tr\u00e8s bien l&rsquo;offre du Snowtrail Dogcamp et peuvent vous conseiller de mani\u00e8re comp\u00e9tente dans votre pays. Ces agences de voyage vous aideront volontiers \u00e0 organiser un voyage efficace et avantageux vers notre pays. Que ce soit en avion, en &hellip; <a href=\"https:\/\/snowtraildogcamp.com\/fr\/agences-de-voyage\/\" class=\"more-link\">Continuer la lecture de <span class=\"screen-reader-text\">Agences de voyage<\/span><\/a><\/p>\n","protected":false},"author":1,"featured_media":2767,"parent":0,"menu_order":0,"comment_status":"closed","ping_status":"closed","template":"","meta":{"footnotes":""},"class_list":["post-3046","page","type-page","status-publish","has-post-thumbnail","hentry"],"yoast_head":"<!-- This site is optimized with the Yoast SEO plugin v27.1.1 - https:\/\/yoast.com\/product\/yoast-seo-wordpress\/ -->\n<title>Agences de voyage - Snow Trail Dog Camp<\/title>\n<meta name=\"robots\" content=\"index, follow, max-snippet:-1, max-image-preview:large, max-video-preview:-1\" \/>\n<link rel=\"canonical\" href=\"https:\/\/snowtraildogcamp.com\/fr\/agences-de-voyage\/\" \/>\n<meta property=\"og:locale\" content=\"fr_FR\" \/>\n<meta property=\"og:type\" content=\"article\" \/>\n<meta property=\"og:title\" content=\"Agences de voyage - Snow Trail Dog Camp\" \/>\n<meta property=\"og:description\" content=\"Nous travaillons depuis des ann\u00e9es avec des agences de voyage que nous connaissons bien. Elles connaissent tr\u00e8s bien l&rsquo;offre du Snowtrail Dogcamp et peuvent vous conseiller de mani\u00e8re comp\u00e9tente dans votre pays. Ces agences de voyage vous aideront volontiers \u00e0 organiser un voyage efficace et avantageux vers notre pays. Que ce soit en avion, en &hellip; Continuer la lecture de Agences de voyage\" \/>\n<meta property=\"og:url\" content=\"https:\/\/snowtraildogcamp.com\/fr\/agences-de-voyage\/\" \/>\n<meta property=\"og:site_name\" content=\"Snow Trail Dog Camp\" \/>\n<meta property=\"article:modified_time\" content=\"2025-01-17T06:24:36+00:00\" \/>\n<meta property=\"og:image\" content=\"https:\/\/snowtraildogcamp.com\/wp-content\/uploads\/2015\/12\/D753559.jpg\" \/>\n\t<meta property=\"og:image:width\" content=\"1500\" \/>\n\t<meta property=\"og:image:height\" content=\"1001\" \/>\n\t<meta property=\"og:image:type\" content=\"image\/jpeg\" \/>\n<meta name=\"twitter:card\" content=\"summary_large_image\" \/>\n<meta name=\"twitter:label1\" content=\"Dur\u00e9e de lecture estim\u00e9e\" \/>\n\t<meta name=\"twitter:data1\" content=\"2 minutes\" \/>\n<script type=\"application\/ld+json\" class=\"yoast-schema-graph\">{\"@context\":\"https:\/\/schema.org\",\"@graph\":[{\"@type\":\"WebPage\",\"@id\":\"https:\/\/snowtraildogcamp.com\/fr\/agences-de-voyage\/\",\"url\":\"https:\/\/snowtraildogcamp.com\/fr\/agences-de-voyage\/\",\"name\":\"Agences de voyage - Snow Trail Dog Camp\",\"isPartOf\":{\"@id\":\"https:\/\/snowtraildogcamp.com\/fr\/#website\"},\"primaryImageOfPage\":{\"@id\":\"https:\/\/snowtraildogcamp.com\/fr\/agences-de-voyage\/#primaryimage\"},\"image\":{\"@id\":\"https:\/\/snowtraildogcamp.com\/fr\/agences-de-voyage\/#primaryimage\"},\"thumbnailUrl\":\"https:\/\/snowtraildogcamp.com\/wp-content\/uploads\/2015\/12\/D753559.jpg\",\"datePublished\":\"2025-01-17T06:10:42+00:00\",\"dateModified\":\"2025-01-17T06:24:36+00:00\",\"breadcrumb\":{\"@id\":\"https:\/\/snowtraildogcamp.com\/fr\/agences-de-voyage\/#breadcrumb\"},\"inLanguage\":\"fr-FR\",\"potentialAction\":[{\"@type\":\"ReadAction\",\"target\":[\"https:\/\/snowtraildogcamp.com\/fr\/agences-de-voyage\/\"]}]},{\"@type\":\"ImageObject\",\"inLanguage\":\"fr-FR\",\"@id\":\"https:\/\/snowtraildogcamp.com\/fr\/agences-de-voyage\/#primaryimage\",\"url\":\"https:\/\/snowtraildogcamp.com\/wp-content\/uploads\/2015\/12\/D753559.jpg\",\"contentUrl\":\"https:\/\/snowtraildogcamp.com\/wp-content\/uploads\/2015\/12\/D753559.jpg\",\"width\":1500,\"height\":1001},{\"@type\":\"BreadcrumbList\",\"@id\":\"https:\/\/snowtraildogcamp.com\/fr\/agences-de-voyage\/#breadcrumb\",\"itemListElement\":[{\"@type\":\"ListItem\",\"position\":1,\"name\":\"Startseite\",\"item\":\"https:\/\/snowtraildogcamp.com\/fr\/\"},{\"@type\":\"ListItem\",\"position\":2,\"name\":\"Agences de voyage\"}]},{\"@type\":\"WebSite\",\"@id\":\"https:\/\/snowtraildogcamp.com\/fr\/#website\",\"url\":\"https:\/\/snowtraildogcamp.com\/fr\/\",\"name\":\"Snow Trail Dog Camp\",\"description\":\"\",\"publisher\":{\"@id\":\"https:\/\/snowtraildogcamp.com\/fr\/#organization\"},\"potentialAction\":[{\"@type\":\"SearchAction\",\"target\":{\"@type\":\"EntryPoint\",\"urlTemplate\":\"https:\/\/snowtraildogcamp.com\/fr\/?s={search_term_string}\"},\"query-input\":{\"@type\":\"PropertyValueSpecification\",\"valueRequired\":true,\"valueName\":\"search_term_string\"}}],\"inLanguage\":\"fr-FR\"},{\"@type\":\"Organization\",\"@id\":\"https:\/\/snowtraildogcamp.com\/fr\/#organization\",\"name\":\"Snow Trail Dog Camp\",\"url\":\"https:\/\/snowtraildogcamp.com\/fr\/\",\"logo\":{\"@type\":\"ImageObject\",\"inLanguage\":\"fr-FR\",\"@id\":\"https:\/\/snowtraildogcamp.com\/fr\/#\/schema\/logo\/image\/\",\"url\":\"https:\/\/snowtraildogcamp.com\/wp-content\/uploads\/2015\/12\/cropped-logo_snowtrail_dogcamp_e_plus.jpg\",\"contentUrl\":\"https:\/\/snowtraildogcamp.com\/wp-content\/uploads\/2015\/12\/cropped-logo_snowtrail_dogcamp_e_plus.jpg\",\"width\":248,\"height\":157,\"caption\":\"Snow Trail Dog Camp\"},\"image\":{\"@id\":\"https:\/\/snowtraildogcamp.com\/fr\/#\/schema\/logo\/image\/\"}}]}<\/script>\n<!-- \/ Yoast SEO plugin. -->","yoast_head_json":{"title":"Agences de voyage - Snow Trail Dog Camp","robots":{"index":"index","follow":"follow","max-snippet":"max-snippet:-1","max-image-preview":"max-image-preview:large","max-video-preview":"max-video-preview:-1"},"canonical":"https:\/\/snowtraildogcamp.com\/fr\/agences-de-voyage\/","og_locale":"fr_FR","og_type":"article","og_title":"Agences de voyage - Snow Trail Dog Camp","og_description":"Nous travaillons depuis des ann\u00e9es avec des agences de voyage que nous connaissons bien. Elles connaissent tr\u00e8s bien l&rsquo;offre du Snowtrail Dogcamp et peuvent vous conseiller de mani\u00e8re comp\u00e9tente dans votre pays. Ces agences de voyage vous aideront volontiers \u00e0 organiser un voyage efficace et avantageux vers notre pays. Que ce soit en avion, en &hellip; Continuer la lecture de Agences de voyage","og_url":"https:\/\/snowtraildogcamp.com\/fr\/agences-de-voyage\/","og_site_name":"Snow Trail Dog Camp","article_modified_time":"2025-01-17T06:24:36+00:00","og_image":[{"width":1500,"height":1001,"url":"https:\/\/snowtraildogcamp.com\/wp-content\/uploads\/2015\/12\/D753559.jpg","type":"image\/jpeg"}],"twitter_card":"summary_large_image","twitter_misc":{"Dur\u00e9e de lecture estim\u00e9e":"2 minutes"},"schema":{"@context":"https:\/\/schema.org","@graph":[{"@type":"WebPage","@id":"https:\/\/snowtraildogcamp.com\/fr\/agences-de-voyage\/","url":"https:\/\/snowtraildogcamp.com\/fr\/agences-de-voyage\/","name":"Agences de voyage - Snow Trail Dog Camp","isPartOf":{"@id":"https:\/\/snowtraildogcamp.com\/fr\/#website"},"primaryImageOfPage":{"@id":"https:\/\/snowtraildogcamp.com\/fr\/agences-de-voyage\/#primaryimage"},"image":{"@id":"https:\/\/snowtraildogcamp.com\/fr\/agences-de-voyage\/#primaryimage"},"thumbnailUrl":"https:\/\/snowtraildogcamp.com\/wp-content\/uploads\/2015\/12\/D753559.jpg","datePublished":"2025-01-17T06:10:42+00:00","dateModified":"2025-01-17T06:24:36+00:00","breadcrumb":{"@id":"https:\/\/snowtraildogcamp.com\/fr\/agences-de-voyage\/#breadcrumb"},"inLanguage":"fr-FR","potentialAction":[{"@type":"ReadAction","target":["https:\/\/snowtraildogcamp.com\/fr\/agences-de-voyage\/"]}]},{"@type":"ImageObject","inLanguage":"fr-FR","@id":"https:\/\/snowtraildogcamp.com\/fr\/agences-de-voyage\/#primaryimage","url":"https:\/\/snowtraildogcamp.com\/wp-content\/uploads\/2015\/12\/D753559.jpg","contentUrl":"https:\/\/snowtraildogcamp.com\/wp-content\/uploads\/2015\/12\/D753559.jpg","width":1500,"height":1001},{"@type":"BreadcrumbList","@id":"https:\/\/snowtraildogcamp.com\/fr\/agences-de-voyage\/#breadcrumb","itemListElement":[{"@type":"ListItem","position":1,"name":"Startseite","item":"https:\/\/snowtraildogcamp.com\/fr\/"},{"@type":"ListItem","position":2,"name":"Agences de voyage"}]},{"@type":"WebSite","@id":"https:\/\/snowtraildogcamp.com\/fr\/#website","url":"https:\/\/snowtraildogcamp.com\/fr\/","name":"Snow Trail Dog Camp","description":"","publisher":{"@id":"https:\/\/snowtraildogcamp.com\/fr\/#organization"},"potentialAction":[{"@type":"SearchAction","target":{"@type":"EntryPoint","urlTemplate":"https:\/\/snowtraildogcamp.com\/fr\/?s={search_term_string}"},"query-input":{"@type":"PropertyValueSpecification","valueRequired":true,"valueName":"search_term_string"}}],"inLanguage":"fr-FR"},{"@type":"Organization","@id":"https:\/\/snowtraildogcamp.com\/fr\/#organization","name":"Snow Trail Dog Camp","url":"https:\/\/snowtraildogcamp.com\/fr\/","logo":{"@type":"ImageObject","inLanguage":"fr-FR","@id":"https:\/\/snowtraildogcamp.com\/fr\/#\/schema\/logo\/image\/","url":"https:\/\/snowtraildogcamp.com\/wp-content\/uploads\/2015\/12\/cropped-logo_snowtrail_dogcamp_e_plus.jpg","contentUrl":"https:\/\/snowtraildogcamp.com\/wp-content\/uploads\/2015\/12\/cropped-logo_snowtrail_dogcamp_e_plus.jpg","width":248,"height":157,"caption":"Snow Trail Dog Camp"},"image":{"@id":"https:\/\/snowtraildogcamp.com\/fr\/#\/schema\/logo\/image\/"}}]}},"_links":{"self":[{"href":"https:\/\/snowtraildogcamp.com\/fr\/wp-json\/wp\/v2\/pages\/3046","targetHints":{"allow":["GET"]}}],"collection":[{"href":"https:\/\/snowtraildogcamp.com\/fr\/wp-json\/wp\/v2\/pages"}],"about":[{"href":"https:\/\/snowtraildogcamp.com\/fr\/wp-json\/wp\/v2\/types\/page"}],"author":[{"embeddable":true,"href":"https:\/\/snowtraildogcamp.com\/fr\/wp-json\/wp\/v2\/users\/1"}],"replies":[{"embeddable":true,"href":"https:\/\/snowtraildogcamp.com\/fr\/wp-json\/wp\/v2\/comments?post=3046"}],"version-history":[{"count":6,"href":"https:\/\/snowtraildogcamp.com\/fr\/wp-json\/wp\/v2\/pages\/3046\/revisions"}],"predecessor-version":[{"id":3052,"href":"https:\/\/snowtraildogcamp.com\/fr\/wp-json\/wp\/v2\/pages\/3046\/revisions\/3052"}],"wp:featuredmedia":[{"embeddable":true,"href":"https:\/\/snowtraildogcamp.com\/fr\/wp-json\/wp\/v2\/media\/2767"}],"wp:attachment":[{"href":"https:\/\/snowtraildogcamp.com\/fr\/wp-json\/wp\/v2\/media?parent=3046"}],"curies":[{"name":"wp","href":"https:\/\/api.w.org\/{rel}","templated":true}]}}