{"id":3042,"date":"2025-01-17T07:06:47","date_gmt":"2025-01-17T06:06:47","guid":{"rendered":"https:\/\/snowtraildogcamp.com\/?page_id=3042"},"modified":"2025-01-17T07:08:38","modified_gmt":"2025-01-17T06:08:38","slug":"le-lodge","status":"publish","type":"page","link":"https:\/\/snowtraildogcamp.com\/fr\/le-lodge\/","title":{"rendered":"Le lodge"},"content":{"rendered":"<h3 style=\"text-align: left;\"><strong>Une multitude d&rsquo;exp\u00e9riences et de d\u00e9couvertes \u00e0 chaque saison<\/strong><\/h3>\n<p><strong>Notre confortable lodge se trouve loin de toute civilisation, au milieu de la nature sauvage su\u00e9doise, \u00e0 environ 150 km au nord du cercle polaire, entre Kiruna et G\u00e4llivare.\u00a0<\/strong><\/p>\n<p>En hiver, nous venons vous chercher en minibus \u00e0 l&rsquo;a\u00e9roport, \u00e0 la gare ou \u00e0 votre h\u00f4tel. Depuis notre parking, qui se trouve \u00e0 environ 3 kilom\u00e8tres du camp, vous partirez en motoneige. Arriv\u00e9 au camp, vous serez accueilli joyeusement et bruyamment par nos huskies. Ce n&rsquo;est que depuis quelques ann\u00e9es qu&rsquo;il existe une petite route d&rsquo;acc\u00e8s directe au camp. Elle n&rsquo;est praticable qu&rsquo;en \u00e9t\u00e9.<\/p>\n<p style=\"text-align: left;\">Le lodge dispose au total de 5 chambres avec 14 lits. Il y a deux chambres de 4 avec des lits superpos\u00e9s, deux chambres de 2 avec un lit double et une chambre de 2 avec un lit superpos\u00e9, ainsi que deux salles de bain \u00e0 partager.<\/p>\n<div id='gallery-1' class='gallery galleryid-3042 gallery-columns-4 gallery-size-thumbnail'><figure class='gallery-item'>\n\t\t\t<div class='gallery-icon landscape'>\n\t\t\t\t<a title=\"Zimmer Snoopy\" href='https:\/\/snowtraildogcamp.com\/wp-content\/uploads\/2020\/06\/snoopy1-scaled.jpg'><img loading=\"lazy\" decoding=\"async\" width=\"150\" height=\"150\" src=\"https:\/\/snowtraildogcamp.com\/wp-content\/uploads\/2020\/06\/snoopy1-150x150.jpg\" class=\"attachment-thumbnail size-thumbnail\" alt=\"\" \/><\/a>\n\t\t\t<\/div><\/figure><figure class='gallery-item'>\n\t\t\t<div class='gallery-icon landscape'>\n\t\t\t\t<a title=\"Zimmer Humpa\" href='https:\/\/snowtraildogcamp.com\/wp-content\/uploads\/2020\/06\/humpa1-scaled.jpg'><img loading=\"lazy\" decoding=\"async\" width=\"150\" height=\"150\" src=\"https:\/\/snowtraildogcamp.com\/wp-content\/uploads\/2020\/06\/humpa1-150x150.jpg\" class=\"attachment-thumbnail size-thumbnail\" alt=\"\" \/><\/a>\n\t\t\t<\/div><\/figure><figure class='gallery-item'>\n\t\t\t<div class='gallery-icon portrait'>\n\t\t\t\t<a title=\"Badezimmer 2\" href='https:\/\/snowtraildogcamp.com\/wp-content\/uploads\/2020\/06\/bathroom2-scaled.jpg'><img loading=\"lazy\" decoding=\"async\" width=\"150\" height=\"150\" src=\"https:\/\/snowtraildogcamp.com\/wp-content\/uploads\/2020\/06\/bathroom2-150x150.jpg\" class=\"attachment-thumbnail size-thumbnail\" alt=\"\" \/><\/a>\n\t\t\t<\/div><\/figure><figure class='gallery-item'>\n\t\t\t<div class='gallery-icon portrait'>\n\t\t\t\t<a title=\"Badezimmer 1\" href='https:\/\/snowtraildogcamp.com\/wp-content\/uploads\/2020\/06\/bathroom1-scaled.jpg'><img loading=\"lazy\" decoding=\"async\" width=\"150\" height=\"150\" src=\"https:\/\/snowtraildogcamp.com\/wp-content\/uploads\/2020\/06\/bathroom1-150x150.jpg\" class=\"attachment-thumbnail size-thumbnail\" alt=\"\" \/><\/a>\n\t\t\t<\/div><\/figure><figure class='gallery-item'>\n\t\t\t<div class='gallery-icon landscape'>\n\t\t\t\t<a title=\"Zimmer Gin\" href='https:\/\/snowtraildogcamp.com\/wp-content\/uploads\/2020\/06\/gin1-scaled.jpg'><img loading=\"lazy\" decoding=\"async\" width=\"150\" height=\"150\" src=\"https:\/\/snowtraildogcamp.com\/wp-content\/uploads\/2020\/06\/gin1-150x150.jpg\" class=\"attachment-thumbnail size-thumbnail\" alt=\"\" \/><\/a>\n\t\t\t<\/div><\/figure><figure class='gallery-item'>\n\t\t\t<div class='gallery-icon portrait'>\n\t\t\t\t<a title=\"Badezimmer 1 + 2\" href='https:\/\/snowtraildogcamp.com\/wp-content\/uploads\/2020\/06\/bathroom-scaled.jpg'><img loading=\"lazy\" decoding=\"async\" width=\"150\" height=\"150\" src=\"https:\/\/snowtraildogcamp.com\/wp-content\/uploads\/2020\/06\/bathroom-150x150.jpg\" class=\"attachment-thumbnail size-thumbnail\" alt=\"\" \/><\/a>\n\t\t\t<\/div><\/figure><figure class='gallery-item'>\n\t\t\t<div class='gallery-icon landscape'>\n\t\t\t\t<a title=\"Zimmer Jerry\" href='https:\/\/snowtraildogcamp.com\/wp-content\/uploads\/2020\/06\/jerry1-scaled.jpg'><img loading=\"lazy\" decoding=\"async\" width=\"150\" height=\"150\" src=\"https:\/\/snowtraildogcamp.com\/wp-content\/uploads\/2020\/06\/jerry1-150x150.jpg\" class=\"attachment-thumbnail size-thumbnail\" alt=\"\" \/><\/a>\n\t\t\t<\/div><\/figure><figure class='gallery-item'>\n\t\t\t<div class='gallery-icon landscape'>\n\t\t\t\t<a title=\"Zimmer Anne\" href='https:\/\/snowtraildogcamp.com\/wp-content\/uploads\/2020\/06\/anne1-scaled.jpg'><img loading=\"lazy\" decoding=\"async\" width=\"150\" height=\"150\" src=\"https:\/\/snowtraildogcamp.com\/wp-content\/uploads\/2020\/06\/anne1-150x150.jpg\" class=\"attachment-thumbnail size-thumbnail\" alt=\"\" \/><\/a>\n\t\t\t<\/div><\/figure>\n\t\t<\/div>\n\n<p style=\"text-align: left;\">La grande salle de s\u00e9jour avec chemin\u00e9e, st\u00e9r\u00e9o et un loft confortable avec de nombreux livres invite \u00e0 la lecture et \u00e0 la d\u00e9tente.\u00a0\u00a0<\/p>\n<div id='gallery-2' class='gallery galleryid-3042 gallery-columns-4 gallery-size-thumbnail'><figure class='gallery-item'>\n\t\t\t<div class='gallery-icon landscape'>\n\t\t\t\t<a title=\"Stube mit Schwedenofen\" href='https:\/\/snowtraildogcamp.com\/wp-content\/uploads\/2020\/06\/stove-scaled.jpg'><img loading=\"lazy\" decoding=\"async\" width=\"150\" height=\"150\" src=\"https:\/\/snowtraildogcamp.com\/wp-content\/uploads\/2020\/06\/stove-150x150.jpg\" class=\"attachment-thumbnail size-thumbnail\" alt=\"\" \/><\/a>\n\t\t\t<\/div><\/figure><figure class='gallery-item'>\n\t\t\t<div class='gallery-icon landscape'>\n\t\t\t\t<a title=\"Sofa in der Stube\" href='https:\/\/snowtraildogcamp.com\/wp-content\/uploads\/2020\/06\/sofa-scaled.jpg'><img loading=\"lazy\" decoding=\"async\" width=\"150\" height=\"150\" src=\"https:\/\/snowtraildogcamp.com\/wp-content\/uploads\/2020\/06\/sofa-150x150.jpg\" class=\"attachment-thumbnail size-thumbnail\" alt=\"\" \/><\/a>\n\t\t\t<\/div><\/figure><figure class='gallery-item'>\n\t\t\t<div class='gallery-icon landscape'>\n\t\t\t\t<a title=\"Stube - Aufenthaltsraum\" href='https:\/\/snowtraildogcamp.com\/wp-content\/uploads\/2020\/06\/living-room-scaled.jpg'><img loading=\"lazy\" decoding=\"async\" width=\"150\" height=\"150\" src=\"https:\/\/snowtraildogcamp.com\/wp-content\/uploads\/2020\/06\/living-room-150x150.jpg\" class=\"attachment-thumbnail size-thumbnail\" alt=\"\" \/><\/a>\n\t\t\t<\/div><\/figure><figure class='gallery-item'>\n\t\t\t<div class='gallery-icon landscape'>\n\t\t\t\t<a title=\"Stube mit Esstisch\" href='https:\/\/snowtraildogcamp.com\/wp-content\/uploads\/2020\/06\/living-room1-scaled.jpg'><img loading=\"lazy\" decoding=\"async\" width=\"150\" height=\"150\" src=\"https:\/\/snowtraildogcamp.com\/wp-content\/uploads\/2020\/06\/living-room1-150x150.jpg\" class=\"attachment-thumbnail size-thumbnail\" alt=\"\" \/><\/a>\n\t\t\t<\/div><\/figure>\n\t\t<\/div>\n\n<p style=\"text-align: left;\">En toute saison, vous pouvez vous d\u00e9tendre dans notre sauna au feu de bois et profiter d&rsquo;un bain rafra\u00eechissant dans le lac devant la maison. Nous g\u00e2tons votre palais avec des sp\u00e9cialit\u00e9s principalement locales comme le renne ou l&rsquo;\u00e9lan ainsi que des herbes et des baies.\u00a0<\/p>\n<p>Ceux qui le souhaitent peuvent \u00e9galement passer la nuit \u00e0 la belle \u00e9toile pr\u00e8s du lodge, sur une peau de renne et dans un sac de couchage (peaux de rennes et sac de couchage polaire fournis).<\/p>\n","protected":false},"excerpt":{"rendered":"<p>Une multitude d&rsquo;exp\u00e9riences et de d\u00e9couvertes \u00e0 chaque saison Notre confortable lodge se trouve loin de toute civilisation, au milieu de la nature sauvage su\u00e9doise, \u00e0 environ 150 km au nord du cercle polaire, entre Kiruna et G\u00e4llivare.\u00a0 En hiver, nous venons vous chercher en minibus \u00e0 l&rsquo;a\u00e9roport, \u00e0 la gare ou \u00e0 votre h\u00f4tel. &hellip; <a href=\"https:\/\/snowtraildogcamp.com\/fr\/le-lodge\/\" class=\"more-link\">Continuer la lecture de <span class=\"screen-reader-text\">Le lodge<\/span><\/a><\/p>\n","protected":false},"author":1,"featured_media":2764,"parent":0,"menu_order":0,"comment_status":"closed","ping_status":"closed","template":"","meta":{"footnotes":""},"class_list":["post-3042","page","type-page","status-publish","has-post-thumbnail","hentry"],"yoast_head":"<!-- This site is optimized with the Yoast SEO plugin v27.1.1 - https:\/\/yoast.com\/product\/yoast-seo-wordpress\/ -->\n<title>Le lodge - Snow Trail Dog Camp<\/title>\n<meta name=\"robots\" content=\"index, follow, max-snippet:-1, max-image-preview:large, max-video-preview:-1\" \/>\n<link rel=\"canonical\" href=\"https:\/\/snowtraildogcamp.com\/fr\/le-lodge\/\" \/>\n<meta property=\"og:locale\" content=\"fr_FR\" \/>\n<meta property=\"og:type\" content=\"article\" \/>\n<meta property=\"og:title\" content=\"Le lodge - Snow Trail Dog Camp\" \/>\n<meta property=\"og:description\" content=\"Une multitude d&rsquo;exp\u00e9riences et de d\u00e9couvertes \u00e0 chaque saison Notre confortable lodge se trouve loin de toute civilisation, au milieu de la nature sauvage su\u00e9doise, \u00e0 environ 150 km au nord du cercle polaire, entre Kiruna et G\u00e4llivare.\u00a0 En hiver, nous venons vous chercher en minibus \u00e0 l&rsquo;a\u00e9roport, \u00e0 la gare ou \u00e0 votre h\u00f4tel. &hellip; Continuer la lecture de Le lodge\" \/>\n<meta property=\"og:url\" content=\"https:\/\/snowtraildogcamp.com\/fr\/le-lodge\/\" \/>\n<meta property=\"og:site_name\" content=\"Snow Trail Dog Camp\" \/>\n<meta property=\"article:modified_time\" content=\"2025-01-17T06:08:38+00:00\" \/>\n<meta property=\"og:image\" content=\"https:\/\/snowtraildogcamp.com\/wp-content\/uploads\/2015\/11\/GF2_6767.jpg\" \/>\n\t<meta property=\"og:image:width\" content=\"1500\" \/>\n\t<meta property=\"og:image:height\" content=\"1000\" \/>\n\t<meta property=\"og:image:type\" content=\"image\/jpeg\" \/>\n<meta name=\"twitter:card\" content=\"summary_large_image\" \/>\n<meta name=\"twitter:label1\" content=\"Dur\u00e9e de lecture estim\u00e9e\" \/>\n\t<meta name=\"twitter:data1\" content=\"2 minutes\" \/>\n<script type=\"application\/ld+json\" class=\"yoast-schema-graph\">{\"@context\":\"https:\/\/schema.org\",\"@graph\":[{\"@type\":\"WebPage\",\"@id\":\"https:\/\/snowtraildogcamp.com\/fr\/le-lodge\/\",\"url\":\"https:\/\/snowtraildogcamp.com\/fr\/le-lodge\/\",\"name\":\"Le lodge - Snow Trail Dog Camp\",\"isPartOf\":{\"@id\":\"https:\/\/snowtraildogcamp.com\/fr\/#website\"},\"primaryImageOfPage\":{\"@id\":\"https:\/\/snowtraildogcamp.com\/fr\/le-lodge\/#primaryimage\"},\"image\":{\"@id\":\"https:\/\/snowtraildogcamp.com\/fr\/le-lodge\/#primaryimage\"},\"thumbnailUrl\":\"https:\/\/snowtraildogcamp.com\/wp-content\/uploads\/2015\/11\/GF2_6767.jpg\",\"datePublished\":\"2025-01-17T06:06:47+00:00\",\"dateModified\":\"2025-01-17T06:08:38+00:00\",\"breadcrumb\":{\"@id\":\"https:\/\/snowtraildogcamp.com\/fr\/le-lodge\/#breadcrumb\"},\"inLanguage\":\"fr-FR\",\"potentialAction\":[{\"@type\":\"ReadAction\",\"target\":[\"https:\/\/snowtraildogcamp.com\/fr\/le-lodge\/\"]}]},{\"@type\":\"ImageObject\",\"inLanguage\":\"fr-FR\",\"@id\":\"https:\/\/snowtraildogcamp.com\/fr\/le-lodge\/#primaryimage\",\"url\":\"https:\/\/snowtraildogcamp.com\/wp-content\/uploads\/2015\/11\/GF2_6767.jpg\",\"contentUrl\":\"https:\/\/snowtraildogcamp.com\/wp-content\/uploads\/2015\/11\/GF2_6767.jpg\",\"width\":1500,\"height\":1000},{\"@type\":\"BreadcrumbList\",\"@id\":\"https:\/\/snowtraildogcamp.com\/fr\/le-lodge\/#breadcrumb\",\"itemListElement\":[{\"@type\":\"ListItem\",\"position\":1,\"name\":\"Startseite\",\"item\":\"https:\/\/snowtraildogcamp.com\/fr\/\"},{\"@type\":\"ListItem\",\"position\":2,\"name\":\"Le lodge\"}]},{\"@type\":\"WebSite\",\"@id\":\"https:\/\/snowtraildogcamp.com\/fr\/#website\",\"url\":\"https:\/\/snowtraildogcamp.com\/fr\/\",\"name\":\"Snow Trail Dog Camp\",\"description\":\"\",\"publisher\":{\"@id\":\"https:\/\/snowtraildogcamp.com\/fr\/#organization\"},\"potentialAction\":[{\"@type\":\"SearchAction\",\"target\":{\"@type\":\"EntryPoint\",\"urlTemplate\":\"https:\/\/snowtraildogcamp.com\/fr\/?s={search_term_string}\"},\"query-input\":{\"@type\":\"PropertyValueSpecification\",\"valueRequired\":true,\"valueName\":\"search_term_string\"}}],\"inLanguage\":\"fr-FR\"},{\"@type\":\"Organization\",\"@id\":\"https:\/\/snowtraildogcamp.com\/fr\/#organization\",\"name\":\"Snow Trail Dog Camp\",\"url\":\"https:\/\/snowtraildogcamp.com\/fr\/\",\"logo\":{\"@type\":\"ImageObject\",\"inLanguage\":\"fr-FR\",\"@id\":\"https:\/\/snowtraildogcamp.com\/fr\/#\/schema\/logo\/image\/\",\"url\":\"https:\/\/snowtraildogcamp.com\/wp-content\/uploads\/2015\/12\/cropped-logo_snowtrail_dogcamp_e_plus.jpg\",\"contentUrl\":\"https:\/\/snowtraildogcamp.com\/wp-content\/uploads\/2015\/12\/cropped-logo_snowtrail_dogcamp_e_plus.jpg\",\"width\":248,\"height\":157,\"caption\":\"Snow Trail Dog Camp\"},\"image\":{\"@id\":\"https:\/\/snowtraildogcamp.com\/fr\/#\/schema\/logo\/image\/\"}}]}<\/script>\n<!-- \/ Yoast SEO plugin. -->","yoast_head_json":{"title":"Le lodge - Snow Trail Dog Camp","robots":{"index":"index","follow":"follow","max-snippet":"max-snippet:-1","max-image-preview":"max-image-preview:large","max-video-preview":"max-video-preview:-1"},"canonical":"https:\/\/snowtraildogcamp.com\/fr\/le-lodge\/","og_locale":"fr_FR","og_type":"article","og_title":"Le lodge - Snow Trail Dog Camp","og_description":"Une multitude d&rsquo;exp\u00e9riences et de d\u00e9couvertes \u00e0 chaque saison Notre confortable lodge se trouve loin de toute civilisation, au milieu de la nature sauvage su\u00e9doise, \u00e0 environ 150 km au nord du cercle polaire, entre Kiruna et G\u00e4llivare.\u00a0 En hiver, nous venons vous chercher en minibus \u00e0 l&rsquo;a\u00e9roport, \u00e0 la gare ou \u00e0 votre h\u00f4tel. &hellip; Continuer la lecture de Le lodge","og_url":"https:\/\/snowtraildogcamp.com\/fr\/le-lodge\/","og_site_name":"Snow Trail Dog Camp","article_modified_time":"2025-01-17T06:08:38+00:00","og_image":[{"width":1500,"height":1000,"url":"https:\/\/snowtraildogcamp.com\/wp-content\/uploads\/2015\/11\/GF2_6767.jpg","type":"image\/jpeg"}],"twitter_card":"summary_large_image","twitter_misc":{"Dur\u00e9e de lecture estim\u00e9e":"2 minutes"},"schema":{"@context":"https:\/\/schema.org","@graph":[{"@type":"WebPage","@id":"https:\/\/snowtraildogcamp.com\/fr\/le-lodge\/","url":"https:\/\/snowtraildogcamp.com\/fr\/le-lodge\/","name":"Le lodge - Snow Trail Dog Camp","isPartOf":{"@id":"https:\/\/snowtraildogcamp.com\/fr\/#website"},"primaryImageOfPage":{"@id":"https:\/\/snowtraildogcamp.com\/fr\/le-lodge\/#primaryimage"},"image":{"@id":"https:\/\/snowtraildogcamp.com\/fr\/le-lodge\/#primaryimage"},"thumbnailUrl":"https:\/\/snowtraildogcamp.com\/wp-content\/uploads\/2015\/11\/GF2_6767.jpg","datePublished":"2025-01-17T06:06:47+00:00","dateModified":"2025-01-17T06:08:38+00:00","breadcrumb":{"@id":"https:\/\/snowtraildogcamp.com\/fr\/le-lodge\/#breadcrumb"},"inLanguage":"fr-FR","potentialAction":[{"@type":"ReadAction","target":["https:\/\/snowtraildogcamp.com\/fr\/le-lodge\/"]}]},{"@type":"ImageObject","inLanguage":"fr-FR","@id":"https:\/\/snowtraildogcamp.com\/fr\/le-lodge\/#primaryimage","url":"https:\/\/snowtraildogcamp.com\/wp-content\/uploads\/2015\/11\/GF2_6767.jpg","contentUrl":"https:\/\/snowtraildogcamp.com\/wp-content\/uploads\/2015\/11\/GF2_6767.jpg","width":1500,"height":1000},{"@type":"BreadcrumbList","@id":"https:\/\/snowtraildogcamp.com\/fr\/le-lodge\/#breadcrumb","itemListElement":[{"@type":"ListItem","position":1,"name":"Startseite","item":"https:\/\/snowtraildogcamp.com\/fr\/"},{"@type":"ListItem","position":2,"name":"Le lodge"}]},{"@type":"WebSite","@id":"https:\/\/snowtraildogcamp.com\/fr\/#website","url":"https:\/\/snowtraildogcamp.com\/fr\/","name":"Snow Trail Dog Camp","description":"","publisher":{"@id":"https:\/\/snowtraildogcamp.com\/fr\/#organization"},"potentialAction":[{"@type":"SearchAction","target":{"@type":"EntryPoint","urlTemplate":"https:\/\/snowtraildogcamp.com\/fr\/?s={search_term_string}"},"query-input":{"@type":"PropertyValueSpecification","valueRequired":true,"valueName":"search_term_string"}}],"inLanguage":"fr-FR"},{"@type":"Organization","@id":"https:\/\/snowtraildogcamp.com\/fr\/#organization","name":"Snow Trail Dog Camp","url":"https:\/\/snowtraildogcamp.com\/fr\/","logo":{"@type":"ImageObject","inLanguage":"fr-FR","@id":"https:\/\/snowtraildogcamp.com\/fr\/#\/schema\/logo\/image\/","url":"https:\/\/snowtraildogcamp.com\/wp-content\/uploads\/2015\/12\/cropped-logo_snowtrail_dogcamp_e_plus.jpg","contentUrl":"https:\/\/snowtraildogcamp.com\/wp-content\/uploads\/2015\/12\/cropped-logo_snowtrail_dogcamp_e_plus.jpg","width":248,"height":157,"caption":"Snow Trail Dog Camp"},"image":{"@id":"https:\/\/snowtraildogcamp.com\/fr\/#\/schema\/logo\/image\/"}}]}},"_links":{"self":[{"href":"https:\/\/snowtraildogcamp.com\/fr\/wp-json\/wp\/v2\/pages\/3042","targetHints":{"allow":["GET"]}}],"collection":[{"href":"https:\/\/snowtraildogcamp.com\/fr\/wp-json\/wp\/v2\/pages"}],"about":[{"href":"https:\/\/snowtraildogcamp.com\/fr\/wp-json\/wp\/v2\/types\/page"}],"author":[{"embeddable":true,"href":"https:\/\/snowtraildogcamp.com\/fr\/wp-json\/wp\/v2\/users\/1"}],"replies":[{"embeddable":true,"href":"https:\/\/snowtraildogcamp.com\/fr\/wp-json\/wp\/v2\/comments?post=3042"}],"version-history":[{"count":3,"href":"https:\/\/snowtraildogcamp.com\/fr\/wp-json\/wp\/v2\/pages\/3042\/revisions"}],"predecessor-version":[{"id":3045,"href":"https:\/\/snowtraildogcamp.com\/fr\/wp-json\/wp\/v2\/pages\/3042\/revisions\/3045"}],"wp:featuredmedia":[{"embeddable":true,"href":"https:\/\/snowtraildogcamp.com\/fr\/wp-json\/wp\/v2\/media\/2764"}],"wp:attachment":[{"href":"https:\/\/snowtraildogcamp.com\/fr\/wp-json\/wp\/v2\/media?parent=3042"}],"curies":[{"name":"wp","href":"https:\/\/api.w.org\/{rel}","templated":true}]}}