{"id":2735,"date":"2025-01-16T12:47:37","date_gmt":"2025-01-16T11:47:37","guid":{"rendered":"https:\/\/snowtraildogcamp.com\/?page_id=2735"},"modified":"2025-01-16T12:47:37","modified_gmt":"2025-01-16T11:47:37","slug":"bienvenue-au-paradis","status":"publish","type":"page","link":"https:\/\/snowtraildogcamp.com\/fr\/","title":{"rendered":"Bienvenue au paradis"},"content":{"rendered":"<div class=\"entry-content\">\n<h3 style=\"text-align: left;\">Loin de l&rsquo;agitation de la civilisation, Mats Pettersson, votre h\u00f4te au Snowtrail Dogcamp dans le grand nord de la Su\u00e8de, vous accueille.<\/h3>\n<p><strong>D\u00e9couvrez la Laponie en hiver ou en \u00e9t\u00e9. Nous avons une offre vari\u00e9e qui vous permet de d\u00e9couvrir chaque saison de la Laponie. En hiver avec nos chiens de tra\u00eeneau, en \u00e9t\u00e9 \u00e0 pied ou en cano\u00eb. Vous serez fascin\u00e9 par le paysage et la nature et vous vous sentirez bien chez nous au Snowtrail Dogcamp Lodge (Kiruna\/G\u00e4llivare).<\/strong><\/p>\n<p>Reposez-vous dans un camp de chiens de tra\u00eeneau adapt\u00e9 aux familles et d\u00e9couvrez la beaut\u00e9 et la diversit\u00e9 des couleurs du pays du soleil de minuit. Nous vous proposons une maison de vacances idyllique dans l&rsquo;isolement du nord de la Su\u00e8de. Notre petit lodge confortable se trouve loin de toute civilisation, au milieu de la nature sauvage su\u00e9doise, \u00e0 environ 150 km au nord du cercle polaire, entre Kiruna et G\u00e4llivare.<\/p>\n<hr \/>\n<p><strong>Bienvenue au Snowtrail Dogcamp. Je m&rsquo;appelle Mats Pettersson, je suis le nouveau propri\u00e9taire et h\u00f4te du Snowtrail Dogcamp.<\/strong><\/p>\n<p><img loading=\"lazy\" decoding=\"async\" class=\"alignright wp-image-1692 size-medium\" src=\"https:\/\/snowtraildogcamp.com\/wp-content\/uploads\/2022\/05\/Mats-Pettersson-200x300.jpg\" alt=\"\" width=\"200\" height=\"300\" srcset=\"https:\/\/snowtraildogcamp.com\/wp-content\/uploads\/2022\/05\/Mats-Pettersson-200x300.jpg 200w, https:\/\/snowtraildogcamp.com\/wp-content\/uploads\/2022\/05\/Mats-Pettersson-683x1024.jpg 683w, https:\/\/snowtraildogcamp.com\/wp-content\/uploads\/2022\/05\/Mats-Pettersson.jpg 854w\" sizes=\"auto, (max-width: 200px) 100vw, 200px\" \/><\/p>\n<p>Je remercie tout d&rsquo;abord Lotti Meier pour la confiance qu&rsquo;elle m&rsquo;a accord\u00e9e et pour m&rsquo;avoir permis de lui succ\u00e9der dans ce magnifique endroit situ\u00e9 dans les contr\u00e9es sauvages de la Laponie su\u00e9doise et de continuer \u00e0 le g\u00e9rer avec la m\u00eame passion pour les chiens, la nature et les gens.<\/p>\n<p>J&rsquo;ai grandi dans la r\u00e9gion de Kiruna et j&rsquo;ai particip\u00e9 7 fois \u00e0 la course de chiens de tra\u00eeneau la plus longue et la plus difficile du monde, l'\u00a0\u00bbIditarod\u00a0\u00bb en Alaska, qui s&rsquo;\u00e9tend sur 1 850 kilom\u00e8tres.<\/p>\n<p>C&rsquo;est avec plaisir que je raconterai \u00e0 mes h\u00f4tes, lors des soir\u00e9es de la saison, mes aventures, mes exp\u00e9riences avec les chiens de tra\u00eeneau, la vie en Laponie et, bien s\u00fbr, autour de la course de l&rsquo;Iditarod. Je dispose pour cela de magnifiques photos.<\/p>\n<p>Je me r\u00e9jouis de t&rsquo;accueillir bient\u00f4t au camp et de partager avec toi ma passion pour les chiens de tra\u00eeneau et la magnifique nature qui nous entoure.<\/p>\n<p>Happy Trails<br \/>\nMats Petterson avec des chiens<\/p>\n<\/div>\n","protected":false},"excerpt":{"rendered":"<p>Loin de l&rsquo;agitation de la civilisation, Mats Pettersson, votre h\u00f4te au Snowtrail Dogcamp dans le grand nord de la Su\u00e8de, vous accueille. D\u00e9couvrez la Laponie en hiver ou en \u00e9t\u00e9. Nous avons une offre vari\u00e9e qui vous permet de d\u00e9couvrir chaque saison de la Laponie. En hiver avec nos chiens de tra\u00eeneau, en \u00e9t\u00e9 \u00e0 &hellip; <a href=\"https:\/\/snowtraildogcamp.com\/fr\/\" class=\"more-link\">Continuer la lecture de <span class=\"screen-reader-text\">Bienvenue au paradis<\/span><\/a><\/p>\n","protected":false},"author":1,"featured_media":2736,"parent":0,"menu_order":0,"comment_status":"closed","ping_status":"closed","template":"","meta":{"footnotes":""},"class_list":["post-2735","page","type-page","status-publish","has-post-thumbnail","hentry"],"yoast_head":"<!-- This site is optimized with the Yoast SEO plugin v27.1.1 - https:\/\/yoast.com\/product\/yoast-seo-wordpress\/ -->\n<title>Bienvenue au paradis - Snow Trail Dog Camp<\/title>\n<meta name=\"robots\" content=\"index, follow, max-snippet:-1, max-image-preview:large, max-video-preview:-1\" \/>\n<link rel=\"canonical\" href=\"https:\/\/snowtraildogcamp.com\/fr\/\" \/>\n<meta property=\"og:locale\" content=\"fr_FR\" \/>\n<meta property=\"og:type\" content=\"article\" \/>\n<meta property=\"og:title\" content=\"Bienvenue au paradis - Snow Trail Dog Camp\" \/>\n<meta property=\"og:description\" content=\"Loin de l&rsquo;agitation de la civilisation, Mats Pettersson, votre h\u00f4te au Snowtrail Dogcamp dans le grand nord de la Su\u00e8de, vous accueille. D\u00e9couvrez la Laponie en hiver ou en \u00e9t\u00e9. Nous avons une offre vari\u00e9e qui vous permet de d\u00e9couvrir chaque saison de la Laponie. En hiver avec nos chiens de tra\u00eeneau, en \u00e9t\u00e9 \u00e0 &hellip; Continuer la lecture de Bienvenue au paradis\" \/>\n<meta property=\"og:url\" content=\"https:\/\/snowtraildogcamp.com\/fr\/\" \/>\n<meta property=\"og:site_name\" content=\"Snow Trail Dog Camp\" \/>\n<meta property=\"og:image\" content=\"https:\/\/snowtraildogcamp.com\/wp-content\/uploads\/2015\/11\/GF2_7068.jpg\" \/>\n\t<meta property=\"og:image:width\" content=\"1500\" \/>\n\t<meta property=\"og:image:height\" content=\"1000\" \/>\n\t<meta property=\"og:image:type\" content=\"image\/jpeg\" \/>\n<meta name=\"twitter:card\" content=\"summary_large_image\" \/>\n<meta name=\"twitter:label1\" content=\"Dur\u00e9e de lecture estim\u00e9e\" \/>\n\t<meta name=\"twitter:data1\" content=\"2 minutes\" \/>\n<script type=\"application\/ld+json\" class=\"yoast-schema-graph\">{\"@context\":\"https:\/\/schema.org\",\"@graph\":[{\"@type\":\"WebPage\",\"@id\":\"https:\/\/snowtraildogcamp.com\/fr\/\",\"url\":\"https:\/\/snowtraildogcamp.com\/fr\/\",\"name\":\"Bienvenue au paradis - Snow Trail Dog Camp\",\"isPartOf\":{\"@id\":\"https:\/\/snowtraildogcamp.com\/fr\/#website\"},\"primaryImageOfPage\":{\"@id\":\"https:\/\/snowtraildogcamp.com\/fr\/#primaryimage\"},\"image\":{\"@id\":\"https:\/\/snowtraildogcamp.com\/fr\/#primaryimage\"},\"thumbnailUrl\":\"https:\/\/snowtraildogcamp.com\/wp-content\/uploads\/2015\/11\/GF2_7068.jpg\",\"datePublished\":\"2025-01-16T11:47:37+00:00\",\"breadcrumb\":{\"@id\":\"https:\/\/snowtraildogcamp.com\/fr\/#breadcrumb\"},\"inLanguage\":\"fr-FR\",\"potentialAction\":[{\"@type\":\"ReadAction\",\"target\":[\"https:\/\/snowtraildogcamp.com\/fr\/\"]}]},{\"@type\":\"ImageObject\",\"inLanguage\":\"fr-FR\",\"@id\":\"https:\/\/snowtraildogcamp.com\/fr\/#primaryimage\",\"url\":\"https:\/\/snowtraildogcamp.com\/wp-content\/uploads\/2015\/11\/GF2_7068.jpg\",\"contentUrl\":\"https:\/\/snowtraildogcamp.com\/wp-content\/uploads\/2015\/11\/GF2_7068.jpg\",\"width\":1500,\"height\":1000},{\"@type\":\"BreadcrumbList\",\"@id\":\"https:\/\/snowtraildogcamp.com\/fr\/#breadcrumb\",\"itemListElement\":[{\"@type\":\"ListItem\",\"position\":1,\"name\":\"Startseite\",\"item\":\"https:\/\/snowtraildogcamp.com\/fr\/\"},{\"@type\":\"ListItem\",\"position\":2,\"name\":\"Bienvenue au paradis\"}]},{\"@type\":\"WebSite\",\"@id\":\"https:\/\/snowtraildogcamp.com\/fr\/#website\",\"url\":\"https:\/\/snowtraildogcamp.com\/fr\/\",\"name\":\"Snow Trail Dog Camp\",\"description\":\"\",\"publisher\":{\"@id\":\"https:\/\/snowtraildogcamp.com\/fr\/#organization\"},\"potentialAction\":[{\"@type\":\"SearchAction\",\"target\":{\"@type\":\"EntryPoint\",\"urlTemplate\":\"https:\/\/snowtraildogcamp.com\/fr\/?s={search_term_string}\"},\"query-input\":{\"@type\":\"PropertyValueSpecification\",\"valueRequired\":true,\"valueName\":\"search_term_string\"}}],\"inLanguage\":\"fr-FR\"},{\"@type\":\"Organization\",\"@id\":\"https:\/\/snowtraildogcamp.com\/fr\/#organization\",\"name\":\"Snow Trail Dog Camp\",\"url\":\"https:\/\/snowtraildogcamp.com\/fr\/\",\"logo\":{\"@type\":\"ImageObject\",\"inLanguage\":\"fr-FR\",\"@id\":\"https:\/\/snowtraildogcamp.com\/fr\/#\/schema\/logo\/image\/\",\"url\":\"https:\/\/snowtraildogcamp.com\/wp-content\/uploads\/2015\/12\/cropped-logo_snowtrail_dogcamp_e_plus.jpg\",\"contentUrl\":\"https:\/\/snowtraildogcamp.com\/wp-content\/uploads\/2015\/12\/cropped-logo_snowtrail_dogcamp_e_plus.jpg\",\"width\":248,\"height\":157,\"caption\":\"Snow Trail Dog Camp\"},\"image\":{\"@id\":\"https:\/\/snowtraildogcamp.com\/fr\/#\/schema\/logo\/image\/\"}}]}<\/script>\n<!-- \/ Yoast SEO plugin. -->","yoast_head_json":{"title":"Bienvenue au paradis - Snow Trail Dog Camp","robots":{"index":"index","follow":"follow","max-snippet":"max-snippet:-1","max-image-preview":"max-image-preview:large","max-video-preview":"max-video-preview:-1"},"canonical":"https:\/\/snowtraildogcamp.com\/fr\/","og_locale":"fr_FR","og_type":"article","og_title":"Bienvenue au paradis - Snow Trail Dog Camp","og_description":"Loin de l&rsquo;agitation de la civilisation, Mats Pettersson, votre h\u00f4te au Snowtrail Dogcamp dans le grand nord de la Su\u00e8de, vous accueille. D\u00e9couvrez la Laponie en hiver ou en \u00e9t\u00e9. Nous avons une offre vari\u00e9e qui vous permet de d\u00e9couvrir chaque saison de la Laponie. En hiver avec nos chiens de tra\u00eeneau, en \u00e9t\u00e9 \u00e0 &hellip; Continuer la lecture de Bienvenue au paradis","og_url":"https:\/\/snowtraildogcamp.com\/fr\/","og_site_name":"Snow Trail Dog Camp","og_image":[{"width":1500,"height":1000,"url":"https:\/\/snowtraildogcamp.com\/wp-content\/uploads\/2015\/11\/GF2_7068.jpg","type":"image\/jpeg"}],"twitter_card":"summary_large_image","twitter_misc":{"Dur\u00e9e de lecture estim\u00e9e":"2 minutes"},"schema":{"@context":"https:\/\/schema.org","@graph":[{"@type":"WebPage","@id":"https:\/\/snowtraildogcamp.com\/fr\/","url":"https:\/\/snowtraildogcamp.com\/fr\/","name":"Bienvenue au paradis - Snow Trail Dog Camp","isPartOf":{"@id":"https:\/\/snowtraildogcamp.com\/fr\/#website"},"primaryImageOfPage":{"@id":"https:\/\/snowtraildogcamp.com\/fr\/#primaryimage"},"image":{"@id":"https:\/\/snowtraildogcamp.com\/fr\/#primaryimage"},"thumbnailUrl":"https:\/\/snowtraildogcamp.com\/wp-content\/uploads\/2015\/11\/GF2_7068.jpg","datePublished":"2025-01-16T11:47:37+00:00","breadcrumb":{"@id":"https:\/\/snowtraildogcamp.com\/fr\/#breadcrumb"},"inLanguage":"fr-FR","potentialAction":[{"@type":"ReadAction","target":["https:\/\/snowtraildogcamp.com\/fr\/"]}]},{"@type":"ImageObject","inLanguage":"fr-FR","@id":"https:\/\/snowtraildogcamp.com\/fr\/#primaryimage","url":"https:\/\/snowtraildogcamp.com\/wp-content\/uploads\/2015\/11\/GF2_7068.jpg","contentUrl":"https:\/\/snowtraildogcamp.com\/wp-content\/uploads\/2015\/11\/GF2_7068.jpg","width":1500,"height":1000},{"@type":"BreadcrumbList","@id":"https:\/\/snowtraildogcamp.com\/fr\/#breadcrumb","itemListElement":[{"@type":"ListItem","position":1,"name":"Startseite","item":"https:\/\/snowtraildogcamp.com\/fr\/"},{"@type":"ListItem","position":2,"name":"Bienvenue au paradis"}]},{"@type":"WebSite","@id":"https:\/\/snowtraildogcamp.com\/fr\/#website","url":"https:\/\/snowtraildogcamp.com\/fr\/","name":"Snow Trail Dog Camp","description":"","publisher":{"@id":"https:\/\/snowtraildogcamp.com\/fr\/#organization"},"potentialAction":[{"@type":"SearchAction","target":{"@type":"EntryPoint","urlTemplate":"https:\/\/snowtraildogcamp.com\/fr\/?s={search_term_string}"},"query-input":{"@type":"PropertyValueSpecification","valueRequired":true,"valueName":"search_term_string"}}],"inLanguage":"fr-FR"},{"@type":"Organization","@id":"https:\/\/snowtraildogcamp.com\/fr\/#organization","name":"Snow Trail Dog Camp","url":"https:\/\/snowtraildogcamp.com\/fr\/","logo":{"@type":"ImageObject","inLanguage":"fr-FR","@id":"https:\/\/snowtraildogcamp.com\/fr\/#\/schema\/logo\/image\/","url":"https:\/\/snowtraildogcamp.com\/wp-content\/uploads\/2015\/12\/cropped-logo_snowtrail_dogcamp_e_plus.jpg","contentUrl":"https:\/\/snowtraildogcamp.com\/wp-content\/uploads\/2015\/12\/cropped-logo_snowtrail_dogcamp_e_plus.jpg","width":248,"height":157,"caption":"Snow Trail Dog Camp"},"image":{"@id":"https:\/\/snowtraildogcamp.com\/fr\/#\/schema\/logo\/image\/"}}]}},"_links":{"self":[{"href":"https:\/\/snowtraildogcamp.com\/fr\/wp-json\/wp\/v2\/pages\/2735","targetHints":{"allow":["GET"]}}],"collection":[{"href":"https:\/\/snowtraildogcamp.com\/fr\/wp-json\/wp\/v2\/pages"}],"about":[{"href":"https:\/\/snowtraildogcamp.com\/fr\/wp-json\/wp\/v2\/types\/page"}],"author":[{"embeddable":true,"href":"https:\/\/snowtraildogcamp.com\/fr\/wp-json\/wp\/v2\/users\/1"}],"replies":[{"embeddable":true,"href":"https:\/\/snowtraildogcamp.com\/fr\/wp-json\/wp\/v2\/comments?post=2735"}],"version-history":[{"count":1,"href":"https:\/\/snowtraildogcamp.com\/fr\/wp-json\/wp\/v2\/pages\/2735\/revisions"}],"predecessor-version":[{"id":2740,"href":"https:\/\/snowtraildogcamp.com\/fr\/wp-json\/wp\/v2\/pages\/2735\/revisions\/2740"}],"wp:featuredmedia":[{"embeddable":true,"href":"https:\/\/snowtraildogcamp.com\/fr\/wp-json\/wp\/v2\/media\/2736"}],"wp:attachment":[{"href":"https:\/\/snowtraildogcamp.com\/fr\/wp-json\/wp\/v2\/media?parent=2735"}],"curies":[{"name":"wp","href":"https:\/\/api.w.org\/{rel}","templated":true}]}}